{"id":103992,"date":"2025-06-27T11:22:50","date_gmt":"2025-06-27T11:22:50","guid":{"rendered":"https:\/\/holavape.com\/product\/vopk-triple-60000\/"},"modified":"2026-04-05T01:27:46","modified_gmt":"2026-04-05T01:27:46","slug":"vopk-triple-60000","status":"publish","type":"product","link":"https:\/\/holavape.com\/de\/produkt\/vopk-triple-60000\/","title":{"rendered":"Vopk Triple 60000 3-in-1 Einweg-Vape &#8211; drei Geschmacksrichtungen f\u00fcr den Gro\u00dfhandel"},"content":{"rendered":"<h2>Vopk Dreifach 60.000 \u2013 60.000 Zuge 3-in-1-Geschmack Einwegartikel<\/h2>\n<p>Vopk Triple 60000 vereint drei separate Aromatanks in einem Ger\u00e4t, jeder mit seiner eigenen Mesh-Spule. Das bedeutet, dass Kunden einen echten Geschmackswechsel erhalten \u2013 keinen gemischten Saft, sondern drei verschiedene Profile, zwischen denen sie wechseln k\u00f6nnen. Es handelt sich um ein Format, das auf den europ\u00e4ischen M\u00e4rkten zunehmend an Bedeutung gewinnt, insbesondere in Spanien, Deutschland und den Niederlanden, wo Gesch\u00e4fte versuchen, weniger Artikel auf Lager zu haben, ohne die Geschmacksvielfalt einzuschr\u00e4nken.<\/p>\n<p>Mit insgesamt 60.000 Z\u00fcgen liegt es im gleichen Kapazit\u00e4tsbereich wie vergleichbare Modelle <a href=\"https:\/\/holavape.com\/de\/produkt\/waspe-bar-60k\/\">WASPE Bar 60K<\/a> aber mit dem zus\u00e4tzlichen Multigeschmacksaspekt. Wenn Ihr Shop bereits Single-Flavor-60K-Ger\u00e4te f\u00fchrt, eignet sich Vopk Triple 60000 gut als Step-up-Option f\u00fcr Kunden, die mehr von einem Ger\u00e4t erwarten. Es konkurriert auch mit dem <a href=\"https:\/\/holavape.com\/de\/produkt\/bang-legend-geek-60k\/\">Bang Legend Geek 60K<\/a> hinsichtlich der Anzahl der Z\u00fcge, unterscheidet sich jedoch durch das Format mit drei Geschmacksrichtungen.<\/p>\n<table>\n<thead>\n<tr>\n<th>Spez<\/th>\n<th>Detail<\/th>\n<\/tr>\n<\/thead>\n<tbody>\n<tr>\n<td>Zuge Anzahl<\/td>\n<td>Bis zu 60.000<\/td>\n<\/tr>\n<tr>\n<td>Geschmackssystem<\/td>\n<td>3-in-1 (drei separate Tanks)<\/td>\n<\/tr>\n<tr>\n<td>E-Liquid-Kapazit\u00e4t<\/td>\n<td>Insgesamt 54 ml (18 ml pro Tank)<\/td>\n<\/tr>\n<tr>\n<td>Batterie<\/td>\n<td>650 m Ah wiederaufladbar (Typ-C)<\/td>\n<\/tr>\n<tr>\n<td>Spule<\/td>\n<td>Dreifache 0,9-\u03a9-Mesh-Spulen<\/td>\n<\/tr>\n<tr>\n<td>Nikotinst\u00e4rken<\/td>\n<td>2 %, 5 %<\/td>\n<\/tr>\n<tr>\n<td>Anzeige<\/td>\n<td>LED-Bildschirm (Batterie- und E-Liquid-Stand)<\/td>\n<\/tr>\n<tr>\n<td>Verpackung<\/td>\n<td>Kontaktieren Sie uns f\u00fcr Kartondetails<\/td>\n<\/tr>\n<\/tbody>\n<\/table>\n<h3>Geschmackssets<\/h3>\n<p>In jeder Einheit sind drei Geschmacksrichtungen vorinstalliert. Die besten Sets, die Sie zuerst auf Lager haben sollten: das Set Wassermelonen-Eis \/ Dreifach-Melonen-Eis \/ Erdbeer-Eis und das Set Trauben-Eis \/ Erdbeer-Kiwi \/ Wassermelone Red Bull \u2013 diese basieren auf den eisgek\u00fchlten Fruchtprofilen, die sich in ganz Europa regelm\u00e4\u00dfig verkaufen.<\/p>\n<p><strong>Geeiste Fruchtsets (sichere Wetten):<\/strong> Wassermeloneneis, Dreifachmeloneneis und Erdbeereis \u2013 klassische Eisfr\u00fcchte, die auf jedem Markt beliebt sind. Traubeneis &amp; Erdbeer-Kiwi &amp; Wassermelone Red Bull \u2013 Traubeneis ist in S\u00fcdeuropa stark verbreitet und der Geschmack Red Bull sorgt f\u00fcr Abwechslung. Erdbeer-Wassermelone &amp; Blaubeer-Himbeer-Zitrone-Limette \u2013 eine abgerundete Fruchtmischung mit ausgewogener Zitrusnote.<\/p>\n<p><strong>Tropische und gemischte Fruchtsets:<\/strong> Erdbeer-Banane &amp; Himbeer-Wassermelone &amp; Ananas-Kokosnuss \u2013 die Kokosnussnote verleiht diesem Set ein Sommergef\u00fchl und passt besser in die w\u00e4rmeren Monate. Kiwi Passion Fruit &amp; Strawberry Cherry &amp; Love 66 \u2013 Love 66 ist ein klassischer, an Tabak angrenzender Geschmack, sodass dieses Set eine Br\u00fccke zwischen fruchtigen und traditionellen Geschmacksrichtungen schl\u00e4gt. Double Apple Ice &amp; Tropical Fruit &amp; Strawberry Watermelon Bubblegum \u2013 Double Apple hat ein engagiertes Publikum, insbesondere in M\u00e4rkten, die von Shishas beeinflusst werden.<\/p>\n<p><strong>Auff\u00e4lligere\/von Getr\u00e4nken inspirierte Sets:<\/strong> Saure Mango-Ananas &amp; Red Bull Erdbeer- und schwarze Johannisbeereis \u2013 schwarzes Johannisbeereis wird auf nordeurop\u00e4ischen M\u00e4rkten untersch\u00e4tzt. Bananen-Ananas &amp; Red Bull Eis &amp; Erdbeer-Mango \u2013 Energy-Drink-Geschmacksrichtungen ziehen j\u00fcngere K\u00e4ufer an, kombinieren Sie dieses Set mit den fruchtlastigen. Gummib\u00e4rchen &amp; Erdbeer-Vanille-Cola &amp; Blaubeer-Zuckerwatte \u2013 das S\u00fc\u00dfigkeiten-Set, das es wert ist, zuerst in kleinen Mengen getestet zu werden.<\/p>\n<p><strong>Beeren-Fr\u00fcchte-Kombination:<\/strong> Peach Berry &amp; Blue Raspberry Ice &amp; Watermelon Peach Mango \u2013 Blue Razz ist einer der meistgesuchten Einweg-Vape-Geschmacksrichtungen in Europa, wodurch sich dieses Set leicht verkaufen l\u00e4sst.<\/p>\n<h3>Versand und Bestellung<\/h3>\n<p>Vopk Triple 60000 versendet von China aus mit typischen Lieferzeiten von 10\u201315 Werktagen zu europ\u00e4ischen Zielen. Die Mindestbestellmenge betr\u00e4gt 10 Einheiten, mit gestaffelten Preisen ab 30 und 100 Mengen \u2013 mischen Sie Geschmacksrichtungen in einer einzigen Bestellung. Nikotinoptionen sind 2 % und 5 %; F\u00fcr EU-M\u00e4rkte ist 2 % der sicherere Wert, da mehrere L\u00e4nder h\u00f6here Konzentrationen im Rahmen von an die TPD angrenzenden Vorschriften beschr\u00e4nken. <a href=\"https:\/\/holavape.com\/de\/kontakt\/\">Kontaktieren Sie uns<\/a> F\u00fcr genaue Kartonabmessungen und -gewichte ben\u00f6tigen Sie Frachtangebote.<\/p>\n","protected":false},"excerpt":{"rendered":"<p>Vopk Triple 60000 vereint 60.000 Z\u00fcge, 3-in-1-Geschmacksumschaltung, dreifache 0,9-\u03a9-Mesh-Spulen und 54 ml E-Liquid in einem Ger\u00e4t mit mehreren Geschmacksrichtungen. Es ist eine praktische M\u00f6glichkeit f\u00fcr Gesch\u00e4fte, drei Geschmacksrichtungen anzubieten, ohne zus\u00e4tzliche SKUs hinzuzuf\u00fcgen. \ud83c\udf08<\/p>\n","protected":false},"featured_media":830,"comment_status":"open","ping_status":"closed","template":"","meta":[],"product_brand":[],"product_cat":[850],"product_tag":[],"class_list":{"0":"post-103992","1":"product","2":"type-product","3":"status-publish","4":"has-post-thumbnail","6":"product_cat-vopk-de","8":"first","9":"instock","10":"shipping-taxable","11":"purchasable","12":"product-type-variable","13":"has-default-attributes"},"tiered_pricing_type":"fixed","tiered_pricing_fixed_rules":{"30":7.9000000000000003552713678800500929355621337890625,"50":7.03000000000000024868995751603506505489349365234375,"100":6.29000000000000003552713678800500929355621337890625,"200":5.9199999999999999289457264239899814128875732421875,"400":4.62999999999999989341858963598497211933135986328125},"tiered_pricing_product_settings":{"layout":"default","base_unit_name":{"singular":null,"plural":null},"default_variation":null},"tiered_pricing_minimum_quantity":10,"tiered_pricing_roles_data":[],"tiered_pricing_percentage_rules":[],"tiered_pricing_maximum_quantity":null,"tiered_pricing_quantity_step":"10","_links":{"self":[{"href":"https:\/\/holavape.com\/de\/wp-json\/wp\/v2\/product\/103992","targetHints":{"allow":["GET"]}}],"collection":[{"href":"https:\/\/holavape.com\/de\/wp-json\/wp\/v2\/product"}],"about":[{"href":"https:\/\/holavape.com\/de\/wp-json\/wp\/v2\/types\/product"}],"replies":[{"embeddable":true,"href":"https:\/\/holavape.com\/de\/wp-json\/wp\/v2\/comments?post=103992"}],"wp:featuredmedia":[{"embeddable":true,"href":"https:\/\/holavape.com\/de\/wp-json\/wp\/v2\/media\/830"}],"wp:attachment":[{"href":"https:\/\/holavape.com\/de\/wp-json\/wp\/v2\/media?parent=103992"}],"wp:term":[{"taxonomy":"product_brand","embeddable":true,"href":"https:\/\/holavape.com\/de\/wp-json\/wp\/v2\/product_brand?post=103992"},{"taxonomy":"product_cat","embeddable":true,"href":"https:\/\/holavape.com\/de\/wp-json\/wp\/v2\/product_cat?post=103992"},{"taxonomy":"product_tag","embeddable":true,"href":"https:\/\/holavape.com\/de\/wp-json\/wp\/v2\/product_tag?post=103992"}],"curies":[{"name":"wp","href":"https:\/\/api.w.org\/{rel}","templated":true}]}}