{"id":104038,"date":"2025-06-27T08:53:25","date_gmt":"2025-06-27T08:53:25","guid":{"rendered":"https:\/\/holavape.com\/product\/bang-leader-80k\/"},"modified":"2026-04-05T01:28:18","modified_gmt":"2026-04-05T01:28:18","slug":"bang-leader-80k","status":"publish","type":"product","link":"https:\/\/holavape.com\/de\/produkt\/bang-leader-80k\/","title":{"rendered":"Bang Leader 80K 3-in-1 Einweg-Vape &#8211; 80.000 Z\u00fcge f\u00fcr den Gro\u00dfhandel"},"content":{"rendered":"<h2>Bang Leader 80K \u2013 80.000 Zuge Einwegartikel mit drei Geschmacksrichtungen<\/h2>\n<p>Bang Leader 80K verpackt drei Geschmacksrichtungen und 80.000 Z\u00fcge in einer einzigen wiederaufladbaren Einheit mit Dual-Mesh-Spulen. Damit liegt es in puncto Rohkapazit\u00e4t fast an der Spitze unseres Multigeschmackssortiments \u2013 nur das <a href=\"https:\/\/holavape.com\/de\/produkt\/bang-king-250k\/\">Bang King 250K<\/a> Und <a href=\"https:\/\/holavape.com\/de\/produkt\/bang-leader-stoll-300k-6-in-1-einweg-vape-300k-zuege-grosshandel\/\">Bang Leader Stoll 300K<\/a> bieten mehr Z\u00fcge, und das sind 4-in-1- bzw. 6-in-1-Ger\u00e4te. F\u00fcr Gesch\u00e4fte, die speziell ein Format mit drei Geschmacksrichtungen w\u00fcnschen, ist dies die Option mit dem h\u00f6chsten Puff.<\/p>\n<p>Die Marke Bang genie\u00dft auf den europ\u00e4ischen M\u00e4rkten einen hohen Bekanntheitsgrad, insbesondere in Spanien, Gro\u00dfbritannien, Deutschland und Frankreich. Bang Leader 80K eignet sich gut als mittel- bis hochklassiges Produkt neben Ger\u00e4ten mit einer Geschmacksrichtung \u2013 es bietet Kunden das Erlebnis mehrerer Geschmacksrichtungen, ohne auf die gr\u00f6\u00dferen (und teureren) 4-in-1- oder 8-in-1-Modelle umsteigen zu m\u00fcssen. Der Nikotinbereich von 0 %\/2 %\/3 %\/5 % macht es au\u00dferdem flexibel f\u00fcr verschiedene regulatorische Umgebungen.<\/p>\n<table>\n<thead>\n<tr>\n<th>Spez<\/th>\n<th>Detail<\/th>\n<\/tr>\n<\/thead>\n<tbody>\n<tr>\n<td>Zuge Anzahl<\/td>\n<td>Bis zu 80.000<\/td>\n<\/tr>\n<tr>\n<td>Geschmackssystem<\/td>\n<td>3-in-1 (dreifacher Geschmackswechsel)<\/td>\n<\/tr>\n<tr>\n<td>E-Liquid-Kapazit\u00e4t<\/td>\n<td>Kontaktieren Sie uns f\u00fcr genaue ml pro Tank<\/td>\n<\/tr>\n<tr>\n<td>Batterie<\/td>\n<td>850 m Ah wiederaufladbar (Typ-C)<\/td>\n<\/tr>\n<tr>\n<td>Spule<\/td>\n<td>Dual-Mesh-Spule<\/td>\n<\/tr>\n<tr>\n<td>Nikotinst\u00e4rken<\/td>\n<td>0 %, 2 %, 3 %, 5 %<\/td>\n<\/tr>\n<tr>\n<td>Verpackung<\/td>\n<td>10 St\u00fcck\/Karton<\/td>\n<\/tr>\n<\/tbody>\n<\/table>\n<h3>Geschmackssets<\/h3>\n<p>In jeder Einheit sind drei Geschmacksrichtungen vorinstalliert. Die besten Sets, die Sie zuerst auf Lager haben sollten: Wassermeloneneis + Erdbeer-Mango + Banane und Erdbeer-Wassermelone + Traubeneis + Regenbogenbonbons \u2013 beide basieren auf gefrorenen Fruchtprofilen, die sich in ganz Europa bew\u00e4hrt haben.<\/p>\n<p><strong>Kombinationen aus Obst und Eis (sichere Wetten):<\/strong> Wassermeloneneis + Erdbeer-Mango + Banane \u2013 ein klares Mainstream-Set. Blueberry Ice + Black Dragon Ice + Mango Peach \u2013 die Drachenfruchtnote sorgt f\u00fcr den besonderen Touch. Blaubeer-Eis + Erdbeer-Banane + gemischte Beeren \u2013 komplett aus Beeren, breite Anziehungskraft. Kiwi-Guave + Litschi-Eis + Mango-Pfirsich-Ananas \u2013 tropisch stark, passt gut in die w\u00e4rmeren Monate und auf s\u00fcdeurop\u00e4ische M\u00e4rkte.<\/p>\n<p><strong>Gemischte Obst- und S\u00fc\u00dfigkeiten-Sets:<\/strong> Erdbeer-Wassermelone + Traubeneis + Regenbogenbonbon \u2013 Traubeneis ist der Anker dieses Sets, besonders stark in Spanien und Italien. Blaubeer-Wassermelone + Erdbeer-Mango + schwarze Johannisbeere \u2013 schwarze Johannisbeere ist in Nordeuropa beliebt. Himbeer-Mojito-Pfirsich-Eis + Erdbeer-Wassermelone + Kiwi-Passionsfrucht-Guave \u2013 die Mojito-Note zeichnet dieses Set aus. Erdbeer-Kiwi + Pfirsich-Eis + Kirsch-Cola \u2013 der Kirsch-Cola-Geschmack verbindet fruchtige und von Getr\u00e4nken inspirierte Geschm\u00e4cker.<\/p>\n<p><strong>Von Getr\u00e4nken inspirierte und mutigere Sets:<\/strong> Cola-Eis + Blaubeer-Himbeere + Pfirsich-Mango-Wassermelone \u2013 Cola-Eis spricht eine bestimmte Zielgruppe an, kombiniert mit sichereren Sets. Red Bull + Blaubeer-Wassermelone + Apfel-Birne \u2013 der Energy-Drink-Geschmack zieht j\u00fcngere K\u00e4ufer an. Red Bull + Wassermelonen-Blasenbonbon + Erdbeereis \u2013 das Dessert-Element macht dieses Set eher f\u00fcr die Nische, testen Sie es zuerst im kleinen Ma\u00dfstab. Avocado-Eis + Zitronen-Limette + Wassermelone-Himbeere \u2013 Avocado ist ein ungew\u00f6hnlicher Geschmack, der in manchen M\u00e4rkten immer beliebter wird, aber auch ein Risiko darstellt; Lagern Sie konservativ.<\/p>\n<h3>Versand und Bestellung<\/h3>\n<p>Bang Leader 80K versendet von China aus mit typischen Lieferzeiten von 10\u201315 Werktagen zu europ\u00e4ischen Zielen. Die Mindestbestellmenge betr\u00e4gt 10 Einheiten mit gestaffelten Preisen ab 30 und 100 Mengen \u2013 Sie k\u00f6nnen Geschmacksrichtungen in einer einzigen Bestellung mischen. Zu den Nikotinoptionen geh\u00f6ren 0 %, 2 %, 3 % und 5 %; F\u00fcr EU-M\u00e4rkte sind 0 % und 2 % die Standardwerte. Die Optionen 3 % und 5 % sind f\u00fcr K\u00e4ufer im Vereinigten K\u00f6nigreich und f\u00fcr Nicht-EU-M\u00e4rkte relevant, in denen h\u00f6here Konzentrationen zul\u00e4ssig sind \u2013 pr\u00fcfen Sie vor der Lagerung die \u00f6rtlichen Vorschriften. <a href=\"https:\/\/holavape.com\/de\/kontakt\/\">Kontaktieren Sie uns<\/a> f\u00fcr die genaue E-Liquid-Kapazit\u00e4t pro Tank, Kartonabmessungen und Mengenpreise.<\/p>\n","protected":false},"excerpt":{"rendered":"<p>Bang Leader 80K bietet 80.000 Z\u00fcge, dreifache Geschmacksumschaltung, Dual-Mesh-Spulen und 12 voreingestellte Geschmackskombinationen in 0% \/ 2% \/ 3% \/ 5% Nikotin. Mit 10 St\u00fcck pro Karton ist es ein 3-in-1-Ger\u00e4t mit hoher Kapazit\u00e4t, das sich gut im Gro\u00dfhandel verkaufen l\u00e4sst. \ud83e\udde9<\/p>\n","protected":false},"featured_media":456,"comment_status":"open","ping_status":"closed","template":"","meta":[],"product_brand":[],"product_cat":[732],"product_tag":[],"class_list":{"0":"post-104038","1":"product","2":"type-product","3":"status-publish","4":"has-post-thumbnail","6":"product_cat-bang-de","8":"first","9":"instock","10":"shipping-taxable","11":"purchasable","12":"product-type-variable","13":"has-default-attributes"},"tiered_pricing_type":"fixed","tiered_pricing_fixed_rules":{"30":7.4000000000000003552713678800500929355621337890625,"50":6.29000000000000003552713678800500929355621337890625,"100":5.42999999999999971578290569595992565155029296875,"200":5.05999999999999960920149533194489777088165283203125,"400":4.5},"tiered_pricing_product_settings":{"layout":"default","base_unit_name":{"singular":null,"plural":null},"default_variation":null},"tiered_pricing_minimum_quantity":10,"tiered_pricing_roles_data":[],"tiered_pricing_percentage_rules":[],"tiered_pricing_maximum_quantity":null,"tiered_pricing_quantity_step":"10","_links":{"self":[{"href":"https:\/\/holavape.com\/de\/wp-json\/wp\/v2\/product\/104038","targetHints":{"allow":["GET"]}}],"collection":[{"href":"https:\/\/holavape.com\/de\/wp-json\/wp\/v2\/product"}],"about":[{"href":"https:\/\/holavape.com\/de\/wp-json\/wp\/v2\/types\/product"}],"replies":[{"embeddable":true,"href":"https:\/\/holavape.com\/de\/wp-json\/wp\/v2\/comments?post=104038"}],"wp:featuredmedia":[{"embeddable":true,"href":"https:\/\/holavape.com\/de\/wp-json\/wp\/v2\/media\/456"}],"wp:attachment":[{"href":"https:\/\/holavape.com\/de\/wp-json\/wp\/v2\/media?parent=104038"}],"wp:term":[{"taxonomy":"product_brand","embeddable":true,"href":"https:\/\/holavape.com\/de\/wp-json\/wp\/v2\/product_brand?post=104038"},{"taxonomy":"product_cat","embeddable":true,"href":"https:\/\/holavape.com\/de\/wp-json\/wp\/v2\/product_cat?post=104038"},{"taxonomy":"product_tag","embeddable":true,"href":"https:\/\/holavape.com\/de\/wp-json\/wp\/v2\/product_tag?post=104038"}],"curies":[{"name":"wp","href":"https:\/\/api.w.org\/{rel}","templated":true}]}}