{"id":105742,"date":"2025-07-07T07:37:10","date_gmt":"2025-07-07T07:37:10","guid":{"rendered":"https:\/\/holavape.com\/product\/vapme-shisha-hookah-15k\/"},"modified":"2026-04-05T01:27:38","modified_gmt":"2026-04-05T01:27:38","slug":"vapme-shisha-hookah-15k","status":"publish","type":"product","link":"https:\/\/holavape.com\/de\/produkt\/vapme-shisha-hookah-15k\/","title":{"rendered":"VAPME Shisha Hookah 15K Einweg-Vape f\u00fcr den Gro\u00dfhandel"},"content":{"rendered":"<h2>VAPME Shisha Hookah 15K \u2013 15.000 Zuge Hookah Einwegartikel<\/h2>\n<p>VAPME Shisha Hookah 15K macht etwas anderes in einem Markt voller nahezu identischer rechteckiger Einwegartikel: Es sieht aus wie eine Miniatur-Wasserpfeife. Das Design ist ein echtes Unterscheidungsmerkmal an der Theke \u2013 Kunden nehmen es aus Neugier in die Hand, und die von Wasserpfeifen inspirierte Form macht es zu einem Gespr\u00e4chsthema, mit dem andere 15K-Ger\u00e4te nicht mithalten k\u00f6nnen. Es verkauft sich gut in Spanien, Deutschland und den Niederlanden, insbesondere in Gesch\u00e4ften in der N\u00e4he von Shisha-Lounges oder in Gegenden mit Shisha-Kultur.<\/p>\n<p>Abgesehen vom Aussehen sind auch die Spezifikationen konkurrenzf\u00e4hig: 15.000 Z\u00fcge, Mesh-Spule f\u00fcr Geschmackskonsistenz und 24 Geschmacksrichtungen mit 0 % und 2 % Nikotin. Es hat die gleiche Zuganzahl wie <a href=\"https:\/\/holavape.com\/de\/produkt\/randm-tornado-15k-einweg-vape-40-geschmacksrichtungen-groshandel\/\">Rand M Tornado 15K<\/a> richtet sich aber an einen anderen K\u00e4ufer \u2013 den Kunden, der etwas m\u00f6chte, das anders aussieht und sich anders anf\u00fchlt. Wenn Sie beides auf Lager haben, erg\u00e4nzen sie sich eher, als dass sie miteinander konkurrieren. \u00dcberpr\u00fcfen Sie, ob die Anzahl der Z\u00fcge erh\u00f6ht werden kann <a href=\"https:\/\/holavape.com\/de\/produkt\/bang-king-30k\/\">Bang King 30K<\/a>.<\/p>\n<table>\n<thead>\n<tr>\n<th>Spez<\/th>\n<th>Detail<\/th>\n<\/tr>\n<\/thead>\n<tbody>\n<tr>\n<td>Zuge Anzahl<\/td>\n<td>Bis zu 15.000<\/td>\n<\/tr>\n<tr>\n<td>Design<\/td>\n<td>Hookah \/ Shisha-inspirierter Formfaktor<\/td>\n<\/tr>\n<tr>\n<td>Spule<\/td>\n<td>Mesh-Spule<\/td>\n<\/tr>\n<tr>\n<td>Nikotinst\u00e4rken<\/td>\n<td>0 %, 2 %<\/td>\n<\/tr>\n<tr>\n<td>Aromen<\/td>\n<td>24<\/td>\n<\/tr>\n<tr>\n<td>Verpackung<\/td>\n<td>Kontaktieren Sie uns f\u00fcr Informationen zum Karton\/Karton<\/td>\n<\/tr>\n<\/tbody>\n<\/table>\n<h3>Geschmacksrichtungen \u2013 24 Optionen, beginnen Sie mit diesen<\/h3>\n<p>Bestseller, die Sie zuerst einlagern sollten: Watermelon Ice, Grape Ice, Blueberry On Ice und Strawberry Watermelon. Dabei handelt es sich um universelle Akteure, die unabh\u00e4ngig vom Markt oder Kundenprofil funktionieren.<\/p>\n<p>Gefrorene Fr\u00fcchte: Wassermelonen-Eis (immer der Verkaufsschlager), Trauben-Eis (stark in S\u00fcdeuropa), Erdbeer-Eis, Pfirsich-Eis, Blaubeer-auf-Eis, gefrorener Apfel, schwarzes Johannisbeer-Eis. Das Angebot an Eissorten hier ist solide \u2013 sieben Geschmacksrichtungen, die einen zuverl\u00e4ssigen Kern f\u00fcr jeden Laden bilden.<\/p>\n<p>Beerig und gemischt: Gemischte Beeren, Blaubeer-Himbeere, Kirschbeere, Erdbeertraube, Erdbeer-Himbeer-Bonbon. Beerenprofile verkaufen sich konstant. Erdbeer-Himbeer-Bonbon ist s\u00fc\u00dfer \u2013 testen Sie es klein, wenn Ihr Markt weniger zuckerhaltige Geschmacksrichtungen bevorzugt.<\/p>\n<p>Tropisch und fruchtig: Erdbeer-Wassermelone, Erdbeer-Kiwi, Kiwi-Passionsfrucht-Guave, Pfirsich-Mango-Ananas, Mango-Banane, Wassermelonen-Kirsche, Ananas-Shake. Der tropische Bereich ist hier breiter als bei den meisten 15K-Ger\u00e4ten. Kiwi-Passionsfrucht-Guave und Pfirsich-Mango-Ananas stechen hervor \u2013 komplexe Geschmacksprofile, die das Wasserpfeifenpublikum zu sch\u00e4tzen wei\u00df.<\/p>\n<p>Getr\u00e4nk und Spezialit\u00e4t: Blaue Himbeerlimonade, Zitronenminze, Love 66 (ein von Tabak-Shishas inspiriertes Profil, das zum Shisha-Design passt), Watermelon Bull (Energy-Drink-Twist), Mamba (von S\u00fc\u00dfigkeiten inspiriert). Erw\u00e4hnenswert ist Love 66 \u2013 es handelt sich um einen Shisha-Klassiker-Geschmack, der nat\u00fcrlich zum Shisha-Design dieses Ger\u00e4ts passt und Kunden anspricht, die von echten Shishas kommen.<\/p>\n<h3>Bestellung und Versand<\/h3>\n<p>VAPME Shisha Hookah 15K wird aus China mit einer Lieferzeit von normalerweise 10\u201315 Werktagen nach Europa versendet. Die Mindestbestellmenge betr\u00e4gt 10 Einheiten, bei jeder Bestellung ist eine Geschmacksmischung m\u00f6glich. Die Mengenpreise beginnen bei 30+ Einheiten. <a href=\"https:\/\/holavape.com\/de\/kontakt\/\">Kontaktieren Sie uns<\/a> f\u00fcr Kartonspezifikationen und Gewicht.<\/p>\n<p>Nur mit 0 % und 2 % Nikotin erh\u00e4ltlich. Die 0%-Option macht dies besonders interessant f\u00fcr M\u00e4rkte mit strengen Nikotinvorschriften oder f\u00fcr Kunden aus der Shisha-Kultur, die nikotinarme oder nikotinfreie Shisha-Sitzungen gewohnt sind. Wenn Sie h\u00f6here Nikotinst\u00e4rken im 15K-Bereich ben\u00f6tigen, <a href=\"https:\/\/holavape.com\/de\/produkt\/randm-tornado-15k-einweg-vape-40-geschmacksrichtungen-groshandel\/\">Rand M Tornado 15K<\/a> bietet 0 % bis 5 %.<\/p>\n","protected":false},"excerpt":{"rendered":"<p>VAPME Shisha Hookah 15K bietet 15.000 Z\u00fcge, ein von Wasserpfeifen inspiriertes Design, Mesh-Coil-Leistung und 24 Geschmacksrichtungen. Mit den Optionen 0% \/ 2% Nikotin f\u00e4llt es im Regal schnell auf. \ud83c\udf2c\ufe0f<\/p>\n","protected":false},"featured_media":1403,"comment_status":"open","ping_status":"closed","template":"","meta":[],"product_brand":[],"product_cat":[435,354,615,633,363,624,651,660,669,606,678,687,705,714,696,642,534,516,841,346,525],"product_tag":[],"class_list":{"0":"post-105742","1":"product","2":"type-product","3":"status-publish","4":"has-post-thumbnail","6":"product_cat-15000-zuge-einweg-vape-de","7":"product_cat-einweg-vape-typen-de","8":"product_cat-einweg-vapes-in-belgien-de","9":"product_cat-einweg-vapes-in-deutschland-de","10":"product_cat-einweg-vapes-in-europa-de","11":"product_cat-einweg-vapes-in-frankreich-de","12":"product_cat-einweg-vapes-in-italien-de","13":"product_cat-einweg-vapes-in-niederlande-de","14":"product_cat-einweg-vapes-in-norwegen-de","15":"product_cat-einweg-vapes-in-osterreich-de","16":"product_cat-einweg-vapes-in-polen-de","17":"product_cat-einweg-vapes-in-portugal-de","18":"product_cat-einweg-vapes-in-schweden-de","19":"product_cat-einweg-vapes-in-schweiz-de","20":"product_cat-einweg-vapes-in-spanien-de","21":"product_cat-einweg-vapes-in-ungarn-de","22":"product_cat-shisha-hookah-vapes-de","23":"product_cat-vapes-mit-vielen-zugen-de","24":"product_cat-vapme-de","25":"product_cat-verschiedene-zuge-einweg-vapes-de","26":"product_cat-wiederaufladbare-vapes-de","28":"first","29":"instock","30":"shipping-taxable","31":"purchasable","32":"product-type-variable","33":"has-default-attributes"},"tiered_pricing_type":"fixed","tiered_pricing_fixed_rules":{"30":6.04999999999999982236431605997495353221893310546875,"50":4.94000000000000039079850466805510222911834716796875,"100":4.32000000000000028421709430404007434844970703125,"200":4.07000000000000028421709430404007434844970703125,"400":3.640000000000000124344978758017532527446746826171875},"tiered_pricing_product_settings":{"layout":"default","base_unit_name":{"singular":null,"plural":null},"default_variation":null},"tiered_pricing_minimum_quantity":10,"tiered_pricing_roles_data":[],"tiered_pricing_percentage_rules":[],"tiered_pricing_maximum_quantity":null,"tiered_pricing_quantity_step":"10","_links":{"self":[{"href":"https:\/\/holavape.com\/de\/wp-json\/wp\/v2\/product\/105742","targetHints":{"allow":["GET"]}}],"collection":[{"href":"https:\/\/holavape.com\/de\/wp-json\/wp\/v2\/product"}],"about":[{"href":"https:\/\/holavape.com\/de\/wp-json\/wp\/v2\/types\/product"}],"replies":[{"embeddable":true,"href":"https:\/\/holavape.com\/de\/wp-json\/wp\/v2\/comments?post=105742"}],"wp:featuredmedia":[{"embeddable":true,"href":"https:\/\/holavape.com\/de\/wp-json\/wp\/v2\/media\/1403"}],"wp:attachment":[{"href":"https:\/\/holavape.com\/de\/wp-json\/wp\/v2\/media?parent=105742"}],"wp:term":[{"taxonomy":"product_brand","embeddable":true,"href":"https:\/\/holavape.com\/de\/wp-json\/wp\/v2\/product_brand?post=105742"},{"taxonomy":"product_cat","embeddable":true,"href":"https:\/\/holavape.com\/de\/wp-json\/wp\/v2\/product_cat?post=105742"},{"taxonomy":"product_tag","embeddable":true,"href":"https:\/\/holavape.com\/de\/wp-json\/wp\/v2\/product_tag?post=105742"}],"curies":[{"name":"wp","href":"https:\/\/api.w.org\/{rel}","templated":true}]}}