{"id":112872,"date":"2025-07-07T07:37:38","date_gmt":"2025-07-07T07:37:38","guid":{"rendered":"https:\/\/holavape.com\/product\/bang-king-12k\/"},"modified":"2026-04-05T01:26:50","modified_gmt":"2026-04-05T01:26:50","slug":"bang-king-12k","status":"publish","type":"product","link":"https:\/\/holavape.com\/de\/produkt\/bang-king-12k\/","title":{"rendered":"Bang King 12K Disposable Vape \u2014 12,000 Puffs Wholesale"},"content":{"rendered":"<h2>Bang King 12K \u2013 12.000 Puff Mesh Coil Einwegartikel<\/h2>\n<p>Bang King 12K liegt im Mittelklasse-Sweet-Spot: genug Puffs, um ohne die Masse eines 20.000-Plus-Ger\u00e4ts durchzuhalten, und preislich f\u00fcr hohe Lautst\u00e4rke ausgelegt. Es ist eine zuverl\u00e4ssige Wahl f\u00fcr Ladenbesitzer in ganz Deutschland, Spanien und den Niederlanden, die einen Einwegartikel der Marke Bang zu einem niedrigeren Preis als die gr\u00f6\u00dferen Modelle w\u00fcnschen. Die 1,1-\u03a9-Mesh-Spule liefert sauberen Geschmack aus dem 20-ml-E-Liquid-Tank, und der wiederaufladbare 650-mAh-Akku sorgt daf\u00fcr, dass er auch bei voller F\u00fcllung durchh\u00e4lt.<\/p>\n<p>Wenn Sie bereits Bang-Ger\u00e4te mit h\u00f6herem Puff tragen, z <a href=\"https:\/\/holavape.com\/de\/produkt\/bang-king-250k\/\">Bang King 250K<\/a> oder <a href=\"https:\/\/holavape.com\/de\/produkt\/bang-box-160k-4-in-1-einweg-vape-mit-vier-geschmacksrichtungen-groshandel\/\">Bang Box 160K<\/a>, ist dies eine g\u00fcnstigere Option f\u00fcr Kunden, die keinen Wechsel zwischen verschiedenen Geschmacksrichtungen oder gro\u00dfe Mengen an Z\u00fcgen ben\u00f6tigen. Es funktioniert auch gut mit POCO-Modellen wie <a href=\"https:\/\/holavape.com\/de\/produkt\/poco-bl10000-einweg-vaporizer-10-000-zuge-im-groshandel\/\">POCO BL10000<\/a> um K\u00e4ufern die Wahl zwischen Marken im 10-12K-Puff-Bereich zu geben.<\/p>\n<table>\n<thead>\n<tr>\n<th>Spez<\/th>\n<th>Detail<\/th>\n<\/tr>\n<\/thead>\n<tbody>\n<tr>\n<td>Puffzahl<\/td>\n<td>Bis zu 12.000<\/td>\n<\/tr>\n<tr>\n<td>E-Liquid-Kapazit\u00e4t<\/td>\n<td>20 ml vorgef\u00fcllt<\/td>\n<\/tr>\n<tr>\n<td>Batterie<\/td>\n<td>650 mAh wiederaufladbar (USB-C)<\/td>\n<\/tr>\n<tr>\n<td>Spule<\/td>\n<td>1,1-\u03a9-Mesh-Spule<\/td>\n<\/tr>\n<tr>\n<td>Nikotinst\u00e4rken<\/td>\n<td>0%, 2%, 3%, 5%<\/td>\n<\/tr>\n<tr>\n<td>Geschmackssystem<\/td>\n<td>Einzelne Geschmacksrichtung pro Ger\u00e4t<\/td>\n<\/tr>\n<tr>\n<td>Verf\u00fcgbare Geschmacksrichtungen<\/td>\n<td>12<\/td>\n<\/tr>\n<\/tbody>\n<\/table>\n<h3>Aromen<\/h3>\n<p>Bestseller, die Sie zuerst einlagern sollten: Wassermelonen-Eis, Blaubeer-Eis, blaues Himbeer-Eis und Erdbeer-Wassermelone.<\/p>\n<p><strong>Geeiste Fr\u00fcchte:<\/strong> Wassermeloneneis (die beliebteste Einwegsorte in ganz Europa), Blaubeereis, Blaues Himbeereis und Black Dragon Ice (Drachenfrucht mit Menthol \u2013 Nische, hat aber eine Anh\u00e4ngerschaft).<\/p>\n<p><strong>Fruchtmischungen:<\/strong> Erdbeer-Wassermelone, Erdbeer-Banane, Pfirsich-Mango-Wassermelone, Erdbeer-Kiwi und Kiwi-Passionsfrucht-Guave. Dabei handelt es sich um sichere Mittelgeschmacksrichtungen, die sich konstant verkaufen, ohne aufzufallen.<\/p>\n<p><strong>Mutigere Tipps:<\/strong> Saure Apfel-Himbeere (s\u00e4uerliches Profil, spricht j\u00fcngere Zielgruppen an), Wassermelonen-Kaugummi (bonbons\u00fc\u00df, zuerst klein testen) und Erdbeersaft (einfache Erdbeere mit einer einfachen Note).<\/p>\n<p>Bleiben Sie bei der ersten Bestellung bei den gefrorenen Fr\u00fcchten plus Erdbeer-Wassermelone. Steigen Sie in die gewagteren Angebote ein, sobald Sie wissen, was Ihre Kunden vor Ort bevorzugen.<\/p>\n<h3>Versand und Bestellung<\/h3>\n<p>Bang King 12K versendet von China mit typischen Lieferzeiten von 10\u201315 Werktagen zu europ\u00e4ischen Zielen. Die Mindestbestellmenge betr\u00e4gt 10 Einheiten, die Preisstaffelung liegt bei 30+ und 100+ Einheiten. Sie k\u00f6nnen Geschmacksrichtungen und Nikotinst\u00e4rken innerhalb einer einzigen Bestellung mischen.<\/p>\n<p>F\u00fcr EU-M\u00e4rkte sind 0 % und 2 % die am h\u00e4ufigsten bestellten St\u00e4rken. Wenn Sie planen, 3 % oder 5 % auf Lager zu haben, pr\u00fcfen Sie zun\u00e4chst die \u00f6rtlichen Nikotinvorschriften \u2013 mehrere EU-L\u00e4nder beschr\u00e4nken den Verkauf \u00fcber 2 %. <a href=\"https:\/\/holavape.com\/de\/kontakt\/\">Kontaktieren Sie uns<\/a> wenn Sie Beratung ben\u00f6tigen, welche St\u00e4rken Sie f\u00fcr Ihren Markt bestellen sollten.<\/p>\n","protected":false},"excerpt":{"rendered":"<p>Bang King 12K liefert 12.000 Z\u00fcge, 12 Geschmacksrichtungen, eine 1,1-\u03a9-Mesh-Spule und einen wiederaufladbaren 650-mAh-Akku in einem kompakten Format. Es ist mit 0% \/ 2% \/ 3% \/ 5% Nikotin erh\u00e4ltlich und eine leicht zu lagernde Option im mittleren Preissegment. \u26a1<\/p>\n","protected":false},"featured_media":1512,"comment_status":"open","ping_status":"closed","template":"","meta":[],"product_brand":[],"product_cat":[426,732,354,615,633,363,624,651,660,669,606,678,687,705,714,696,642,516,346,525],"product_tag":[],"class_list":{"0":"post-112872","1":"product","2":"type-product","3":"status-publish","4":"has-post-thumbnail","6":"product_cat-12000-zuge-einweg-vape-de","7":"product_cat-bang-de","8":"product_cat-einweg-vape-typen-de","9":"product_cat-einweg-vapes-in-belgien-de","10":"product_cat-einweg-vapes-in-deutschland-de","11":"product_cat-einweg-vapes-in-europa-de","12":"product_cat-einweg-vapes-in-frankreich-de","13":"product_cat-einweg-vapes-in-italien-de","14":"product_cat-einweg-vapes-in-niederlande-de","15":"product_cat-einweg-vapes-in-norwegen-de","16":"product_cat-einweg-vapes-in-osterreich-de","17":"product_cat-einweg-vapes-in-polen-de","18":"product_cat-einweg-vapes-in-portugal-de","19":"product_cat-einweg-vapes-in-schweden-de","20":"product_cat-einweg-vapes-in-schweiz-de","21":"product_cat-einweg-vapes-in-spanien-de","22":"product_cat-einweg-vapes-in-ungarn-de","23":"product_cat-vapes-mit-vielen-zugen-de","24":"product_cat-verschiedene-zuge-einweg-vapes-de","25":"product_cat-wiederaufladbare-vapes-de","27":"first","28":"instock","29":"shipping-taxable","30":"purchasable","31":"product-type-variable","32":"has-default-attributes"},"tiered_pricing_type":"fixed","tiered_pricing_fixed_rules":{"30":6.9900000000000002131628207280300557613372802734375,"50":6.29000000000000003552713678800500929355621337890625,"100":5.88999999999999968025576890795491635799407958984375,"200":5.38999999999999968025576890795491635799407958984375,"400":4.88999999999999968025576890795491635799407958984375},"tiered_pricing_product_settings":{"layout":"default","base_unit_name":{"singular":null,"plural":null},"default_variation":null},"tiered_pricing_minimum_quantity":10,"tiered_pricing_roles_data":[],"tiered_pricing_percentage_rules":[],"tiered_pricing_maximum_quantity":null,"tiered_pricing_quantity_step":"10","_links":{"self":[{"href":"https:\/\/holavape.com\/de\/wp-json\/wp\/v2\/product\/112872","targetHints":{"allow":["GET"]}}],"collection":[{"href":"https:\/\/holavape.com\/de\/wp-json\/wp\/v2\/product"}],"about":[{"href":"https:\/\/holavape.com\/de\/wp-json\/wp\/v2\/types\/product"}],"replies":[{"embeddable":true,"href":"https:\/\/holavape.com\/de\/wp-json\/wp\/v2\/comments?post=112872"}],"wp:featuredmedia":[{"embeddable":true,"href":"https:\/\/holavape.com\/de\/wp-json\/wp\/v2\/media\/1512"}],"wp:attachment":[{"href":"https:\/\/holavape.com\/de\/wp-json\/wp\/v2\/media?parent=112872"}],"wp:term":[{"taxonomy":"product_brand","embeddable":true,"href":"https:\/\/holavape.com\/de\/wp-json\/wp\/v2\/product_brand?post=112872"},{"taxonomy":"product_cat","embeddable":true,"href":"https:\/\/holavape.com\/de\/wp-json\/wp\/v2\/product_cat?post=112872"},{"taxonomy":"product_tag","embeddable":true,"href":"https:\/\/holavape.com\/de\/wp-json\/wp\/v2\/product_tag?post=112872"}],"curies":[{"name":"wp","href":"https:\/\/api.w.org\/{rel}","templated":true}]}}