{"id":114225,"date":"2025-07-07T07:37:36","date_gmt":"2025-07-07T07:37:36","guid":{"rendered":"https:\/\/holavape.com\/product\/bang-king-20k-einweg-vaper-led-display-groshandel\/"},"modified":"2026-04-05T01:27:00","modified_gmt":"2026-04-05T01:27:00","slug":"bang-king-20k","status":"publish","type":"product","link":"https:\/\/holavape.com\/de\/produkt\/bang-king-20k\/","title":{"rendered":"Bang King 20K Einweg-Vaper \u2013 LED-Display-Gro\u00dfhandel"},"content":{"rendered":"<h2>Bang King 20K \u2013 20.000 Puffs, Einweg-LED-Display<\/h2>\n<p>Bang King 20K schlie\u00dft die L\u00fccke zwischen 12K-Ger\u00e4ten der Einstiegsklasse und den High-Puff-Ger\u00e4ten mit mehreren Geschmacksrichtungen. Mit 20.000 Z\u00fcgen aus einem 25-ml-Tank und einer LED-Anzeige, die die verbleibende Zuganzahl und den Batteriestand anzeigt, bietet es Endbenutzern ein fundierteres Dampferlebnis. Der LED-Bildschirm ist ein Verkaufsargument im Einzelhandel \u2013 Kunden k\u00f6nnen genau sehen, wie viel Lebensdauer das Ger\u00e4t noch hat, was die Frage \u201eIst das Ding tot?\u201c reduziert. Retouren, mit denen Ladenbesitzer bei bildschirmlosen Modellen zu k\u00e4mpfen haben.<\/p>\n<p>Dieses Modell ist bei H\u00e4ndlern in Spanien, Deutschland und Polen beliebt, die das gesamte Bang King-Sortiment f\u00fchren. Es liegt dazwischen <a href=\"https:\/\/holavape.com\/de\/produkt\/bang-king-12k\/\">Bang King 12K<\/a> (niedrigerer Preis, kein Bildschirm) und <a href=\"https:\/\/holavape.com\/de\/produkt\/bang-king-250k\/\">Bang King 250K<\/a> (Flaggschiff mit mehreren Geschmacksrichtungen). F\u00fcr Gesch\u00e4fte, die ein komplettes Bang-Sortiment f\u00fchren m\u00f6chten, ohne direkt in die 100.000+-Stufe zu springen, ist dies der logische Mittelschritt.<\/p>\n<table>\n<thead>\n<tr>\n<th>Spez<\/th>\n<th>Detail<\/th>\n<\/tr>\n<\/thead>\n<tbody>\n<tr>\n<td>Puffzahl<\/td>\n<td>Bis zu 20.000<\/td>\n<\/tr>\n<tr>\n<td>E-Liquid-Kapazit\u00e4t<\/td>\n<td>25 ml vorgef\u00fcllt<\/td>\n<\/tr>\n<tr>\n<td>Batterie<\/td>\n<td>650 mAh wiederaufladbar (USB-C)<\/td>\n<\/tr>\n<tr>\n<td>Anzeige<\/td>\n<td>LED-Bildschirm (Zugzahl + Batterie)<\/td>\n<\/tr>\n<tr>\n<td>Nikotinst\u00e4rken<\/td>\n<td>0%, 2%, 3%, 5%<\/td>\n<\/tr>\n<tr>\n<td>Geschmackssystem<\/td>\n<td>Einzelne Geschmacksrichtung pro Ger\u00e4t<\/td>\n<\/tr>\n<tr>\n<td>Verf\u00fcgbare Geschmacksrichtungen<\/td>\n<td>17<\/td>\n<\/tr>\n<\/tbody>\n<\/table>\n<h3>Aromen<\/h3>\n<p>Bestseller, die Sie zuerst einlagern sollten: Blaubeereis, Traubeneis, Wassermelone und Erdbeerwassermelone.<\/p>\n<p><strong>Geeiste Fr\u00fcchte:<\/strong> Blaubeereis, Traubeneis (besonders stark in S\u00fcdeuropa) und Pfirsicheis. Diese drei sind die sichersten Tipps f\u00fcr jeden europ\u00e4ischen Markt.<\/p>\n<p><strong>Fruchtmischungen:<\/strong> Erdbeer-Wassermelone, Erdbeer-Kiwi, Erdbeer-Mango, Erdbeer-Litschi, Himbeer-Wassermelone, Blaubeer-Himbeere, Blaubeer-Wassermelone und Mango-Pfirsich-Wassermelone. Hier gibt es eine gro\u00dfe Auswahl \u2013 beginnen Sie mit Erdbeer-Wassermelone und Erdbeer-Kiwi und erweitern Sie sie dann, je nachdem, was sich bewegt.<\/p>\n<p><strong>Andere Profile:<\/strong> Minze (reines Menthol, Dauerbrenner bei Ex-Rauchern), Double Apple (Shisha-inspiriert, beliebt in Gemeinden im Nahen Osten und S\u00fcdeuropa), Wassermelone (kein Eis, reine Frucht), Red Bull (Energy-Drink-Geschmack, j\u00fcngere K\u00e4ufer) und Mixed Fruits (generische Fruchtmischung \u2013 ordentlicher Ersatzgeschmack).<\/p>\n<p>Da es 17 Geschmacksrichtungen gibt, sollten Sie nicht versuchen, bei der ersten Bestellung alle auf Lager zu haben. Beginnen Sie mit 6\u20138 der Eisfr\u00fcchte- und Kernfruchtmischungen und testen Sie dann die kr\u00e4ftigeren Profile mit kleinen Mengen.<\/p>\n<h3>Versand und Bestellung<\/h3>\n<p>Bang King 20K versendet von China mit gesch\u00e4tzten Lieferzeiten von 10\u201315 Werktagen nach Europa. Die Mindestbestellmenge betr\u00e4gt 10 Einheiten, wobei die Preise ab den Stufen 30 und 100 g\u00fcnstiger sind. Aromen und Nikotinst\u00e4rken k\u00f6nnen innerhalb einer Bestellung frei gemischt werden.<\/p>\n<p>0 % und 2 % sind die Standardwerte f\u00fcr EU-M\u00e4rkte. Die Optionen 3 % und 5 % sind verf\u00fcgbar, aber \u00fcberpr\u00fcfen Sie die \u00f6rtlichen Vorschriften \u2013 viele EU-L\u00e4nder begrenzen die Nikotinst\u00e4rke im Einzelhandel. <a href=\"https:\/\/holavape.com\/de\/kontakt\/\">Nehmen Sie Kontakt auf<\/a> wenn Sie Hilfe beim Aufbau Ihrer ersten Bestellung oder bei der Auswahl der St\u00e4rken f\u00fcr Ihren Markt ben\u00f6tigen.<\/p>\n","protected":false},"excerpt":{"rendered":"<p>Bang King 20K vereint 20.000 Z\u00fcge, 17 Geschmacksrichtungen, ein LED-Display und einen 25-ml-Tank mit einem 650-mAh-Akku. Der eingebaute Puffz\u00e4hler macht ihn zu einer leistungsstarken 20K-Option f\u00fcr Gesch\u00e4fte, die ein hochwertigeres Erscheinungsbild w\u00fcnschen. \ud83d\udd25<\/p>\n","protected":false},"featured_media":1476,"comment_status":"open","ping_status":"closed","template":"","meta":[],"product_brand":[],"product_cat":[462,732,552,570,354,615,633,363,624,651,660,669,606,678,687,705,714,696,642,561,516,346,525],"product_tag":[],"class_list":{"0":"post-114225","1":"product","2":"type-product","3":"status-publish","4":"has-post-thumbnail","6":"product_cat-20000-zuge-einweg-vape-de","7":"product_cat-bang-de","8":"product_cat-digitale-box-vapes-de","9":"product_cat-dual-mesh-vapes-de","10":"product_cat-einweg-vape-typen-de","11":"product_cat-einweg-vapes-in-belgien-de","12":"product_cat-einweg-vapes-in-deutschland-de","13":"product_cat-einweg-vapes-in-europa-de","14":"product_cat-einweg-vapes-in-frankreich-de","15":"product_cat-einweg-vapes-in-italien-de","16":"product_cat-einweg-vapes-in-niederlande-de","17":"product_cat-einweg-vapes-in-norwegen-de","18":"product_cat-einweg-vapes-in-osterreich-de","19":"product_cat-einweg-vapes-in-polen-de","20":"product_cat-einweg-vapes-in-portugal-de","21":"product_cat-einweg-vapes-in-schweden-de","22":"product_cat-einweg-vapes-in-schweiz-de","23":"product_cat-einweg-vapes-in-spanien-de","24":"product_cat-einweg-vapes-in-ungarn-de","25":"product_cat-smart-screen-vapes-de","26":"product_cat-vapes-mit-vielen-zugen-de","27":"product_cat-verschiedene-zuge-einweg-vapes-de","28":"product_cat-wiederaufladbare-vapes-de","30":"first","31":"instock","32":"shipping-taxable","33":"purchasable","34":"product-type-variable","35":"has-default-attributes"},"tiered_pricing_type":"fixed","tiered_pricing_fixed_rules":{"30":6.29000000000000003552713678800500929355621337890625,"50":5.42999999999999971578290569595992565155029296875,"100":4.69000000000000039079850466805510222911834716796875,"200":4.44000000000000039079850466805510222911834716796875,"400":3.890000000000000124344978758017532527446746826171875},"tiered_pricing_product_settings":{"layout":"default","base_unit_name":{"singular":null,"plural":null},"default_variation":null},"tiered_pricing_minimum_quantity":10,"tiered_pricing_roles_data":[],"tiered_pricing_percentage_rules":[],"tiered_pricing_maximum_quantity":null,"tiered_pricing_quantity_step":"10","_links":{"self":[{"href":"https:\/\/holavape.com\/de\/wp-json\/wp\/v2\/product\/114225","targetHints":{"allow":["GET"]}}],"collection":[{"href":"https:\/\/holavape.com\/de\/wp-json\/wp\/v2\/product"}],"about":[{"href":"https:\/\/holavape.com\/de\/wp-json\/wp\/v2\/types\/product"}],"replies":[{"embeddable":true,"href":"https:\/\/holavape.com\/de\/wp-json\/wp\/v2\/comments?post=114225"}],"wp:featuredmedia":[{"embeddable":true,"href":"https:\/\/holavape.com\/de\/wp-json\/wp\/v2\/media\/1476"}],"wp:attachment":[{"href":"https:\/\/holavape.com\/de\/wp-json\/wp\/v2\/media?parent=114225"}],"wp:term":[{"taxonomy":"product_brand","embeddable":true,"href":"https:\/\/holavape.com\/de\/wp-json\/wp\/v2\/product_brand?post=114225"},{"taxonomy":"product_cat","embeddable":true,"href":"https:\/\/holavape.com\/de\/wp-json\/wp\/v2\/product_cat?post=114225"},{"taxonomy":"product_tag","embeddable":true,"href":"https:\/\/holavape.com\/de\/wp-json\/wp\/v2\/product_tag?post=114225"}],"curies":[{"name":"wp","href":"https:\/\/api.w.org\/{rel}","templated":true}]}}