{"id":117128,"date":"2025-07-07T07:37:27","date_gmt":"2025-07-07T07:37:27","guid":{"rendered":"https:\/\/holavape.com\/product\/vapme-crystal-7000-einweg-vaporizer-0-nikotin-im-groshandel\/"},"modified":"2026-04-05T01:27:17","modified_gmt":"2026-04-05T01:27:17","slug":"vapme-crystal-7000","status":"publish","type":"product","link":"https:\/\/holavape.com\/de\/produkt\/vapme-crystal-7000\/","title":{"rendered":"VAPME Crystal 7000 Einweg-Vaporizer \u2013 0 % Nikotin im Gro\u00dfhandel"},"content":{"rendered":"<h2>VAPME Crystal 7000 \u2013 7.000 Puffs Compact Einwegartikel mit 0 %-Option<\/h2>\n<p>VAPME Crystal 7000 ist ein kompakter Einwegartikel im Kristallstil, der eine wichtige L\u00fccke in jedem Gro\u00dfhandelssortiment schlie\u00dft: den Einsteiger-Slot mit 0 % Nikotingehalt. Bei 7.000 Z\u00fcgen mit einem 14-ml-Tank und einer 0,8-\u03a9-Mesh-Spule versucht es nicht, mit den gr\u00f6\u00dferen Ger\u00e4ten in Bezug auf die Anzahl der Z\u00fcge zu konkurrieren \u2013 vielmehr konkurriert es in Bezug auf Zug\u00e4nglichkeit, Verkaufsattraktivit\u00e4t und die Tatsache, dass es 0 %, 2 % und 5 % Nikotin enth\u00e4lt. Die 0 %-Option wird in EU-M\u00e4rkten immer wichtiger, wo die Nachfrage nach nikotinfreien Produkten st\u00e4ndig w\u00e4chst, insbesondere in den Niederlanden, Deutschland und Skandinavien.<\/p>\n<p>F\u00fcr Ladenbesitzer, die ein Sortiment aufbauen: Dies ist neben Modellen mit h\u00f6herer Kapazit\u00e4t wie dem die preisg\u00fcnstige Option zum Mitnehmen <a href=\"https:\/\/holavape.com\/de\/produkt\/mrvi-15k-dual-mesh-einweg-vaporizer-groshandel\/\">MRVI 15K<\/a> oder <a href=\"https:\/\/holavape.com\/de\/produkt\/randm-digital-box-12k-einweg-vaporizer-50-geschmacksrichtungen-im-groshandel\/\">RandM Digital Box 12K<\/a>. Das Kristalldesign sieht auf dem Display gut aus, der Preis ist erschwinglich und die 30 Geschmacksrichtungen bieten den Kunden eine gro\u00dfe Auswahl, ohne Ihren Lagerbestand zu \u00fcberfordern.<\/p>\n<table>\n<thead>\n<tr>\n<th>Spez<\/th>\n<th>Detail<\/th>\n<\/tr>\n<\/thead>\n<tbody>\n<tr>\n<td>Puffzahl<\/td>\n<td>Bis zu 7.000<\/td>\n<\/tr>\n<tr>\n<td>E-Liquid-Kapazit\u00e4t<\/td>\n<td>14 ml<\/td>\n<\/tr>\n<tr>\n<td>Batterie<\/td>\n<td>650 mAh wiederaufladbar (Typ-C)<\/td>\n<\/tr>\n<tr>\n<td>Spule<\/td>\n<td>0,8-\u03a9-Mesh-Spule<\/td>\n<\/tr>\n<tr>\n<td>Nikotinst\u00e4rken<\/td>\n<td>0%, 2%, 5%<\/td>\n<\/tr>\n<tr>\n<td>Design<\/td>\n<td>K\u00f6rper im Kristallstil<\/td>\n<\/tr>\n<tr>\n<td>Geschmacksoptionen<\/td>\n<td>30<\/td>\n<\/tr>\n<\/tbody>\n<\/table>\n<h3>Aromen \u2013 Was Sie auf Lager haben sollten<\/h3>\n<p>Bestseller, die Sie zuerst einlagern sollten: Wassermelonen-Eis, Erdbeer-Eis, Kiwi-Passionsfrucht-Guave und gemischtes Beeren-Eis. Dies sind die sichersten First-Order-Picks auf den europ\u00e4ischen M\u00e4rkten.<\/p>\n<p><strong>Geeiste Fr\u00fcchte (sichere Wetten):<\/strong> Wassermeloneneis (immer der Verkaufsschlager), Erdbeereis, Kirscheis, Pfirsicheis, schwarze Johannisbeereis (stark in Nordeuropa), gemischte Beereneis, Wassermelonen-Kiwi-Eis. Dies sind Ihre Brot-und-Butter-Geschmacksrichtungen, die sich st\u00e4ndig neu anordnen.<\/p>\n<p><strong>Tropische \/ gemischte Fr\u00fcchte:<\/strong> Kiwi-Passionsfrucht-Guave (eine der derzeit beliebtesten tropischen Mischungen in Europa), Passionsfrucht-Melonen-Eis, Dreifach-Mango, Pfirsich-Mango-Ananas, Erdbeer-Mango, tropischer Fruchtpunsch. Bewahren Sie zur Abwechslung 2-3 davon auf \u2013 Kiwi-Passionsfrucht-Guave sollte eine davon sein.<\/p>\n<p><strong>Beeren-\/Bonbonmischungen:<\/strong> Blaubeer-Himbeere, Weintraube, Erdbeer-Wassermelonen-Kaugummi, Erdbeer-Himbeer-Bonbon, Kirschbeere, Blaubeer-Cranberry-Kirsche, Erdbeertraube. S\u00fc\u00df und bonbonorientiert \u2013 diese sprechen j\u00fcngere Bev\u00f6lkerungsgruppen und Kunden an, die von Pod-Systemen mit Bonbongeschmack umsteigen.<\/p>\n<p><strong>Getr\u00e4nk \/ Dessert \/ fett:<\/strong> Energy Drink (Red Bull-Stil, j\u00fcngeres Publikum), Cherry Cola (bekannter Geschmack, Nische, aber treu), Blue Razz Lemonade, Lemon Lime, Mr Blue (blaue Himbeermischung), Banana Ice, Strawberry Banana, Double Apple (Shisha-inspiriert, stark im Nahen Osten und in t\u00fcrkischen Gemeinden in Europa), Mint (reines Menthol, geringe, aber stetige Nachfrage).<\/p>\n<h3>Versand und Bestellung<\/h3>\n<p>VAPME Crystal 7000 versendet von China mit gesch\u00e4tzten Lieferzeiten von 10\u201318 Werktagen zu europ\u00e4ischen Zielen. Die Mindestbestellmenge betr\u00e4gt 10 Einheiten mit gestaffelten Preisen bei 30+ und 100+ Einheiten. Innerhalb einer Bestellung k\u00f6nnen Aromen und Nikotinst\u00e4rken frei gemischt werden.<\/p>\n<p>Die Option \u201e0 % Nikotin\u201c macht dies besonders relevant f\u00fcr EU-M\u00e4rkte, wo nikotinfreie Produkte weniger regulatorischen H\u00fcrden unterliegen. 2 % ist insgesamt die beliebteste St\u00e4rke, und 0 % ist auf dem Vormarsch \u2013 erw\u00e4gen Sie, beide St\u00e4rken auf Lager zu haben, wenn Ihr Markt dies zul\u00e4sst. 5 % sind f\u00fcr M\u00e4rkte verf\u00fcgbar, die h\u00f6here Nikotinkonzentrationen zulassen.<\/p>\n<p>Ben\u00f6tigen Sie Beratung zum Aufbau eines Startersortiments? <a href=\"https:\/\/holavape.com\/de\/kontakt\/\">Nehmen Sie Kontakt auf<\/a> \u2013 Wir k\u00f6nnen Ihnen eine Geschmacksmischung basierend auf Ihrem Zielmarkt empfehlen.<\/p>\n","protected":false},"excerpt":{"rendered":"<p>VAPME Crystal 7000 bietet 7.000 Z\u00fcge, 30 Geschmacksrichtungen, eine 0,8-\u03a9-Mesh-Spule und 14 ml E-Liquid in einem kompakten Geh\u00e4use im Kristallstil. Mit den Optionen 0% \/ 2% \/ 5% Nikotin ist es eine gute Einstiegswahl f\u00fcr EU-orientierte Regale. \ud83d\udca0<\/p>\n","protected":false},"featured_media":1413,"comment_status":"open","ping_status":"closed","template":"","meta":[],"product_brand":[],"product_cat":[399,543,354,615,633,363,624,651,660,669,606,678,687,705,714,696,642,516,841,346,525],"product_tag":[],"class_list":{"0":"post-117128","1":"product","2":"type-product","3":"status-publish","4":"has-post-thumbnail","6":"product_cat-8000-zuge-einweg-vape-de","7":"product_cat-crystal-vapes-de","8":"product_cat-einweg-vape-typen-de","9":"product_cat-einweg-vapes-in-belgien-de","10":"product_cat-einweg-vapes-in-deutschland-de","11":"product_cat-einweg-vapes-in-europa-de","12":"product_cat-einweg-vapes-in-frankreich-de","13":"product_cat-einweg-vapes-in-italien-de","14":"product_cat-einweg-vapes-in-niederlande-de","15":"product_cat-einweg-vapes-in-norwegen-de","16":"product_cat-einweg-vapes-in-osterreich-de","17":"product_cat-einweg-vapes-in-polen-de","18":"product_cat-einweg-vapes-in-portugal-de","19":"product_cat-einweg-vapes-in-schweden-de","20":"product_cat-einweg-vapes-in-schweiz-de","21":"product_cat-einweg-vapes-in-spanien-de","22":"product_cat-einweg-vapes-in-ungarn-de","23":"product_cat-vapes-mit-vielen-zugen-de","24":"product_cat-vapme-de","25":"product_cat-verschiedene-zuge-einweg-vapes-de","26":"product_cat-wiederaufladbare-vapes-de","28":"first","29":"instock","30":"shipping-taxable","31":"purchasable","32":"product-type-variable","33":"has-default-attributes"},"tiered_pricing_type":"fixed","tiered_pricing_fixed_rules":{"30":5.12000000000000010658141036401502788066864013671875,"50":4.12999999999999989341858963598497211933135986328125,"100":3.54000000000000003552713678800500929355621337890625,"200":3.359999999999999875655021241982467472553253173828125,"400":2.95999999999999996447286321199499070644378662109375},"tiered_pricing_product_settings":{"layout":"default","base_unit_name":{"singular":null,"plural":null},"default_variation":null},"tiered_pricing_minimum_quantity":10,"tiered_pricing_roles_data":[],"tiered_pricing_percentage_rules":[],"tiered_pricing_maximum_quantity":null,"tiered_pricing_quantity_step":"10","_links":{"self":[{"href":"https:\/\/holavape.com\/de\/wp-json\/wp\/v2\/product\/117128","targetHints":{"allow":["GET"]}}],"collection":[{"href":"https:\/\/holavape.com\/de\/wp-json\/wp\/v2\/product"}],"about":[{"href":"https:\/\/holavape.com\/de\/wp-json\/wp\/v2\/types\/product"}],"replies":[{"embeddable":true,"href":"https:\/\/holavape.com\/de\/wp-json\/wp\/v2\/comments?post=117128"}],"wp:featuredmedia":[{"embeddable":true,"href":"https:\/\/holavape.com\/de\/wp-json\/wp\/v2\/media\/1413"}],"wp:attachment":[{"href":"https:\/\/holavape.com\/de\/wp-json\/wp\/v2\/media?parent=117128"}],"wp:term":[{"taxonomy":"product_brand","embeddable":true,"href":"https:\/\/holavape.com\/de\/wp-json\/wp\/v2\/product_brand?post=117128"},{"taxonomy":"product_cat","embeddable":true,"href":"https:\/\/holavape.com\/de\/wp-json\/wp\/v2\/product_cat?post=117128"},{"taxonomy":"product_tag","embeddable":true,"href":"https:\/\/holavape.com\/de\/wp-json\/wp\/v2\/product_tag?post=117128"}],"curies":[{"name":"wp","href":"https:\/\/api.w.org\/{rel}","templated":true}]}}