{"id":125110,"date":"2026-04-17T06:32:14","date_gmt":"2026-04-17T06:32:14","guid":{"rendered":"https:\/\/holavape.com\/product\/lost-mary-mo10k-disposable-vape\/"},"modified":"2026-04-19T15:16:36","modified_gmt":"2026-04-19T15:16:36","slug":"lost-mary-mo10k-disposable-vape","status":"publish","type":"product","link":"https:\/\/holavape.com\/de\/produkt\/lost-mary-mo10k-disposable-vape\/","title":{"rendered":"Lost Mary MO10K Einweg-Vape"},"content":{"rendered":"<h2>Lost Mary MO10K Disposable Vape \u00dcbersicht<\/h2>\n<p>Lost Mary MO10K Disposable Vape ist ein mit einem Bildschirm ausgestatteter Einweg-Vaporizer, der f\u00fcr Gro\u00dfk\u00e4ufer entwickelt wurde, die ein hochwertigeres Gef\u00fchl mit sichtbarem Ger\u00e4testatus ben\u00f6tigen. Es kombiniert 10.000 Z\u00fcge, 18 ml E-Liquid und eine Mesh-Spule in einem Format, das sich leicht f\u00fcr Einzelhandelsregale und Gro\u00dfbestellungen positionieren l\u00e4sst.<\/p>\n<p>Die Geschmackspalette umfasst 15 Geschmacksrichtungen, wodurch dieses Modell problemlos in Obst-, Eis-, S\u00fc\u00dfigkeiten- und Einwegsortimente mit gemischten Profilen passt.<\/p>\n<h2>Wichtigste Highlights<\/h2>\n<ul>\n<li><strong>10.000 Z\u00fcge<\/strong> f\u00fcr ein langlebigeres Ger\u00e4teformat<\/li>\n<li><strong>18 ml E-Liquid<\/strong> zur Unterst\u00fctzung einer h\u00f6heren Anzahl von Z\u00fcgen und einer l\u00e4ngeren t\u00e4glichen Anwendung<\/li>\n<li><strong>Mesh-Spule<\/strong> f\u00fcr gleichm\u00e4\u00dfigere Geschmacksausbeute und gleichm\u00e4\u00dfigeren Dampf<\/li>\n<li><strong>Smart-Bildschirm<\/strong> So k\u00f6nnen Benutzer den Status wichtiger Ger\u00e4te einfacher \u00fcberpr\u00fcfen<\/li>\n<li><strong>15 Geschmacksrichtungen<\/strong> um eine breitere Geschmackspalette abzudecken<\/li>\n<\/ul>\n<h2>Spezifikationen<\/h2>\n<table>\n<tbody>\n<tr>\n<td><strong>Produktname<\/strong><\/td>\n<td>Lost Mary MO10K Disposable Vape<\/td>\n<\/tr>\n<tr>\n<td><strong>Puff Count<\/strong><\/td>\n<td>10.000 Z\u00fcge<\/td>\n<\/tr>\n<tr>\n<td><strong>E-Liquid-Kapazit\u00e4t<\/strong><\/td>\n<td>18 ml E-Liquid<\/td>\n<\/tr>\n<tr>\n<td><strong>Spule<\/strong><\/td>\n<td>Mesh-Spule<\/td>\n<\/tr>\n<tr>\n<td><strong>Anzeige<\/strong><\/td>\n<td>Smart-Bildschirm<\/td>\n<\/tr>\n<tr>\n<td><strong>Geschmacksoptionen<\/strong><\/td>\n<td>15 Geschmacksrichtungen<\/td>\n<\/tr>\n<\/tbody>\n<\/table>\n<h2>Geschmacksoptionen<\/h2>\n<p>Zu den verf\u00fcgbaren Geschmacksrichtungen geh\u00f6ren Blue Dragon Fruit Peach, Rose Grape, Granny Cherry, Green Mango, Mango Berry, Matcha Mint Ice, Mixed Prunus, Mountain Mint und mehr. Dadurch passt Lost Mary MO10K zu einer breiteren Mischung aus Obst-, Eis-, S\u00fc\u00dfigkeiten- und Einweg-Vape-Sortimenten mit s\u00fc\u00dfem Profil.<\/p>\n","protected":false},"excerpt":{"rendered":"<p>Lost Mary MO10000 10K Z\u00fcge bietet 10.000 Z\u00fcge, 18 ml E-Liquid, Bildschirmanzeige und Mesh-Coil-Leistung. Eine smarte, bildschirmgef\u00fchrte Option f\u00fcr K\u00e4ufer, die sich ein hochwertigeres Gef\u00fchl an der Theke w\u00fcnschen. \u26a1<\/p>\n","protected":false},"featured_media":122296,"comment_status":"open","ping_status":"closed","template":"","meta":[],"product_brand":[],"product_cat":[417,354,615,633,363,624,651,660,669,606,678,687,705,714,696,642,516,346,525],"product_tag":[],"class_list":{"0":"post-125110","1":"product","2":"type-product","3":"status-publish","4":"has-post-thumbnail","6":"product_cat-10000-zuge-einweg-vape-de","7":"product_cat-einweg-vape-typen-de","8":"product_cat-einweg-vapes-in-belgien-de","9":"product_cat-einweg-vapes-in-deutschland-de","10":"product_cat-einweg-vapes-in-europa-de","11":"product_cat-einweg-vapes-in-frankreich-de","12":"product_cat-einweg-vapes-in-italien-de","13":"product_cat-einweg-vapes-in-niederlande-de","14":"product_cat-einweg-vapes-in-norwegen-de","15":"product_cat-einweg-vapes-in-osterreich-de","16":"product_cat-einweg-vapes-in-polen-de","17":"product_cat-einweg-vapes-in-portugal-de","18":"product_cat-einweg-vapes-in-schweden-de","19":"product_cat-einweg-vapes-in-schweiz-de","20":"product_cat-einweg-vapes-in-spanien-de","21":"product_cat-einweg-vapes-in-ungarn-de","22":"product_cat-vapes-mit-vielen-zugen-de","23":"product_cat-verschiedene-zuge-einweg-vapes-de","24":"product_cat-wiederaufladbare-vapes-de","26":"first","27":"instock","28":"shipping-taxable","29":"purchasable","30":"product-type-variable","31":"has-default-attributes"},"tiered_pricing_type":"fixed","tiered_pricing_fixed_rules":{"2000":4},"tiered_pricing_product_settings":{"layout":"default","base_unit_name":{"singular":null,"plural":null},"default_variation":null},"tiered_pricing_minimum_quantity":1000,"tiered_pricing_roles_data":[],"tiered_pricing_percentage_rules":[],"tiered_pricing_maximum_quantity":null,"tiered_pricing_quantity_step":"100","_links":{"self":[{"href":"https:\/\/holavape.com\/de\/wp-json\/wp\/v2\/product\/125110","targetHints":{"allow":["GET"]}}],"collection":[{"href":"https:\/\/holavape.com\/de\/wp-json\/wp\/v2\/product"}],"about":[{"href":"https:\/\/holavape.com\/de\/wp-json\/wp\/v2\/types\/product"}],"replies":[{"embeddable":true,"href":"https:\/\/holavape.com\/de\/wp-json\/wp\/v2\/comments?post=125110"}],"wp:featuredmedia":[{"embeddable":true,"href":"https:\/\/holavape.com\/de\/wp-json\/wp\/v2\/media\/122296"}],"wp:attachment":[{"href":"https:\/\/holavape.com\/de\/wp-json\/wp\/v2\/media?parent=125110"}],"wp:term":[{"taxonomy":"product_brand","embeddable":true,"href":"https:\/\/holavape.com\/de\/wp-json\/wp\/v2\/product_brand?post=125110"},{"taxonomy":"product_cat","embeddable":true,"href":"https:\/\/holavape.com\/de\/wp-json\/wp\/v2\/product_cat?post=125110"},{"taxonomy":"product_tag","embeddable":true,"href":"https:\/\/holavape.com\/de\/wp-json\/wp\/v2\/product_tag?post=125110"}],"curies":[{"name":"wp","href":"https:\/\/api.w.org\/{rel}","templated":true}]}}