{"id":126041,"date":"2026-04-17T06:45:09","date_gmt":"2026-04-17T06:45:09","guid":{"rendered":"https:\/\/holavape.com\/product\/razz-bar-60k-disposable-vape\/"},"modified":"2026-04-21T08:00:34","modified_gmt":"2026-04-21T08:00:34","slug":"razz-bar-60k-disposable-vape","status":"publish","type":"product","link":"https:\/\/holavape.com\/de\/produkt\/razz-bar-60k-disposable-vape\/","title":{"rendered":"Razz Bar 60K | 60000 Z\u00fcge, Kristall-Design, 64ml E-Liquid, 17 Geschmacksrichtungen, Einweg-Vape im Gro\u00dfhandel"},"content":{"rendered":"<h2>Razz Bar 60K Disposable Vape \u00dcbersicht<\/h2>\n<p>Razz Bar 60K Disposable Vape ist ein auf das Display ausgerichteter Einweg-Vaporizer, der f\u00fcr Gro\u00dfk\u00e4ufer entwickelt wurde, die eine st\u00e4rkere Verkaufsattraktivit\u00e4t ben\u00f6tigen, ohne das Sortiment zu verkomplizieren. Es vereint 60.000 Z\u00fcge, 64 ml E-Liquid und eine Mesh-Spule in einem Format, das sich leicht f\u00fcr Einzelhandelsregale und Gro\u00dfbestellungen positionieren l\u00e4sst.<\/p>\n<p>Die standardm\u00e4\u00dfige 2 %-Version ist in unserem EU-Lager vorr\u00e4tig, um eine schnellere Lieferung in ganz Europa zu erm\u00f6glichen, was die Unterst\u00fctzung einer schnelleren Gro\u00dfhandelsauff\u00fcllung erleichtert.<\/p>\n<h2>Wichtigste Highlights<\/h2>\n<ul>\n<li><strong>60.000 Z\u00fcge<\/strong> f\u00fcr ein langlebigeres Ger\u00e4teformat<\/li>\n<li><strong>64 ml E-Liquid<\/strong> zur Unterst\u00fctzung einer h\u00f6heren Anzahl von Z\u00fcgen und einer l\u00e4ngeren t\u00e4glichen Anwendung<\/li>\n<li><strong>Mesh-Spule<\/strong> f\u00fcr gleichm\u00e4\u00dfigere Geschmacksausbeute und gleichm\u00e4\u00dfigeren Dampf<\/li>\n<li><strong>LED-Anzeige<\/strong> So k\u00f6nnen Benutzer den Status wichtiger Ger\u00e4te einfacher \u00fcberpr\u00fcfen<\/li>\n<li><strong>16 Geschmacksrichtungen<\/strong> um eine breitere Geschmackspalette abzudecken<\/li>\n<\/ul>\n<h2>Spezifikationen<\/h2>\n<table>\n<tbody>\n<tr>\n<td><strong>Produktname<\/strong><\/td>\n<td>Razz Bar 60K Disposable Vape<\/td>\n<\/tr>\n<tr>\n<td><strong>Puff Count<\/strong><\/td>\n<td>60.000 Z\u00fcge<\/td>\n<\/tr>\n<tr>\n<td><strong>E-Liquid-Kapazit\u00e4t<\/strong><\/td>\n<td>64 ml E-Liquid<\/td>\n<\/tr>\n<tr>\n<td><strong>Spule<\/strong><\/td>\n<td>Mesh-Spule<\/td>\n<\/tr>\n<tr>\n<td><strong>Anzeige<\/strong><\/td>\n<td>LED-Anzeige<\/td>\n<\/tr>\n<tr>\n<td><strong>Geschmacksoptionen<\/strong><\/td>\n<td>16 Geschmacksrichtungen<\/td>\n<\/tr>\n<\/tbody>\n<\/table>\n<h2>Geschmacksoptionen<\/h2>\n<p>Zu den verf\u00fcgbaren Geschmacksrichtungen geh\u00f6ren Erdbeer-Banane, saftiges Pfirsich-Eis, Coco Loco, Blaubeer-Sauer-Himbeere, Zuckerwatte, Gummib\u00e4rchen, Blaubeer-Wassermelone, Zitronen-Pfirsich-Passionsfrucht und mehr. Dadurch passt Razz Bar 60K zu einer breiteren Mischung aus Obst-, Eis-, S\u00fc\u00dfigkeiten- und Einweg-Vape-Sortimenten mit s\u00fc\u00dfem Profil.<\/p>\n","protected":false},"excerpt":{"rendered":"<p>60000 Z\u00fcge, Kristall-Design, 64ml E-Liquid \u2014 Razz Bar 60K im Gro\u00dfhandel ab 10 Einheiten verf\u00fcgbar, ideal f\u00fcr Shops und Wiederverk\u00e4ufer in der EU.<\/p>\n","protected":false},"featured_media":123209,"comment_status":"open","ping_status":"closed","template":"","meta":[],"product_brand":[],"product_cat":[732],"product_tag":[],"class_list":{"0":"post-126041","1":"product","2":"type-product","3":"status-publish","4":"has-post-thumbnail","6":"product_cat-bang-de","8":"first","9":"instock","10":"shipping-taxable","11":"purchasable","12":"product-type-variable","13":"has-default-attributes"},"tiered_pricing_type":"fixed","tiered_pricing_fixed_rules":{"100":7.9000000000000003552713678800500929355621337890625,"200":7.5999999999999996447286321199499070644378662109375,"400":7.20000000000000017763568394002504646778106689453125},"tiered_pricing_product_settings":{"layout":"default","base_unit_name":{"singular":null,"plural":null},"default_variation":null},"tiered_pricing_minimum_quantity":50,"tiered_pricing_roles_data":[],"tiered_pricing_percentage_rules":[],"tiered_pricing_maximum_quantity":null,"tiered_pricing_quantity_step":"50","_links":{"self":[{"href":"https:\/\/holavape.com\/de\/wp-json\/wp\/v2\/product\/126041","targetHints":{"allow":["GET"]}}],"collection":[{"href":"https:\/\/holavape.com\/de\/wp-json\/wp\/v2\/product"}],"about":[{"href":"https:\/\/holavape.com\/de\/wp-json\/wp\/v2\/types\/product"}],"replies":[{"embeddable":true,"href":"https:\/\/holavape.com\/de\/wp-json\/wp\/v2\/comments?post=126041"}],"wp:featuredmedia":[{"embeddable":true,"href":"https:\/\/holavape.com\/de\/wp-json\/wp\/v2\/media\/123209"}],"wp:attachment":[{"href":"https:\/\/holavape.com\/de\/wp-json\/wp\/v2\/media?parent=126041"}],"wp:term":[{"taxonomy":"product_brand","embeddable":true,"href":"https:\/\/holavape.com\/de\/wp-json\/wp\/v2\/product_brand?post=126041"},{"taxonomy":"product_cat","embeddable":true,"href":"https:\/\/holavape.com\/de\/wp-json\/wp\/v2\/product_cat?post=126041"},{"taxonomy":"product_tag","embeddable":true,"href":"https:\/\/holavape.com\/de\/wp-json\/wp\/v2\/product_tag?post=126041"}],"curies":[{"name":"wp","href":"https:\/\/api.w.org\/{rel}","templated":true}]}}