{"id":126065,"date":"2026-04-17T06:39:45","date_gmt":"2026-04-17T06:39:45","guid":{"rendered":"https:\/\/holavape.com\/product\/mr-goodie-adjust-flavor-king-60k-disposable-vape\/"},"modified":"2026-04-21T08:00:34","modified_gmt":"2026-04-21T08:00:34","slug":"mr-goodie-adjust-flavor-king-60k-disposable-vape","status":"publish","type":"product","link":"https:\/\/holavape.com\/de\/produkt\/mr-goodie-adjust-flavor-king-60k-disposable-vape\/","title":{"rendered":"Mr.Goodie Adjust Flavor King 60K | 60000 Z\u00fcge, triple-Geschmackswechsel, Einweg-Vape im Gro\u00dfhandel"},"content":{"rendered":"<h2>Mr.Goodie Adjust Flavor King 60K Disposable Vape \u00dcbersicht<\/h2>\n<p>Mr.Goodie Adjust Flavor King 60K Disposable Vape ist ein Einweg-Vaporizer mit hoher Kapazit\u00e4t, der f\u00fcr Gro\u00dfk\u00e4ufer entwickelt wurde, die eine l\u00e4nger anhaltende Leistung in einem einfachen Format ben\u00f6tigen. Es vereint 60.000 Z\u00fcge und 10 Geschmacksrichtungen in einem Format, das sich leicht f\u00fcr Einzelhandelsregale und Gro\u00dfbestellungen positionieren l\u00e4sst.<\/p>\n<p>Die Geschmackspalette umfasst 10 Geschmacksrichtungen, sodass dieses Modell problemlos in Obst-, Eis-, S\u00fc\u00dfigkeiten- und Einwegsortimente mit gemischten Profilen passt.<\/p>\n<h2>Wichtigste Highlights<\/h2>\n<ul>\n<li><strong>60.000 Z\u00fcge<\/strong> f\u00fcr ein langlebigeres Ger\u00e4teformat<\/li>\n<li><strong>10 Geschmacksrichtungen<\/strong> um eine breitere Geschmackspalette abzudecken<\/li>\n<li><strong>2% \/ 5%<\/strong> Nikotinoptionen f\u00fcr unterschiedliche Marktbed\u00fcrfnisse<\/li>\n<\/ul>\n<h2>Spezifikationen<\/h2>\n<table>\n<tbody>\n<tr>\n<td><strong>Produktname<\/strong><\/td>\n<td>Mr.Goodie Adjust Flavor King 60K Disposable Vape<\/td>\n<\/tr>\n<tr>\n<td><strong>Puff Count<\/strong><\/td>\n<td>60.000 Z\u00fcge<\/td>\n<\/tr>\n<tr>\n<td><strong>Geschmacksoptionen<\/strong><\/td>\n<td>10 Geschmacksrichtungen<\/td>\n<\/tr>\n<tr>\n<td><strong>Nikotinst\u00e4rke<\/strong><\/td>\n<td>2% \/ 5%<\/td>\n<\/tr>\n<\/tbody>\n<\/table>\n<h2>Geschmacksoptionen<\/h2>\n<p>Zu den verf\u00fcgbaren Geschmacksrichtungen geh\u00f6ren Wassermelonen-Eis und Kaugummi und Wassermelonen-Kaugummi, saftiges Pfirsich-Eis und Cola-Eis und Pfirsich-Cola-Eis, blaue Himbeere und Kirsch-Zitrone und blaue Himbeer-Kirsche-Zitrone, Erdbeere und Wassermelone und Erdbeer-Wassermelone, gr\u00fcner Apfel und Traube und gr\u00fcne Apfeltraube, Zitrone und Regenbogen-S\u00fc\u00dfigkeit und Zitronen-Regenbogen-S\u00fc\u00dfigkeit, Miami Mint und Zitrone und Zitronen-Minze, Ananas-Kokosnuss und Energie-Eis und Kokosnuss-Energiegetr\u00e4nk und mehr. Dies hilft Mr.Goodie Adjust Flavour King 60K, um eine breitere Mischung aus Obst-, Eis-, S\u00fc\u00dfigkeiten- und Einweg-Vape-Sortimenten mit s\u00fc\u00dfem Profil zu erm\u00f6glichen.<\/p>\n","protected":false},"excerpt":{"rendered":"<p>60000 Z\u00fcge, triple-Geschmackswechsel \u2014 Mr.Goodie Adjust Flavor King 60K im Gro\u00dfhandel ab 10 Einheiten verf\u00fcgbar, ideal f\u00fcr Shops und Wiederverk\u00e4ufer in der EU.<\/p>\n","protected":false},"featured_media":122837,"comment_status":"open","ping_status":"closed","template":"","meta":[],"product_brand":[],"product_cat":[633,651,678,696,642,769],"product_tag":[],"class_list":{"0":"post-126065","1":"product","2":"type-product","3":"status-publish","4":"has-post-thumbnail","6":"product_cat-einweg-vapes-in-deutschland-de","7":"product_cat-einweg-vapes-in-italien-de","8":"product_cat-einweg-vapes-in-polen-de","9":"product_cat-einweg-vapes-in-spanien-de","10":"product_cat-einweg-vapes-in-ungarn-de","11":"product_cat-mr-goodie-de","13":"first","14":"instock","15":"shipping-taxable","16":"purchasable","17":"product-type-variable","18":"has-default-attributes"},"tiered_pricing_type":"fixed","tiered_pricing_fixed_rules":[],"tiered_pricing_product_settings":{"layout":"default","base_unit_name":{"singular":null,"plural":null},"default_variation":null},"tiered_pricing_minimum_quantity":1000,"tiered_pricing_roles_data":[],"tiered_pricing_percentage_rules":[],"tiered_pricing_maximum_quantity":null,"tiered_pricing_quantity_step":"10","_links":{"self":[{"href":"https:\/\/holavape.com\/de\/wp-json\/wp\/v2\/product\/126065","targetHints":{"allow":["GET"]}}],"collection":[{"href":"https:\/\/holavape.com\/de\/wp-json\/wp\/v2\/product"}],"about":[{"href":"https:\/\/holavape.com\/de\/wp-json\/wp\/v2\/types\/product"}],"replies":[{"embeddable":true,"href":"https:\/\/holavape.com\/de\/wp-json\/wp\/v2\/comments?post=126065"}],"wp:featuredmedia":[{"embeddable":true,"href":"https:\/\/holavape.com\/de\/wp-json\/wp\/v2\/media\/122837"}],"wp:attachment":[{"href":"https:\/\/holavape.com\/de\/wp-json\/wp\/v2\/media?parent=126065"}],"wp:term":[{"taxonomy":"product_brand","embeddable":true,"href":"https:\/\/holavape.com\/de\/wp-json\/wp\/v2\/product_brand?post=126065"},{"taxonomy":"product_cat","embeddable":true,"href":"https:\/\/holavape.com\/de\/wp-json\/wp\/v2\/product_cat?post=126065"},{"taxonomy":"product_tag","embeddable":true,"href":"https:\/\/holavape.com\/de\/wp-json\/wp\/v2\/product_tag?post=126065"}],"curies":[{"name":"wp","href":"https:\/\/api.w.org\/{rel}","templated":true}]}}