{"id":126137,"date":"2026-04-17T06:42:08","date_gmt":"2026-04-17T06:42:08","guid":{"rendered":"https:\/\/holavape.com\/product\/happ-bar-mt50k-disposable-vape\/"},"modified":"2026-04-19T14:57:02","modified_gmt":"2026-04-19T14:57:02","slug":"happ-bar-mt50k-disposable-vape","status":"publish","type":"product","link":"https:\/\/holavape.com\/de\/produkt\/happ-bar-mt50k-disposable-vape\/","title":{"rendered":"Happ Bar MT50K Einweg-Vape"},"content":{"rendered":"<h2>Happ Bar MT50K Disposable Vape \u00dcbersicht<\/h2>\n<p>Happ Bar MT50K Disposable Vape ist ein mit einem Bildschirm ausgestatteter Einweg-Vaporizer, der f\u00fcr Gro\u00dfk\u00e4ufer entwickelt wurde, die ein hochwertigeres Gef\u00fchl mit sichtbarem Ger\u00e4testatus ben\u00f6tigen. Es vereint 50.000 Z\u00fcge, 45 ml E-Liquid und einen LCD-Bildschirm in einem Format, das sich leicht f\u00fcr Einzelhandelsregale und Gro\u00dfbestellungen positionieren l\u00e4sst.<\/p>\n<p>Die Geschmackspalette umfasst 16 Geschmacksrichtungen, wodurch dieses Modell problemlos in Obst-, Eis-, S\u00fc\u00dfigkeiten- und Einwegsortimente mit gemischten Profilen passt.<\/p>\n<h2>Wichtigste Highlights<\/h2>\n<ul>\n<li><strong>50.000 Z\u00fcge<\/strong> f\u00fcr ein langlebigeres Ger\u00e4teformat<\/li>\n<li><strong>45 ml E-Liquid<\/strong> zur Unterst\u00fctzung einer h\u00f6heren Anzahl von Z\u00fcgen und einer l\u00e4ngeren t\u00e4glichen Anwendung<\/li>\n<li><strong>LCD-Bildschirm<\/strong> So k\u00f6nnen Benutzer den Status wichtiger Ger\u00e4te einfacher \u00fcberpr\u00fcfen<\/li>\n<li><strong>16 Geschmacksrichtungen<\/strong> um eine breitere Geschmackspalette abzudecken<\/li>\n<li><strong>2% \/ 5%<\/strong> Nikotinoptionen f\u00fcr unterschiedliche Marktbed\u00fcrfnisse<\/li>\n<\/ul>\n<h2>Spezifikationen<\/h2>\n<table>\n<tbody>\n<tr>\n<td><strong>Produktname<\/strong><\/td>\n<td>Happ Bar MT50K Disposable Vape<\/td>\n<\/tr>\n<tr>\n<td><strong>Puff Count<\/strong><\/td>\n<td>50.000 Z\u00fcge<\/td>\n<\/tr>\n<tr>\n<td><strong>E-Liquid-Kapazit\u00e4t<\/strong><\/td>\n<td>45 ml E-Liquid<\/td>\n<\/tr>\n<tr>\n<td><strong>Anzeige<\/strong><\/td>\n<td>LCD-Bildschirm<\/td>\n<\/tr>\n<tr>\n<td><strong>Geschmacksoptionen<\/strong><\/td>\n<td>16 Geschmacksrichtungen<\/td>\n<\/tr>\n<tr>\n<td><strong>Nikotinst\u00e4rke<\/strong><\/td>\n<td>2% \/ 5%<\/td>\n<\/tr>\n<\/tbody>\n<\/table>\n<h2>Geschmacksoptionen<\/h2>\n<p>Zu den verf\u00fcgbaren Geschmacksrichtungen geh\u00f6ren zuf\u00e4llig gemischte Geschmacksrichtungen (schnelle Lieferung), Erdbeereis, Erdbeer-Kiwi, blaues Erdbeereis, Wassermeloneneis, Ananas-Kokos-Limetten-Rum, schwarze Drachenerdbeere, Kirschbombe und mehr. Dies hilft Happ Bar MT50K, eine breitere Mischung aus Obst-, Eis-, S\u00fc\u00dfigkeiten- und Einweg-Vape-Sortimenten mit s\u00fc\u00dfem Profil anzubieten.<\/p>\n","protected":false},"excerpt":{"rendered":"<p>Happ Bar MT50000 enth\u00e4lt 50.000 Z\u00fcge, 45 ml E-Liquid, einen LCD-Bildschirm und 15 Geschmacksrichtungen. Eine smarte, bildschirmgef\u00fchrte Option f\u00fcr K\u00e4ufer, die sich ein hochwertigeres Gef\u00fchl an der Theke w\u00fcnschen. \u26a1<\/p>\n","protected":false},"featured_media":122953,"comment_status":"open","ping_status":"closed","template":"","meta":[],"product_brand":[],"product_cat":[588,552,354,633,363,624,651,660,678,696,597,561,516,525],"product_tag":[942],"class_list":{"0":"post-126137","1":"product","2":"type-product","3":"status-publish","4":"has-post-thumbnail","6":"product_cat-beste-einweg-vapes-de","7":"product_cat-digitale-box-vapes-de","8":"product_cat-einweg-vape-typen-de","9":"product_cat-einweg-vapes-in-deutschland-de","10":"product_cat-einweg-vapes-in-europa-de","11":"product_cat-einweg-vapes-in-frankreich-de","12":"product_cat-einweg-vapes-in-italien-de","13":"product_cat-einweg-vapes-in-niederlande-de","14":"product_cat-einweg-vapes-in-polen-de","15":"product_cat-einweg-vapes-in-spanien-de","16":"product_cat-gunstige-wiederaufladbare-einweg-vapes-de","17":"product_cat-smart-screen-vapes-de","18":"product_cat-vapes-mit-vielen-zugen-de","19":"product_cat-wiederaufladbare-vapes-de","20":"product_tag-bulk-disposable-vape-wholesale","22":"first","23":"instock","24":"shipping-taxable","25":"purchasable","26":"product-type-variable","27":"has-default-attributes"},"tiered_pricing_type":"fixed","tiered_pricing_fixed_rules":{"100":6.96999999999999975131004248396493494510650634765625,"200":6.480000000000000426325641456060111522674560546875,"400":6.21999999999999975131004248396493494510650634765625},"tiered_pricing_product_settings":{"layout":"default","base_unit_name":{"singular":null,"plural":null},"default_variation":null},"tiered_pricing_minimum_quantity":50,"tiered_pricing_roles_data":[],"tiered_pricing_percentage_rules":[],"tiered_pricing_maximum_quantity":null,"tiered_pricing_quantity_step":"10","_links":{"self":[{"href":"https:\/\/holavape.com\/de\/wp-json\/wp\/v2\/product\/126137","targetHints":{"allow":["GET"]}}],"collection":[{"href":"https:\/\/holavape.com\/de\/wp-json\/wp\/v2\/product"}],"about":[{"href":"https:\/\/holavape.com\/de\/wp-json\/wp\/v2\/types\/product"}],"replies":[{"embeddable":true,"href":"https:\/\/holavape.com\/de\/wp-json\/wp\/v2\/comments?post=126137"}],"wp:featuredmedia":[{"embeddable":true,"href":"https:\/\/holavape.com\/de\/wp-json\/wp\/v2\/media\/122953"}],"wp:attachment":[{"href":"https:\/\/holavape.com\/de\/wp-json\/wp\/v2\/media?parent=126137"}],"wp:term":[{"taxonomy":"product_brand","embeddable":true,"href":"https:\/\/holavape.com\/de\/wp-json\/wp\/v2\/product_brand?post=126137"},{"taxonomy":"product_cat","embeddable":true,"href":"https:\/\/holavape.com\/de\/wp-json\/wp\/v2\/product_cat?post=126137"},{"taxonomy":"product_tag","embeddable":true,"href":"https:\/\/holavape.com\/de\/wp-json\/wp\/v2\/product_tag?post=126137"}],"curies":[{"name":"wp","href":"https:\/\/api.w.org\/{rel}","templated":true}]}}