{"id":129263,"date":"2026-04-17T06:38:38","date_gmt":"2026-04-17T06:38:38","guid":{"rendered":"https:\/\/holavape.com\/product\/jnr-falcon-pro-28k-disposable-vape\/"},"modified":"2026-04-21T08:00:47","modified_gmt":"2026-04-21T08:00:47","slug":"jnr-falcon-pro-28k-disposable-vape","status":"publish","type":"product","link":"https:\/\/holavape.com\/de\/produkt\/jnr-falcon-pro-28k-disposable-vape\/","title":{"rendered":"JNR Falcon Pro 28K | 28000 Z\u00fcge, 21 Geschmacksrichtungen, 2% Nikotin, Mesh-Coil, Einweg-Vape im Gro\u00dfhandel"},"content":{"rendered":"<h2>JNR Falcon Pro 28K Disposable Vape \u00dcbersicht<\/h2>\n<p>JNR Falcon Pro 28K Disposable Vape ist ein Einweg-Vaporizer, der f\u00fcr Gro\u00dfk\u00e4ufer entwickelt wurde, die eine unkomplizierte SKU mit praktischen Spezifikationen ben\u00f6tigen. Es vereint 28.000 Z\u00fcge und 20 Geschmacksrichtungen in einem Format, das sich leicht f\u00fcr Einzelhandelsregale und Gro\u00dfbestellungen positionieren l\u00e4sst.<\/p>\n<p>Die Geschmackspalette umfasst 20 Geschmacksrichtungen, wodurch dieses Modell problemlos in Obst-, Eis-, S\u00fc\u00dfigkeiten- und Einwegsortimente mit gemischten Profilen passt.<\/p>\n<h2>Wichtigste Highlights<\/h2>\n<ul>\n<li><strong>28.000 Z\u00fcge<\/strong> f\u00fcr ein langlebigeres Ger\u00e4teformat<\/li>\n<li><strong>20 Geschmacksrichtungen<\/strong> um eine breitere Geschmackspalette abzudecken<\/li>\n<li><strong>2%<\/strong> Nikotinoptionen f\u00fcr unterschiedliche Marktbed\u00fcrfnisse<\/li>\n<\/ul>\n<h2>Spezifikationen<\/h2>\n<table>\n<tbody>\n<tr>\n<td><strong>Produktname<\/strong><\/td>\n<td>JNR Falcon Pro 28K Disposable Vape<\/td>\n<\/tr>\n<tr>\n<td><strong>Puff Count<\/strong><\/td>\n<td>28.000 Z\u00fcge<\/td>\n<\/tr>\n<tr>\n<td><strong>Geschmacksoptionen<\/strong><\/td>\n<td>20 Geschmacksrichtungen<\/td>\n<\/tr>\n<tr>\n<td><strong>Nikotinst\u00e4rke<\/strong><\/td>\n<td>2%<\/td>\n<\/tr>\n<\/tbody>\n<\/table>\n<h2>Geschmacksoptionen<\/h2>\n<p>Zu den verf\u00fcgbaren Geschmacksrichtungen geh\u00f6ren Erdbeereis, Kirsch-Cola, Wassermelonen-Eis, blaue Himbeerkirsche, Erdbeer-Kiwi, saftige Pfirsiche, Blaubeereis, gemischte Beeren und mehr. Dadurch passt der JNR Falcon Pro 28K zu einer breiteren Mischung aus Obst-, Eis-, S\u00fc\u00dfigkeiten- und Einweg-Vape-Sortimenten mit s\u00fc\u00dfem Profil.<\/p>\n","protected":false},"excerpt":{"rendered":"<p>F\u00fclle deine Regale mit JNR Falcon Pro 28K \u2014 28000 Z\u00fcge, 21 Geschmacksrichtungen, 2% Nikotin. Im Gro\u00dfhandel ab 10 Einheiten erh\u00e4ltlich.<\/p>\n","protected":false},"featured_media":122743,"comment_status":"open","ping_status":"closed","template":"","meta":[],"product_brand":[],"product_cat":[633,651,678,696,642,760],"product_tag":[],"class_list":{"0":"post-129263","1":"product","2":"type-product","3":"status-publish","4":"has-post-thumbnail","6":"product_cat-einweg-vapes-in-deutschland-de","7":"product_cat-einweg-vapes-in-italien-de","8":"product_cat-einweg-vapes-in-polen-de","9":"product_cat-einweg-vapes-in-spanien-de","10":"product_cat-einweg-vapes-in-ungarn-de","11":"product_cat-jnr-de","13":"first","14":"instock","15":"shipping-taxable","16":"purchasable","17":"product-type-variable","18":"has-default-attributes"},"tiered_pricing_type":"fixed","tiered_pricing_fixed_rules":[],"tiered_pricing_product_settings":{"layout":"default","base_unit_name":{"singular":null,"plural":null},"default_variation":null},"tiered_pricing_minimum_quantity":1000,"tiered_pricing_roles_data":[],"tiered_pricing_percentage_rules":[],"tiered_pricing_maximum_quantity":null,"tiered_pricing_quantity_step":"10","_links":{"self":[{"href":"https:\/\/holavape.com\/de\/wp-json\/wp\/v2\/product\/129263","targetHints":{"allow":["GET"]}}],"collection":[{"href":"https:\/\/holavape.com\/de\/wp-json\/wp\/v2\/product"}],"about":[{"href":"https:\/\/holavape.com\/de\/wp-json\/wp\/v2\/types\/product"}],"replies":[{"embeddable":true,"href":"https:\/\/holavape.com\/de\/wp-json\/wp\/v2\/comments?post=129263"}],"wp:featuredmedia":[{"embeddable":true,"href":"https:\/\/holavape.com\/de\/wp-json\/wp\/v2\/media\/122743"}],"wp:attachment":[{"href":"https:\/\/holavape.com\/de\/wp-json\/wp\/v2\/media?parent=129263"}],"wp:term":[{"taxonomy":"product_brand","embeddable":true,"href":"https:\/\/holavape.com\/de\/wp-json\/wp\/v2\/product_brand?post=129263"},{"taxonomy":"product_cat","embeddable":true,"href":"https:\/\/holavape.com\/de\/wp-json\/wp\/v2\/product_cat?post=129263"},{"taxonomy":"product_tag","embeddable":true,"href":"https:\/\/holavape.com\/de\/wp-json\/wp\/v2\/product_tag?post=129263"}],"curies":[{"name":"wp","href":"https:\/\/api.w.org\/{rel}","templated":true}]}}