{"id":129857,"date":"2026-04-17T06:35:19","date_gmt":"2026-04-17T06:35:19","guid":{"rendered":"https:\/\/holavape.com\/product\/jnr-media-max-40k-disposable-vape\/"},"modified":"2026-04-19T15:11:52","modified_gmt":"2026-04-19T15:11:52","slug":"jnr-media-max-40k-disposable-vape","status":"publish","type":"product","link":"https:\/\/holavape.com\/de\/produkt\/jnr-media-max-40k-disposable-vape\/","title":{"rendered":"JNR Media Max 40K Einweg-Vape"},"content":{"rendered":"<h2>JNR Media Max 40K Disposable Vape \u00dcbersicht<\/h2>\n<p>JNR Media Max 40K Disposable Vape ist ein mit einem Bildschirm ausgestatteter Einweg-Vaporizer, der f\u00fcr Gro\u00dfk\u00e4ufer entwickelt wurde, die ein hochwertigeres Gef\u00fchl mit sichtbarem Ger\u00e4testatus ben\u00f6tigen. Es kombiniert 40.000 Z\u00fcge, 21 ml E-Liquid und Dual-Mesh-Spulen in einem Format, das sich leicht f\u00fcr Einzelhandelsregale und Gro\u00dfbestellungen positionieren l\u00e4sst.<\/p>\n<p>Die Geschmackspalette umfasst 1 Geschmacksrichtung, sodass dieses Modell problemlos in Obst-, Eis-, S\u00fc\u00dfigkeiten- und Einwegsortimente mit gemischten Profilen passt.<\/p>\n<h2>Wichtigste Highlights<\/h2>\n<ul>\n<li><strong>40.000 Z\u00fcge<\/strong> f\u00fcr ein langlebigeres Ger\u00e4teformat<\/li>\n<li><strong>21 ml E-Liquid<\/strong> zur Unterst\u00fctzung einer h\u00f6heren Anzahl von Z\u00fcgen und einer l\u00e4ngeren t\u00e4glichen Anwendung<\/li>\n<li><strong>Dual-Mesh-Spulen<\/strong> f\u00fcr gleichm\u00e4\u00dfigere Geschmacksausbeute und gleichm\u00e4\u00dfigeren Dampf<\/li>\n<li><strong>Bildschirmanzeige<\/strong> So k\u00f6nnen Benutzer den Status wichtiger Ger\u00e4te einfacher \u00fcberpr\u00fcfen<\/li>\n<li><strong>1 Geschmacksrichtungen<\/strong> um eine breitere Geschmackspalette abzudecken<\/li>\n<li><strong>5%<\/strong> Nikotinoptionen f\u00fcr unterschiedliche Marktbed\u00fcrfnisse<\/li>\n<\/ul>\n<h2>Spezifikationen<\/h2>\n<table>\n<tbody>\n<tr>\n<td><strong>Produktname<\/strong><\/td>\n<td>JNR Media Max 40K Disposable Vape<\/td>\n<\/tr>\n<tr>\n<td><strong>Puff Count<\/strong><\/td>\n<td>40.000 Z\u00fcge<\/td>\n<\/tr>\n<tr>\n<td><strong>E-Liquid-Kapazit\u00e4t<\/strong><\/td>\n<td>21 ml E-Liquid<\/td>\n<\/tr>\n<tr>\n<td><strong>Spule<\/strong><\/td>\n<td>Dual-Mesh-Spulen<\/td>\n<\/tr>\n<tr>\n<td><strong>Anzeige<\/strong><\/td>\n<td>Bildschirmanzeige<\/td>\n<\/tr>\n<tr>\n<td><strong>Geschmacksoptionen<\/strong><\/td>\n<td>1 Geschmacksrichtungen<\/td>\n<\/tr>\n<tr>\n<td><strong>Nikotinst\u00e4rke<\/strong><\/td>\n<td>5%<\/td>\n<\/tr>\n<\/tbody>\n<\/table>\n<h2>Geschmacksoptionen<\/h2>\n<p>Zu den verf\u00fcgbaren Geschmacksoptionen geh\u00f6ren \u201eGeschmack ausw\u00e4hlen\u201c. Kontaktieren Sie uns. Dadurch passt der JNR Media Max 40K zu einer breiteren Mischung aus Obst-, Eis-, S\u00fc\u00dfigkeiten- und Einweg-Vape-Sortimenten mit s\u00fc\u00dfem Profil.<\/p>\n","protected":false},"excerpt":{"rendered":"<p>JNR Media Max 40000 Puffs liefert 40.000 Z\u00fcge, 21 ml E-Liquid, Bildschirmanzeige und Dual-Mesh-Spulen. Eine saubere, displayfreundliche Wahl f\u00fcr M\u00e4rkte, die gut auf auff\u00e4lligere Hardware reagieren. \u2728<\/p>\n","protected":false},"featured_media":1763,"comment_status":"open","ping_status":"closed","template":"","meta":[],"product_brand":[],"product_cat":[489,552,354,615,633,363,624,651,660,669,606,678,687,705,714,696,642,760,561,516,346,525],"product_tag":[],"class_list":{"0":"post-129857","1":"product","2":"type-product","3":"status-publish","4":"has-post-thumbnail","6":"product_cat-40000-zuge-einweg-vape-de","7":"product_cat-digitale-box-vapes-de","8":"product_cat-einweg-vape-typen-de","9":"product_cat-einweg-vapes-in-belgien-de","10":"product_cat-einweg-vapes-in-deutschland-de","11":"product_cat-einweg-vapes-in-europa-de","12":"product_cat-einweg-vapes-in-frankreich-de","13":"product_cat-einweg-vapes-in-italien-de","14":"product_cat-einweg-vapes-in-niederlande-de","15":"product_cat-einweg-vapes-in-norwegen-de","16":"product_cat-einweg-vapes-in-osterreich-de","17":"product_cat-einweg-vapes-in-polen-de","18":"product_cat-einweg-vapes-in-portugal-de","19":"product_cat-einweg-vapes-in-schweden-de","20":"product_cat-einweg-vapes-in-schweiz-de","21":"product_cat-einweg-vapes-in-spanien-de","22":"product_cat-einweg-vapes-in-ungarn-de","23":"product_cat-jnr-de","24":"product_cat-smart-screen-vapes-de","25":"product_cat-vapes-mit-vielen-zugen-de","26":"product_cat-verschiedene-zuge-einweg-vapes-de","27":"product_cat-wiederaufladbare-vapes-de","29":"first","30":"instock","31":"shipping-taxable","32":"purchasable","33":"product-type-variable","34":"has-default-attributes"},"tiered_pricing_type":"fixed","tiered_pricing_fixed_rules":{"2000":10.25},"tiered_pricing_product_settings":{"layout":"default","base_unit_name":{"singular":null,"plural":null},"default_variation":null},"tiered_pricing_minimum_quantity":1000,"tiered_pricing_roles_data":[],"tiered_pricing_percentage_rules":[],"tiered_pricing_maximum_quantity":null,"tiered_pricing_quantity_step":"10","_links":{"self":[{"href":"https:\/\/holavape.com\/de\/wp-json\/wp\/v2\/product\/129857","targetHints":{"allow":["GET"]}}],"collection":[{"href":"https:\/\/holavape.com\/de\/wp-json\/wp\/v2\/product"}],"about":[{"href":"https:\/\/holavape.com\/de\/wp-json\/wp\/v2\/types\/product"}],"replies":[{"embeddable":true,"href":"https:\/\/holavape.com\/de\/wp-json\/wp\/v2\/comments?post=129857"}],"wp:featuredmedia":[{"embeddable":true,"href":"https:\/\/holavape.com\/de\/wp-json\/wp\/v2\/media\/1763"}],"wp:attachment":[{"href":"https:\/\/holavape.com\/de\/wp-json\/wp\/v2\/media?parent=129857"}],"wp:term":[{"taxonomy":"product_brand","embeddable":true,"href":"https:\/\/holavape.com\/de\/wp-json\/wp\/v2\/product_brand?post=129857"},{"taxonomy":"product_cat","embeddable":true,"href":"https:\/\/holavape.com\/de\/wp-json\/wp\/v2\/product_cat?post=129857"},{"taxonomy":"product_tag","embeddable":true,"href":"https:\/\/holavape.com\/de\/wp-json\/wp\/v2\/product_tag?post=129857"}],"curies":[{"name":"wp","href":"https:\/\/api.w.org\/{rel}","templated":true}]}}