{"id":130496,"date":"2026-04-17T06:29:17","date_gmt":"2026-04-17T06:29:17","guid":{"rendered":"https:\/\/holavape.com\/product\/vapsolo-twins-20k-disposable-vape\/"},"modified":"2026-04-21T08:00:54","modified_gmt":"2026-04-21T08:00:54","slug":"vapsolo-twins-20k-disposable-vape","status":"publish","type":"product","link":"https:\/\/holavape.com\/de\/produkt\/vapsolo-twins-20k-disposable-vape\/","title":{"rendered":"Vapsolo Twins 20K | 20000 Z\u00fcge, dual-Geschmackswechsel, 25ml E-Liquid, screen, Einweg-Vape im Gro\u00dfhandel"},"content":{"rendered":"<h2>Vapsolo Twins 20K Disposable Vape \u00dcbersicht<\/h2>\n<p>Vapsolo Twins 20K Disposable Vape ist ein mit einem Bildschirm ausgestatteter Einweg-Vaporizer, der f\u00fcr Gro\u00dfk\u00e4ufer entwickelt wurde, die ein hochwertigeres Gef\u00fchl mit sichtbarem Ger\u00e4testatus ben\u00f6tigen. Es kombiniert 20.000 Z\u00fcge, 25 ml E-Liquid und eine Bildschirmanzeige in einem Format, das sich leicht f\u00fcr Einzelhandelsregale und Gro\u00dfbestellungen positionieren l\u00e4sst.<\/p>\n<p>Der gesamte Spezifikationsmix sorgt f\u00fcr eine klare Positionierung: praktische Funktionen, klare Produktumrahmung und eine einfache Anpassung an allt\u00e4gliche Gro\u00dfhandelssortimente.<\/p>\n<h2>Wichtigste Highlights<\/h2>\n<ul>\n<li><strong>20.000 Z\u00fcge<\/strong> f\u00fcr ein langlebigeres Ger\u00e4teformat<\/li>\n<li><strong>25 ml E-Liquid<\/strong> zur Unterst\u00fctzung einer h\u00f6heren Anzahl von Z\u00fcgen und einer l\u00e4ngeren t\u00e4glichen Anwendung<\/li>\n<li><strong>Bildschirmanzeige<\/strong> So k\u00f6nnen Benutzer den Status wichtiger Ger\u00e4te einfacher \u00fcberpr\u00fcfen<\/li>\n<li><strong>2%<\/strong> Nikotinoptionen f\u00fcr unterschiedliche Marktbed\u00fcrfnisse<\/li>\n<\/ul>\n<h2>Spezifikationen<\/h2>\n<table>\n<tbody>\n<tr>\n<td><strong>Produktname<\/strong><\/td>\n<td>Vapsolo Twins 20K Disposable Vape<\/td>\n<\/tr>\n<tr>\n<td><strong>Puff Count<\/strong><\/td>\n<td>20.000 Z\u00fcge<\/td>\n<\/tr>\n<tr>\n<td><strong>E-Liquid-Kapazit\u00e4t<\/strong><\/td>\n<td>25 ml E-Liquid<\/td>\n<\/tr>\n<tr>\n<td><strong>Anzeige<\/strong><\/td>\n<td>Bildschirmanzeige<\/td>\n<\/tr>\n<tr>\n<td><strong>Nikotinst\u00e4rke<\/strong><\/td>\n<td>2%<\/td>\n<\/tr>\n<\/tbody>\n<\/table>\n","protected":false},"excerpt":{"rendered":"<p>Ab Bestellungen von 10 Einheiten bietet Vapsolo Twins 20K 20000 Z\u00fcge, dual-Geschmackswechsel, 25ml E-Liquid \u2014 f\u00fcr kleine Shops und Reseller in der EU.<\/p>\n","protected":false},"featured_media":122078,"comment_status":"open","ping_status":"closed","template":"","meta":[],"product_brand":[],"product_cat":[462,552,579,354,615,633,363,624,651,660,669,606,678,687,705,714,696,642,561,516,346,525],"product_tag":[],"class_list":{"0":"post-130496","1":"product","2":"type-product","3":"status-publish","4":"has-post-thumbnail","6":"product_cat-20000-zuge-einweg-vape-de","7":"product_cat-digitale-box-vapes-de","8":"product_cat-dual-flavor-vapes-de","9":"product_cat-einweg-vape-typen-de","10":"product_cat-einweg-vapes-in-belgien-de","11":"product_cat-einweg-vapes-in-deutschland-de","12":"product_cat-einweg-vapes-in-europa-de","13":"product_cat-einweg-vapes-in-frankreich-de","14":"product_cat-einweg-vapes-in-italien-de","15":"product_cat-einweg-vapes-in-niederlande-de","16":"product_cat-einweg-vapes-in-norwegen-de","17":"product_cat-einweg-vapes-in-osterreich-de","18":"product_cat-einweg-vapes-in-polen-de","19":"product_cat-einweg-vapes-in-portugal-de","20":"product_cat-einweg-vapes-in-schweden-de","21":"product_cat-einweg-vapes-in-schweiz-de","22":"product_cat-einweg-vapes-in-spanien-de","23":"product_cat-einweg-vapes-in-ungarn-de","24":"product_cat-smart-screen-vapes-de","25":"product_cat-vapes-mit-vielen-zugen-de","26":"product_cat-verschiedene-zuge-einweg-vapes-de","27":"product_cat-wiederaufladbare-vapes-de","29":"first","30":"instock","31":"shipping-taxable","32":"purchasable","33":"product-type-variable","34":"has-default-attributes"},"tiered_pricing_type":"fixed","tiered_pricing_fixed_rules":{"2000":7.589999999999999857891452847979962825775146484375},"tiered_pricing_product_settings":{"layout":"default","base_unit_name":{"singular":null,"plural":null},"default_variation":null},"tiered_pricing_minimum_quantity":1000,"tiered_pricing_roles_data":[],"tiered_pricing_percentage_rules":[],"tiered_pricing_maximum_quantity":null,"tiered_pricing_quantity_step":"10","_links":{"self":[{"href":"https:\/\/holavape.com\/de\/wp-json\/wp\/v2\/product\/130496","targetHints":{"allow":["GET"]}}],"collection":[{"href":"https:\/\/holavape.com\/de\/wp-json\/wp\/v2\/product"}],"about":[{"href":"https:\/\/holavape.com\/de\/wp-json\/wp\/v2\/types\/product"}],"replies":[{"embeddable":true,"href":"https:\/\/holavape.com\/de\/wp-json\/wp\/v2\/comments?post=130496"}],"wp:featuredmedia":[{"embeddable":true,"href":"https:\/\/holavape.com\/de\/wp-json\/wp\/v2\/media\/122078"}],"wp:attachment":[{"href":"https:\/\/holavape.com\/de\/wp-json\/wp\/v2\/media?parent=130496"}],"wp:term":[{"taxonomy":"product_brand","embeddable":true,"href":"https:\/\/holavape.com\/de\/wp-json\/wp\/v2\/product_brand?post=130496"},{"taxonomy":"product_cat","embeddable":true,"href":"https:\/\/holavape.com\/de\/wp-json\/wp\/v2\/product_cat?post=130496"},{"taxonomy":"product_tag","embeddable":true,"href":"https:\/\/holavape.com\/de\/wp-json\/wp\/v2\/product_tag?post=130496"}],"curies":[{"name":"wp","href":"https:\/\/api.w.org\/{rel}","templated":true}]}}