{"id":131616,"date":"2026-04-17T06:18:11","date_gmt":"2026-04-17T06:18:11","guid":{"rendered":"https:\/\/holavape.com\/product\/fumot-randm-crystal-12k-disposable-vape\/"},"modified":"2026-04-19T16:45:43","modified_gmt":"2026-04-19T16:45:43","slug":"fumot-randm-crystal-12k-disposable-vape","status":"publish","type":"product","link":"https:\/\/holavape.com\/de\/produkt\/fumot-randm-crystal-12k-disposable-vape\/","title":{"rendered":"FUMOT RandM Crystal 12K Einweg-Vape"},"content":{"rendered":"<h2>FUMOT RandM Crystal 12K Disposable Vape \u00dcbersicht<\/h2>\n<p>FUMOT RandM Crystal 12K Disposable Vape ist ein auf das Display ausgerichteter Einweg-Vaporizer, der f\u00fcr Gro\u00dfk\u00e4ufer entwickelt wurde, die eine st\u00e4rkere Verkaufsattraktivit\u00e4t ben\u00f6tigen, ohne das Sortiment zu verkomplizieren. Es vereint 12.000 Z\u00fcge, 20 ml E-Liquid und eine Mesh-Spule in einem Format, das sich leicht f\u00fcr Einzelhandelsregale und Gro\u00dfbestellungen positionieren l\u00e4sst.<\/p>\n<p>Die Geschmackspalette umfasst 36 Geschmacksrichtungen, wodurch dieses Modell problemlos in Obst-, Eis-, S\u00fc\u00dfigkeiten- und Einwegsortimente mit gemischten Profilen passt.<\/p>\n<h2>Wichtigste Highlights<\/h2>\n<ul>\n<li><strong>12.000 Z\u00fcge<\/strong> f\u00fcr ein langlebigeres Ger\u00e4teformat<\/li>\n<li><strong>20 ml E-Liquid<\/strong> zur Unterst\u00fctzung einer h\u00f6heren Anzahl von Z\u00fcgen und einer l\u00e4ngeren t\u00e4glichen Anwendung<\/li>\n<li><strong>Mesh-Spule<\/strong> f\u00fcr gleichm\u00e4\u00dfigere Geschmacksausbeute und gleichm\u00e4\u00dfigeren Dampf<\/li>\n<li><strong>LED-Anzeige<\/strong> So k\u00f6nnen Benutzer den Status wichtiger Ger\u00e4te einfacher \u00fcberpr\u00fcfen<\/li>\n<li><strong>36 Geschmacksrichtungen<\/strong> um eine breitere Geschmackspalette abzudecken<\/li>\n<li><strong>2% \/ 5%<\/strong> Nikotinoptionen f\u00fcr unterschiedliche Marktbed\u00fcrfnisse<\/li>\n<\/ul>\n<h2>Spezifikationen<\/h2>\n<table>\n<tbody>\n<tr>\n<td><strong>Produktname<\/strong><\/td>\n<td>FUMOT RandM Crystal 12K Disposable Vape<\/td>\n<\/tr>\n<tr>\n<td><strong>Puff Count<\/strong><\/td>\n<td>12.000 Z\u00fcge<\/td>\n<\/tr>\n<tr>\n<td><strong>E-Liquid-Kapazit\u00e4t<\/strong><\/td>\n<td>20 ml E-Liquid<\/td>\n<\/tr>\n<tr>\n<td><strong>Spule<\/strong><\/td>\n<td>Mesh-Spule<\/td>\n<\/tr>\n<tr>\n<td><strong>Anzeige<\/strong><\/td>\n<td>LED-Anzeige<\/td>\n<\/tr>\n<tr>\n<td><strong>Geschmacksoptionen<\/strong><\/td>\n<td>36 Geschmacksrichtungen<\/td>\n<\/tr>\n<tr>\n<td><strong>Nikotinst\u00e4rke<\/strong><\/td>\n<td>2% \/ 5%<\/td>\n<\/tr>\n<\/tbody>\n<\/table>\n<h2>Geschmacksoptionen<\/h2>\n<p>Zu den verf\u00fcgbaren Geschmacksrichtungen geh\u00f6ren Aloe Grape, Banana Ice, Berry Raspberry Cherry, Blue Raspberry Ice, Cool Mint, Cola Ice, Dragonfruit Ice, Pink Lemonade und mehr. Dadurch passt FUMOT RandM Crystal 12K zu einer breiteren Mischung aus Obst-, Eis-, S\u00fc\u00dfigkeiten- und Einweg-Vape-Sortimenten mit s\u00fc\u00dfem Profil.<\/p>\n","protected":false},"excerpt":{"rendered":"<p>FUMOT RandM Crystal 12000 Z\u00fcge liefern 12.000 Z\u00fcge, 20 ml E-Liquid, LED-Anzeige und Mesh-Coil-Leistung. Eine regalfertige Option f\u00fcr K\u00e4ufer, die eine st\u00e4rkere optische Attraktivit\u00e4t w\u00fcnschen, ohne auf praktische Eigenschaften zu verzichten. \ud83d\udc8e<\/p>\n","protected":false},"featured_media":121385,"comment_status":"open","ping_status":"closed","template":"","meta":[],"product_brand":[],"product_cat":[426,543,552,354,615,633,363,624,651,660,669,606,678,687,705,714,696,642,805,561,516,346,525],"product_tag":[],"class_list":{"0":"post-131616","1":"product","2":"type-product","3":"status-publish","4":"has-post-thumbnail","6":"product_cat-12000-zuge-einweg-vape-de","7":"product_cat-crystal-vapes-de","8":"product_cat-digitale-box-vapes-de","9":"product_cat-einweg-vape-typen-de","10":"product_cat-einweg-vapes-in-belgien-de","11":"product_cat-einweg-vapes-in-deutschland-de","12":"product_cat-einweg-vapes-in-europa-de","13":"product_cat-einweg-vapes-in-frankreich-de","14":"product_cat-einweg-vapes-in-italien-de","15":"product_cat-einweg-vapes-in-niederlande-de","16":"product_cat-einweg-vapes-in-norwegen-de","17":"product_cat-einweg-vapes-in-osterreich-de","18":"product_cat-einweg-vapes-in-polen-de","19":"product_cat-einweg-vapes-in-portugal-de","20":"product_cat-einweg-vapes-in-schweden-de","21":"product_cat-einweg-vapes-in-schweiz-de","22":"product_cat-einweg-vapes-in-spanien-de","23":"product_cat-einweg-vapes-in-ungarn-de","24":"product_cat-randm-de","25":"product_cat-smart-screen-vapes-de","26":"product_cat-vapes-mit-vielen-zugen-de","27":"product_cat-verschiedene-zuge-einweg-vapes-de","28":"product_cat-wiederaufladbare-vapes-de","30":"first","31":"instock","32":"shipping-taxable","33":"purchasable","34":"product-type-variable","35":"has-default-attributes"},"tiered_pricing_type":"fixed","tiered_pricing_fixed_rules":{"2000":5.0999999999999996447286321199499070644378662109375},"tiered_pricing_product_settings":{"layout":"default","base_unit_name":{"singular":null,"plural":null},"default_variation":null},"tiered_pricing_minimum_quantity":1000,"tiered_pricing_roles_data":[],"tiered_pricing_percentage_rules":[],"tiered_pricing_maximum_quantity":null,"tiered_pricing_quantity_step":"10","_links":{"self":[{"href":"https:\/\/holavape.com\/de\/wp-json\/wp\/v2\/product\/131616","targetHints":{"allow":["GET"]}}],"collection":[{"href":"https:\/\/holavape.com\/de\/wp-json\/wp\/v2\/product"}],"about":[{"href":"https:\/\/holavape.com\/de\/wp-json\/wp\/v2\/types\/product"}],"replies":[{"embeddable":true,"href":"https:\/\/holavape.com\/de\/wp-json\/wp\/v2\/comments?post=131616"}],"wp:featuredmedia":[{"embeddable":true,"href":"https:\/\/holavape.com\/de\/wp-json\/wp\/v2\/media\/121385"}],"wp:attachment":[{"href":"https:\/\/holavape.com\/de\/wp-json\/wp\/v2\/media?parent=131616"}],"wp:term":[{"taxonomy":"product_brand","embeddable":true,"href":"https:\/\/holavape.com\/de\/wp-json\/wp\/v2\/product_brand?post=131616"},{"taxonomy":"product_cat","embeddable":true,"href":"https:\/\/holavape.com\/de\/wp-json\/wp\/v2\/product_cat?post=131616"},{"taxonomy":"product_tag","embeddable":true,"href":"https:\/\/holavape.com\/de\/wp-json\/wp\/v2\/product_tag?post=131616"}],"curies":[{"name":"wp","href":"https:\/\/api.w.org\/{rel}","templated":true}]}}