{"id":135884,"date":"2026-04-17T06:17:30","date_gmt":"2026-04-17T06:17:30","guid":{"rendered":"https:\/\/holavape.com\/product\/fumot-randm-supbliss-bingo-8k-disposable-vape\/"},"modified":"2026-04-19T16:48:03","modified_gmt":"2026-04-19T16:48:03","slug":"fumot-randm-supbliss-bingo-8k-disposable-vape","status":"publish","type":"product","link":"https:\/\/holavape.com\/de\/produkt\/fumot-randm-supbliss-bingo-8k-disposable-vape\/","title":{"rendered":"FUMOT RandM Supbliss Bingo 8K Einweg-Vape"},"content":{"rendered":"<h2>FUMOT RandM Supbliss Bingo 8K Disposable Vape \u00dcbersicht<\/h2>\n<p>FUMOT RandM Supbliss Bingo 8K Disposable Vape ist ein kompakter Einweg-Vaporizer, der f\u00fcr Gro\u00dfk\u00e4ufer entwickelt wurde, die eine kompakte Einstiegsvariante mit einfachem Umsatz ben\u00f6tigen. Es vereint 8.000 Z\u00fcge, 16 ml E-Liquid und einen 600-mAh-Akku in einem Format, das sich leicht f\u00fcr Einzelhandelsregale und Gro\u00dfbestellungen positionieren l\u00e4sst.<\/p>\n<p>Die Geschmackspalette umfasst 20 Geschmacksrichtungen, wodurch dieses Modell problemlos in Obst-, Eis-, S\u00fc\u00dfigkeiten- und Einwegsortimente mit gemischten Profilen passt.<\/p>\n<h2>Wichtigste Highlights<\/h2>\n<ul>\n<li><strong>8.000 Z\u00fcge<\/strong> f\u00fcr ein langlebigeres Ger\u00e4teformat<\/li>\n<li><strong>16 ml E-Liquid<\/strong> zur Unterst\u00fctzung einer h\u00f6heren Anzahl von Z\u00fcgen und einer l\u00e4ngeren t\u00e4glichen Anwendung<\/li>\n<li><strong>600-mAh-Akku<\/strong> f\u00fcr einen zuverl\u00e4ssigeren t\u00e4glichen Gebrauch<\/li>\n<li><strong>20 Geschmacksrichtungen<\/strong> um eine breitere Geschmackspalette abzudecken<\/li>\n<li><strong>0% \/ 2% \/ 5%<\/strong> Nikotinoptionen f\u00fcr unterschiedliche Marktbed\u00fcrfnisse<\/li>\n<\/ul>\n<h2>Spezifikationen<\/h2>\n<table>\n<tbody>\n<tr>\n<td><strong>Produktname<\/strong><\/td>\n<td>FUMOT RandM Supbliss Bingo 8K Disposable Vape<\/td>\n<\/tr>\n<tr>\n<td><strong>Puff Count<\/strong><\/td>\n<td>8.000 Z\u00fcge<\/td>\n<\/tr>\n<tr>\n<td><strong>E-Liquid-Kapazit\u00e4t<\/strong><\/td>\n<td>16 ml E-Liquid<\/td>\n<\/tr>\n<tr>\n<td><strong>Batterie<\/strong><\/td>\n<td>600-mAh-Akku<\/td>\n<\/tr>\n<tr>\n<td><strong>Geschmacksoptionen<\/strong><\/td>\n<td>20 Geschmacksrichtungen<\/td>\n<\/tr>\n<tr>\n<td><strong>Nikotinst\u00e4rke<\/strong><\/td>\n<td>0% \/ 2% \/ 5%<\/td>\n<\/tr>\n<\/tbody>\n<\/table>\n<h2>Geschmacksoptionen<\/h2>\n<p>Zu den verf\u00fcgbaren Geschmacksrichtungen geh\u00f6ren Energy Drink, Erdbeer-Kiwi, Erdbeer-Wassermelone, Erdbeereis, Honigmelone, Fruchtmix, Erdbeer-Mango, rosa Zitrone und mehr. Dadurch passt der FUMOT RandM Supbliss Bingo 8K zu einer breiteren Mischung aus Obst-, Eis-, S\u00fc\u00dfigkeiten- und Einweg-Vape-Sortimenten mit s\u00fc\u00dfem Profil.<\/p>\n","protected":false},"excerpt":{"rendered":"<p>FUMOT RandM Supbliss Bingo 8000 Puffs bietet 8.000 Z\u00fcge, 16 ml E-Liquid, einen 600-mAh-Akku und 0\u20135 % Nikotin. Ein unkompliziertes Einstiegsger\u00e4t f\u00fcr K\u00e4ufer, die eine einfache Marge und einen schnellen Umsatz w\u00fcnschen. \ud83d\udd0b<\/p>\n","protected":false},"featured_media":121302,"comment_status":"open","ping_status":"closed","template":"","meta":[],"product_brand":[],"product_cat":[399,354,615,633,363,624,651,660,669,606,678,687,705,714,696,642,805,516,346],"product_tag":[],"class_list":{"0":"post-135884","1":"product","2":"type-product","3":"status-publish","4":"has-post-thumbnail","6":"product_cat-8000-zuge-einweg-vape-de","7":"product_cat-einweg-vape-typen-de","8":"product_cat-einweg-vapes-in-belgien-de","9":"product_cat-einweg-vapes-in-deutschland-de","10":"product_cat-einweg-vapes-in-europa-de","11":"product_cat-einweg-vapes-in-frankreich-de","12":"product_cat-einweg-vapes-in-italien-de","13":"product_cat-einweg-vapes-in-niederlande-de","14":"product_cat-einweg-vapes-in-norwegen-de","15":"product_cat-einweg-vapes-in-osterreich-de","16":"product_cat-einweg-vapes-in-polen-de","17":"product_cat-einweg-vapes-in-portugal-de","18":"product_cat-einweg-vapes-in-schweden-de","19":"product_cat-einweg-vapes-in-schweiz-de","20":"product_cat-einweg-vapes-in-spanien-de","21":"product_cat-einweg-vapes-in-ungarn-de","22":"product_cat-randm-de","23":"product_cat-vapes-mit-vielen-zugen-de","24":"product_cat-verschiedene-zuge-einweg-vapes-de","26":"first","27":"instock","28":"shipping-taxable","29":"purchasable","30":"product-type-variable","31":"has-default-attributes"},"tiered_pricing_type":"fixed","tiered_pricing_fixed_rules":{"2000":9.5},"tiered_pricing_product_settings":{"layout":"default","base_unit_name":{"singular":null,"plural":null},"default_variation":null},"tiered_pricing_minimum_quantity":1000,"tiered_pricing_roles_data":[],"tiered_pricing_percentage_rules":[],"tiered_pricing_maximum_quantity":null,"tiered_pricing_quantity_step":"10","_links":{"self":[{"href":"https:\/\/holavape.com\/de\/wp-json\/wp\/v2\/product\/135884","targetHints":{"allow":["GET"]}}],"collection":[{"href":"https:\/\/holavape.com\/de\/wp-json\/wp\/v2\/product"}],"about":[{"href":"https:\/\/holavape.com\/de\/wp-json\/wp\/v2\/types\/product"}],"replies":[{"embeddable":true,"href":"https:\/\/holavape.com\/de\/wp-json\/wp\/v2\/comments?post=135884"}],"wp:featuredmedia":[{"embeddable":true,"href":"https:\/\/holavape.com\/de\/wp-json\/wp\/v2\/media\/121302"}],"wp:attachment":[{"href":"https:\/\/holavape.com\/de\/wp-json\/wp\/v2\/media?parent=135884"}],"wp:term":[{"taxonomy":"product_brand","embeddable":true,"href":"https:\/\/holavape.com\/de\/wp-json\/wp\/v2\/product_brand?post=135884"},{"taxonomy":"product_cat","embeddable":true,"href":"https:\/\/holavape.com\/de\/wp-json\/wp\/v2\/product_cat?post=135884"},{"taxonomy":"product_tag","embeddable":true,"href":"https:\/\/holavape.com\/de\/wp-json\/wp\/v2\/product_tag?post=135884"}],"curies":[{"name":"wp","href":"https:\/\/api.w.org\/{rel}","templated":true}]}}