{"id":138484,"date":"2026-04-17T05:34:51","date_gmt":"2026-04-17T05:34:51","guid":{"rendered":"https:\/\/holavape.com\/product\/vapme-digital-12k-disposable-vape\/"},"modified":"2026-04-21T08:01:51","modified_gmt":"2026-04-21T08:01:51","slug":"vapme-digital-12k-disposable-vape","status":"publish","type":"product","link":"https:\/\/holavape.com\/de\/produkt\/vapme-digital-12k-disposable-vape\/","title":{"rendered":"VAPME Fire 9K Disposable Vape | 9000 Z\u00fcge, 14mL juice, Mesh-Coil, Einweg-Vape im Gro\u00dfhandel"},"content":{"rendered":"<h2>VAPME Digital 12K Disposable Vape \u00dcbersicht<\/h2>\n<p>VAPME Digital 12K Disposable Vape ist ein Einweg-Vaporizer, der f\u00fcr Gro\u00dfk\u00e4ufer entwickelt wurde, die eine unkomplizierte SKU mit praktischen Spezifikationen ben\u00f6tigen. Es kombiniert 12.000 Z\u00fcge, 20 ml E-Liquid und eine 1-Ohm-Mesh-Spule in einem Format, das sich leicht f\u00fcr Einzelhandelsregale und Gro\u00dfbestellungen positionieren l\u00e4sst.<\/p>\n<p>Die Geschmackspalette umfasst 20 Geschmacksrichtungen, wodurch dieses Modell problemlos in Obst-, Eis-, S\u00fc\u00dfigkeiten- und Einwegsortimente mit gemischten Profilen passt.<\/p>\n<h2>Wichtigste Highlights<\/h2>\n<ul>\n<li><strong>12.000 Z\u00fcge<\/strong> f\u00fcr ein langlebigeres Ger\u00e4teformat<\/li>\n<li><strong>20 ml E-Liquid<\/strong> zur Unterst\u00fctzung einer h\u00f6heren Anzahl von Z\u00fcgen und einer l\u00e4ngeren t\u00e4glichen Anwendung<\/li>\n<li><strong>1-Ohm-Mesh-Spule<\/strong> f\u00fcr gleichm\u00e4\u00dfigere Geschmacksausbeute und gleichm\u00e4\u00dfigeren Dampf<\/li>\n<li><strong>850-mAh-Akku mit wiederaufladbarem Type-C<\/strong> zum bequemen Aufladen<\/li>\n<li><strong>20 Geschmacksrichtungen<\/strong> um eine breitere Geschmackspalette abzudecken<\/li>\n<li><strong>2% \/ 5%<\/strong> Nikotinoptionen f\u00fcr unterschiedliche Marktbed\u00fcrfnisse<\/li>\n<\/ul>\n<h2>Spezifikationen<\/h2>\n<table>\n<tbody>\n<tr>\n<td><strong>Produktname<\/strong><\/td>\n<td>VAPME Digital 12K Disposable Vape<\/td>\n<\/tr>\n<tr>\n<td><strong>Puff Count<\/strong><\/td>\n<td>12.000 Z\u00fcge<\/td>\n<\/tr>\n<tr>\n<td><strong>E-Liquid-Kapazit\u00e4t<\/strong><\/td>\n<td>20 ml E-Liquid<\/td>\n<\/tr>\n<tr>\n<td><strong>Batterie<\/strong><\/td>\n<td>850-mAh-Akku<\/td>\n<\/tr>\n<tr>\n<td><strong>Aufladen<\/strong><\/td>\n<td>Type-C wiederaufladbar<\/td>\n<\/tr>\n<tr>\n<td><strong>Spule<\/strong><\/td>\n<td>1-Ohm-Mesh-Spule<\/td>\n<\/tr>\n<tr>\n<td><strong>Geschmacksoptionen<\/strong><\/td>\n<td>20 Geschmacksrichtungen<\/td>\n<\/tr>\n<tr>\n<td><strong>Nikotinst\u00e4rke<\/strong><\/td>\n<td>2% \/ 5%<\/td>\n<\/tr>\n<\/tbody>\n<\/table>\n<h2>Geschmacksoptionen<\/h2>\n<p>Zu den verf\u00fcgbaren Geschmacksrichtungen geh\u00f6ren blaue Himbeerlimonade, Erdbeerwassermelone, Wassermeloneneis, Pfirsicheis, gemischte Beeren, Mango-Pfirsich-Ananas, Erdbeereis, Kirsch-Cola und mehr. Dies hilft dem VAPME Digital 12K, eine breitere Mischung aus Obst-, Eis-, S\u00fc\u00dfigkeiten- und Einweg-Vape-Sortimenten mit s\u00fc\u00dfem Profil abzudecken.<\/p>\n","protected":false},"excerpt":{"rendered":"<p>Stabile Leistung und 9000 Z\u00fcge \u2014 VAPME Fire 9K Disposable Vape bietet 14mL juice sowie Mesh-Coil. Gro\u00dfhandel ab 10 Einheiten.<\/p>\n","protected":false},"featured_media":119891,"comment_status":"open","ping_status":"closed","template":"","meta":[],"product_brand":[],"product_cat":[426,552,354,615,633,363,624,651,660,669,606,678,687,705,714,696,642,561,516,841,346,525],"product_tag":[],"class_list":{"0":"post-138484","1":"product","2":"type-product","3":"status-publish","4":"has-post-thumbnail","6":"product_cat-12000-zuge-einweg-vape-de","7":"product_cat-digitale-box-vapes-de","8":"product_cat-einweg-vape-typen-de","9":"product_cat-einweg-vapes-in-belgien-de","10":"product_cat-einweg-vapes-in-deutschland-de","11":"product_cat-einweg-vapes-in-europa-de","12":"product_cat-einweg-vapes-in-frankreich-de","13":"product_cat-einweg-vapes-in-italien-de","14":"product_cat-einweg-vapes-in-niederlande-de","15":"product_cat-einweg-vapes-in-norwegen-de","16":"product_cat-einweg-vapes-in-osterreich-de","17":"product_cat-einweg-vapes-in-polen-de","18":"product_cat-einweg-vapes-in-portugal-de","19":"product_cat-einweg-vapes-in-schweden-de","20":"product_cat-einweg-vapes-in-schweiz-de","21":"product_cat-einweg-vapes-in-spanien-de","22":"product_cat-einweg-vapes-in-ungarn-de","23":"product_cat-smart-screen-vapes-de","24":"product_cat-vapes-mit-vielen-zugen-de","25":"product_cat-vapme-de","26":"product_cat-verschiedene-zuge-einweg-vapes-de","27":"product_cat-wiederaufladbare-vapes-de","29":"first","30":"instock","31":"shipping-taxable","32":"purchasable","33":"product-type-variable","34":"has-default-attributes"},"tiered_pricing_type":"fixed","tiered_pricing_fixed_rules":{"2000":4.2599999999999997868371792719699442386627197265625},"tiered_pricing_product_settings":{"layout":"default","base_unit_name":{"singular":null,"plural":null},"default_variation":null},"tiered_pricing_minimum_quantity":1000,"tiered_pricing_roles_data":[],"tiered_pricing_percentage_rules":[],"tiered_pricing_maximum_quantity":null,"tiered_pricing_quantity_step":"10","_links":{"self":[{"href":"https:\/\/holavape.com\/de\/wp-json\/wp\/v2\/product\/138484","targetHints":{"allow":["GET"]}}],"collection":[{"href":"https:\/\/holavape.com\/de\/wp-json\/wp\/v2\/product"}],"about":[{"href":"https:\/\/holavape.com\/de\/wp-json\/wp\/v2\/types\/product"}],"replies":[{"embeddable":true,"href":"https:\/\/holavape.com\/de\/wp-json\/wp\/v2\/comments?post=138484"}],"wp:featuredmedia":[{"embeddable":true,"href":"https:\/\/holavape.com\/de\/wp-json\/wp\/v2\/media\/119891"}],"wp:attachment":[{"href":"https:\/\/holavape.com\/de\/wp-json\/wp\/v2\/media?parent=138484"}],"wp:term":[{"taxonomy":"product_brand","embeddable":true,"href":"https:\/\/holavape.com\/de\/wp-json\/wp\/v2\/product_brand?post=138484"},{"taxonomy":"product_cat","embeddable":true,"href":"https:\/\/holavape.com\/de\/wp-json\/wp\/v2\/product_cat?post=138484"},{"taxonomy":"product_tag","embeddable":true,"href":"https:\/\/holavape.com\/de\/wp-json\/wp\/v2\/product_tag?post=138484"}],"curies":[{"name":"wp","href":"https:\/\/api.w.org\/{rel}","templated":true}]}}