{"id":144471,"date":"2026-04-17T05:34:46","date_gmt":"2026-04-17T05:34:46","guid":{"rendered":"https:\/\/holavape.com\/product\/waspe-20k-disposable-vape\/"},"modified":"2026-04-21T08:02:11","modified_gmt":"2026-04-21T08:02:11","slug":"waspe-20k-disposable-vape","status":"publish","type":"product","link":"https:\/\/holavape.com\/de\/produkt\/waspe-20k-disposable-vape\/","title":{"rendered":"WASPE 20K Disposable Vape | 20000 Z\u00fcge, 26mL juice, Mesh-Coil, Einweg-Vape im Gro\u00dfhandel"},"content":{"rendered":"<h2>WASPE 20K Disposable Vape \u00dcbersicht<\/h2>\n<p>WASPE 20K Disposable Vape ist ein mit einem Bildschirm ausgestatteter Einweg-Vaporizer, der f\u00fcr Gro\u00dfk\u00e4ufer entwickelt wurde, die ein hochwertigeres Gef\u00fchl mit sichtbarem Ger\u00e4testatus ben\u00f6tigen. Es kombiniert 20.000 Z\u00fcge, 24 ml E-Liquid und Dual-Mesh-Spulen in einem Format, das sich leicht f\u00fcr Einzelhandelsregale und Gro\u00dfbestellungen positionieren l\u00e4sst.<\/p>\n<p>Die Geschmackspalette umfasst 12 Geschmacksrichtungen, wodurch dieses Modell problemlos in Obst-, Eis-, S\u00fc\u00dfigkeiten- und Einwegsortimente mit gemischten Profilen passt.<\/p>\n<h2>Wichtigste Highlights<\/h2>\n<ul>\n<li><strong>20.000 Z\u00fcge<\/strong> f\u00fcr ein langlebigeres Ger\u00e4teformat<\/li>\n<li><strong>24 ml E-Liquid<\/strong> zur Unterst\u00fctzung einer h\u00f6heren Anzahl von Z\u00fcgen und einer l\u00e4ngeren t\u00e4glichen Anwendung<\/li>\n<li><strong>Dual-Mesh-Spulen<\/strong> f\u00fcr gleichm\u00e4\u00dfigere Geschmacksausbeute und gleichm\u00e4\u00dfigeren Dampf<\/li>\n<li><strong>Smart-Bildschirm<\/strong> So k\u00f6nnen Benutzer den Status wichtiger Ger\u00e4te einfacher \u00fcberpr\u00fcfen<\/li>\n<li><strong>12 Geschmacksrichtungen<\/strong> um eine breitere Geschmackspalette abzudecken<\/li>\n<li><strong>0% \/ 2% \/ 3% \/ 5%<\/strong> Nikotinoptionen f\u00fcr unterschiedliche Marktbed\u00fcrfnisse<\/li>\n<\/ul>\n<h2>Spezifikationen<\/h2>\n<table>\n<tbody>\n<tr>\n<td><strong>Produktname<\/strong><\/td>\n<td>WASPE 20K Disposable Vape<\/td>\n<\/tr>\n<tr>\n<td><strong>Puff Count<\/strong><\/td>\n<td>20.000 Z\u00fcge<\/td>\n<\/tr>\n<tr>\n<td><strong>E-Liquid-Kapazit\u00e4t<\/strong><\/td>\n<td>24 ml E-Liquid<\/td>\n<\/tr>\n<tr>\n<td><strong>Spule<\/strong><\/td>\n<td>Dual-Mesh-Spulen<\/td>\n<\/tr>\n<tr>\n<td><strong>Anzeige<\/strong><\/td>\n<td>Smart-Bildschirm<\/td>\n<\/tr>\n<tr>\n<td><strong>Geschmacksoptionen<\/strong><\/td>\n<td>12 Geschmacksrichtungen<\/td>\n<\/tr>\n<tr>\n<td><strong>Nikotinst\u00e4rke<\/strong><\/td>\n<td>0% \/ 2% \/ 3% \/ 5%<\/td>\n<\/tr>\n<\/tbody>\n<\/table>\n<h2>Geschmacksoptionen<\/h2>\n<p>Zu den verf\u00fcgbaren Geschmacksrichtungen geh\u00f6ren Lush Ice, Strawberry Watermelon, Blueberry Ice, Mixed Berries, Grape Ice, Peach Ice, Double Apple Ice, Strawberry Kiwi und mehr. Dadurch passt WASPE 20K zu einer breiteren Mischung aus Obst-, Eis-, S\u00fc\u00dfigkeiten- und Einweg-Vape-Sortimenten mit s\u00fc\u00dfem Profil.<\/p>\n","protected":false},"excerpt":{"rendered":"<p>F\u00fclle deine Regale mit WASPE 20K Disposable Vape \u2014 20000 Z\u00fcge, 26mL juice, Mesh-Coil. Im Gro\u00dfhandel ab 10 Einheiten erh\u00e4ltlich.<\/p>\n","protected":false},"featured_media":120667,"comment_status":"open","ping_status":"closed","template":"","meta":[],"product_brand":[],"product_cat":[462,543,552,570,354,615,633,363,624,651,660,669,606,678,687,705,714,696,642,561,516,346,868,525],"product_tag":[],"class_list":{"0":"post-144471","1":"product","2":"type-product","3":"status-publish","4":"has-post-thumbnail","6":"product_cat-20000-zuge-einweg-vape-de","7":"product_cat-crystal-vapes-de","8":"product_cat-digitale-box-vapes-de","9":"product_cat-dual-mesh-vapes-de","10":"product_cat-einweg-vape-typen-de","11":"product_cat-einweg-vapes-in-belgien-de","12":"product_cat-einweg-vapes-in-deutschland-de","13":"product_cat-einweg-vapes-in-europa-de","14":"product_cat-einweg-vapes-in-frankreich-de","15":"product_cat-einweg-vapes-in-italien-de","16":"product_cat-einweg-vapes-in-niederlande-de","17":"product_cat-einweg-vapes-in-norwegen-de","18":"product_cat-einweg-vapes-in-osterreich-de","19":"product_cat-einweg-vapes-in-polen-de","20":"product_cat-einweg-vapes-in-portugal-de","21":"product_cat-einweg-vapes-in-schweden-de","22":"product_cat-einweg-vapes-in-schweiz-de","23":"product_cat-einweg-vapes-in-spanien-de","24":"product_cat-einweg-vapes-in-ungarn-de","25":"product_cat-smart-screen-vapes-de","26":"product_cat-vapes-mit-vielen-zugen-de","27":"product_cat-verschiedene-zuge-einweg-vapes-de","28":"product_cat-waspe-de","29":"product_cat-wiederaufladbare-vapes-de","31":"first","32":"instock","33":"shipping-taxable","34":"purchasable","35":"product-type-variable","36":"has-default-attributes"},"tiered_pricing_type":"fixed","tiered_pricing_fixed_rules":{"2000":5.79000000000000003552713678800500929355621337890625},"tiered_pricing_product_settings":{"layout":"default","base_unit_name":{"singular":null,"plural":null},"default_variation":null},"tiered_pricing_minimum_quantity":1000,"tiered_pricing_roles_data":[],"tiered_pricing_percentage_rules":[],"tiered_pricing_maximum_quantity":null,"tiered_pricing_quantity_step":"10","_links":{"self":[{"href":"https:\/\/holavape.com\/de\/wp-json\/wp\/v2\/product\/144471","targetHints":{"allow":["GET"]}}],"collection":[{"href":"https:\/\/holavape.com\/de\/wp-json\/wp\/v2\/product"}],"about":[{"href":"https:\/\/holavape.com\/de\/wp-json\/wp\/v2\/types\/product"}],"replies":[{"embeddable":true,"href":"https:\/\/holavape.com\/de\/wp-json\/wp\/v2\/comments?post=144471"}],"wp:featuredmedia":[{"embeddable":true,"href":"https:\/\/holavape.com\/de\/wp-json\/wp\/v2\/media\/120667"}],"wp:attachment":[{"href":"https:\/\/holavape.com\/de\/wp-json\/wp\/v2\/media?parent=144471"}],"wp:term":[{"taxonomy":"product_brand","embeddable":true,"href":"https:\/\/holavape.com\/de\/wp-json\/wp\/v2\/product_brand?post=144471"},{"taxonomy":"product_cat","embeddable":true,"href":"https:\/\/holavape.com\/de\/wp-json\/wp\/v2\/product_cat?post=144471"},{"taxonomy":"product_tag","embeddable":true,"href":"https:\/\/holavape.com\/de\/wp-json\/wp\/v2\/product_tag?post=144471"}],"curies":[{"name":"wp","href":"https:\/\/api.w.org\/{rel}","templated":true}]}}