{"id":157191,"date":"2026-04-17T05:34:46","date_gmt":"2026-04-17T05:34:46","guid":{"rendered":"https:\/\/holavape.com\/product\/fihp-shisha-hookah-12k-2\/"},"modified":"2026-04-19T15:31:43","modified_gmt":"2026-04-19T15:31:43","slug":"fihp-shisha-hookah-12k-2","status":"publish","type":"product","link":"https:\/\/holavape.com\/de\/produkt\/fihp-shisha-hookah-12k-2\/","title":{"rendered":"FIHP Shisha Hookah 12K"},"content":{"rendered":"<h2>FIHP Shisha Hookah 12K \u00dcbersicht<\/h2>\n<p>FIHP Shisha Hookah 12K ist ein Einweg-Vaporizer im Shisha-Stil, der f\u00fcr Gro\u00dfk\u00e4ufer entwickelt wurde, die eine Option im Shisha-Stil mit breiterem Geschmack ben\u00f6tigen. Es vereint 12.000 Z\u00fcge, 22 ml E-Liquid und 10 Geschmacksrichtungen in einem Format, das sich leicht f\u00fcr Einzelhandelsregale und Gro\u00dfbestellungen positionieren l\u00e4sst.<\/p>\n<p>Die Geschmackspalette umfasst 10 Geschmacksrichtungen, sodass dieses Modell problemlos in Obst-, Eis-, S\u00fc\u00dfigkeiten- und Einwegsortimente mit gemischten Profilen passt.<\/p>\n<h2>Wichtigste Highlights<\/h2>\n<ul>\n<li><strong>12.000 Z\u00fcge<\/strong> f\u00fcr ein langlebigeres Ger\u00e4teformat<\/li>\n<li><strong>22 ml E-Liquid<\/strong> zur Unterst\u00fctzung einer h\u00f6heren Anzahl von Z\u00fcgen und einer l\u00e4ngeren t\u00e4glichen Anwendung<\/li>\n<li><strong>10 Geschmacksrichtungen<\/strong> um eine breitere Geschmackspalette abzudecken<\/li>\n<li><strong>0.6%<\/strong> Nikotinoptionen f\u00fcr unterschiedliche Marktbed\u00fcrfnisse<\/li>\n<\/ul>\n<h2>Spezifikationen<\/h2>\n<table>\n<tbody>\n<tr>\n<td><strong>Produktname<\/strong><\/td>\n<td>FIHP Shisha Hookah 12K<\/td>\n<\/tr>\n<tr>\n<td><strong>Puff Count<\/strong><\/td>\n<td>12.000 Z\u00fcge<\/td>\n<\/tr>\n<tr>\n<td><strong>E-Liquid-Kapazit\u00e4t<\/strong><\/td>\n<td>22 ml E-Liquid<\/td>\n<\/tr>\n<tr>\n<td><strong>Geschmacksoptionen<\/strong><\/td>\n<td>10 Geschmacksrichtungen<\/td>\n<\/tr>\n<tr>\n<td><strong>Nikotinst\u00e4rke<\/strong><\/td>\n<td>0.6%<\/td>\n<\/tr>\n<\/tbody>\n<\/table>\n<h2>Geschmacksoptionen<\/h2>\n<p>Zu den verf\u00fcgbaren Geschmacksrichtungen geh\u00f6ren Wassermeloneneis, Traubeneis, Blaubeer-Himbeere, Erdbeer-Kiwi, gemischte Beeren, Erdbeer-Wassermelone, Wassermelonen-Kaugummi, Pfirsich-Mango-Ananas und mehr. Dies hilft FIHP Shisha Hookah 12K, eine breitere Mischung aus Obst-, Eis-, S\u00fc\u00dfigkeiten- und Einweg-Vape-Sortimenten mit s\u00fc\u00dfem Profil anzubieten.<\/p>\n","protected":false},"excerpt":{"rendered":"<p>FIHP Shisha Hookah 12.000 Z\u00fcge bringt 12.000 Z\u00fcge und 22 ml E-Liquid. Eine Gro\u00dfhandelsoption im Shisha-Stil f\u00fcr K\u00e4ufer, die eine st\u00e4rkere Geschmackspr\u00e4senz und eine einfache Verkaufsattraktivit\u00e4t w\u00fcnschen. \ud83d\udd25<\/p>\n","protected":false},"featured_media":119797,"comment_status":"open","ping_status":"closed","template":"","meta":[],"product_brand":[],"product_cat":[426,354,615,633,363,624,651,660,669,606,678,687,705,714,696,642,741,534,561,516,346,525],"product_tag":[],"class_list":{"0":"post-157191","1":"product","2":"type-product","3":"status-publish","4":"has-post-thumbnail","6":"product_cat-12000-zuge-einweg-vape-de","7":"product_cat-einweg-vape-typen-de","8":"product_cat-einweg-vapes-in-belgien-de","9":"product_cat-einweg-vapes-in-deutschland-de","10":"product_cat-einweg-vapes-in-europa-de","11":"product_cat-einweg-vapes-in-frankreich-de","12":"product_cat-einweg-vapes-in-italien-de","13":"product_cat-einweg-vapes-in-niederlande-de","14":"product_cat-einweg-vapes-in-norwegen-de","15":"product_cat-einweg-vapes-in-osterreich-de","16":"product_cat-einweg-vapes-in-polen-de","17":"product_cat-einweg-vapes-in-portugal-de","18":"product_cat-einweg-vapes-in-schweden-de","19":"product_cat-einweg-vapes-in-schweiz-de","20":"product_cat-einweg-vapes-in-spanien-de","21":"product_cat-einweg-vapes-in-ungarn-de","22":"product_cat-fihp-de","23":"product_cat-shisha-hookah-vapes-de","24":"product_cat-smart-screen-vapes-de","25":"product_cat-vapes-mit-vielen-zugen-de","26":"product_cat-verschiedene-zuge-einweg-vapes-de","27":"product_cat-wiederaufladbare-vapes-de","29":"first","30":"instock","31":"shipping-taxable","32":"purchasable","33":"product-type-variable","34":"has-default-attributes"},"tiered_pricing_type":"fixed","tiered_pricing_fixed_rules":{"2000":5.089999999999999857891452847979962825775146484375},"tiered_pricing_product_settings":{"layout":"default","base_unit_name":{"singular":null,"plural":null},"default_variation":null},"tiered_pricing_minimum_quantity":1000,"tiered_pricing_roles_data":[],"tiered_pricing_percentage_rules":[],"tiered_pricing_maximum_quantity":null,"tiered_pricing_quantity_step":"10","_links":{"self":[{"href":"https:\/\/holavape.com\/de\/wp-json\/wp\/v2\/product\/157191","targetHints":{"allow":["GET"]}}],"collection":[{"href":"https:\/\/holavape.com\/de\/wp-json\/wp\/v2\/product"}],"about":[{"href":"https:\/\/holavape.com\/de\/wp-json\/wp\/v2\/types\/product"}],"replies":[{"embeddable":true,"href":"https:\/\/holavape.com\/de\/wp-json\/wp\/v2\/comments?post=157191"}],"wp:featuredmedia":[{"embeddable":true,"href":"https:\/\/holavape.com\/de\/wp-json\/wp\/v2\/media\/119797"}],"wp:attachment":[{"href":"https:\/\/holavape.com\/de\/wp-json\/wp\/v2\/media?parent=157191"}],"wp:term":[{"taxonomy":"product_brand","embeddable":true,"href":"https:\/\/holavape.com\/de\/wp-json\/wp\/v2\/product_brand?post=157191"},{"taxonomy":"product_cat","embeddable":true,"href":"https:\/\/holavape.com\/de\/wp-json\/wp\/v2\/product_cat?post=157191"},{"taxonomy":"product_tag","embeddable":true,"href":"https:\/\/holavape.com\/de\/wp-json\/wp\/v2\/product_tag?post=157191"}],"curies":[{"name":"wp","href":"https:\/\/api.w.org\/{rel}","templated":true}]}}