{"id":165127,"date":"2026-04-17T05:34:53","date_gmt":"2026-04-17T05:34:53","guid":{"rendered":"https:\/\/holavape.com\/product\/elf-box-rgb-14k-disposable-vape\/"},"modified":"2026-04-21T08:01:51","modified_gmt":"2026-04-21T08:01:51","slug":"elf-box-rgb-14k-disposable-vape","status":"publish","type":"product","link":"https:\/\/holavape.com\/de\/produkt\/elf-box-rgb-14k-disposable-vape\/","title":{"rendered":"Elf Box LS15K Disposable Vape | 15000 Z\u00fcge, 22mL juice, Mesh-Coil, Einweg-Vape im Gro\u00dfhandel"},"content":{"rendered":"<h2>Elf Box RGB 14K Disposable Vape \u00dcbersicht<\/h2>\n<p>Elf Box RGB 14K Disposable Vape ist ein Einweg-Vaporizer, der f\u00fcr Gro\u00dfk\u00e4ufer entwickelt wurde, die eine unkomplizierte SKU mit praktischen Spezifikationen ben\u00f6tigen. Es vereint 14.000 Z\u00fcge, 25 ml E-Liquid und einen 600-mAh-Akku in einem Format, das sich leicht f\u00fcr Einzelhandelsregale und Gro\u00dfbestellungen positionieren l\u00e4sst.<\/p>\n<p>Die Geschmackspalette umfasst 10 Geschmacksrichtungen, sodass dieses Modell problemlos in Obst-, Eis-, S\u00fc\u00dfigkeiten- und Einwegsortimente mit gemischten Profilen passt.<\/p>\n<h2>Wichtigste Highlights<\/h2>\n<ul>\n<li><strong>14.000 Z\u00fcge<\/strong> f\u00fcr ein langlebigeres Ger\u00e4teformat<\/li>\n<li><strong>25 ml E-Liquid<\/strong> zur Unterst\u00fctzung einer h\u00f6heren Anzahl von Z\u00fcgen und einer l\u00e4ngeren t\u00e4glichen Anwendung<\/li>\n<li><strong>600-mAh-Akku<\/strong> f\u00fcr einen zuverl\u00e4ssigeren t\u00e4glichen Gebrauch<\/li>\n<li><strong>10 Geschmacksrichtungen<\/strong> um eine breitere Geschmackspalette abzudecken<\/li>\n<li><strong>0% \/ 2% \/ 3% \/ 5%<\/strong> Nikotinoptionen f\u00fcr unterschiedliche Marktbed\u00fcrfnisse<\/li>\n<\/ul>\n<h2>Spezifikationen<\/h2>\n<table>\n<tbody>\n<tr>\n<td><strong>Produktname<\/strong><\/td>\n<td>Elf Box RGB 14K Disposable Vape<\/td>\n<\/tr>\n<tr>\n<td><strong>Puff Count<\/strong><\/td>\n<td>14.000 Z\u00fcge<\/td>\n<\/tr>\n<tr>\n<td><strong>E-Liquid-Kapazit\u00e4t<\/strong><\/td>\n<td>25 ml E-Liquid<\/td>\n<\/tr>\n<tr>\n<td><strong>Batterie<\/strong><\/td>\n<td>600-mAh-Akku<\/td>\n<\/tr>\n<tr>\n<td><strong>Geschmacksoptionen<\/strong><\/td>\n<td>10 Geschmacksrichtungen<\/td>\n<\/tr>\n<tr>\n<td><strong>Nikotinst\u00e4rke<\/strong><\/td>\n<td>0% \/ 2% \/ 3% \/ 5%<\/td>\n<\/tr>\n<\/tbody>\n<\/table>\n<h2>Geschmacksoptionen<\/h2>\n<p>Zu den verf\u00fcgbaren Geschmacksrichtungen geh\u00f6ren Erdbeer-Wassermelone, blaues Himbeereis, Erdbeereis, Traubeneis, Minz-Eis, Red Bull, Double Apple, Lush Ice und mehr. Dadurch passt Elf Box RGB 14K zu einer breiteren Mischung aus Obst-, Eis-, S\u00fc\u00dfigkeiten- und Einweg-Vape-Sortimenten mit s\u00fc\u00dfem Profil.<\/p>\n","protected":false},"excerpt":{"rendered":"<p>Sauberer Zug, solide Verarbeitung und 15000 Z\u00fcge \u2014 Elf Box LS15K Disposable Vape liefert 22mL juice und Mesh-Coil. Lager ab 10 Einheiten.<\/p>\n","protected":false},"featured_media":119948,"comment_status":"open","ping_status":"closed","template":"","meta":[],"product_brand":[],"product_cat":[354,615,633,363,624,651,660,669,606,678,687,705,714,696,642,516,346,525],"product_tag":[],"class_list":{"0":"post-165127","1":"product","2":"type-product","3":"status-publish","4":"has-post-thumbnail","6":"product_cat-einweg-vape-typen-de","7":"product_cat-einweg-vapes-in-belgien-de","8":"product_cat-einweg-vapes-in-deutschland-de","9":"product_cat-einweg-vapes-in-europa-de","10":"product_cat-einweg-vapes-in-frankreich-de","11":"product_cat-einweg-vapes-in-italien-de","12":"product_cat-einweg-vapes-in-niederlande-de","13":"product_cat-einweg-vapes-in-norwegen-de","14":"product_cat-einweg-vapes-in-osterreich-de","15":"product_cat-einweg-vapes-in-polen-de","16":"product_cat-einweg-vapes-in-portugal-de","17":"product_cat-einweg-vapes-in-schweden-de","18":"product_cat-einweg-vapes-in-schweiz-de","19":"product_cat-einweg-vapes-in-spanien-de","20":"product_cat-einweg-vapes-in-ungarn-de","21":"product_cat-vapes-mit-vielen-zugen-de","22":"product_cat-verschiedene-zuge-einweg-vapes-de","23":"product_cat-wiederaufladbare-vapes-de","25":"first","26":"instock","27":"shipping-taxable","28":"purchasable","29":"product-type-variable","30":"has-default-attributes"},"tiered_pricing_type":"fixed","tiered_pricing_fixed_rules":{"2000":5.38999999999999968025576890795491635799407958984375},"tiered_pricing_product_settings":{"layout":"default","base_unit_name":{"singular":null,"plural":null},"default_variation":null},"tiered_pricing_minimum_quantity":1000,"tiered_pricing_roles_data":[],"tiered_pricing_percentage_rules":[],"tiered_pricing_maximum_quantity":null,"tiered_pricing_quantity_step":"10","_links":{"self":[{"href":"https:\/\/holavape.com\/de\/wp-json\/wp\/v2\/product\/165127","targetHints":{"allow":["GET"]}}],"collection":[{"href":"https:\/\/holavape.com\/de\/wp-json\/wp\/v2\/product"}],"about":[{"href":"https:\/\/holavape.com\/de\/wp-json\/wp\/v2\/types\/product"}],"replies":[{"embeddable":true,"href":"https:\/\/holavape.com\/de\/wp-json\/wp\/v2\/comments?post=165127"}],"wp:featuredmedia":[{"embeddable":true,"href":"https:\/\/holavape.com\/de\/wp-json\/wp\/v2\/media\/119948"}],"wp:attachment":[{"href":"https:\/\/holavape.com\/de\/wp-json\/wp\/v2\/media?parent=165127"}],"wp:term":[{"taxonomy":"product_brand","embeddable":true,"href":"https:\/\/holavape.com\/de\/wp-json\/wp\/v2\/product_brand?post=165127"},{"taxonomy":"product_cat","embeddable":true,"href":"https:\/\/holavape.com\/de\/wp-json\/wp\/v2\/product_cat?post=165127"},{"taxonomy":"product_tag","embeddable":true,"href":"https:\/\/holavape.com\/de\/wp-json\/wp\/v2\/product_tag?post=165127"}],"curies":[{"name":"wp","href":"https:\/\/api.w.org\/{rel}","templated":true}]}}