{"id":43142,"date":"2026-03-12T04:25:10","date_gmt":"2026-03-12T04:25:10","guid":{"rendered":"https:\/\/holavape.com\/product\/bang-king-250k-4-in-1-einweg-e-zigarette-250k-zuge-groshandel\/"},"modified":"2026-04-05T01:22:12","modified_gmt":"2026-04-05T01:22:12","slug":"bang-king-250k","status":"publish","type":"product","link":"https:\/\/holavape.com\/de\/produkt\/bang-king-250k\/","title":{"rendered":"Bang King 250K 4-in-1 Einweg E-Zigarette \u2014 250K Z\u00fcge Gro\u00dfhandel"},"content":{"rendered":"<h2>Bang King 250K \u2014 250.000 Z\u00fcge 4-in-1 Quad Geschmack Einweg E-Zigarette<\/h2>\n<p>Die Bang King 250K ist derzeit unser Ger\u00e4t mit der h\u00f6chsten Zuganzahl. Vier separate 15ml Geschmackskammern (60ml insgesamt), vier 1.0\u03a9 Mesh Coils und ein 650mAh Akku in einem 130g leichten Ger\u00e4t. Entwickelt f\u00fcr Eink\u00e4ufer, die ein Flaggschiff-Produkt f\u00fchren m\u00f6chten \u2014 die Art von Produkt, die im Regal oder auf einer Produktseite durch beeindruckende Spezifikationen sofort auff\u00e4llt.<\/p>\n<p>Dieses Modell verkauft sich gut an Shops, die bereits Mittelklasse-Ger\u00e4te (50K\u201380K Z\u00fcge) im Sortiment haben und etwas im Premiumbereich f\u00fcr Upselling suchen. Ideal auch f\u00fcr Online-H\u00e4ndler, die ein Hero-Produkt als Anker f\u00fcr ihre Einweg E-Zigaretten Kategorieseite brauchen. Beliebt in Westeuropa, besonders in Deutschland, Spanien und den Niederlanden.<\/p>\n<h3>Spezifikationen<\/h3>\n<table>\n<thead>\n<tr>\n<th>Spezifikation<\/th>\n<th>Detail<\/th>\n<\/tr>\n<\/thead>\n<tbody>\n<tr>\n<td>Zuganzahl<\/td>\n<td>Bis zu 250.000<\/td>\n<\/tr>\n<tr>\n<td>Geschmackssystem<\/td>\n<td>4-in-1 (vier Geschmacksrichtungen pro Ger\u00e4t)<\/td>\n<\/tr>\n<tr>\n<td>E-Liquid Inhalt<\/td>\n<td>60ml gesamt (4 \u00d7 15ml Kammern)<\/td>\n<\/tr>\n<tr>\n<td>Coil Typ<\/td>\n<td>Quad 1.0\u03a9 Mesh Coils<\/td>\n<\/tr>\n<tr>\n<td>Akku<\/td>\n<td>650mAh wiederaufladbar (USB-C)<\/td>\n<\/tr>\n<tr>\n<td>Nikotin Optionen<\/td>\n<td>0% \/ 2% \/ 3% \/ 5%<\/td>\n<\/tr>\n<tr>\n<td>Gewicht<\/td>\n<td>~130g pro St\u00fcck<\/td>\n<\/tr>\n<\/tbody>\n<\/table>\n<h3>Geschmackssets (4 Geschmacksrichtungen pro Ger\u00e4t)<\/h3>\n<p>Jede Bang King 250K wird mit 4 integrierten Geschmacksrichtungen geliefert. Nutzer wechseln w\u00e4hrend des Gebrauchs zwischen ihnen. Hier sind die 10 verf\u00fcgbaren Sets \u2014 nach Profil gruppiert, um Ihnen bei der Auswahl f\u00fcr Ihren Markt zu helfen.<\/p>\n<p><strong>Bestseller f\u00fcr den Einstieg:<\/strong> Die Frucht + Eis Sets unten sind die sicherste Erstbestellung. Starten Sie mit 2\u20133 davon und einem aus der k\u00fchnen\/Getr\u00e4nke-Kategorie f\u00fcr Abwechslung.<\/p>\n<p><strong>Frucht + Eis Kombis (sichere Wahl):<\/strong> Zitrone Limette \/ Wassermelone Eis \/ Black Ice Drachenfrucht Erdbeere \/ Love66 \u2014 klassischer Mix mit Shisha-Stil Love66. Wassermelone Eis \/ Erdbeere Mango \/ Blaubeere Eis \/ Fizzy Kirsche \u2014 Standard-Eisfr\u00fcchte, leichte Verk\u00e4ufer. Zitrone Limette \/ Erdbeere Eis \/ Himbeer Wassermelone \/ Fizzy Kirsche \u2014 fruchtig und spritzig.<\/p>\n<p><strong>Beeren + Bonbon-lastig:<\/strong> Traubenexplosion \/ Lychee Eis \/ Pfirsich Beere \/ Kiwi Passionsfrucht Guave \u2014 kr\u00e4ftiges Traubenbonbon + tropisch. Gemischte Beeren \/ Kirsch Zitrone \/ Erdbeer Kiwi \/ Erdbeer Wassermelone Kaugummi \u2014 bonbonartige Fruchtkombis. Erdbeer Mango \/ Blue Razz Limonade \/ Vanilleeis \/ Saure Triple Beeren \u2014 inklusive Dessert-Note, mehr Vielfalt.<\/p>\n<p><strong>Tropisch + s\u00fc\u00df:<\/strong> Rosa Limonade \/ Kiwi Passionsfrucht Guave \/ Pfirsich Beere \/ Erdbeer Banane \u2014 sanfter tropischer Mix. Erdbeer Wassermelone \/ Cherry Cola \/ Saftiger Pfirsich Eis \/ Grapefruit Erfrischung \u2014 s\u00fc\u00dfes Duo + Cola-Spritz + Zitrus.<\/p>\n<p><strong>Getr\u00e4nke-inspiriert + k\u00fchn:<\/strong> Vanilla Cola \/ Zitrone Pfirsich \/ Erdbeer Himbeer Kirsch Eis \/ Traube Eis \u2014 cremige Cola + Triple-Beeren-Eis. Mojito \/ Monster Mango \/ Lady Killer \/ Rosa Limonade \u2014 Minz-Mojito + Energy-Mango + Shisha-Mix + Zitrus.<\/p>\n<h3>So Passt Es In Ihr Sortiment<\/h3>\n<p>Die Bang King 250K ist das Premium-Ankerprodukt. Kombiniert sich gut mit einer Mittelklasse-Option wie der <a href=\"https:\/\/holavape.com\/de\/produkt\/bang-box-160k-4-in-1-einweg-vape-mit-vier-geschmacksrichtungen-groshandel\/\">Bang Box 160K<\/a> (gleiches 4-in-1 Konzept, weniger Z\u00fcge, niedrigerer Preis) oder einem Single-Geschmack-Ger\u00e4t wie der <a href=\"https:\/\/holavape.com\/de\/produkt\/waspe-bar-60k-einweg-e-zigarette-groshandel-ab-eu-lager\/\">WASPE Bar 60K<\/a> f\u00fcr preisbewusste K\u00e4ufer. Sie suchen eine 8-in-1 Alternative? Schauen Sie sich die <a href=\"https:\/\/holavape.com\/de\/produkt\/waspe-crystal-180k-8-in-1-einweg-e-zigarette-eu-lager-groshandel\/\">WASPE Crystal 180K<\/a> an.<\/p>\n<h3>Versand &amp; Bestellung<\/h3>\n<p>200 St\u00fcck pro Karton \u00e0 27 kg. Versand aus China mit Standard-Gro\u00dfhandel-Lieferzeiten \u2014 wir best\u00e4tigen die voraussichtliche Lieferzeit bevor wir Ihre Bestellung bearbeiten. Kein fester MOQ \u2014 bestellen Sie ab 10 St\u00fcck, aber die Preise verbessern sich deutlich ab 30+ und 50+. Geschmackssets k\u00f6nnen innerhalb einer Bestellung frei gemischt werden.<\/p>\n<p>Nikotin-Hinweis: 0% und 2% sind die beliebtesten f\u00fcr EU-M\u00e4rkte. 3% und 5% verf\u00fcgbar \u2014 pr\u00fcfen Sie Ihre lokalen Vorschriften bevor Sie h\u00f6here St\u00e4rken einlagern.<\/p>\n","protected":false},"excerpt":{"rendered":"<p>Bang King 250K 4-in-1 liefert 250.000 Z\u00fcge, vier Geschmacksrichtungen, vier 1,0-Ohm-Mesh-Spulen und einen wiederaufladbaren 650-mAh-Akku. Ein wahres Flaggschiff f\u00fcr Gesch\u00e4fte, die eine maximale Wirkung im Regal w\u00fcnschen. \ud83d\udd25<\/p>\n","protected":false},"featured_media":9218,"comment_status":"open","ping_status":"closed","template":"","meta":[],"product_brand":[],"product_cat":[507,732],"product_tag":[943],"class_list":{"0":"post-43142","1":"product","2":"type-product","3":"status-publish","4":"has-post-thumbnail","6":"product_cat-100k-zuge-einweg-vape-de","7":"product_cat-bang-de","8":"product_tag-high-puff-disposable-vape","10":"first","11":"instock","12":"shipping-taxable","13":"purchasable","14":"product-type-variable","15":"has-default-attributes"},"tiered_pricing_type":"fixed","tiered_pricing_fixed_rules":{"30":9.589999999999999857891452847979962825775146484375,"50":7.9900000000000002131628207280300557613372802734375,"100":7.519999999999999573674358543939888477325439453125,"200":6.87000000000000010658141036401502788066864013671875,"400":6.3499999999999996447286321199499070644378662109375},"tiered_pricing_product_settings":{"layout":"default","base_unit_name":{"singular":null,"plural":null},"default_variation":null},"tiered_pricing_minimum_quantity":10,"tiered_pricing_roles_data":[],"tiered_pricing_percentage_rules":[],"tiered_pricing_maximum_quantity":null,"tiered_pricing_quantity_step":"10","_links":{"self":[{"href":"https:\/\/holavape.com\/de\/wp-json\/wp\/v2\/product\/43142","targetHints":{"allow":["GET"]}}],"collection":[{"href":"https:\/\/holavape.com\/de\/wp-json\/wp\/v2\/product"}],"about":[{"href":"https:\/\/holavape.com\/de\/wp-json\/wp\/v2\/types\/product"}],"replies":[{"embeddable":true,"href":"https:\/\/holavape.com\/de\/wp-json\/wp\/v2\/comments?post=43142"}],"wp:featuredmedia":[{"embeddable":true,"href":"https:\/\/holavape.com\/de\/wp-json\/wp\/v2\/media\/9218"}],"wp:attachment":[{"href":"https:\/\/holavape.com\/de\/wp-json\/wp\/v2\/media?parent=43142"}],"wp:term":[{"taxonomy":"product_brand","embeddable":true,"href":"https:\/\/holavape.com\/de\/wp-json\/wp\/v2\/product_brand?post=43142"},{"taxonomy":"product_cat","embeddable":true,"href":"https:\/\/holavape.com\/de\/wp-json\/wp\/v2\/product_cat?post=43142"},{"taxonomy":"product_tag","embeddable":true,"href":"https:\/\/holavape.com\/de\/wp-json\/wp\/v2\/product_tag?post=43142"}],"curies":[{"name":"wp","href":"https:\/\/api.w.org\/{rel}","templated":true}]}}