{"id":43143,"date":"2026-03-12T04:24:43","date_gmt":"2026-03-12T04:24:43","guid":{"rendered":"https:\/\/holavape.com\/product\/waspe-crystal-180k-8-in-1-einweg-e-zigarette-eu-lager-groshandel\/"},"modified":"2026-04-05T01:22:25","modified_gmt":"2026-04-05T01:22:25","slug":"waspe-crystal-180k","status":"publish","type":"product","link":"https:\/\/holavape.com\/de\/produkt\/waspe-crystal-180k\/","title":{"rendered":"WASPE Crystal 180K 8-in-1 Einweg E-Zigarette \u2014 EU-Lager Gro\u00dfhandel"},"content":{"rendered":"<h2>WASPE Crystal 180K \u2014 8-in-1 Geschmackswechsel, 180.000 Z\u00fcge<\/h2>\n<p>Die WASPE Crystal 180K ist eine Multi-Flavor Einweg E-Zigarette mit 8 Geschmacksrichtungen in einem Ger\u00e4t \u2014 einfach am Mundst\u00fcck drehen, um den Geschmack zu wechseln. 68 ml E-Liquid insgesamt, vier 1,0\u03a9 Mesh-Coils, ein 650-mAh-Akku mit USB-C-Aufladung und ein LED-Display zur Statusanzeige. Mit 150 g und 53 x 46 x 138 mm erstaunlich kompakt f\u00fcr das, was sie bietet.<\/p>\n<p>Eines unserer meistverkauften Produkte in der Multi-Flavor-Kategorie. Ideal f\u00fcr Shops, die ein Wow-Produkt im Regal suchen \u2014 etwas, das Kunden in die Hand nehmen und nachfragen. Starke Nachfrage in Deutschland, den Niederlanden, Spanien und Frankreich. Die 2%-Nikotinversion wird aus unserem EU-Lager mit 5\u20137 Tagen Lieferzeit versendet.<\/p>\n<h3>Technische Daten<\/h3>\n<table>\n<thead>\n<tr>\n<th>Spezifikation<\/th>\n<th>Detail<\/th>\n<\/tr>\n<\/thead>\n<tbody>\n<tr>\n<td>Zuganzahl<\/td>\n<td>Bis zu 180.000<\/td>\n<\/tr>\n<tr>\n<td>Geschmackssystem<\/td>\n<td>8-in-1 (Mundst\u00fcck drehen zum Wechseln)<\/td>\n<\/tr>\n<tr>\n<td>E-Liquid-Kapazit\u00e4t<\/td>\n<td>68 ml insgesamt<\/td>\n<\/tr>\n<tr>\n<td>Coil-Typ<\/td>\n<td>Quad 1,0\u03a9 Mesh-Coils<\/td>\n<\/tr>\n<tr>\n<td>Akku<\/td>\n<td>650 mAh, USB-C aufladbar<\/td>\n<\/tr>\n<tr>\n<td>Nikotinst\u00e4rke<\/td>\n<td>0%, 2%, 5%<\/td>\n<\/tr>\n<tr>\n<td>Display<\/td>\n<td>LED-Statusanzeige<\/td>\n<\/tr>\n<tr>\n<td>Abmessungen<\/td>\n<td>53 x 46 x 138 mm<\/td>\n<\/tr>\n<tr>\n<td>Gewicht<\/td>\n<td>150 g<\/td>\n<\/tr>\n<\/tbody>\n<\/table>\n<h3>Geschmackssets im \u00dcberblick<\/h3>\n<p><strong>Eis-Frucht-Klassiker:<\/strong> Set 1: Wassermelone Eis &#038; Limette Zitrone &#038; Saure Mango Eis &#038; Kiwi Melone Eis \u2014 frische Eisfrucht-Mischung, breiteste Beliebtheit. Set 4: Traube Eis &#038; Erdbeer-Kiwi &#038; Wassermelone Eis &#038; Blue Rancher \u2014 Traubenbonbon + klassische Fr\u00fcchte. Set 6: Erdbeer-Wassermelone &#038; Cool Mint &#038; Blue Razz Eis &#038; Schwarze Johannisbeere Eis \u2014 mit Minze f\u00fcr Menthol-Fans. Set 9: Beerenmix &#038; Limette Zitrone &#038; Blaubeer-Himbeere &#038; Gr\u00fcner Apfel \u2014 beerenlastig mit Zitrus-Reset.<\/p>\n<p><strong>Getr\u00e4nke- &#038; Bonbon-inspiriert:<\/strong> Set 2: Blaubeere Eis &#038; Cherry Cola &#038; Erdbeer-Vanille &#038; Zitronen-Kirsche \u2014 Cola + cremige Erdbeere. Set 3: Red Bull Eis &#038; Erdbeere Eis &#038; Sour Fcuking Fab &#038; Cola Eis \u2014 Energy-Drink + intensives Bonbon. Set 8: Erdbeer Red Bull &#038; Cherry Cola &#038; Kirsch-Zitrone &#038; Tropische Frucht \u2014 getr\u00e4nkelastiges Set.<\/p>\n<p><strong>Tropisch &#038; s\u00fc\u00df:<\/strong> Set 5: Melone Passionsfrucht &#038; Saure Mango Ananas &#038; Banane Toffee Bonbon &#038; Erdbeer-Beere \u2014 tropisch + Bonbon. Set 11: Erdbeer-Banane &#038; Mango Pfirsich &#038; Dreifach-Beeren &#038; Erdbeer-Ananas \u2014 sanfte tropische Mischung. Set 12: Blue Razz Limonade &#038; Kirsch-Zitrone &#038; Blaubeere Eis &#038; Wassermelone Pfirsich \u2014 Limonade + Frucht.<\/p>\n<p><strong>Beeren- &#038; Frucht-Kombos:<\/strong> Set 7: Brombeere Eis &#038; Doppel-Apfel &#038; Black Dragon Eis &#038; Erdbeer-Kiwi \u2014 dunkle Beeren + Apfel. Set 10: Erdbeer-Himbeer-Kirsche &#038; Erdbeer-Wassermelone &#038; Kiwi-Wassermelone &#038; Limette Zitrone \u2014 Dreifach-Beere + Klassiker.<\/p>\n<p>Bonbon- und Tropensets verkaufen sich in s\u00fcdeurop\u00e4ischen M\u00e4rkten besser. Eisfrucht-Sets haben die breiteste Beliebtheit in allen Regionen.<\/p>\n<h3>Im Vergleich<\/h3>\n<p>Die WASPE Crystal 180K positioniert sich am oberen Ende Ihres Sortiments. Sie ist das \u201eErlebnis&#8220;-Produkt \u2014 8 Geschmacksrichtungen, LED-Display, aufladbar. Preislich liegt sie \u00fcber der <a href=\"https:\/\/holavape.com\/de\/produkt\/waspe-bar-60k-einweg-e-zigarette-groshandel-ab-eu-lager\/\">WASPE Bar 60K<\/a> (Einzelgeschmack, Budget-Option) und vergleichbar mit der <a href=\"https:\/\/holavape.com\/de\/produkt\/bang-king-250k-4-in-1-einweg-e-zigarette-250k-zuge-groshandel\/\">Bang King 250K<\/a> (h\u00f6here Zuganzahl, aber nur 4 Geschmacksrichtungen). Gute Kombination: WASPE Crystal 180K als Multi-Flavor-Flaggschiff und WASPE Bar 60K als Volumenprodukt.<\/p>\n<h3>Versand &#038; Bestellung<\/h3>\n<p>Die 2%-Nikotinversion wird aus unserem EU-Lager versendet (5\u20137 Werktage in Europa). 0% und 5% werden aus China versendet, falls nicht im EU-Lager vorr\u00e4tig \u2014 wir best\u00e4tigen vor der Bearbeitung. Kein Mindestbestellwert, Bestellung ab 10 Einheiten. Staffelpreise ab 30+, 50+ und 100+ Einheiten. Geschmackssets k\u00f6nnen innerhalb einer Bestellung frei kombiniert werden.<\/p>\n","protected":false},"excerpt":{"rendered":"<p>WASPE Crystal 180K bietet 180.000 Z\u00fcge, acht Geschmacksrichtungen, 68 ml E-Liquid, vier 1,0-Ohm-Mesh-Spulen und Type-C-Aufladung. Eines der st\u00e4rksten Multi-Geschmacks-Angebote im EU-Lagersortiment. \ud83d\udc8e<\/p>\n","protected":false},"featured_media":9506,"comment_status":"open","ping_status":"closed","template":"","meta":[],"product_brand":[],"product_cat":[507,372,868],"product_tag":[944],"class_list":{"0":"post-43143","1":"product","2":"type-product","3":"status-publish","4":"has-post-thumbnail","6":"product_cat-100k-zuge-einweg-vape-de","7":"product_cat-einweg-vapes-auf-lager-im-eu-lager-de","8":"product_cat-waspe-de","9":"product_tag-8-in-1-disposable-vape","11":"first","12":"instock","13":"shipping-taxable","14":"purchasable","15":"product-type-variable","16":"has-default-attributes"},"tiered_pricing_type":"fixed","tiered_pricing_fixed_rules":{"30":10.17999999999999971578290569595992565155029296875,"50":8.75,"100":7.96999999999999975131004248396493494510650634765625,"200":7.5800000000000000710542735760100185871124267578125,"400":7.0999999999999996447286321199499070644378662109375},"tiered_pricing_product_settings":{"layout":"default","base_unit_name":{"singular":null,"plural":null},"default_variation":null},"tiered_pricing_minimum_quantity":10,"tiered_pricing_roles_data":[],"tiered_pricing_percentage_rules":[],"tiered_pricing_maximum_quantity":null,"tiered_pricing_quantity_step":"10","_links":{"self":[{"href":"https:\/\/holavape.com\/de\/wp-json\/wp\/v2\/product\/43143","targetHints":{"allow":["GET"]}}],"collection":[{"href":"https:\/\/holavape.com\/de\/wp-json\/wp\/v2\/product"}],"about":[{"href":"https:\/\/holavape.com\/de\/wp-json\/wp\/v2\/types\/product"}],"replies":[{"embeddable":true,"href":"https:\/\/holavape.com\/de\/wp-json\/wp\/v2\/comments?post=43143"}],"wp:featuredmedia":[{"embeddable":true,"href":"https:\/\/holavape.com\/de\/wp-json\/wp\/v2\/media\/9506"}],"wp:attachment":[{"href":"https:\/\/holavape.com\/de\/wp-json\/wp\/v2\/media?parent=43143"}],"wp:term":[{"taxonomy":"product_brand","embeddable":true,"href":"https:\/\/holavape.com\/de\/wp-json\/wp\/v2\/product_brand?post=43143"},{"taxonomy":"product_cat","embeddable":true,"href":"https:\/\/holavape.com\/de\/wp-json\/wp\/v2\/product_cat?post=43143"},{"taxonomy":"product_tag","embeddable":true,"href":"https:\/\/holavape.com\/de\/wp-json\/wp\/v2\/product_tag?post=43143"}],"curies":[{"name":"wp","href":"https:\/\/api.w.org\/{rel}","templated":true}]}}