{"id":108597,"date":"2025-06-27T09:17:11","date_gmt":"2025-06-27T09:17:11","guid":{"rendered":"https:\/\/holavape.com\/product\/fumot-randm-tornado-30000\/"},"modified":"2026-04-05T01:36:06","modified_gmt":"2026-04-05T01:36:06","slug":"fumot-randm-tornado-30000","status":"publish","type":"product","link":"https:\/\/holavape.com\/es\/producto\/fumot-randm-tornado-30000\/","title":{"rendered":"Fumot RandM Tornado 30000 vape desechable para mayoristas"},"content":{"rendered":"<h2>Fumot Rand M Tornado 30000 \u2014 30,000 caladas Desechable con luces LED<\/h2>\n<p>Fumot Rand M Tornado 30000 forma parte de la l\u00ednea Rand M Tornado, una de las marcas de vaporizadores desechables m\u00e1s reconocidas en toda Europa. El nombre Tornado ha estado en circulaci\u00f3n durante varios a\u00f1os y este modelo 30K se encuentra en el extremo superior de la gama. Con 30.000 inhalaciones con 30 ml de e-l\u00edquido, ofrece una capacidad s\u00f3lida para un dispositivo de un solo sabor. Las luces LED que responden a la m\u00fasica son una caracter\u00edstica distintiva de Rand M que le da atractivo al dispositivo en el estante: reaccionan al sonido ambiental, que los clientes tienden a notar en la tienda.<\/p>\n<p>Si su tienda ya dispone de productos Rand M, esta es una incorporaci\u00f3n natural. De lo contrario, vale la pena saber que Rand M tiene una base de clientes en el Reino Unido, Espa\u00f1a, Alemania y los Pa\u00edses Bajos que buscan espec\u00edficamente la marca por su nombre. En comparaci\u00f3n con otros dispositivos de 30K como <a href=\"https:\/\/holavape.com\/es\/producto\/vapme-digital-30000\/\">VAPMEDigital 30000<\/a>, el Tornado ofrece m\u00e1s e-l\u00edquido (30 ml frente a 20 ml) y una selecci\u00f3n de sabores m\u00e1s amplia, aunque carece del atractivo espec\u00edfico MTL que proporciona VAPME. Para tiendas que quieran una alternativa de mayor capacidad, <a href=\"https:\/\/holavape.com\/es\/producto\/waspe-bar-60k\/\">Barra WASPE 60K<\/a> duplica el n\u00famero de bocanadas en el mismo formato de un solo sabor.<\/p>\n<table>\n<thead>\n<tr>\n<th>Especulaci\u00f3n<\/th>\n<th>Detalle<\/th>\n<\/tr>\n<\/thead>\n<tbody>\n<tr>\n<td>caladas recuento<\/td>\n<td>Hasta 30.000<\/td>\n<\/tr>\n<tr>\n<td>Capacidad de e-l\u00edquido<\/td>\n<td>30ml<\/td>\n<\/tr>\n<tr>\n<td>Bater\u00eda<\/td>\n<td>Recargable de 600 m Ah (tipo C)<\/td>\n<\/tr>\n<tr>\n<td>Bobina<\/td>\n<td>Bobina de malla de 1,0 \u03a9<\/td>\n<\/tr>\n<tr>\n<td>Puntos fuertes de la nicotina<\/td>\n<td>2%, 5%<\/td>\n<\/tr>\n<tr>\n<td>luces LED<\/td>\n<td>Responsivo a la m\u00fasica<\/td>\n<\/tr>\n<tr>\n<td>Embalaje<\/td>\n<td>Cont\u00e1ctenos para detalles de la caja<\/td>\n<\/tr>\n<\/tbody>\n<\/table>\n<h3>Sabores<\/h3>\n<p>Los m\u00e1s vendidos para almacenar primero: Strawberry Ice, Watermelon Ice (que figura como Lush Ice en algunos mercados), Blue Raspberry Ice y Grape Ice: estos cuatro son los impulsores de volumen en los mercados europeos.<\/p>\n<p><strong>Frutas heladas (apuestas seguras):<\/strong> Hielo de fresa, hielo de frambuesa azul, hielo de ar\u00e1ndano, hielo de uva (especialmente fuerte en el sur de Europa), hielo de cereza, hielo de melocot\u00f3n, hielo de pi\u00f1a, hielo de pl\u00e1tano, hielo exuberante (a base de sand\u00eda, muy popular). Estos deber\u00edan formar el n\u00facleo de cualquier primer orden.<\/p>\n<p><strong>Mezclas de frutas mixtas:<\/strong> Ar\u00e1ndano, frambuesa, ar\u00e1ndano y frambuesa \u00e1cida (la nota \u00e1cida a\u00f1ade distinci\u00f3n), fresa, sand\u00eda, fresa, pl\u00e1tano, fresa y uva, melocot\u00f3n y baya, melocot\u00f3n y mango, pi\u00f1a, kiwi, maracuy\u00e1 y guayaba (perfil tropical, se adapta bien en los meses m\u00e1s c\u00e1lidos), mango triple, frutos rojos mixtos y paleta helada.<\/p>\n<p><strong>Inspirado en bebidas y especialidad:<\/strong> Cherry Cola, Cola Ice (ambas atraen a los entusiastas de las colas), Pink Lemonade, Vimto (muy popular espec\u00edficamente en el Reino Unido, casi desconocido en otros lugares, se almacena de forma selectiva). Skittles (perfil de dulces, grupo demogr\u00e1fico m\u00e1s joven). Cool Mint y Black Ice son opciones mentoladas para exfumadores. Dr Blue es un sabor azul estilo granizado con seguidores.<\/p>\n<p><strong>Perfiles m\u00e1s atrevidos:<\/strong> Double Apple (fuerte en los mercados influenciados por la shisha en todo el sur y centro de Europa), Love 66 (nota c\u00e1lida adyacente al tabaco, atrae a los usuarios con preferencia MTL).<\/p>\n<h3>Env\u00edo y pedidos<\/h3>\n<p>Fumot Rand M Tornado 30000 se env\u00eda desde China con plazos de entrega t\u00edpicos de 10 a 15 d\u00edas h\u00e1biles a destinos europeos. El pedido m\u00ednimo es de 10 unidades con precios escalonados en vol\u00famenes m\u00e1s altos: mezcle sabores libremente en un solo pedido. Las opciones de nicotina son del 2% y del 5%; para los mercados de la UE, el 2% es la elecci\u00f3n mayorista est\u00e1ndar. Consulte las regulaciones locales de TPD antes de almacenar el 5% en pa\u00edses donde excede los l\u00edmites permitidos. <a href=\"https:\/\/holavape.com\/es\/contactanos\/\">Cont\u00e1ctenos<\/a> para especificaciones de cajas, precios por volumen y cotizaciones de flete.<\/p>\n","protected":false},"excerpt":{"rendered":"<p>Fumot RandM Tornado 30000 ofrece 30.000 caladas, 30 ml de e-l\u00edquido, 30 sabores y luces LED que responden a la m\u00fasica en un formato RandM familiar. Disponible en 2% y 5% de nicotina, es una fuerte apuesta mayorista en el mercado europeo. \ud83c\udfb6<\/p>\n","protected":false},"featured_media":470,"comment_status":"open","ping_status":"closed","template":"","meta":[],"product_brand":[],"product_cat":[813],"product_tag":[],"class_list":{"0":"post-108597","1":"product","2":"type-product","3":"status-publish","4":"has-post-thumbnail","6":"product_cat-randm-es","8":"first","9":"instock","10":"shipping-taxable","11":"purchasable","12":"product-type-variable","13":"has-default-attributes"},"tiered_pricing_type":"fixed","tiered_pricing_fixed_rules":{"30":8.1500000000000003552713678800500929355621337890625,"50":7.03000000000000024868995751603506505489349365234375,"100":6.29000000000000003552713678800500929355621337890625,"200":5.9199999999999999289457264239899814128875732421875,"400":5.37000000000000010658141036401502788066864013671875},"tiered_pricing_product_settings":{"layout":"default","base_unit_name":{"singular":null,"plural":null},"default_variation":null},"tiered_pricing_minimum_quantity":10,"tiered_pricing_roles_data":[],"tiered_pricing_percentage_rules":[],"tiered_pricing_maximum_quantity":null,"tiered_pricing_quantity_step":"10","_links":{"self":[{"href":"https:\/\/holavape.com\/es\/wp-json\/wp\/v2\/product\/108597","targetHints":{"allow":["GET"]}}],"collection":[{"href":"https:\/\/holavape.com\/es\/wp-json\/wp\/v2\/product"}],"about":[{"href":"https:\/\/holavape.com\/es\/wp-json\/wp\/v2\/types\/product"}],"replies":[{"embeddable":true,"href":"https:\/\/holavape.com\/es\/wp-json\/wp\/v2\/comments?post=108597"}],"wp:featuredmedia":[{"embeddable":true,"href":"https:\/\/holavape.com\/es\/wp-json\/wp\/v2\/media\/470"}],"wp:attachment":[{"href":"https:\/\/holavape.com\/es\/wp-json\/wp\/v2\/media?parent=108597"}],"wp:term":[{"taxonomy":"product_brand","embeddable":true,"href":"https:\/\/holavape.com\/es\/wp-json\/wp\/v2\/product_brand?post=108597"},{"taxonomy":"product_cat","embeddable":true,"href":"https:\/\/holavape.com\/es\/wp-json\/wp\/v2\/product_cat?post=108597"},{"taxonomy":"product_tag","embeddable":true,"href":"https:\/\/holavape.com\/es\/wp-json\/wp\/v2\/product_tag?post=108597"}],"curies":[{"name":"wp","href":"https:\/\/api.w.org\/{rel}","templated":true}]}}