{"id":108943,"date":"2025-06-27T09:50:40","date_gmt":"2025-06-27T09:50:40","guid":{"rendered":"https:\/\/holavape.com\/product\/vapme-digital-30000\/"},"modified":"2026-04-05T01:35:48","modified_gmt":"2026-04-05T01:35:48","slug":"vapme-digital-30000","status":"publish","type":"product","link":"https:\/\/holavape.com\/es\/producto\/vapme-digital-30000\/","title":{"rendered":"VAPME Digital 30000 vape desechable MTL &#8211; alta nicotina para mayoristas"},"content":{"rendered":"<h2>VAPME Digital 30000 \u2014 30,000 caladas MTL Desechable<\/h2>\n<p>VAPME Digital 30000 es un dispositivo desechable exclusivo de boca a pulm\u00f3n, lo que lo distingue de la mayor\u00eda de los dispositivos de alta inhalaci\u00f3n del mercado que est\u00e1n dise\u00f1ados para golpes directos al pulm\u00f3n. La bobina de malla de 0,6 \u03a9 y su aspiraci\u00f3n m\u00e1s ajustada imitan la sensaci\u00f3n de un cigarrillo tradicional o un sistema de c\u00e1psulas, lo que lo convierte en una buena opci\u00f3n para las tiendas que atienden a clientes que est\u00e1n dejando de fumar o que prefieren un flujo de aire m\u00e1s restringido. Ha sido un vendedor constante en mercados como Francia, Alemania y el Reino Unido, donde las preferencias de MTL siguen siendo fuertes.<\/p>\n<p>Con 30.000 caladas y 20 ml de e-l\u00edquido, se sit\u00faa en el rango medio en cuanto a capacidad. No compite en n\u00famero de caladas con dispositivos de m\u00e1s de 60.000 como <a href=\"https:\/\/holavape.com\/es\/producto\/waspe-bar-60k\/\">Barra WASPE 60K<\/a> o unidades de m\u00faltiples sabores como <a href=\"https:\/\/holavape.com\/es\/producto\/vopk-triple-60000\/\">Vopk Triple 60000<\/a>, pero no es necesario: su nicho es el comprador MTL que prioriza el estilo de extracci\u00f3n y la entrega de nicotina sobre la capacidad bruta. Las opciones con alto contenido de nicotina (hasta un 15%) tambi\u00e9n lo hacen relevante para los mercados fuera de la UE donde se permiten concentraciones m\u00e1s altas.<\/p>\n<table>\n<thead>\n<tr>\n<th>Especulaci\u00f3n<\/th>\n<th>Detalle<\/th>\n<\/tr>\n<\/thead>\n<tbody>\n<tr>\n<td>caladas recuento<\/td>\n<td>Hasta 30.000<\/td>\n<\/tr>\n<tr>\n<td>Estilo de dibujo<\/td>\n<td>MTL (boca a pulm\u00f3n)<\/td>\n<\/tr>\n<tr>\n<td>capacidad de e-l\u00edquido<\/td>\n<td>20ml<\/td>\n<\/tr>\n<tr>\n<td>Bater\u00eda<\/td>\n<td>Recargable de 850 m Ah (tipo C)<\/td>\n<\/tr>\n<tr>\n<td>Bobina<\/td>\n<td>Bobina de malla de 0,6\u03a9<\/td>\n<\/tr>\n<tr>\n<td>Puntos fuertes de la nicotina<\/td>\n<td>0%, 12%, 13%, 15%<\/td>\n<\/tr>\n<tr>\n<td>Embalaje<\/td>\n<td>Cont\u00e1ctenos para detalles de la caja<\/td>\n<\/tr>\n<\/tbody>\n<\/table>\n<h3>Sabores<\/h3>\n<p>Los m\u00e1s vendidos para almacenar primero: Watermelon Ice, Strawberry Ice y Blueberry Raspberry: estas son las opciones seguras que se mueven independientemente del mercado. Cherry Ice tambi\u00e9n obtiene buenos resultados en el norte de Europa.<\/p>\n<p><strong>Frutas heladas:<\/strong> Watermelon Ice (el sabor de vapeo desechable m\u00e1s popular en Europa), Strawberry Ice, Cherry Ice, Peach Ice: perfiles helados sencillos que funcionan para MTL. Estos deber\u00edan constituir la mayor parte de cualquier primer pedido.<\/p>\n<p><strong>Mezclas de frutas mixtas:<\/strong> Ar\u00e1ndano, frambuesa (combinaci\u00f3n de bayas que atrae a muchos), fresa, kiwi, fresa y uva, kiwi, maracuy\u00e1 y guayaba (tropical con notas de guayaba, funciona bien en el sur de Europa).<\/p>\n<p><strong>Inspirado en bebidas y especialidad:<\/strong> Fresa Red Bull y bebida energ\u00e9tica: los sabores de las bebidas energ\u00e9ticas son m\u00e1s j\u00f3venes pero se venden constantemente. Lady Killa y Love 66 son nombres de sabores heredados con seguidores dedicados; Love 66 tiene una calidez ligeramente similar al tabaco que los usuarios de MTL tienden a apreciar.<\/p>\n<h3>Env\u00edo y pedidos<\/h3>\n<p>VAPME Digital 30000 se env\u00eda desde China con plazos de entrega estimados de 10 a 15 d\u00edas h\u00e1biles a destinos europeos. El pedido m\u00ednimo es de 10 unidades, con precios por niveles de 30+ y 100+; los sabores se pueden mezclar en un solo pedido. El rango de nicotina en este modelo es inusual: 0%, 12%, 13% y 15%. Para los mercados de la UE, el 0% es la acci\u00f3n m\u00e1s segura, ya que estas concentraciones m\u00e1s altas exceden los l\u00edmites est\u00e1ndar de TPD en la mayor\u00eda de los pa\u00edses de la UE. Si sus clientes se encuentran en mercados donde se permite una mayor cantidad de nicotina (Reino Unido, Medio Oriente, partes de Asia), las opciones del 12 al 15 % le dan a este dispositivo una fuerte ventaja sobre los competidores limitados al 2 al 5 %. <a href=\"https:\/\/holavape.com\/es\/contactanos\/\">Cont\u00e1ctenos<\/a> para obtener especificaciones exactas de la caja y detalles de la cotizaci\u00f3n de flete.<\/p>\n","protected":false},"excerpt":{"rendered":"<p>VAPME Digital 30000 MTL ofrece 30.000 caladas, una extracci\u00f3n mesh coil de 0,6 \u03a9 y una extracci\u00f3n MTL dise\u00f1ada para usuarios de boca a pulm\u00f3n. Con opciones de 0%\/12%\/13%\/15% de nicotina y 12 sabores, es una opci\u00f3n clara para nichos con mayor contenido de nicotina. \ud83c\udfaf<\/p>\n","protected":false},"featured_media":795,"comment_status":"open","ping_status":"closed","template":"","meta":[],"product_brand":[],"product_cat":[849],"product_tag":[],"class_list":{"0":"post-108943","1":"product","2":"type-product","3":"status-publish","4":"has-post-thumbnail","6":"product_cat-vapme-es","8":"first","9":"instock","10":"shipping-taxable","11":"purchasable","12":"product-type-variable","13":"has-default-attributes"},"tiered_pricing_type":"fixed","tiered_pricing_fixed_rules":{"30":8.7599999999999997868371792719699442386627197265625,"50":7.03000000000000024868995751603506505489349365234375,"100":6.4199999999999999289457264239899814128875732421875,"200":6.04999999999999982236431605997495353221893310546875,"400":5.61000000000000031974423109204508364200592041015625},"tiered_pricing_product_settings":{"layout":"default","base_unit_name":{"singular":null,"plural":null},"default_variation":null},"tiered_pricing_minimum_quantity":10,"tiered_pricing_roles_data":[],"tiered_pricing_percentage_rules":[],"tiered_pricing_maximum_quantity":null,"tiered_pricing_quantity_step":"10","_links":{"self":[{"href":"https:\/\/holavape.com\/es\/wp-json\/wp\/v2\/product\/108943","targetHints":{"allow":["GET"]}}],"collection":[{"href":"https:\/\/holavape.com\/es\/wp-json\/wp\/v2\/product"}],"about":[{"href":"https:\/\/holavape.com\/es\/wp-json\/wp\/v2\/types\/product"}],"replies":[{"embeddable":true,"href":"https:\/\/holavape.com\/es\/wp-json\/wp\/v2\/comments?post=108943"}],"wp:featuredmedia":[{"embeddable":true,"href":"https:\/\/holavape.com\/es\/wp-json\/wp\/v2\/media\/795"}],"wp:attachment":[{"href":"https:\/\/holavape.com\/es\/wp-json\/wp\/v2\/media?parent=108943"}],"wp:term":[{"taxonomy":"product_brand","embeddable":true,"href":"https:\/\/holavape.com\/es\/wp-json\/wp\/v2\/product_brand?post=108943"},{"taxonomy":"product_cat","embeddable":true,"href":"https:\/\/holavape.com\/es\/wp-json\/wp\/v2\/product_cat?post=108943"},{"taxonomy":"product_tag","embeddable":true,"href":"https:\/\/holavape.com\/es\/wp-json\/wp\/v2\/product_tag?post=108943"}],"curies":[{"name":"wp","href":"https:\/\/api.w.org\/{rel}","templated":true}]}}