{"id":128309,"date":"2026-04-17T06:39:45","date_gmt":"2026-04-17T06:39:45","guid":{"rendered":"https:\/\/holavape.com\/product\/mr-goodie-adjust-flavor-king-60k-disposable-vape\/"},"modified":"2026-04-21T07:43:49","modified_gmt":"2026-04-21T07:43:49","slug":"mr-goodie-adjust-flavor-king-60k-disposable-vape","status":"publish","type":"product","link":"https:\/\/holavape.com\/es\/producto\/mr-goodie-adjust-flavor-king-60k-disposable-vape\/","title":{"rendered":"Mr Goodie Adjust Flavor King 60K | 60000 inhalaciones, sabor ajustable, desechable al por mayor"},"content":{"rendered":"<h2>Mr.Goodie Adjust Flavor King 60K Disposable Vape Descripci\u00f3n general<\/h2>\n<p>Mr.Goodie Adjust Flavor King 60K Disposable Vape es un vaporizador desechable de alta capacidad dise\u00f1ado para compradores mayoristas que necesitan un rendimiento m\u00e1s duradero en un formato simple. Combina 60.000 bocanadas y 10 sabores en un formato que es f\u00e1cil de colocar en los estantes de las tiendas minoristas y en los pedidos al por mayor.<\/p>\n<p>La l\u00ednea de sabores abarca 10 sabores, lo que ayuda a que este modelo encaje perfectamente en surtidos de frutas, hielo, dulces y desechables de perfil mixto.<\/p>\n<h2>Aspectos destacados clave<\/h2>\n<ul>\n<li><strong>60.000 bocanadas<\/strong> para un formato de dispositivo m\u00e1s duradero<\/li>\n<li><strong>10 sabores<\/strong> para cubrir una gama de sabores m\u00e1s amplia<\/li>\n<li><strong>2% \/ 5%<\/strong> Opciones de nicotina para satisfacer las diferentes necesidades del mercado.<\/li>\n<\/ul>\n<h2>Presupuesto<\/h2>\n<table>\n<tbody>\n<tr>\n<td><strong>Nombre del producto<\/strong><\/td>\n<td>Mr.Goodie Adjust Flavor King 60K Disposable Vape<\/td>\n<\/tr>\n<tr>\n<td><strong>Conteo de bocanadas<\/strong><\/td>\n<td>60.000 bocanadas<\/td>\n<\/tr>\n<tr>\n<td><strong>Opciones de sabor<\/strong><\/td>\n<td>10 sabores<\/td>\n<\/tr>\n<tr>\n<td><strong>Fuerza de nicotina<\/strong><\/td>\n<td>2% \/ 5%<\/td>\n<\/tr>\n<\/tbody>\n<\/table>\n<h2>Opciones de sabor<\/h2>\n<p>Las opciones de sabores disponibles incluyen hielo de sand\u00eda y chicle y chicle de sand\u00eda, hielo de durazno jugoso y hielo de cola y hielo de cola de durazno, frambuesa azul y lim\u00f3n de cereza y lim\u00f3n de cereza de frambuesa azul, fresa y sand\u00eda y sand\u00eda de fresa, manzana verde y uva y uva de manzana verde, lim\u00f3n y caramelo arco\u00edris y caramelo arco\u00edris de lim\u00f3n, menta Miami y lim\u00f3n y menta lim\u00f3n, pi\u00f1a, coco, hielo energ\u00e9tico y bebida energ\u00e9tica de coco, y m\u00e1s. Esto ayuda a Mr.Goodie Ajustar Flavor King 60K a adaptarse a una mezcla m\u00e1s amplia de variedades de vaporizadores desechables de frutas, hielo, dulces y perfiles dulces.<\/p>\n","protected":false},"excerpt":{"rendered":"<p>Control de sabor ajustable, bobina mesh y 60000 inhalaciones \u2014 Mr Goodie Adjust Flavor King 60K llega al por mayor desde 10 unidades, ideal para tiendas y reventa a prosumer.<\/p>\n","protected":false},"featured_media":122837,"comment_status":"open","ping_status":"closed","template":"","meta":[],"product_brand":[],"product_cat":[777,641,704,650,659,686],"product_tag":[],"class_list":{"0":"post-128309","1":"product","2":"type-product","3":"status-publish","4":"has-post-thumbnail","6":"product_cat-mr-goodie-es","7":"product_cat-vapes-desechables-en-alemania-es","8":"product_cat-vapes-desechables-en-espana-es","9":"product_cat-vapes-desechables-en-hungria-es","10":"product_cat-vapes-desechables-en-italia-es","11":"product_cat-vapes-desechables-en-polonia-es","13":"first","14":"instock","15":"shipping-taxable","16":"purchasable","17":"product-type-variable","18":"has-default-attributes"},"tiered_pricing_type":"fixed","tiered_pricing_fixed_rules":[],"tiered_pricing_product_settings":{"layout":"default","base_unit_name":{"singular":null,"plural":null},"default_variation":null},"tiered_pricing_minimum_quantity":1000,"tiered_pricing_roles_data":[],"tiered_pricing_percentage_rules":[],"tiered_pricing_maximum_quantity":null,"tiered_pricing_quantity_step":"10","_links":{"self":[{"href":"https:\/\/holavape.com\/es\/wp-json\/wp\/v2\/product\/128309","targetHints":{"allow":["GET"]}}],"collection":[{"href":"https:\/\/holavape.com\/es\/wp-json\/wp\/v2\/product"}],"about":[{"href":"https:\/\/holavape.com\/es\/wp-json\/wp\/v2\/types\/product"}],"replies":[{"embeddable":true,"href":"https:\/\/holavape.com\/es\/wp-json\/wp\/v2\/comments?post=128309"}],"wp:featuredmedia":[{"embeddable":true,"href":"https:\/\/holavape.com\/es\/wp-json\/wp\/v2\/media\/122837"}],"wp:attachment":[{"href":"https:\/\/holavape.com\/es\/wp-json\/wp\/v2\/media?parent=128309"}],"wp:term":[{"taxonomy":"product_brand","embeddable":true,"href":"https:\/\/holavape.com\/es\/wp-json\/wp\/v2\/product_brand?post=128309"},{"taxonomy":"product_cat","embeddable":true,"href":"https:\/\/holavape.com\/es\/wp-json\/wp\/v2\/product_cat?post=128309"},{"taxonomy":"product_tag","embeddable":true,"href":"https:\/\/holavape.com\/es\/wp-json\/wp\/v2\/product_tag?post=128309"}],"curies":[{"name":"wp","href":"https:\/\/api.w.org\/{rel}","templated":true}]}}