{"id":128522,"date":"2026-04-17T06:42:31","date_gmt":"2026-04-17T06:42:31","guid":{"rendered":"https:\/\/holavape.com\/product\/qq-bang-180k-disposable-vape\/"},"modified":"2026-04-19T14:56:05","modified_gmt":"2026-04-19T14:56:05","slug":"qq-bang-180k-disposable-vape","status":"publish","type":"product","link":"https:\/\/holavape.com\/es\/producto\/qq-bang-180k-disposable-vape\/","title":{"rendered":"QQ Bang 180K vape desechable"},"content":{"rendered":"<h2>QQ Bang 180K Disposable Vape Descripci\u00f3n general<\/h2>\n<p>QQ Bang 180K Disposable Vape es un vaporizador desechable de m\u00faltiples sabores dise\u00f1ado para compradores mayoristas que necesitan m\u00e1s variedad de sabores en un solo dispositivo. Combina 180.000 inhalaciones, 60 ml de e-l\u00edquido y una bobina de malla en un formato que es f\u00e1cil de colocar en los estantes de las tiendas minoristas y en los pedidos al por mayor.<\/p>\n<p>La l\u00ednea de sabores abarca 13 sabores, lo que ayuda a que este modelo encaje perfectamente en surtidos de frutas, hielo, dulces y desechables de perfil mixto.<\/p>\n<h2>Aspectos destacados clave<\/h2>\n<ul>\n<li><strong>180.000 bocanadas<\/strong> para un formato de dispositivo m\u00e1s duradero<\/li>\n<li><strong>Cambio de sabor 4 en 1<\/strong> para m\u00e1s variedad sin SKU adicionales<\/li>\n<li><strong>e-l\u00edquido de 60 ml<\/strong> para respaldar un mayor n\u00famero de caladas y un uso diario m\u00e1s prolongado<\/li>\n<li><strong>bobina de malla<\/strong> para una salida de sabor m\u00e1s estable y un vapor m\u00e1s suave<\/li>\n<li><strong>13 sabores<\/strong> para cubrir una gama de sabores m\u00e1s amplia<\/li>\n<li><strong>2% \/ 5%<\/strong> Opciones de nicotina para satisfacer las diferentes necesidades del mercado.<\/li>\n<\/ul>\n<h2>Presupuesto<\/h2>\n<table>\n<tbody>\n<tr>\n<td><strong>Nombre del producto<\/strong><\/td>\n<td>QQ Bang 180K Disposable Vape<\/td>\n<\/tr>\n<tr>\n<td><strong>Conteo de bocanadas<\/strong><\/td>\n<td>180.000 bocanadas<\/td>\n<\/tr>\n<tr>\n<td><strong>Capacidad de l\u00edquido electr\u00f3nico<\/strong><\/td>\n<td>e-l\u00edquido de 60 ml<\/td>\n<\/tr>\n<tr>\n<td><strong>Bobina<\/strong><\/td>\n<td>bobina de malla<\/td>\n<\/tr>\n<tr>\n<td><strong>Sistema de sabor<\/strong><\/td>\n<td>Cambio de sabor 4 en 1<\/td>\n<\/tr>\n<tr>\n<td><strong>Fuerza de nicotina<\/strong><\/td>\n<td>2% \/ 5%<\/td>\n<\/tr>\n<\/tbody>\n<\/table>\n<h2>Opciones de sabor<\/h2>\n<p>Las opciones de sabores disponibles incluyen un sabor aleatorio (entrega r\u00e1pida), fruta tropical, hielo de melocot\u00f3n, bolos, sand\u00eda de fresa, mango, melocot\u00f3n, hielo de uva, bayas mixtas, ar\u00e1ndano Red Bull, hielo de sand\u00eda, aloe, manzana, frambuesa, lim\u00f3n, melocot\u00f3n y sand\u00eda, triple mango, hielo de ar\u00e1ndano, grosella negra, hielo de pi\u00f1a, melocot\u00f3n, hielo de pera, ar\u00e1ndano, sand\u00eda, hielo de cereza, kiwi, maracuy\u00e1, guayaba, hielo de drag\u00f3n negro, hielo de pl\u00e1tano, chicle de sand\u00eda, uva de ar\u00e1ndano y aloe mango. Mel\u00f3n, capuchino \/ helado de pi\u00f1a \/ ar\u00e1ndano, cereza y sand\u00eda, fruta del drag\u00f3n y m\u00e1s. Esto ayuda a que QQ Bang 180K se adapte a una mezcla m\u00e1s amplia de surtidos de vaporizadores desechables de frutas, hielo, dulces y perfil dulce.<\/p>\n","protected":false},"excerpt":{"rendered":"<p>QQ Bang 180000 ofrece 180 000 inhalaciones, cambio de sabor 4 en 1, e-l\u00edquido de 60 ml y rendimiento de bobina de malla. Una buena elecci\u00f3n de almac\u00e9n de la UE para compradores que desean m\u00e1s variedad en un solo dispositivo. \ud83c\udf08<\/p>\n","protected":false},"featured_media":122994,"comment_status":"open","ping_status":"closed","template":"","meta":[],"product_brand":[],"product_cat":[740,596,362,515,524,641,704,371,632,659,668,686,605,533],"product_tag":[956,961],"class_list":{"0":"post-128522","1":"product","2":"type-product","3":"status-publish","4":"has-post-thumbnail","6":"product_cat-bang-es","7":"product_cat-mejores-vapes-desechables-es","8":"product_cat-tipos-de-vapes-desechables-es","9":"product_cat-vape-desechable-100k-caladas-es","10":"product_cat-vapes-de-muchas-caladas-es","11":"product_cat-vapes-desechables-en-alemania-es","12":"product_cat-vapes-desechables-en-espana-es","13":"product_cat-vapes-desechables-en-europa-es","14":"product_cat-vapes-desechables-en-francia-es","15":"product_cat-vapes-desechables-en-italia-es","16":"product_cat-vapes-desechables-en-paises-bajos-es","17":"product_cat-vapes-desechables-en-polonia-es","18":"product_cat-vapes-desechables-recargables-baratos-es","19":"product_cat-vapes-recargables-es","20":"product_tag-4-in-1-flavor-vape","21":"product_tag-vape-desechable-de-alta-cantidad-de-caladas","23":"first","24":"instock","25":"shipping-taxable","26":"purchasable","27":"product-type-variable","28":"has-default-attributes"},"tiered_pricing_type":"fixed","tiered_pricing_fixed_rules":{"30":9.3800000000000007815970093361102044582366943359375,"50":7.79000000000000003552713678800500929355621337890625,"100":7.2599999999999997868371792719699442386627197265625,"200":6.5999999999999996447286321199499070644378662109375,"400":5.9900000000000002131628207280300557613372802734375},"tiered_pricing_product_settings":{"layout":"default","base_unit_name":{"singular":null,"plural":null},"default_variation":null},"tiered_pricing_minimum_quantity":10,"tiered_pricing_roles_data":[],"tiered_pricing_percentage_rules":[],"tiered_pricing_maximum_quantity":null,"tiered_pricing_quantity_step":"10","_links":{"self":[{"href":"https:\/\/holavape.com\/es\/wp-json\/wp\/v2\/product\/128522","targetHints":{"allow":["GET"]}}],"collection":[{"href":"https:\/\/holavape.com\/es\/wp-json\/wp\/v2\/product"}],"about":[{"href":"https:\/\/holavape.com\/es\/wp-json\/wp\/v2\/types\/product"}],"replies":[{"embeddable":true,"href":"https:\/\/holavape.com\/es\/wp-json\/wp\/v2\/comments?post=128522"}],"wp:featuredmedia":[{"embeddable":true,"href":"https:\/\/holavape.com\/es\/wp-json\/wp\/v2\/media\/122994"}],"wp:attachment":[{"href":"https:\/\/holavape.com\/es\/wp-json\/wp\/v2\/media?parent=128522"}],"wp:term":[{"taxonomy":"product_brand","embeddable":true,"href":"https:\/\/holavape.com\/es\/wp-json\/wp\/v2\/product_brand?post=128522"},{"taxonomy":"product_cat","embeddable":true,"href":"https:\/\/holavape.com\/es\/wp-json\/wp\/v2\/product_cat?post=128522"},{"taxonomy":"product_tag","embeddable":true,"href":"https:\/\/holavape.com\/es\/wp-json\/wp\/v2\/product_tag?post=128522"}],"curies":[{"name":"wp","href":"https:\/\/api.w.org\/{rel}","templated":true}]}}