{"id":128790,"date":"2026-04-17T06:42:08","date_gmt":"2026-04-17T06:42:08","guid":{"rendered":"https:\/\/holavape.com\/product\/happ-bar-mt50k-disposable-vape\/"},"modified":"2026-04-21T07:43:49","modified_gmt":"2026-04-21T07:43:49","slug":"happ-bar-mt50k-disposable-vape","status":"publish","type":"product","link":"https:\/\/holavape.com\/es\/producto\/happ-bar-mt50k-disposable-vape\/","title":{"rendered":"Happ Bar MT50K | 50000 inhalaciones, 45ml, pantalla LCD, mesh, 16 sabores, desechable al por mayor"},"content":{"rendered":"<h2>Happ Bar MT50K Disposable Vape Descripci\u00f3n general<\/h2>\n<p>Happ Bar MT50K Disposable Vape es un vaporizador desechable equipado con una pantalla dise\u00f1ado para compradores mayoristas que necesitan una sensaci\u00f3n m\u00e1s premium con el estado visible del dispositivo. Combina 50.000 inhalaciones, 45 ml de e-l\u00edquido y pantalla LCD en un formato que es f\u00e1cil de colocar en los estantes de las tiendas minoristas y en los pedidos al por mayor.<\/p>\n<p>La l\u00ednea de sabores abarca 16 sabores, lo que ayuda a que este modelo encaje perfectamente en surtidos de frutas, hielo, dulces y desechables de perfil mixto.<\/p>\n<h2>Aspectos destacados clave<\/h2>\n<ul>\n<li><strong>50.000 bocanadas<\/strong> para un formato de dispositivo m\u00e1s duradero<\/li>\n<li><strong>e-l\u00edquido de 45 ml<\/strong> para respaldar un mayor n\u00famero de caladas y un uso diario m\u00e1s prolongado<\/li>\n<li><strong>pantalla LCD<\/strong> para que los usuarios puedan verificar el estado clave del dispositivo m\u00e1s f\u00e1cilmente<\/li>\n<li><strong>16 sabores<\/strong> para cubrir una gama de sabores m\u00e1s amplia<\/li>\n<li><strong>2% \/ 5%<\/strong> Opciones de nicotina para satisfacer las diferentes necesidades del mercado.<\/li>\n<\/ul>\n<h2>Presupuesto<\/h2>\n<table>\n<tbody>\n<tr>\n<td><strong>Nombre del producto<\/strong><\/td>\n<td>Happ Bar MT50K Disposable Vape<\/td>\n<\/tr>\n<tr>\n<td><strong>Conteo de bocanadas<\/strong><\/td>\n<td>50.000 bocanadas<\/td>\n<\/tr>\n<tr>\n<td><strong>Capacidad de l\u00edquido electr\u00f3nico<\/strong><\/td>\n<td>e-l\u00edquido de 45 ml<\/td>\n<\/tr>\n<tr>\n<td><strong>Mostrar<\/strong><\/td>\n<td>pantalla LCD<\/td>\n<\/tr>\n<tr>\n<td><strong>Opciones de sabor<\/strong><\/td>\n<td>16 sabores<\/td>\n<\/tr>\n<tr>\n<td><strong>Fuerza de nicotina<\/strong><\/td>\n<td>2% \/ 5%<\/td>\n<\/tr>\n<\/tbody>\n<\/table>\n<h2>Opciones de sabor<\/h2>\n<p>Las opciones de sabores disponibles incluyen sabor mixto aleatorio (entrega r\u00e1pida), helado de fresa, kiwi de fresa, helado de fresa azul, helado de sand\u00eda, ron de pi\u00f1a, coco y lima, fresa Black Dragon, bomba de cereza y m\u00e1s. Esto ayuda a que Happ Bar MT50K se adapte a una mezcla m\u00e1s amplia de variedades de vaporizadores desechables de frutas, hielo, dulces y perfiles dulces.<\/p>\n","protected":false},"excerpt":{"rendered":"<p>Happ Bar MT50K mantiene a los clientes volviendo: 50000 inhalaciones, 45ml de e-l\u00edquido, pantalla LCD, bobina mesh y 16 sabores. Disponible al por mayor desde 10 unidades.<\/p>\n","protected":false},"featured_media":122953,"comment_status":"open","ping_status":"closed","template":"","meta":[],"product_brand":[],"product_cat":[596,362,560,569,524,641,704,371,632,659,668,686,605,533],"product_tag":[960],"class_list":{"0":"post-128790","1":"product","2":"type-product","3":"status-publish","4":"has-post-thumbnail","6":"product_cat-mejores-vapes-desechables-es","7":"product_cat-tipos-de-vapes-desechables-es","8":"product_cat-vapes-box-digitales-es","9":"product_cat-vapes-con-pantalla-inteligente-es","10":"product_cat-vapes-de-muchas-caladas-es","11":"product_cat-vapes-desechables-en-alemania-es","12":"product_cat-vapes-desechables-en-espana-es","13":"product_cat-vapes-desechables-en-europa-es","14":"product_cat-vapes-desechables-en-francia-es","15":"product_cat-vapes-desechables-en-italia-es","16":"product_cat-vapes-desechables-en-paises-bajos-es","17":"product_cat-vapes-desechables-en-polonia-es","18":"product_cat-vapes-desechables-recargables-baratos-es","19":"product_cat-vapes-recargables-es","20":"product_tag-vape-desechable-al-por-mayor","22":"first","23":"instock","24":"shipping-taxable","25":"purchasable","26":"product-type-variable","27":"has-default-attributes"},"tiered_pricing_type":"fixed","tiered_pricing_fixed_rules":{"100":6.96999999999999975131004248396493494510650634765625,"200":6.480000000000000426325641456060111522674560546875,"400":6.21999999999999975131004248396493494510650634765625},"tiered_pricing_product_settings":{"layout":"default","base_unit_name":{"singular":null,"plural":null},"default_variation":null},"tiered_pricing_minimum_quantity":50,"tiered_pricing_roles_data":[],"tiered_pricing_percentage_rules":[],"tiered_pricing_maximum_quantity":null,"tiered_pricing_quantity_step":"10","_links":{"self":[{"href":"https:\/\/holavape.com\/es\/wp-json\/wp\/v2\/product\/128790","targetHints":{"allow":["GET"]}}],"collection":[{"href":"https:\/\/holavape.com\/es\/wp-json\/wp\/v2\/product"}],"about":[{"href":"https:\/\/holavape.com\/es\/wp-json\/wp\/v2\/types\/product"}],"replies":[{"embeddable":true,"href":"https:\/\/holavape.com\/es\/wp-json\/wp\/v2\/comments?post=128790"}],"wp:featuredmedia":[{"embeddable":true,"href":"https:\/\/holavape.com\/es\/wp-json\/wp\/v2\/media\/122953"}],"wp:attachment":[{"href":"https:\/\/holavape.com\/es\/wp-json\/wp\/v2\/media?parent=128790"}],"wp:term":[{"taxonomy":"product_brand","embeddable":true,"href":"https:\/\/holavape.com\/es\/wp-json\/wp\/v2\/product_brand?post=128790"},{"taxonomy":"product_cat","embeddable":true,"href":"https:\/\/holavape.com\/es\/wp-json\/wp\/v2\/product_cat?post=128790"},{"taxonomy":"product_tag","embeddable":true,"href":"https:\/\/holavape.com\/es\/wp-json\/wp\/v2\/product_tag?post=128790"}],"curies":[{"name":"wp","href":"https:\/\/api.w.org\/{rel}","templated":true}]}}