{"id":129027,"date":"2026-04-17T06:44:25","date_gmt":"2026-04-17T06:44:25","guid":{"rendered":"https:\/\/holavape.com\/product\/bang-qq-100k-disposable-vape\/"},"modified":"2026-04-19T14:51:57","modified_gmt":"2026-04-19T14:51:57","slug":"bang-qq-100k-disposable-vape","status":"publish","type":"product","link":"https:\/\/holavape.com\/es\/producto\/bang-qq-100k-disposable-vape\/","title":{"rendered":"Bang QQ 100K vape desechable"},"content":{"rendered":"<h2>Bang QQ 100K Disposable Vape Descripci\u00f3n general<\/h2>\n<p>Bang QQ 100K Disposable Vape es un vaporizador desechable de alta capacidad dise\u00f1ado para compradores mayoristas que necesitan un rendimiento m\u00e1s duradero en un formato simple. Combina 100.000 inhalaciones, una bobina de malla de 1,0 ohmios y una bater\u00eda de 650 mAh en un formato que es f\u00e1cil de colocar en los estantes de las tiendas minoristas y en los pedidos al por mayor.<\/p>\n<p>La l\u00ednea de sabores abarca 12 sabores, lo que ayuda a que este modelo encaje perfectamente en surtidos de frutas, hielo, dulces y desechables de perfil mixto.<\/p>\n<h2>Aspectos destacados clave<\/h2>\n<ul>\n<li><strong>100.000 bocanadas<\/strong> para un formato de dispositivo m\u00e1s duradero<\/li>\n<li><strong>Bobina de malla de 1.0ohm<\/strong> para una salida de sabor m\u00e1s estable y un vapor m\u00e1s suave<\/li>\n<li><strong>Bater\u00eda de 650 mAh con Type-C recargable<\/strong> para una recarga c\u00f3moda<\/li>\n<li><strong>12 sabores<\/strong> para cubrir una gama de sabores m\u00e1s amplia<\/li>\n<li><strong>0% \/ 2% \/ 5%<\/strong> Opciones de nicotina para satisfacer las diferentes necesidades del mercado.<\/li>\n<\/ul>\n<h2>Presupuesto<\/h2>\n<table>\n<tbody>\n<tr>\n<td><strong>Nombre del producto<\/strong><\/td>\n<td>Bang QQ 100K Disposable Vape<\/td>\n<\/tr>\n<tr>\n<td><strong>Conteo de bocanadas<\/strong><\/td>\n<td>100.000 bocanadas<\/td>\n<\/tr>\n<tr>\n<td><strong>Bater\u00eda<\/strong><\/td>\n<td>bater\u00eda de 650 mAh<\/td>\n<\/tr>\n<tr>\n<td><strong>Cargando<\/strong><\/td>\n<td>Type-C recargable<\/td>\n<\/tr>\n<tr>\n<td><strong>Bobina<\/strong><\/td>\n<td>Bobina de malla de 1.0ohm<\/td>\n<\/tr>\n<tr>\n<td><strong>Opciones de sabor<\/strong><\/td>\n<td>12 sabores<\/td>\n<\/tr>\n<tr>\n<td><strong>Fuerza de nicotina<\/strong><\/td>\n<td>0% \/ 2% \/ 5%<\/td>\n<\/tr>\n<\/tbody>\n<\/table>\n<h2>Opciones de sabor<\/h2>\n<p>Las opciones de sabores disponibles incluyen hielo de durazno, hielo de sand\u00eda, frutas mixtas, sand\u00eda, mango, durazno, mamba de fresa, frambuesa de ar\u00e1ndano, hielo de uva, uva de manzana y m\u00e1s. Esto ayuda a que Bang QQ 100K se adapte a una mezcla m\u00e1s amplia de surtidos de vaporizadores desechables de frutas, hielo, dulces y perfiles dulces.<\/p>\n","protected":false},"excerpt":{"rendered":"<p>Bang QQ 100K ofrece 100.000 inhalaciones, bobina de malla de 1,0 ohmios, bater\u00eda recargable Type-C de 650 mAh y 12 sabores. Una buena elecci\u00f3n de almac\u00e9n de la UE para compradores que desean un rendimiento m\u00e1s duradero en un formato simple. \ud83d\udc8e<\/p>\n","protected":false},"featured_media":123158,"comment_status":"open","ping_status":"closed","template":"","meta":[],"product_brand":[],"product_cat":[740,596,515,524,371,605],"product_tag":[1126,1127,216,222,1116],"class_list":{"0":"post-129027","1":"product","2":"type-product","3":"status-publish","4":"has-post-thumbnail","6":"product_cat-bang-es","7":"product_cat-mejores-vapes-desechables-es","8":"product_cat-vape-desechable-100k-caladas-es","9":"product_cat-vapes-de-muchas-caladas-es","10":"product_cat-vapes-desechables-en-europa-es","11":"product_cat-vapes-desechables-recargables-baratos-es","12":"product_tag-bang-qq-100k","13":"product_tag-bang-qq-100k-disposable-vape","14":"product_tag-bang-vape","15":"product_tag-bang-vape-wholesale","16":"product_tag-qq-bang","18":"first","19":"instock","20":"shipping-taxable","21":"purchasable","22":"product-type-variable","23":"has-default-attributes"},"tiered_pricing_type":"fixed","tiered_pricing_fixed_rules":{"30":7.4000000000000003552713678800500929355621337890625,"50":6.339999999999999857891452847979962825775146484375,"100":5.80999999999999960920149533194489777088165283203125,"200":5.54999999999999982236431605997495353221893310546875,"400":4.82000000000000028421709430404007434844970703125},"tiered_pricing_product_settings":{"layout":"default","base_unit_name":{"singular":null,"plural":null},"default_variation":null},"tiered_pricing_minimum_quantity":10,"tiered_pricing_roles_data":[],"tiered_pricing_percentage_rules":[],"tiered_pricing_maximum_quantity":null,"tiered_pricing_quantity_step":"10","_links":{"self":[{"href":"https:\/\/holavape.com\/es\/wp-json\/wp\/v2\/product\/129027","targetHints":{"allow":["GET"]}}],"collection":[{"href":"https:\/\/holavape.com\/es\/wp-json\/wp\/v2\/product"}],"about":[{"href":"https:\/\/holavape.com\/es\/wp-json\/wp\/v2\/types\/product"}],"replies":[{"embeddable":true,"href":"https:\/\/holavape.com\/es\/wp-json\/wp\/v2\/comments?post=129027"}],"wp:featuredmedia":[{"embeddable":true,"href":"https:\/\/holavape.com\/es\/wp-json\/wp\/v2\/media\/123158"}],"wp:attachment":[{"href":"https:\/\/holavape.com\/es\/wp-json\/wp\/v2\/media?parent=129027"}],"wp:term":[{"taxonomy":"product_brand","embeddable":true,"href":"https:\/\/holavape.com\/es\/wp-json\/wp\/v2\/product_brand?post=129027"},{"taxonomy":"product_cat","embeddable":true,"href":"https:\/\/holavape.com\/es\/wp-json\/wp\/v2\/product_cat?post=129027"},{"taxonomy":"product_tag","embeddable":true,"href":"https:\/\/holavape.com\/es\/wp-json\/wp\/v2\/product_tag?post=129027"}],"curies":[{"name":"wp","href":"https:\/\/api.w.org\/{rel}","templated":true}]}}