{"id":133695,"date":"2026-04-17T06:18:11","date_gmt":"2026-04-17T06:18:11","guid":{"rendered":"https:\/\/holavape.com\/product\/fumot-randm-crystal-12k-disposable-vape\/"},"modified":"2026-04-19T16:45:56","modified_gmt":"2026-04-19T16:45:56","slug":"fumot-randm-crystal-12k-disposable-vape","status":"publish","type":"product","link":"https:\/\/holavape.com\/es\/producto\/fumot-randm-crystal-12k-disposable-vape\/","title":{"rendered":"FUMOT RandM Crystal 12K vape desechable"},"content":{"rendered":"<h2>FUMOT RandM Crystal 12K Disposable Vape Descripci\u00f3n general<\/h2>\n<p>FUMOT RandM Crystal 12K Disposable Vape es un vaporizador desechable centrado en exhibici\u00f3n dise\u00f1ado para compradores mayoristas que necesitan un mayor atractivo en los estantes sin complicar demasiado la gama. Combina 12.000 inhalaciones, 20 ml de e-l\u00edquido y una bobina de malla en un formato que es f\u00e1cil de colocar en los estantes de las tiendas minoristas y en los pedidos al por mayor.<\/p>\n<p>La l\u00ednea de sabores abarca 36 sabores, lo que ayuda a que este modelo encaje perfectamente en surtidos de frutas, hielo, dulces y desechables de perfil mixto.<\/p>\n<h2>Aspectos destacados clave<\/h2>\n<ul>\n<li><strong>12.000 bocanadas<\/strong> para un formato de dispositivo m\u00e1s duradero<\/li>\n<li><strong>e-l\u00edquido de 20 ml<\/strong> para respaldar un mayor n\u00famero de caladas y un uso diario m\u00e1s prolongado<\/li>\n<li><strong>bobina de malla<\/strong> para una salida de sabor m\u00e1s estable y un vapor m\u00e1s suave<\/li>\n<li><strong>pantalla LED<\/strong> para que los usuarios puedan verificar el estado clave del dispositivo m\u00e1s f\u00e1cilmente<\/li>\n<li><strong>36 sabores<\/strong> para cubrir una gama de sabores m\u00e1s amplia<\/li>\n<li><strong>2% \/ 5%<\/strong> Opciones de nicotina para satisfacer las diferentes necesidades del mercado.<\/li>\n<\/ul>\n<h2>Presupuesto<\/h2>\n<table>\n<tbody>\n<tr>\n<td><strong>Nombre del producto<\/strong><\/td>\n<td>FUMOT RandM Crystal 12K Disposable Vape<\/td>\n<\/tr>\n<tr>\n<td><strong>Conteo de bocanadas<\/strong><\/td>\n<td>12.000 bocanadas<\/td>\n<\/tr>\n<tr>\n<td><strong>Capacidad de l\u00edquido electr\u00f3nico<\/strong><\/td>\n<td>e-l\u00edquido de 20 ml<\/td>\n<\/tr>\n<tr>\n<td><strong>Bobina<\/strong><\/td>\n<td>bobina de malla<\/td>\n<\/tr>\n<tr>\n<td><strong>Mostrar<\/strong><\/td>\n<td>pantalla LED<\/td>\n<\/tr>\n<tr>\n<td><strong>Opciones de sabor<\/strong><\/td>\n<td>36 sabores<\/td>\n<\/tr>\n<tr>\n<td><strong>Fuerza de nicotina<\/strong><\/td>\n<td>2% \/ 5%<\/td>\n<\/tr>\n<\/tbody>\n<\/table>\n<h2>Opciones de sabor<\/h2>\n<p>Las opciones de sabores disponibles incluyen aloe uva, helado de pl\u00e1tano, cereza, frambuesa y bayas, helado de frambuesa azul, menta fresca, helado de cola, helado de fruta del drag\u00f3n, limonada rosa y m\u00e1s. Esto ayuda a FUMOT RandM Crystal 12K a adaptarse a una mezcla m\u00e1s amplia de variedades de vaporizadores desechables de frutas, hielo, dulces y perfiles dulces.<\/p>\n","protected":false},"excerpt":{"rendered":"<p>FUMOT RandM Crystal 12000 puffs ofrece 12 000 inhalaciones, 20 ml de e-l\u00edquido, pantalla LED y rendimiento de bobina de malla. Una opci\u00f3n lista para los compradores que desean un atractivo visual m\u00e1s fuerte sin perder especificaciones pr\u00e1cticas. \ud83d\udc8e<\/p>\n","protected":false},"featured_media":121385,"comment_status":"open","ping_status":"closed","template":"","meta":[],"product_brand":[],"product_cat":[551,813,362,434,560,569,524,641,614,623,704,371,632,650,659,677,668,686,695,713,722,353,533],"product_tag":[],"class_list":{"0":"post-133695","1":"product","2":"type-product","3":"status-publish","4":"has-post-thumbnail","6":"product_cat-crystal-vapes-es","7":"product_cat-randm-es","8":"product_cat-tipos-de-vapes-desechables-es","9":"product_cat-vape-desechable-12000-caladas-es","10":"product_cat-vapes-box-digitales-es","11":"product_cat-vapes-con-pantalla-inteligente-es","12":"product_cat-vapes-de-muchas-caladas-es","13":"product_cat-vapes-desechables-en-alemania-es","14":"product_cat-vapes-desechables-en-austria-es","15":"product_cat-vapes-desechables-en-belgica-es","16":"product_cat-vapes-desechables-en-espana-es","17":"product_cat-vapes-desechables-en-europa-es","18":"product_cat-vapes-desechables-en-francia-es","19":"product_cat-vapes-desechables-en-hungria-es","20":"product_cat-vapes-desechables-en-italia-es","21":"product_cat-vapes-desechables-en-noruega-es","22":"product_cat-vapes-desechables-en-paises-bajos-es","23":"product_cat-vapes-desechables-en-polonia-es","24":"product_cat-vapes-desechables-en-portugal-es","25":"product_cat-vapes-desechables-en-suecia-es","26":"product_cat-vapes-desechables-en-suiza-es","27":"product_cat-vapes-desechables-por-numero-de-caladas-es","28":"product_cat-vapes-recargables-es","30":"first","31":"instock","32":"shipping-taxable","33":"purchasable","34":"product-type-variable","35":"has-default-attributes"},"tiered_pricing_type":"fixed","tiered_pricing_fixed_rules":{"2000":5.0999999999999996447286321199499070644378662109375},"tiered_pricing_product_settings":{"layout":"default","base_unit_name":{"singular":null,"plural":null},"default_variation":null},"tiered_pricing_minimum_quantity":1000,"tiered_pricing_roles_data":[],"tiered_pricing_percentage_rules":[],"tiered_pricing_maximum_quantity":null,"tiered_pricing_quantity_step":"10","_links":{"self":[{"href":"https:\/\/holavape.com\/es\/wp-json\/wp\/v2\/product\/133695","targetHints":{"allow":["GET"]}}],"collection":[{"href":"https:\/\/holavape.com\/es\/wp-json\/wp\/v2\/product"}],"about":[{"href":"https:\/\/holavape.com\/es\/wp-json\/wp\/v2\/types\/product"}],"replies":[{"embeddable":true,"href":"https:\/\/holavape.com\/es\/wp-json\/wp\/v2\/comments?post=133695"}],"wp:featuredmedia":[{"embeddable":true,"href":"https:\/\/holavape.com\/es\/wp-json\/wp\/v2\/media\/121385"}],"wp:attachment":[{"href":"https:\/\/holavape.com\/es\/wp-json\/wp\/v2\/media?parent=133695"}],"wp:term":[{"taxonomy":"product_brand","embeddable":true,"href":"https:\/\/holavape.com\/es\/wp-json\/wp\/v2\/product_brand?post=133695"},{"taxonomy":"product_cat","embeddable":true,"href":"https:\/\/holavape.com\/es\/wp-json\/wp\/v2\/product_cat?post=133695"},{"taxonomy":"product_tag","embeddable":true,"href":"https:\/\/holavape.com\/es\/wp-json\/wp\/v2\/product_tag?post=133695"}],"curies":[{"name":"wp","href":"https:\/\/api.w.org\/{rel}","templated":true}]}}