{"id":133784,"date":"2026-04-17T06:32:15","date_gmt":"2026-04-17T06:32:15","guid":{"rendered":"https:\/\/holavape.com\/product\/waspe-40k-twins-disposable-vape\/"},"modified":"2026-04-19T15:15:41","modified_gmt":"2026-04-19T15:15:41","slug":"waspe-40k-twins-disposable-vape","status":"publish","type":"product","link":"https:\/\/holavape.com\/es\/producto\/waspe-40k-twins-disposable-vape\/","title":{"rendered":"WASPE 40K Twins vape desechable"},"content":{"rendered":"<h2>WASPE 40K Twins Disposable Vape Descripci\u00f3n general<\/h2>\n<p>WASPE 40K Twins Disposable Vape es un vaporizador desechable de m\u00faltiples sabores dise\u00f1ado para compradores mayoristas que necesitan m\u00e1s variedad de sabores en un solo dispositivo. Combina 40.000 inhalaciones, 36 ml de e-l\u00edquido y bobinas de malla doble en un formato que es f\u00e1cil de colocar en los estantes de las tiendas minoristas y en los pedidos al por mayor.<\/p>\n<p>La versi\u00f3n predeterminada al 2% est\u00e1 almacenada en nuestro almac\u00e9n de la UE para una entrega m\u00e1s r\u00e1pida en toda Europa, lo que facilita el apoyo a un reabastecimiento mayorista m\u00e1s r\u00e1pido.<\/p>\n<h2>Aspectos destacados clave<\/h2>\n<ul>\n<li><strong>40.000 bocanadas<\/strong> para un formato de dispositivo m\u00e1s duradero<\/li>\n<li><strong>Cambio de doble sabor<\/strong> para m\u00e1s variedad sin SKU adicionales<\/li>\n<li><strong>e-l\u00edquido de 36 ml<\/strong> para respaldar un mayor n\u00famero de caladas y un uso diario m\u00e1s prolongado<\/li>\n<li><strong>bobinas de malla dual<\/strong> para una salida de sabor m\u00e1s estable y un vapor m\u00e1s suave<\/li>\n<li><strong>21 sabores<\/strong> para cubrir una gama de sabores m\u00e1s amplia<\/li>\n<li><strong>0% \/ 2% \/ 5%<\/strong> Opciones de nicotina para satisfacer las diferentes necesidades del mercado.<\/li>\n<\/ul>\n<h2>Presupuesto<\/h2>\n<table>\n<tbody>\n<tr>\n<td><strong>Nombre del producto<\/strong><\/td>\n<td>WASPE 40K Twins Disposable Vape<\/td>\n<\/tr>\n<tr>\n<td><strong>Conteo de bocanadas<\/strong><\/td>\n<td>40.000 bocanadas<\/td>\n<\/tr>\n<tr>\n<td><strong>Capacidad de l\u00edquido electr\u00f3nico<\/strong><\/td>\n<td>e-l\u00edquido de 36 ml<\/td>\n<\/tr>\n<tr>\n<td><strong>Bobina<\/strong><\/td>\n<td>bobinas de malla dual<\/td>\n<\/tr>\n<tr>\n<td><strong>Sistema de sabor<\/strong><\/td>\n<td>cambio de doble sabor<\/td>\n<\/tr>\n<tr>\n<td><strong>Fuerza de nicotina<\/strong><\/td>\n<td>0% \/ 2% \/ 5%<\/td>\n<\/tr>\n<\/tbody>\n<\/table>\n<h2>Opciones de sabor<\/h2>\n<p>Las opciones de sabores disponibles incluyen sabores mixtos aleatorios, hielo de sand\u00eda y lima lim\u00f3n, hielo de cereza gaseosa y algod\u00f3n de az\u00facar de ar\u00e1ndanos, hielo de fresa, sand\u00eda y frambuesa de ar\u00e1ndanos, hielo de Red Bull y mango de fresa, hielo de durazno y mango de pi\u00f1a, durazno, hielo de uva y kiwi de fresa, bayas mixtas y hielo doble de manzana, y m\u00e1s. Esto ayuda a WASPE 40K Twins a adaptarse a una mezcla m\u00e1s amplia de surtidos de vaporizadores desechables de frutas, hielo, dulces y perfil dulce.<\/p>\n","protected":false},"excerpt":{"rendered":"<p>WASPE 40K Double Flavor Twins Paquetes de 40,000 inhalaciones, 40,000 inhalaciones, cambio de sabor dual, e-l\u00edquido de 36 ml y resistencias de malla doble. Una buena elecci\u00f3n de almac\u00e9n de la UE para compradores que desean m\u00e1s variedad en un solo dispositivo. \ud83c\udf08<\/p>\n","protected":false},"featured_media":122439,"comment_status":"open","ping_status":"closed","template":"","meta":[],"product_brand":[],"product_cat":[596,362,497,560,569,524,641,614,623,704,371,632,650,659,677,668,686,695,380,713,722,353,605,587,533,876],"product_tag":[165,1100,1101,1102,1103,1104],"class_list":{"0":"post-133784","1":"product","2":"type-product","3":"status-publish","4":"has-post-thumbnail","6":"product_cat-mejores-vapes-desechables-es","7":"product_cat-tipos-de-vapes-desechables-es","8":"product_cat-vape-desechable-40000-caladas-es","9":"product_cat-vapes-box-digitales-es","10":"product_cat-vapes-con-pantalla-inteligente-es","11":"product_cat-vapes-de-muchas-caladas-es","12":"product_cat-vapes-desechables-en-alemania-es","13":"product_cat-vapes-desechables-en-austria-es","14":"product_cat-vapes-desechables-en-belgica-es","15":"product_cat-vapes-desechables-en-espana-es","16":"product_cat-vapes-desechables-en-europa-es","17":"product_cat-vapes-desechables-en-francia-es","18":"product_cat-vapes-desechables-en-hungria-es","19":"product_cat-vapes-desechables-en-italia-es","20":"product_cat-vapes-desechables-en-noruega-es","21":"product_cat-vapes-desechables-en-paises-bajos-es","22":"product_cat-vapes-desechables-en-polonia-es","23":"product_cat-vapes-desechables-en-portugal-es","24":"product_cat-vapes-desechables-en-stock-en-almacen-ue-es","25":"product_cat-vapes-desechables-en-suecia-es","26":"product_cat-vapes-desechables-en-suiza-es","27":"product_cat-vapes-desechables-por-numero-de-caladas-es","28":"product_cat-vapes-desechables-recargables-baratos-es","29":"product_cat-vapes-doble-sabor-es","30":"product_cat-vapes-recargables-es","31":"product_cat-waspe-es","32":"product_tag-best-disposable-vapes","33":"product_tag-disposable-vape-in-europe","34":"product_tag-screen-vape","35":"product_tag-vape-suppliers","36":"product_tag-wholesale-vapes","37":"product_tag-wholesale-vapor","39":"first","40":"instock","41":"shipping-taxable","42":"purchasable","43":"product-type-variable","44":"has-default-attributes"},"tiered_pricing_type":"fixed","tiered_pricing_fixed_rules":{"30":8.230000000000000426325641456060111522674560546875,"50":7.12999999999999989341858963598497211933135986328125,"100":6.61000000000000031974423109204508364200592041015625,"200":6.21999999999999975131004248396493494510650634765625,"400":5.63999999999999968025576890795491635799407958984375},"tiered_pricing_product_settings":{"layout":"default","base_unit_name":{"singular":null,"plural":null},"default_variation":null},"tiered_pricing_minimum_quantity":10,"tiered_pricing_roles_data":[],"tiered_pricing_percentage_rules":[],"tiered_pricing_maximum_quantity":null,"tiered_pricing_quantity_step":"10","_links":{"self":[{"href":"https:\/\/holavape.com\/es\/wp-json\/wp\/v2\/product\/133784","targetHints":{"allow":["GET"]}}],"collection":[{"href":"https:\/\/holavape.com\/es\/wp-json\/wp\/v2\/product"}],"about":[{"href":"https:\/\/holavape.com\/es\/wp-json\/wp\/v2\/types\/product"}],"replies":[{"embeddable":true,"href":"https:\/\/holavape.com\/es\/wp-json\/wp\/v2\/comments?post=133784"}],"wp:featuredmedia":[{"embeddable":true,"href":"https:\/\/holavape.com\/es\/wp-json\/wp\/v2\/media\/122439"}],"wp:attachment":[{"href":"https:\/\/holavape.com\/es\/wp-json\/wp\/v2\/media?parent=133784"}],"wp:term":[{"taxonomy":"product_brand","embeddable":true,"href":"https:\/\/holavape.com\/es\/wp-json\/wp\/v2\/product_brand?post=133784"},{"taxonomy":"product_cat","embeddable":true,"href":"https:\/\/holavape.com\/es\/wp-json\/wp\/v2\/product_cat?post=133784"},{"taxonomy":"product_tag","embeddable":true,"href":"https:\/\/holavape.com\/es\/wp-json\/wp\/v2\/product_tag?post=133784"}],"curies":[{"name":"wp","href":"https:\/\/api.w.org\/{rel}","templated":true}]}}