{"id":135331,"date":"2026-04-17T06:27:25","date_gmt":"2026-04-17T06:27:25","guid":{"rendered":"https:\/\/holavape.com\/product\/hzko-supernova-25k-disposable-vape\/"},"modified":"2026-04-21T07:56:00","modified_gmt":"2026-04-21T07:56:00","slug":"hzko-supernova-25k-disposable-vape","status":"publish","type":"product","link":"https:\/\/holavape.com\/es\/producto\/hzko-supernova-25k-disposable-vape\/","title":{"rendered":"HZKO Supernova 25K | 25000 inhalaciones, 25ml e-l\u00edquido, digital display, 13 sabores, desechable al por mayor"},"content":{"rendered":"<h2>HZKO Supernova 25K Disposable Vape Descripci\u00f3n general<\/h2>\n<p>HZKO Supernova 25K Disposable Vape es un vaporizador desechable equipado con una pantalla dise\u00f1ado para compradores mayoristas que necesitan una sensaci\u00f3n m\u00e1s premium con el estado visible del dispositivo. Combina 25.000 inhalaciones, 25 ml de e-l\u00edquido y una bobina de malla en un formato que es f\u00e1cil de colocar en los estantes de las tiendas minoristas y en los pedidos al por mayor.<\/p>\n<p>La l\u00ednea de sabores abarca 12 sabores, lo que ayuda a que este modelo encaje perfectamente en surtidos de frutas, hielo, dulces y desechables de perfil mixto.<\/p>\n<h2>Aspectos destacados clave<\/h2>\n<ul>\n<li><strong>25.000 bocanadas<\/strong> para un formato de dispositivo m\u00e1s duradero<\/li>\n<li><strong>e-l\u00edquido de 25 ml<\/strong> para respaldar un mayor n\u00famero de caladas y un uso diario m\u00e1s prolongado<\/li>\n<li><strong>bobina de malla<\/strong> para una salida de sabor m\u00e1s estable y un vapor m\u00e1s suave<\/li>\n<li><strong>pantalla inteligente<\/strong> para que los usuarios puedan verificar el estado clave del dispositivo m\u00e1s f\u00e1cilmente<\/li>\n<li><strong>Bater\u00eda de 850 mAh con Type-C recargable<\/strong> para una recarga c\u00f3moda<\/li>\n<li><strong>flujo de aire ajustable<\/strong> para un estilo de dibujo m\u00e1s flexible<\/li>\n<\/ul>\n<h2>Presupuesto<\/h2>\n<table>\n<tbody>\n<tr>\n<td><strong>Nombre del producto<\/strong><\/td>\n<td>HZKO Supernova 25K Disposable Vape<\/td>\n<\/tr>\n<tr>\n<td><strong>Conteo de bocanadas<\/strong><\/td>\n<td>25.000 bocanadas<\/td>\n<\/tr>\n<tr>\n<td><strong>Capacidad de l\u00edquido electr\u00f3nico<\/strong><\/td>\n<td>e-l\u00edquido de 25 ml<\/td>\n<\/tr>\n<tr>\n<td><strong>Bater\u00eda<\/strong><\/td>\n<td>bater\u00eda de 850mah<\/td>\n<\/tr>\n<tr>\n<td><strong>Cargando<\/strong><\/td>\n<td>Type-C recargable<\/td>\n<\/tr>\n<tr>\n<td><strong>Bobina<\/strong><\/td>\n<td>bobina de malla<\/td>\n<\/tr>\n<tr>\n<td><strong>Mostrar<\/strong><\/td>\n<td>pantalla inteligente<\/td>\n<\/tr>\n<tr>\n<td><strong>flujo de aire<\/strong><\/td>\n<td>flujo de aire ajustable<\/td>\n<\/tr>\n<tr>\n<td><strong>Opciones de sabor<\/strong><\/td>\n<td>12 sabores<\/td>\n<\/tr>\n<tr>\n<td><strong>Fuerza de nicotina<\/strong><\/td>\n<td>0% \/ 2% \/ 3% \/ 5%<\/td>\n<\/tr>\n<\/tbody>\n<\/table>\n<h2>Opciones de sabor<\/h2>\n<p>Las opciones de sabores disponibles incluyen Peach Blue Slushy, Grapefruit Refresher, Sour Mango Pineapple, Lime Berry Orange, Watermelon Ice, Miami Mint, Blue Raspberry Ice, Blackberry B-pop y m\u00e1s. Esto ayuda a que HZKO Supernova 25K se adapte a una mezcla m\u00e1s amplia de variedades de vaporizadores desechables de frutas, hielo, dulces y perfiles dulces.<\/p>\n","protected":false},"excerpt":{"rendered":"<p>Rendimiento estable y 25000 inhalaciones \u2014 HZKO Supernova 25K ofrece 25ml e-l\u00edquido y digital display. Stock al por mayor desde 10 unidades.<\/p>\n","protected":false},"featured_media":121937,"comment_status":"open","ping_status":"closed","template":"","meta":[],"product_brand":[],"product_cat":[362,479,560,569,524,641,614,623,704,371,632,650,659,677,668,686,695,713,722,353,578,533],"product_tag":[],"class_list":{"0":"post-135331","1":"product","2":"type-product","3":"status-publish","4":"has-post-thumbnail","6":"product_cat-tipos-de-vapes-desechables-es","7":"product_cat-vape-desechable-25000-caladas-es","8":"product_cat-vapes-box-digitales-es","9":"product_cat-vapes-con-pantalla-inteligente-es","10":"product_cat-vapes-de-muchas-caladas-es","11":"product_cat-vapes-desechables-en-alemania-es","12":"product_cat-vapes-desechables-en-austria-es","13":"product_cat-vapes-desechables-en-belgica-es","14":"product_cat-vapes-desechables-en-espana-es","15":"product_cat-vapes-desechables-en-europa-es","16":"product_cat-vapes-desechables-en-francia-es","17":"product_cat-vapes-desechables-en-hungria-es","18":"product_cat-vapes-desechables-en-italia-es","19":"product_cat-vapes-desechables-en-noruega-es","20":"product_cat-vapes-desechables-en-paises-bajos-es","21":"product_cat-vapes-desechables-en-polonia-es","22":"product_cat-vapes-desechables-en-portugal-es","23":"product_cat-vapes-desechables-en-suecia-es","24":"product_cat-vapes-desechables-en-suiza-es","25":"product_cat-vapes-desechables-por-numero-de-caladas-es","26":"product_cat-vapes-dual-mesh-es","27":"product_cat-vapes-recargables-es","29":"first","30":"instock","31":"shipping-taxable","32":"purchasable","33":"product-type-variable","34":"has-default-attributes"},"tiered_pricing_type":"fixed","tiered_pricing_fixed_rules":{"2000":6.9900000000000002131628207280300557613372802734375},"tiered_pricing_product_settings":{"layout":"default","base_unit_name":{"singular":null,"plural":null},"default_variation":null},"tiered_pricing_minimum_quantity":1000,"tiered_pricing_roles_data":[],"tiered_pricing_percentage_rules":[],"tiered_pricing_maximum_quantity":null,"tiered_pricing_quantity_step":"10","_links":{"self":[{"href":"https:\/\/holavape.com\/es\/wp-json\/wp\/v2\/product\/135331","targetHints":{"allow":["GET"]}}],"collection":[{"href":"https:\/\/holavape.com\/es\/wp-json\/wp\/v2\/product"}],"about":[{"href":"https:\/\/holavape.com\/es\/wp-json\/wp\/v2\/types\/product"}],"replies":[{"embeddable":true,"href":"https:\/\/holavape.com\/es\/wp-json\/wp\/v2\/comments?post=135331"}],"wp:featuredmedia":[{"embeddable":true,"href":"https:\/\/holavape.com\/es\/wp-json\/wp\/v2\/media\/121937"}],"wp:attachment":[{"href":"https:\/\/holavape.com\/es\/wp-json\/wp\/v2\/media?parent=135331"}],"wp:term":[{"taxonomy":"product_brand","embeddable":true,"href":"https:\/\/holavape.com\/es\/wp-json\/wp\/v2\/product_brand?post=135331"},{"taxonomy":"product_cat","embeddable":true,"href":"https:\/\/holavape.com\/es\/wp-json\/wp\/v2\/product_cat?post=135331"},{"taxonomy":"product_tag","embeddable":true,"href":"https:\/\/holavape.com\/es\/wp-json\/wp\/v2\/product_tag?post=135331"}],"curies":[{"name":"wp","href":"https:\/\/api.w.org\/{rel}","templated":true}]}}