{"id":137405,"date":"2026-04-17T06:17:30","date_gmt":"2026-04-17T06:17:30","guid":{"rendered":"https:\/\/holavape.com\/product\/fumot-randm-supbliss-bingo-8k-disposable-vape\/"},"modified":"2026-04-21T07:56:17","modified_gmt":"2026-04-21T07:56:17","slug":"fumot-randm-supbliss-bingo-8k-disposable-vape","status":"publish","type":"product","link":"https:\/\/holavape.com\/es\/producto\/fumot-randm-supbliss-bingo-8k-disposable-vape\/","title":{"rendered":"FUMOT RandM Supbliss Bingo 8K | 8000 inhalaciones, 16ml e-l\u00edquido, 600mAh, 21 sabores, desechable al por mayor"},"content":{"rendered":"<h2>FUMOT RandM Supbliss Bingo 8K Disposable Vape Descripci\u00f3n general<\/h2>\n<p>FUMOT RandM Supbliss Bingo 8K Disposable Vape es un vaporizador desechable compacto dise\u00f1ado para compradores mayoristas que necesitan un SKU b\u00e1sico compacto con f\u00e1cil rotaci\u00f3n. Combina 8000 inhalaciones, 16 ml de e-l\u00edquido y una bater\u00eda de 600 mAh en un formato que es f\u00e1cil de colocar en los estantes de las tiendas minoristas y en los pedidos al por mayor.<\/p>\n<p>La l\u00ednea de sabores abarca 20 sabores, lo que ayuda a que este modelo encaje perfectamente en surtidos de frutas, hielo, dulces y desechables de perfil mixto.<\/p>\n<h2>Aspectos destacados clave<\/h2>\n<ul>\n<li><strong>8.000 bocanadas<\/strong> para un formato de dispositivo m\u00e1s duradero<\/li>\n<li><strong>e-l\u00edquido de 16 ml<\/strong> para respaldar un mayor n\u00famero de caladas y un uso diario m\u00e1s prolongado<\/li>\n<li><strong>bater\u00eda de 600 mAh<\/strong> para un uso diario m\u00e1s confiable<\/li>\n<li><strong>20 sabores<\/strong> para cubrir una gama de sabores m\u00e1s amplia<\/li>\n<li><strong>0% \/ 2% \/ 5%<\/strong> Opciones de nicotina para satisfacer las diferentes necesidades del mercado.<\/li>\n<\/ul>\n<h2>Presupuesto<\/h2>\n<table>\n<tbody>\n<tr>\n<td><strong>Nombre del producto<\/strong><\/td>\n<td>FUMOT RandM Supbliss Bingo 8K Disposable Vape<\/td>\n<\/tr>\n<tr>\n<td><strong>Conteo de bocanadas<\/strong><\/td>\n<td>8.000 bocanadas<\/td>\n<\/tr>\n<tr>\n<td><strong>Capacidad de l\u00edquido electr\u00f3nico<\/strong><\/td>\n<td>e-l\u00edquido de 16 ml<\/td>\n<\/tr>\n<tr>\n<td><strong>Bater\u00eda<\/strong><\/td>\n<td>bater\u00eda de 600 mAh<\/td>\n<\/tr>\n<tr>\n<td><strong>Opciones de sabor<\/strong><\/td>\n<td>20 sabores<\/td>\n<\/tr>\n<tr>\n<td><strong>Fuerza de nicotina<\/strong><\/td>\n<td>0% \/ 2% \/ 5%<\/td>\n<\/tr>\n<\/tbody>\n<\/table>\n<h2>Opciones de sabor<\/h2>\n<p>Las opciones de sabores disponibles incluyen bebida energ\u00e9tica, kiwi de fresa, sand\u00eda de fresa, helado de fresa, mel\u00f3n dulce, mezcla de frutas, mango de fresa, lim\u00f3n rosado y m\u00e1s. Esto ayuda a FUMOT RandM Supbliss Bingo 8K a adaptarse a una mezcla m\u00e1s amplia de variedades de vaporizadores desechables de frutas, hielo, dulces y perfiles dulces.<\/p>\n","protected":false},"excerpt":{"rendered":"<p>8000 inhalaciones, 16ml e-l\u00edquido, 600mAh \u2014 FUMOT RandM Supbliss Bingo 8K est\u00e1 disponible al por mayor desde 10 unidades, ideal para tiendas y revendedores europeos.<\/p>\n","protected":false},"featured_media":121302,"comment_status":"open","ping_status":"closed","template":"","meta":[],"product_brand":[],"product_cat":[813,362,407,524,641,614,623,704,371,632,650,659,677,668,686,695,713,722,353],"product_tag":[],"class_list":{"0":"post-137405","1":"product","2":"type-product","3":"status-publish","4":"has-post-thumbnail","6":"product_cat-randm-es","7":"product_cat-tipos-de-vapes-desechables-es","8":"product_cat-vape-desechable-8000-caladas-es","9":"product_cat-vapes-de-muchas-caladas-es","10":"product_cat-vapes-desechables-en-alemania-es","11":"product_cat-vapes-desechables-en-austria-es","12":"product_cat-vapes-desechables-en-belgica-es","13":"product_cat-vapes-desechables-en-espana-es","14":"product_cat-vapes-desechables-en-europa-es","15":"product_cat-vapes-desechables-en-francia-es","16":"product_cat-vapes-desechables-en-hungria-es","17":"product_cat-vapes-desechables-en-italia-es","18":"product_cat-vapes-desechables-en-noruega-es","19":"product_cat-vapes-desechables-en-paises-bajos-es","20":"product_cat-vapes-desechables-en-polonia-es","21":"product_cat-vapes-desechables-en-portugal-es","22":"product_cat-vapes-desechables-en-suecia-es","23":"product_cat-vapes-desechables-en-suiza-es","24":"product_cat-vapes-desechables-por-numero-de-caladas-es","26":"first","27":"instock","28":"shipping-taxable","29":"purchasable","30":"product-type-variable","31":"has-default-attributes"},"tiered_pricing_type":"fixed","tiered_pricing_fixed_rules":{"2000":9.5},"tiered_pricing_product_settings":{"layout":"default","base_unit_name":{"singular":null,"plural":null},"default_variation":null},"tiered_pricing_minimum_quantity":1000,"tiered_pricing_roles_data":[],"tiered_pricing_percentage_rules":[],"tiered_pricing_maximum_quantity":null,"tiered_pricing_quantity_step":"10","_links":{"self":[{"href":"https:\/\/holavape.com\/es\/wp-json\/wp\/v2\/product\/137405","targetHints":{"allow":["GET"]}}],"collection":[{"href":"https:\/\/holavape.com\/es\/wp-json\/wp\/v2\/product"}],"about":[{"href":"https:\/\/holavape.com\/es\/wp-json\/wp\/v2\/types\/product"}],"replies":[{"embeddable":true,"href":"https:\/\/holavape.com\/es\/wp-json\/wp\/v2\/comments?post=137405"}],"wp:featuredmedia":[{"embeddable":true,"href":"https:\/\/holavape.com\/es\/wp-json\/wp\/v2\/media\/121302"}],"wp:attachment":[{"href":"https:\/\/holavape.com\/es\/wp-json\/wp\/v2\/media?parent=137405"}],"wp:term":[{"taxonomy":"product_brand","embeddable":true,"href":"https:\/\/holavape.com\/es\/wp-json\/wp\/v2\/product_brand?post=137405"},{"taxonomy":"product_cat","embeddable":true,"href":"https:\/\/holavape.com\/es\/wp-json\/wp\/v2\/product_cat?post=137405"},{"taxonomy":"product_tag","embeddable":true,"href":"https:\/\/holavape.com\/es\/wp-json\/wp\/v2\/product_tag?post=137405"}],"curies":[{"name":"wp","href":"https:\/\/api.w.org\/{rel}","templated":true}]}}