{"id":139024,"date":"2026-04-17T06:15:38","date_gmt":"2026-04-17T06:15:38","guid":{"rendered":"https:\/\/holavape.com\/product\/randm-tornado-9k-disposable-vape\/"},"modified":"2026-04-19T16:50:24","modified_gmt":"2026-04-19T16:50:24","slug":"randm-tornado-9k-disposable-vape","status":"publish","type":"product","link":"https:\/\/holavape.com\/es\/producto\/randm-tornado-9k-disposable-vape\/","title":{"rendered":"RandM Tornado 9K vape desechable"},"content":{"rendered":"<h2>RandM Tornado 9K Disposable Vape Descripci\u00f3n general<\/h2>\n<p>RandM Tornado 9K Disposable Vape es un vaporizador desechable compacto dise\u00f1ado para compradores mayoristas que necesitan un SKU compacto de nivel b\u00e1sico con f\u00e1cil rotaci\u00f3n. Combina 9000 inhalaciones, 18 ml de e-l\u00edquido y una bater\u00eda de 850 mAh en un formato que es f\u00e1cil de colocar en los estantes de las tiendas minoristas y en los pedidos al por mayor.<\/p>\n<p>La l\u00ednea de sabores abarca 42 sabores, lo que ayuda a que este modelo encaje perfectamente en surtidos de frutas, hielo, dulces y desechables de perfil mixto.<\/p>\n<h2>Aspectos destacados clave<\/h2>\n<ul>\n<li><strong>9.000 bocanadas<\/strong> para un formato de dispositivo m\u00e1s duradero<\/li>\n<li><strong>e-l\u00edquido de 18 ml<\/strong> para respaldar un mayor n\u00famero de caladas y un uso diario m\u00e1s prolongado<\/li>\n<li><strong>bater\u00eda de 850mah<\/strong> para un uso diario m\u00e1s confiable<\/li>\n<li><strong>42 sabores<\/strong> para cubrir una gama de sabores m\u00e1s amplia<\/li>\n<li><strong>2% \/ 5%<\/strong> Opciones de nicotina para satisfacer las diferentes necesidades del mercado.<\/li>\n<\/ul>\n<h2>Presupuesto<\/h2>\n<table>\n<tbody>\n<tr>\n<td><strong>Nombre del producto<\/strong><\/td>\n<td>RandM Tornado 9K Disposable Vape<\/td>\n<\/tr>\n<tr>\n<td><strong>Conteo de bocanadas<\/strong><\/td>\n<td>9.000 bocanadas<\/td>\n<\/tr>\n<tr>\n<td><strong>Capacidad de l\u00edquido electr\u00f3nico<\/strong><\/td>\n<td>e-l\u00edquido de 18 ml<\/td>\n<\/tr>\n<tr>\n<td><strong>Bater\u00eda<\/strong><\/td>\n<td>bater\u00eda de 850mah<\/td>\n<\/tr>\n<tr>\n<td><strong>Opciones de sabor<\/strong><\/td>\n<td>42 sabores<\/td>\n<\/tr>\n<tr>\n<td><strong>Fuerza de nicotina<\/strong><\/td>\n<td>2% \/ 5%<\/td>\n<\/tr>\n<\/tbody>\n<\/table>\n<h2>Opciones de sabor<\/h2>\n<p>Las opciones de sabores disponibles incluyen Lush Ice, Blue Raspberry Ice, Strawberry Watermelon, Strawberry Lemonade, Sour Apple, Cotton Pear, Skittles Candy, Gummy Bears y m\u00e1s. Esto ayuda a RandM Tornado 9K a adaptarse a una mezcla m\u00e1s amplia de variedades de vaporizadores desechables de frutas, hielo, dulces y perfiles dulces.<\/p>\n","protected":false},"excerpt":{"rendered":"<p>RandM Tornado 9000 puffs ofrece 9000 inhalaciones, e-l\u00edquido de 18 ml, bater\u00eda de 850 mAh y 40 sabores. Un dispositivo de inicio sencillo para compradores que desean un margen f\u00e1cil y una rotaci\u00f3n r\u00e1pida. \ud83d\udd0b<\/p>\n","protected":false},"featured_media":121203,"comment_status":"open","ping_status":"closed","template":"","meta":[],"product_brand":[],"product_cat":[813,362,416,524,641,614,623,704,371,632,650,659,677,668,686,695,713,722,353],"product_tag":[],"class_list":{"0":"post-139024","1":"product","2":"type-product","3":"status-publish","4":"has-post-thumbnail","6":"product_cat-randm-es","7":"product_cat-tipos-de-vapes-desechables-es","8":"product_cat-vape-desechable-9000-caladas-es","9":"product_cat-vapes-de-muchas-caladas-es","10":"product_cat-vapes-desechables-en-alemania-es","11":"product_cat-vapes-desechables-en-austria-es","12":"product_cat-vapes-desechables-en-belgica-es","13":"product_cat-vapes-desechables-en-espana-es","14":"product_cat-vapes-desechables-en-europa-es","15":"product_cat-vapes-desechables-en-francia-es","16":"product_cat-vapes-desechables-en-hungria-es","17":"product_cat-vapes-desechables-en-italia-es","18":"product_cat-vapes-desechables-en-noruega-es","19":"product_cat-vapes-desechables-en-paises-bajos-es","20":"product_cat-vapes-desechables-en-polonia-es","21":"product_cat-vapes-desechables-en-portugal-es","22":"product_cat-vapes-desechables-en-suecia-es","23":"product_cat-vapes-desechables-en-suiza-es","24":"product_cat-vapes-desechables-por-numero-de-caladas-es","26":"first","27":"instock","28":"shipping-taxable","29":"purchasable","30":"product-type-variable","31":"has-default-attributes"},"tiered_pricing_type":"fixed","tiered_pricing_fixed_rules":{"2000":7.37999999999999989341858963598497211933135986328125},"tiered_pricing_product_settings":{"layout":"default","base_unit_name":{"singular":null,"plural":null},"default_variation":null},"tiered_pricing_minimum_quantity":1000,"tiered_pricing_roles_data":[],"tiered_pricing_percentage_rules":[],"tiered_pricing_maximum_quantity":null,"tiered_pricing_quantity_step":"10","_links":{"self":[{"href":"https:\/\/holavape.com\/es\/wp-json\/wp\/v2\/product\/139024","targetHints":{"allow":["GET"]}}],"collection":[{"href":"https:\/\/holavape.com\/es\/wp-json\/wp\/v2\/product"}],"about":[{"href":"https:\/\/holavape.com\/es\/wp-json\/wp\/v2\/types\/product"}],"replies":[{"embeddable":true,"href":"https:\/\/holavape.com\/es\/wp-json\/wp\/v2\/comments?post=139024"}],"wp:featuredmedia":[{"embeddable":true,"href":"https:\/\/holavape.com\/es\/wp-json\/wp\/v2\/media\/121203"}],"wp:attachment":[{"href":"https:\/\/holavape.com\/es\/wp-json\/wp\/v2\/media?parent=139024"}],"wp:term":[{"taxonomy":"product_brand","embeddable":true,"href":"https:\/\/holavape.com\/es\/wp-json\/wp\/v2\/product_brand?post=139024"},{"taxonomy":"product_cat","embeddable":true,"href":"https:\/\/holavape.com\/es\/wp-json\/wp\/v2\/product_cat?post=139024"},{"taxonomy":"product_tag","embeddable":true,"href":"https:\/\/holavape.com\/es\/wp-json\/wp\/v2\/product_tag?post=139024"}],"curies":[{"name":"wp","href":"https:\/\/api.w.org\/{rel}","templated":true}]}}