{"id":141671,"date":"2026-04-17T06:11:28","date_gmt":"2026-04-17T06:11:28","guid":{"rendered":"https:\/\/holavape.com\/product\/aivono-aim-xxl-9k-disposable-vape\/"},"modified":"2026-04-19T16:57:40","modified_gmt":"2026-04-19T16:57:40","slug":"aivono-aim-xxl-9k-disposable-vape","status":"publish","type":"product","link":"https:\/\/holavape.com\/es\/producto\/aivono-aim-xxl-9k-disposable-vape\/","title":{"rendered":"AIVONO AIM XXL 9K vape desechable"},"content":{"rendered":"<h2>AIVONO AIM XXL 9K Disposable Vape Descripci\u00f3n general<\/h2>\n<p>AIVONO AIM XXL 9K Disposable Vape es un vaporizador desechable equipado con una pantalla dise\u00f1ado para compradores mayoristas que necesitan una sensaci\u00f3n m\u00e1s premium con el estado visible del dispositivo. Combina 9000 inhalaciones, 19 ml de e-l\u00edquido y una bobina de malla de 1,2 ohmios en un formato que es f\u00e1cil de colocar en los estantes de las tiendas minoristas y en los pedidos al por mayor.<\/p>\n<p>La l\u00ednea de sabores abarca 10 sabores, lo que ayuda a que este modelo encaje perfectamente en surtidos de frutas, hielo, dulces y desechables de perfil mixto.<\/p>\n<h2>Aspectos destacados clave<\/h2>\n<ul>\n<li><strong>9.000 bocanadas<\/strong> para un formato de dispositivo m\u00e1s duradero<\/li>\n<li><strong>e-l\u00edquido de 19 ml<\/strong> para respaldar un mayor n\u00famero de caladas y un uso diario m\u00e1s prolongado<\/li>\n<li><strong>Bobina de malla de 1,2 ohmios.<\/strong> para una salida de sabor m\u00e1s estable y un vapor m\u00e1s suave<\/li>\n<li><strong>visualizaci\u00f3n de la pantalla<\/strong> para que los usuarios puedan verificar el estado clave del dispositivo m\u00e1s f\u00e1cilmente<\/li>\n<li><strong>Bater\u00eda de 650 mAh con Type-C recargable<\/strong> para una recarga c\u00f3moda<\/li>\n<li><strong>10 sabores<\/strong> para cubrir una gama de sabores m\u00e1s amplia<\/li>\n<\/ul>\n<h2>Presupuesto<\/h2>\n<table>\n<tbody>\n<tr>\n<td><strong>Nombre del producto<\/strong><\/td>\n<td>AIVONO AIM XXL 9K Disposable Vape<\/td>\n<\/tr>\n<tr>\n<td><strong>Conteo de bocanadas<\/strong><\/td>\n<td>9.000 bocanadas<\/td>\n<\/tr>\n<tr>\n<td><strong>Capacidad de l\u00edquido electr\u00f3nico<\/strong><\/td>\n<td>e-l\u00edquido de 19 ml<\/td>\n<\/tr>\n<tr>\n<td><strong>Bater\u00eda<\/strong><\/td>\n<td>bater\u00eda de 650 mAh<\/td>\n<\/tr>\n<tr>\n<td><strong>Cargando<\/strong><\/td>\n<td>Type-C recargable<\/td>\n<\/tr>\n<tr>\n<td><strong>Bobina<\/strong><\/td>\n<td>Bobina de malla de 1,2 ohmios.<\/td>\n<\/tr>\n<tr>\n<td><strong>Mostrar<\/strong><\/td>\n<td>visualizaci\u00f3n de la pantalla<\/td>\n<\/tr>\n<tr>\n<td><strong>Opciones de sabor<\/strong><\/td>\n<td>10 sabores<\/td>\n<\/tr>\n<tr>\n<td><strong>Fuerza de nicotina<\/strong><\/td>\n<td>0% \/ 2% \/ 5%<\/td>\n<\/tr>\n<\/tbody>\n<\/table>\n<h2>Opciones de sabor<\/h2>\n<p>Las opciones de sabores disponibles incluyen fresa, sand\u00eda, pi\u00f1a y coco, mojito de menta, uva, grosella negra, frutos rojos, mango, pi\u00f1a y melocot\u00f3n, helado de sand\u00eda, helado de frambuesa azul y m\u00e1s. Esto ayuda a que AIVONO AIM XXL 9K se adapte a una mezcla m\u00e1s amplia de surtidos de vaporizadores desechables de frutas, hielo, dulces y perfil dulce.<\/p>\n","protected":false},"excerpt":{"rendered":"<p>AIVONO AIM XXL 9000 puffs combina 9000 puffs, e-l\u00edquido de 19 ml, pantalla y resistencia de malla de 1,2 ohmios. Un pr\u00e1ctico modelo de pantalla para surtidos mayoristas que necesitan un valor m\u00e1s claro en el lineal. \ud83c\udf9b\ufe0f<\/p>\n","protected":false},"featured_media":120958,"comment_status":"open","ping_status":"closed","template":"","meta":[],"product_brand":[],"product_cat":[731,362,416,524,641,614,623,704,371,632,650,659,677,668,686,695,713,722,353,533],"product_tag":[],"class_list":{"0":"post-141671","1":"product","2":"type-product","3":"status-publish","4":"has-post-thumbnail","6":"product_cat-aivono-es","7":"product_cat-tipos-de-vapes-desechables-es","8":"product_cat-vape-desechable-9000-caladas-es","9":"product_cat-vapes-de-muchas-caladas-es","10":"product_cat-vapes-desechables-en-alemania-es","11":"product_cat-vapes-desechables-en-austria-es","12":"product_cat-vapes-desechables-en-belgica-es","13":"product_cat-vapes-desechables-en-espana-es","14":"product_cat-vapes-desechables-en-europa-es","15":"product_cat-vapes-desechables-en-francia-es","16":"product_cat-vapes-desechables-en-hungria-es","17":"product_cat-vapes-desechables-en-italia-es","18":"product_cat-vapes-desechables-en-noruega-es","19":"product_cat-vapes-desechables-en-paises-bajos-es","20":"product_cat-vapes-desechables-en-polonia-es","21":"product_cat-vapes-desechables-en-portugal-es","22":"product_cat-vapes-desechables-en-suecia-es","23":"product_cat-vapes-desechables-en-suiza-es","24":"product_cat-vapes-desechables-por-numero-de-caladas-es","25":"product_cat-vapes-recargables-es","27":"first","28":"instock","29":"shipping-taxable","30":"purchasable","31":"product-type-variable","32":"has-default-attributes"},"tiered_pricing_type":"fixed","tiered_pricing_fixed_rules":{"2000":5.9900000000000002131628207280300557613372802734375},"tiered_pricing_product_settings":{"layout":"default","base_unit_name":{"singular":null,"plural":null},"default_variation":null},"tiered_pricing_minimum_quantity":1000,"tiered_pricing_roles_data":[],"tiered_pricing_percentage_rules":[],"tiered_pricing_maximum_quantity":null,"tiered_pricing_quantity_step":"10","_links":{"self":[{"href":"https:\/\/holavape.com\/es\/wp-json\/wp\/v2\/product\/141671","targetHints":{"allow":["GET"]}}],"collection":[{"href":"https:\/\/holavape.com\/es\/wp-json\/wp\/v2\/product"}],"about":[{"href":"https:\/\/holavape.com\/es\/wp-json\/wp\/v2\/types\/product"}],"replies":[{"embeddable":true,"href":"https:\/\/holavape.com\/es\/wp-json\/wp\/v2\/comments?post=141671"}],"wp:featuredmedia":[{"embeddable":true,"href":"https:\/\/holavape.com\/es\/wp-json\/wp\/v2\/media\/120958"}],"wp:attachment":[{"href":"https:\/\/holavape.com\/es\/wp-json\/wp\/v2\/media?parent=141671"}],"wp:term":[{"taxonomy":"product_brand","embeddable":true,"href":"https:\/\/holavape.com\/es\/wp-json\/wp\/v2\/product_brand?post=141671"},{"taxonomy":"product_cat","embeddable":true,"href":"https:\/\/holavape.com\/es\/wp-json\/wp\/v2\/product_cat?post=141671"},{"taxonomy":"product_tag","embeddable":true,"href":"https:\/\/holavape.com\/es\/wp-json\/wp\/v2\/product_tag?post=141671"}],"curies":[{"name":"wp","href":"https:\/\/api.w.org\/{rel}","templated":true}]}}