{"id":143903,"date":"2026-04-17T05:34:52","date_gmt":"2026-04-17T05:34:52","guid":{"rendered":"https:\/\/holavape.com\/product\/sora-25k-dual-mesh-disposable-vape\/"},"modified":"2026-04-19T15:24:32","modified_gmt":"2026-04-19T15:24:32","slug":"sora-25k-dual-mesh-disposable-vape","status":"publish","type":"product","link":"https:\/\/holavape.com\/es\/producto\/sora-25k-dual-mesh-disposable-vape\/","title":{"rendered":"SORA 25K Dual Mesh vape desechable"},"content":{"rendered":"<h2>SORA 25K Dual Mesh Disposable Vape Descripci\u00f3n general<\/h2>\n<p>SORA 25K Dual Mesh Disposable Vape es un vaporizador desechable equipado con una pantalla dise\u00f1ado para compradores mayoristas que necesitan una sensaci\u00f3n m\u00e1s premium con el estado visible del dispositivo. Combina 25.000 inhalaciones, 20 ml de e-l\u00edquido y bobinas de malla doble en un formato que es f\u00e1cil de colocar en los estantes de las tiendas minoristas y en los pedidos al por mayor.<\/p>\n<p>La l\u00ednea de sabores abarca 16 sabores, lo que ayuda a que este modelo encaje perfectamente en surtidos de frutas, hielo, dulces y desechables de perfil mixto.<\/p>\n<h2>Aspectos destacados clave<\/h2>\n<ul>\n<li><strong>25.000 bocanadas<\/strong> para un formato de dispositivo m\u00e1s duradero<\/li>\n<li><strong>e-l\u00edquido de 20 ml<\/strong> para respaldar un mayor n\u00famero de caladas y un uso diario m\u00e1s prolongado<\/li>\n<li><strong>bobinas de malla dual<\/strong> para una salida de sabor m\u00e1s estable y un vapor m\u00e1s suave<\/li>\n<li><strong>pantalla inteligente<\/strong> para que los usuarios puedan verificar el estado clave del dispositivo m\u00e1s f\u00e1cilmente<\/li>\n<li><strong>16 sabores<\/strong> para cubrir una gama de sabores m\u00e1s amplia<\/li>\n<\/ul>\n<h2>Presupuesto<\/h2>\n<table>\n<tbody>\n<tr>\n<td><strong>Nombre del producto<\/strong><\/td>\n<td>SORA 25K Dual Mesh Disposable Vape<\/td>\n<\/tr>\n<tr>\n<td><strong>Conteo de bocanadas<\/strong><\/td>\n<td>25.000 bocanadas<\/td>\n<\/tr>\n<tr>\n<td><strong>Capacidad de l\u00edquido electr\u00f3nico<\/strong><\/td>\n<td>e-l\u00edquido de 20 ml<\/td>\n<\/tr>\n<tr>\n<td><strong>Bobina<\/strong><\/td>\n<td>bobinas de malla dual<\/td>\n<\/tr>\n<tr>\n<td><strong>Mostrar<\/strong><\/td>\n<td>pantalla inteligente<\/td>\n<\/tr>\n<tr>\n<td><strong>Opciones de sabor<\/strong><\/td>\n<td>16 sabores<\/td>\n<\/tr>\n<\/tbody>\n<\/table>\n<h2>Opciones de sabor<\/h2>\n<p>Las opciones de sabores disponibles incluyen Blue Raspberry Ice, Icy Mint, Watermelon Ice, Dragon Melon Ice, Berry Bliss, Passion Fruit Orange Mango, Mexico Mango, Strawberry Banana y m\u00e1s. Esto ayuda a que SORA 25K Dual Mesh se adapte a una mezcla m\u00e1s amplia de variedades de vaporizadores desechables de frutas, hielo, dulces y perfiles dulces.<\/p>\n","protected":false},"excerpt":{"rendered":"<p>SORA 25K Dual Mesh 25000 inhalaciones combina 25,000 inhalaciones, e-l\u00edquido de 20 ml, pantalla y bobinas de malla dual. Una opci\u00f3n inteligente con pantalla para compradores que desean una sensaci\u00f3n m\u00e1s premium en el mostrador. \u26a1<\/p>\n","protected":false},"featured_media":119913,"comment_status":"open","ping_status":"closed","template":"","meta":[],"product_brand":[],"product_cat":[362,479,560,569,524,641,614,623,704,371,632,650,659,677,668,686,695,713,722,353,578,533],"product_tag":[],"class_list":{"0":"post-143903","1":"product","2":"type-product","3":"status-publish","4":"has-post-thumbnail","6":"product_cat-tipos-de-vapes-desechables-es","7":"product_cat-vape-desechable-25000-caladas-es","8":"product_cat-vapes-box-digitales-es","9":"product_cat-vapes-con-pantalla-inteligente-es","10":"product_cat-vapes-de-muchas-caladas-es","11":"product_cat-vapes-desechables-en-alemania-es","12":"product_cat-vapes-desechables-en-austria-es","13":"product_cat-vapes-desechables-en-belgica-es","14":"product_cat-vapes-desechables-en-espana-es","15":"product_cat-vapes-desechables-en-europa-es","16":"product_cat-vapes-desechables-en-francia-es","17":"product_cat-vapes-desechables-en-hungria-es","18":"product_cat-vapes-desechables-en-italia-es","19":"product_cat-vapes-desechables-en-noruega-es","20":"product_cat-vapes-desechables-en-paises-bajos-es","21":"product_cat-vapes-desechables-en-polonia-es","22":"product_cat-vapes-desechables-en-portugal-es","23":"product_cat-vapes-desechables-en-suecia-es","24":"product_cat-vapes-desechables-en-suiza-es","25":"product_cat-vapes-desechables-por-numero-de-caladas-es","26":"product_cat-vapes-dual-mesh-es","27":"product_cat-vapes-recargables-es","29":"first","30":"instock","31":"shipping-taxable","32":"purchasable","33":"product-type-variable","34":"has-default-attributes"},"tiered_pricing_type":"fixed","tiered_pricing_fixed_rules":{"2000":5.62000000000000010658141036401502788066864013671875},"tiered_pricing_product_settings":{"layout":"default","base_unit_name":{"singular":null,"plural":null},"default_variation":null},"tiered_pricing_minimum_quantity":1000,"tiered_pricing_roles_data":[],"tiered_pricing_percentage_rules":[],"tiered_pricing_maximum_quantity":null,"tiered_pricing_quantity_step":"5","_links":{"self":[{"href":"https:\/\/holavape.com\/es\/wp-json\/wp\/v2\/product\/143903","targetHints":{"allow":["GET"]}}],"collection":[{"href":"https:\/\/holavape.com\/es\/wp-json\/wp\/v2\/product"}],"about":[{"href":"https:\/\/holavape.com\/es\/wp-json\/wp\/v2\/types\/product"}],"replies":[{"embeddable":true,"href":"https:\/\/holavape.com\/es\/wp-json\/wp\/v2\/comments?post=143903"}],"wp:featuredmedia":[{"embeddable":true,"href":"https:\/\/holavape.com\/es\/wp-json\/wp\/v2\/media\/119913"}],"wp:attachment":[{"href":"https:\/\/holavape.com\/es\/wp-json\/wp\/v2\/media?parent=143903"}],"wp:term":[{"taxonomy":"product_brand","embeddable":true,"href":"https:\/\/holavape.com\/es\/wp-json\/wp\/v2\/product_brand?post=143903"},{"taxonomy":"product_cat","embeddable":true,"href":"https:\/\/holavape.com\/es\/wp-json\/wp\/v2\/product_cat?post=143903"},{"taxonomy":"product_tag","embeddable":true,"href":"https:\/\/holavape.com\/es\/wp-json\/wp\/v2\/product_tag?post=143903"}],"curies":[{"name":"wp","href":"https:\/\/api.w.org\/{rel}","templated":true}]}}