{"id":146571,"date":"2026-04-17T05:34:51","date_gmt":"2026-04-17T05:34:51","guid":{"rendered":"https:\/\/holavape.com\/product\/vapme-fire-9k-disposable-vape\/"},"modified":"2026-04-21T07:56:55","modified_gmt":"2026-04-21T07:56:55","slug":"vapme-fire-9k-disposable-vape","status":"publish","type":"product","link":"https:\/\/holavape.com\/es\/producto\/vapme-fire-9k-disposable-vape\/","title":{"rendered":"VAPME Fire 9K Disposable Vape | 9000 inhalaciones, 14mL juice, bobina mesh, desechable al por mayor"},"content":{"rendered":"<h2>VAPME Fire 9K Disposable Vape Descripci\u00f3n general<\/h2>\n<p>VAPME Fire 9K Disposable Vape es un vaporizador desechable compacto dise\u00f1ado para compradores mayoristas que necesitan un SKU compacto de nivel b\u00e1sico con f\u00e1cil rotaci\u00f3n. Combina 9000 inhalaciones, 15 ml de e-l\u00edquido y una bobina de malla de 1 ohmio en un formato que es f\u00e1cil de colocar en los estantes de las tiendas minoristas y en los pedidos al por mayor.<\/p>\n<p>La l\u00ednea de sabores abarca 18 sabores, lo que ayuda a que este modelo encaje perfectamente en surtidos de frutas, hielo, dulces y desechables de perfil mixto.<\/p>\n<h2>Aspectos destacados clave<\/h2>\n<ul>\n<li><strong>9.000 bocanadas<\/strong> para un formato de dispositivo m\u00e1s duradero<\/li>\n<li><strong>e-l\u00edquido de 15 ml<\/strong> para respaldar un mayor n\u00famero de caladas y un uso diario m\u00e1s prolongado<\/li>\n<li><strong>bobina de malla de 1ohm<\/strong> para una salida de sabor m\u00e1s estable y un vapor m\u00e1s suave<\/li>\n<li><strong>Bater\u00eda de 850 mAh con Type-C recargable<\/strong> para una recarga c\u00f3moda<\/li>\n<li><strong>18 sabores<\/strong> para cubrir una gama de sabores m\u00e1s amplia<\/li>\n<li><strong>0% \/ 2% \/ 5%<\/strong> Opciones de nicotina para satisfacer las diferentes necesidades del mercado.<\/li>\n<\/ul>\n<h2>Presupuesto<\/h2>\n<table>\n<tbody>\n<tr>\n<td><strong>Nombre del producto<\/strong><\/td>\n<td>VAPME Fire 9K Disposable Vape<\/td>\n<\/tr>\n<tr>\n<td><strong>Conteo de bocanadas<\/strong><\/td>\n<td>9.000 bocanadas<\/td>\n<\/tr>\n<tr>\n<td><strong>Capacidad de l\u00edquido electr\u00f3nico<\/strong><\/td>\n<td>e-l\u00edquido de 15 ml<\/td>\n<\/tr>\n<tr>\n<td><strong>Bater\u00eda<\/strong><\/td>\n<td>bater\u00eda de 850mah<\/td>\n<\/tr>\n<tr>\n<td><strong>Cargando<\/strong><\/td>\n<td>Type-C recargable<\/td>\n<\/tr>\n<tr>\n<td><strong>Bobina<\/strong><\/td>\n<td>bobina de malla de 1ohm<\/td>\n<\/tr>\n<tr>\n<td><strong>Opciones de sabor<\/strong><\/td>\n<td>18 sabores<\/td>\n<\/tr>\n<tr>\n<td><strong>Fuerza de nicotina<\/strong><\/td>\n<td>0% \/ 2% \/ 5%<\/td>\n<\/tr>\n<\/tbody>\n<\/table>\n<h2>Opciones de sabor<\/h2>\n<p>Las opciones de sabores disponibles incluyen ar\u00e1ndano con hielo, guayaba y maracuy\u00e1 con kiwi, limonada de frambuesa azul, kiwi con fresa, hielo energ\u00e9tico rojo, bayas mixtas, pl\u00e1tano con fresa, sand\u00eda con fresa y m\u00e1s. Esto ayuda a que VAPME Fire 9K se adapte a una mezcla m\u00e1s amplia de variedades de vaporizadores desechables de frutas, hielo, dulces y perfiles dulces.<\/p>\n","protected":false},"excerpt":{"rendered":"<p>Rendimiento estable y 9000 inhalaciones \u2014 VAPME Fire 9K Disposable Vape ofrece 14mL juice y bobina mesh. Stock al por mayor desde 10 unidades.<\/p>\n","protected":false},"featured_media":119900,"comment_status":"open","ping_status":"closed","template":"","meta":[],"product_brand":[],"product_cat":[362,416,524,641,614,623,704,371,632,650,659,677,668,686,695,713,722,353,533,849],"product_tag":[],"class_list":{"0":"post-146571","1":"product","2":"type-product","3":"status-publish","4":"has-post-thumbnail","6":"product_cat-tipos-de-vapes-desechables-es","7":"product_cat-vape-desechable-9000-caladas-es","8":"product_cat-vapes-de-muchas-caladas-es","9":"product_cat-vapes-desechables-en-alemania-es","10":"product_cat-vapes-desechables-en-austria-es","11":"product_cat-vapes-desechables-en-belgica-es","12":"product_cat-vapes-desechables-en-espana-es","13":"product_cat-vapes-desechables-en-europa-es","14":"product_cat-vapes-desechables-en-francia-es","15":"product_cat-vapes-desechables-en-hungria-es","16":"product_cat-vapes-desechables-en-italia-es","17":"product_cat-vapes-desechables-en-noruega-es","18":"product_cat-vapes-desechables-en-paises-bajos-es","19":"product_cat-vapes-desechables-en-polonia-es","20":"product_cat-vapes-desechables-en-portugal-es","21":"product_cat-vapes-desechables-en-suecia-es","22":"product_cat-vapes-desechables-en-suiza-es","23":"product_cat-vapes-desechables-por-numero-de-caladas-es","24":"product_cat-vapes-recargables-es","25":"product_cat-vapme-es","27":"first","28":"instock","29":"shipping-taxable","30":"purchasable","31":"product-type-variable","32":"has-default-attributes"},"tiered_pricing_type":"fixed","tiered_pricing_fixed_rules":{"2000":2.5},"tiered_pricing_product_settings":{"layout":"default","base_unit_name":{"singular":null,"plural":null},"default_variation":null},"tiered_pricing_minimum_quantity":1000,"tiered_pricing_roles_data":[],"tiered_pricing_percentage_rules":[],"tiered_pricing_maximum_quantity":null,"tiered_pricing_quantity_step":"10","_links":{"self":[{"href":"https:\/\/holavape.com\/es\/wp-json\/wp\/v2\/product\/146571","targetHints":{"allow":["GET"]}}],"collection":[{"href":"https:\/\/holavape.com\/es\/wp-json\/wp\/v2\/product"}],"about":[{"href":"https:\/\/holavape.com\/es\/wp-json\/wp\/v2\/types\/product"}],"replies":[{"embeddable":true,"href":"https:\/\/holavape.com\/es\/wp-json\/wp\/v2\/comments?post=146571"}],"wp:featuredmedia":[{"embeddable":true,"href":"https:\/\/holavape.com\/es\/wp-json\/wp\/v2\/media\/119900"}],"wp:attachment":[{"href":"https:\/\/holavape.com\/es\/wp-json\/wp\/v2\/media?parent=146571"}],"wp:term":[{"taxonomy":"product_brand","embeddable":true,"href":"https:\/\/holavape.com\/es\/wp-json\/wp\/v2\/product_brand?post=146571"},{"taxonomy":"product_cat","embeddable":true,"href":"https:\/\/holavape.com\/es\/wp-json\/wp\/v2\/product_cat?post=146571"},{"taxonomy":"product_tag","embeddable":true,"href":"https:\/\/holavape.com\/es\/wp-json\/wp\/v2\/product_tag?post=146571"}],"curies":[{"name":"wp","href":"https:\/\/api.w.org\/{rel}","templated":true}]}}