{"id":152611,"date":"2026-04-17T05:36:00","date_gmt":"2026-04-17T05:36:00","guid":{"rendered":"https:\/\/holavape.com\/product\/bang-king-36k-disposable-vape\/"},"modified":"2026-04-19T15:11:45","modified_gmt":"2026-04-19T15:11:45","slug":"bang-king-36k-disposable-vape","status":"publish","type":"product","link":"https:\/\/holavape.com\/es\/producto\/bang-king-36k-disposable-vape\/","title":{"rendered":"Bang King 36K vape desechable"},"content":{"rendered":"<h2>Bang King 36K Disposable Vape Descripci\u00f3n general<\/h2>\n<p>Bang King 36K Disposable Vape es un vaporizador desechable dise\u00f1ado para compradores mayoristas que necesitan un SKU sencillo con especificaciones pr\u00e1cticas. Combina 36.000 inhalaciones, 40 ml de e-l\u00edquido y una bater\u00eda de 650 mAh en un formato que es f\u00e1cil de colocar en los estantes de las tiendas minoristas y en los pedidos al por mayor.<\/p>\n<p>La l\u00ednea de sabores abarca 12 sabores, lo que ayuda a que este modelo encaje perfectamente en surtidos de frutas, hielo, dulces y desechables de perfil mixto.<\/p>\n<h2>Aspectos destacados clave<\/h2>\n<ul>\n<li><strong>36.000 bocanadas<\/strong> para un formato de dispositivo m\u00e1s duradero<\/li>\n<li><strong>e-l\u00edquido de 40 ml<\/strong> para respaldar un mayor n\u00famero de caladas y un uso diario m\u00e1s prolongado<\/li>\n<li><strong>bater\u00eda de 650 mAh<\/strong> para un uso diario m\u00e1s confiable<\/li>\n<li><strong>12 sabores<\/strong> para cubrir una gama de sabores m\u00e1s amplia<\/li>\n<li><strong>0% \/ 2% \/ 3% \/ 5%<\/strong> Opciones de nicotina para satisfacer las diferentes necesidades del mercado.<\/li>\n<\/ul>\n<h2>Presupuesto<\/h2>\n<table>\n<tbody>\n<tr>\n<td><strong>Nombre del producto<\/strong><\/td>\n<td>Bang King 36K Disposable Vape<\/td>\n<\/tr>\n<tr>\n<td><strong>Conteo de bocanadas<\/strong><\/td>\n<td>36.000 bocanadas<\/td>\n<\/tr>\n<tr>\n<td><strong>Capacidad de l\u00edquido electr\u00f3nico<\/strong><\/td>\n<td>e-l\u00edquido de 40 ml<\/td>\n<\/tr>\n<tr>\n<td><strong>Bater\u00eda<\/strong><\/td>\n<td>bater\u00eda de 650 mAh<\/td>\n<\/tr>\n<tr>\n<td><strong>Opciones de sabor<\/strong><\/td>\n<td>12 sabores<\/td>\n<\/tr>\n<tr>\n<td><strong>Fuerza de nicotina<\/strong><\/td>\n<td>0% \/ 2% \/ 3% \/ 5%<\/td>\n<\/tr>\n<\/tbody>\n<\/table>\n<h2>Opciones de sabor<\/h2>\n<p>Las opciones de sabores disponibles incluyen fresa, kiwi, melocot\u00f3n, mango, sand\u00eda, frutas mixtas, helado de menta, melocot\u00f3n y mango, helado de uva, manzanas dobles, ar\u00e1ndano y frambuesa y m\u00e1s. Esto ayuda a que Bang King 36K se adapte a una mezcla m\u00e1s amplia de surtidos de vaporizadores desechables de frutas, hielo, dulces y perfil dulce.<\/p>\n","protected":false},"excerpt":{"rendered":"<p>Bang King 36000 puffs ofrece 36 000 inhalaciones, 40 ml de e-l\u00edquido, bater\u00eda de 650 mAh y 0 % -5 % de nicotina. Una pr\u00e1ctica opci\u00f3n mayorista para compradores que desean ventas confiables en el d\u00eda a d\u00eda. \ud83c\udfaf<\/p>\n","protected":false},"featured_media":120089,"comment_status":"open","ping_status":"closed","template":"","meta":[],"product_brand":[],"product_cat":[740,362,479,488,569,524,641,614,623,704,371,632,650,659,677,668,686,695,713,722,353,533,542],"product_tag":[],"class_list":{"0":"post-152611","1":"product","2":"type-product","3":"status-publish","4":"has-post-thumbnail","6":"product_cat-bang-es","7":"product_cat-tipos-de-vapes-desechables-es","8":"product_cat-vape-desechable-25000-caladas-es","9":"product_cat-vape-desechable-30000-caladas-es","10":"product_cat-vapes-con-pantalla-inteligente-es","11":"product_cat-vapes-de-muchas-caladas-es","12":"product_cat-vapes-desechables-en-alemania-es","13":"product_cat-vapes-desechables-en-austria-es","14":"product_cat-vapes-desechables-en-belgica-es","15":"product_cat-vapes-desechables-en-espana-es","16":"product_cat-vapes-desechables-en-europa-es","17":"product_cat-vapes-desechables-en-francia-es","18":"product_cat-vapes-desechables-en-hungria-es","19":"product_cat-vapes-desechables-en-italia-es","20":"product_cat-vapes-desechables-en-noruega-es","21":"product_cat-vapes-desechables-en-paises-bajos-es","22":"product_cat-vapes-desechables-en-polonia-es","23":"product_cat-vapes-desechables-en-portugal-es","24":"product_cat-vapes-desechables-en-suecia-es","25":"product_cat-vapes-desechables-en-suiza-es","26":"product_cat-vapes-desechables-por-numero-de-caladas-es","27":"product_cat-vapes-recargables-es","28":"product_cat-vapes-shisha-hookah-es","30":"first","31":"instock","32":"shipping-taxable","33":"purchasable","34":"product-type-variable","35":"has-default-attributes"},"tiered_pricing_type":"fixed","tiered_pricing_fixed_rules":{"30":7.96999999999999975131004248396493494510650634765625,"50":7.05999999999999960920149533194489777088165283203125,"100":6.29000000000000003552713678800500929355621337890625,"200":5.95999999999999996447286321199499070644378662109375,"400":5.30999999999999960920149533194489777088165283203125},"tiered_pricing_product_settings":{"layout":"default","base_unit_name":{"singular":null,"plural":null},"default_variation":null},"tiered_pricing_minimum_quantity":10,"tiered_pricing_roles_data":[],"tiered_pricing_percentage_rules":[],"tiered_pricing_maximum_quantity":null,"tiered_pricing_quantity_step":"10","_links":{"self":[{"href":"https:\/\/holavape.com\/es\/wp-json\/wp\/v2\/product\/152611","targetHints":{"allow":["GET"]}}],"collection":[{"href":"https:\/\/holavape.com\/es\/wp-json\/wp\/v2\/product"}],"about":[{"href":"https:\/\/holavape.com\/es\/wp-json\/wp\/v2\/types\/product"}],"replies":[{"embeddable":true,"href":"https:\/\/holavape.com\/es\/wp-json\/wp\/v2\/comments?post=152611"}],"wp:featuredmedia":[{"embeddable":true,"href":"https:\/\/holavape.com\/es\/wp-json\/wp\/v2\/media\/120089"}],"wp:attachment":[{"href":"https:\/\/holavape.com\/es\/wp-json\/wp\/v2\/media?parent=152611"}],"wp:term":[{"taxonomy":"product_brand","embeddable":true,"href":"https:\/\/holavape.com\/es\/wp-json\/wp\/v2\/product_brand?post=152611"},{"taxonomy":"product_cat","embeddable":true,"href":"https:\/\/holavape.com\/es\/wp-json\/wp\/v2\/product_cat?post=152611"},{"taxonomy":"product_tag","embeddable":true,"href":"https:\/\/holavape.com\/es\/wp-json\/wp\/v2\/product_tag?post=152611"}],"curies":[{"name":"wp","href":"https:\/\/api.w.org\/{rel}","templated":true}]}}