{"id":153320,"date":"2026-04-17T05:34:44","date_gmt":"2026-04-17T05:34:44","guid":{"rendered":"https:\/\/holavape.com\/product\/waspe-8k-disposable-vape\/"},"modified":"2026-04-21T07:57:15","modified_gmt":"2026-04-21T07:57:15","slug":"waspe-8k-disposable-vape","status":"publish","type":"product","link":"https:\/\/holavape.com\/es\/producto\/waspe-8k-disposable-vape\/","title":{"rendered":"WASPE 12K Pocket Disposable Vape | 12000 inhalaciones, 18mL juice, bobina mesh, desechable al por mayor"},"content":{"rendered":"<h2>WASPE 8K Disposable Vape Descripci\u00f3n general<\/h2>\n<p>WASPE 8K Disposable Vape es un vaporizador desechable compacto dise\u00f1ado para compradores mayoristas que necesitan un SKU b\u00e1sico compacto con f\u00e1cil rotaci\u00f3n. Combina 8000 inhalaciones, 16 ml de e-l\u00edquido y una bater\u00eda de 650 mAh en un formato que es f\u00e1cil de colocar en los estantes de las tiendas minoristas y en los pedidos al por mayor.<\/p>\n<p>La l\u00ednea de sabores abarca 10 sabores, lo que ayuda a que este modelo encaje perfectamente en surtidos de frutas, hielo, dulces y desechables de perfil mixto.<\/p>\n<h2>Aspectos destacados clave<\/h2>\n<ul>\n<li><strong>8.000 bocanadas<\/strong> para un formato de dispositivo m\u00e1s duradero<\/li>\n<li><strong>e-l\u00edquido de 16 ml<\/strong> para respaldar un mayor n\u00famero de caladas y un uso diario m\u00e1s prolongado<\/li>\n<li><strong>Bater\u00eda de 650 mAh con Type-C recargable<\/strong> para una recarga c\u00f3moda<\/li>\n<li><strong>10 sabores<\/strong> para cubrir una gama de sabores m\u00e1s amplia<\/li>\n<li><strong>0% \/ 2% \/ 3% \/ 5%<\/strong> Opciones de nicotina para satisfacer las diferentes necesidades del mercado.<\/li>\n<\/ul>\n<h2>Presupuesto<\/h2>\n<table>\n<tbody>\n<tr>\n<td><strong>Nombre del producto<\/strong><\/td>\n<td>WASPE 8K Disposable Vape<\/td>\n<\/tr>\n<tr>\n<td><strong>Conteo de bocanadas<\/strong><\/td>\n<td>8.000 bocanadas<\/td>\n<\/tr>\n<tr>\n<td><strong>Capacidad de l\u00edquido electr\u00f3nico<\/strong><\/td>\n<td>e-l\u00edquido de 16 ml<\/td>\n<\/tr>\n<tr>\n<td><strong>Bater\u00eda<\/strong><\/td>\n<td>bater\u00eda de 650 mAh<\/td>\n<\/tr>\n<tr>\n<td><strong>Cargando<\/strong><\/td>\n<td>Type-C recargable<\/td>\n<\/tr>\n<tr>\n<td><strong>Opciones de sabor<\/strong><\/td>\n<td>10 sabores<\/td>\n<\/tr>\n<tr>\n<td><strong>Fuerza de nicotina<\/strong><\/td>\n<td>0% \/ 2% \/ 3% \/ 5%<\/td>\n<\/tr>\n<\/tbody>\n<\/table>\n<h2>Opciones de sabor<\/h2>\n<p>Las opciones de sabores disponibles incluyen helado de sand\u00eda, helado de uva, helado de fresa, helado de cola, helado de lichi, helado de ar\u00e1ndano, helado de fresa, bayas mixtas y m\u00e1s. Esto ayuda a WASPE 8K a adaptarse a una mezcla m\u00e1s amplia de variedades de vaporizadores desechables de frutas, hielo, dulces y perfiles dulces.<\/p>\n","protected":false},"excerpt":{"rendered":"<p>WASPE 12K Pocket Disposable Vape mantiene a los clientes volviendo: 12000 inhalaciones, 18mL juice, bobina mesh. Disponible al por mayor desde 10 unidades.<\/p>\n","protected":false},"featured_media":120600,"comment_status":"open","ping_status":"closed","template":"","meta":[],"product_brand":[],"product_cat":[362,407,524,641,614,623,704,371,632,650,659,677,668,686,695,713,722,353,533,876],"product_tag":[],"class_list":{"0":"post-153320","1":"product","2":"type-product","3":"status-publish","4":"has-post-thumbnail","6":"product_cat-tipos-de-vapes-desechables-es","7":"product_cat-vape-desechable-8000-caladas-es","8":"product_cat-vapes-de-muchas-caladas-es","9":"product_cat-vapes-desechables-en-alemania-es","10":"product_cat-vapes-desechables-en-austria-es","11":"product_cat-vapes-desechables-en-belgica-es","12":"product_cat-vapes-desechables-en-espana-es","13":"product_cat-vapes-desechables-en-europa-es","14":"product_cat-vapes-desechables-en-francia-es","15":"product_cat-vapes-desechables-en-hungria-es","16":"product_cat-vapes-desechables-en-italia-es","17":"product_cat-vapes-desechables-en-noruega-es","18":"product_cat-vapes-desechables-en-paises-bajos-es","19":"product_cat-vapes-desechables-en-polonia-es","20":"product_cat-vapes-desechables-en-portugal-es","21":"product_cat-vapes-desechables-en-suecia-es","22":"product_cat-vapes-desechables-en-suiza-es","23":"product_cat-vapes-desechables-por-numero-de-caladas-es","24":"product_cat-vapes-recargables-es","25":"product_cat-waspe-es","27":"first","28":"instock","29":"shipping-taxable","30":"purchasable","31":"product-type-variable","32":"has-default-attributes"},"tiered_pricing_type":"fixed","tiered_pricing_fixed_rules":{"2000":5.5},"tiered_pricing_product_settings":{"layout":"default","base_unit_name":{"singular":null,"plural":null},"default_variation":null},"tiered_pricing_minimum_quantity":1000,"tiered_pricing_roles_data":[],"tiered_pricing_percentage_rules":[],"tiered_pricing_maximum_quantity":null,"tiered_pricing_quantity_step":"10","_links":{"self":[{"href":"https:\/\/holavape.com\/es\/wp-json\/wp\/v2\/product\/153320","targetHints":{"allow":["GET"]}}],"collection":[{"href":"https:\/\/holavape.com\/es\/wp-json\/wp\/v2\/product"}],"about":[{"href":"https:\/\/holavape.com\/es\/wp-json\/wp\/v2\/types\/product"}],"replies":[{"embeddable":true,"href":"https:\/\/holavape.com\/es\/wp-json\/wp\/v2\/comments?post=153320"}],"wp:featuredmedia":[{"embeddable":true,"href":"https:\/\/holavape.com\/es\/wp-json\/wp\/v2\/media\/120600"}],"wp:attachment":[{"href":"https:\/\/holavape.com\/es\/wp-json\/wp\/v2\/media?parent=153320"}],"wp:term":[{"taxonomy":"product_brand","embeddable":true,"href":"https:\/\/holavape.com\/es\/wp-json\/wp\/v2\/product_brand?post=153320"},{"taxonomy":"product_cat","embeddable":true,"href":"https:\/\/holavape.com\/es\/wp-json\/wp\/v2\/product_cat?post=153320"},{"taxonomy":"product_tag","embeddable":true,"href":"https:\/\/holavape.com\/es\/wp-json\/wp\/v2\/product_tag?post=153320"}],"curies":[{"name":"wp","href":"https:\/\/api.w.org\/{rel}","templated":true}]}}