{"id":154130,"date":"2026-04-17T06:21:07","date_gmt":"2026-04-17T06:21:07","guid":{"rendered":"https:\/\/holavape.com\/product\/aivono-mini-boxx-600-disposable-vape\/"},"modified":"2026-04-21T07:56:00","modified_gmt":"2026-04-21T07:56:00","slug":"aivono-mini-boxx-600-disposable-vape","status":"publish","type":"product","link":"https:\/\/holavape.com\/es\/producto\/aivono-mini-boxx-600-disposable-vape\/","title":{"rendered":"AIVONO Mini Boxx 600 | 600 inhalaciones, 2ml e-l\u00edquido, 1.2\u03a9 mesh, Type-C, 11 sabores, desechable al por mayor"},"content":{"rendered":"<h2>AIVONO Mini Boxx 600 Disposable Vape Descripci\u00f3n general<\/h2>\n<p>AIVONO Mini Boxx 600 Disposable Vape es un vaporizador desechable compacto dise\u00f1ado para compradores mayoristas que necesitan un SKU b\u00e1sico compacto con f\u00e1cil rotaci\u00f3n. Combina 600 inhalaciones, 2 ml de e-l\u00edquido y una bobina de malla de 1,2 ohmios en un formato que es f\u00e1cil de colocar en los estantes de las tiendas minoristas y en los pedidos al por mayor.<\/p>\n<p>La l\u00ednea de sabores abarca 10 sabores, lo que ayuda a que este modelo encaje perfectamente en surtidos de frutas, hielo, dulces y desechables de perfil mixto.<\/p>\n<h2>Aspectos destacados clave<\/h2>\n<ul>\n<li><strong>600 bocanadas<\/strong> para un formato de dispositivo m\u00e1s duradero<\/li>\n<li><strong>e-l\u00edquido de 2 ml<\/strong> para respaldar un mayor n\u00famero de caladas y un uso diario m\u00e1s prolongado<\/li>\n<li><strong>Bobina de malla de 1,2 ohmios.<\/strong> para una salida de sabor m\u00e1s estable y un vapor m\u00e1s suave<\/li>\n<li><strong>Bater\u00eda de 400 mAh con Type-C recargable<\/strong> para una recarga c\u00f3moda<\/li>\n<li><strong>10 sabores<\/strong> para cubrir una gama de sabores m\u00e1s amplia<\/li>\n<li><strong>0% \/ 2% \/ 5%<\/strong> Opciones de nicotina para satisfacer las diferentes necesidades del mercado.<\/li>\n<\/ul>\n<h2>Presupuesto<\/h2>\n<table>\n<tbody>\n<tr>\n<td><strong>Nombre del producto<\/strong><\/td>\n<td>AIVONO Mini Boxx 600 Disposable Vape<\/td>\n<\/tr>\n<tr>\n<td><strong>Conteo de bocanadas<\/strong><\/td>\n<td>600 bocanadas<\/td>\n<\/tr>\n<tr>\n<td><strong>Capacidad de l\u00edquido electr\u00f3nico<\/strong><\/td>\n<td>e-l\u00edquido de 2 ml<\/td>\n<\/tr>\n<tr>\n<td><strong>Bater\u00eda<\/strong><\/td>\n<td>bater\u00eda de 400 mAh<\/td>\n<\/tr>\n<tr>\n<td><strong>Cargando<\/strong><\/td>\n<td>Type-C recargable<\/td>\n<\/tr>\n<tr>\n<td><strong>Bobina<\/strong><\/td>\n<td>Bobina de malla de 1,2 ohmios.<\/td>\n<\/tr>\n<tr>\n<td><strong>Opciones de sabor<\/strong><\/td>\n<td>10 sabores<\/td>\n<\/tr>\n<tr>\n<td><strong>Fuerza de nicotina<\/strong><\/td>\n<td>0% \/ 2% \/ 5%<\/td>\n<\/tr>\n<\/tbody>\n<\/table>\n<h2>Opciones de sabor<\/h2>\n<p>Las opciones de sabores disponibles incluyen helado de fresa, menta con lim\u00f3n, hielo de kiwi y fresa, hielo de aloe y mora, hielo de chicle de sand\u00eda, hielo de fresa, bebida energ\u00e9tica, pomelo y melocot\u00f3n blanco y m\u00e1s. Esto ayuda a que el AIVONO Mini Boxx 600 se adapte a una mezcla m\u00e1s amplia de surtidos de vaporizadores desechables de frutas, hielo, dulces y perfiles dulces.<\/p>\n","protected":false},"excerpt":{"rendered":"<p>Llena tus estanter\u00edas con AIVONO Mini Boxx 600 \u2014 600 inhalaciones, 2ml e-l\u00edquido, 1.2\u03a9 mesh. Disponible al por mayor desde 10 unidades para tiendas peque\u00f1as en la UE.<\/p>\n","protected":false},"featured_media":121575,"comment_status":"open","ping_status":"closed","template":"","meta":[],"product_brand":[],"product_cat":[731,362,398,641,614,623,704,371,632,650,659,677,668,686,695,713,722,353],"product_tag":[],"class_list":{"0":"post-154130","1":"product","2":"type-product","3":"status-publish","4":"has-post-thumbnail","6":"product_cat-aivono-es","7":"product_cat-tipos-de-vapes-desechables-es","8":"product_cat-vape-desechable-800-caladas-es","9":"product_cat-vapes-desechables-en-alemania-es","10":"product_cat-vapes-desechables-en-austria-es","11":"product_cat-vapes-desechables-en-belgica-es","12":"product_cat-vapes-desechables-en-espana-es","13":"product_cat-vapes-desechables-en-europa-es","14":"product_cat-vapes-desechables-en-francia-es","15":"product_cat-vapes-desechables-en-hungria-es","16":"product_cat-vapes-desechables-en-italia-es","17":"product_cat-vapes-desechables-en-noruega-es","18":"product_cat-vapes-desechables-en-paises-bajos-es","19":"product_cat-vapes-desechables-en-polonia-es","20":"product_cat-vapes-desechables-en-portugal-es","21":"product_cat-vapes-desechables-en-suecia-es","22":"product_cat-vapes-desechables-en-suiza-es","23":"product_cat-vapes-desechables-por-numero-de-caladas-es","25":"first","26":"instock","27":"shipping-taxable","28":"purchasable","29":"product-type-variable","30":"has-default-attributes"},"tiered_pricing_type":"fixed","tiered_pricing_fixed_rules":{"2000":3.45999999999999996447286321199499070644378662109375},"tiered_pricing_product_settings":{"layout":"default","base_unit_name":{"singular":null,"plural":null},"default_variation":null},"tiered_pricing_minimum_quantity":1000,"tiered_pricing_roles_data":[],"tiered_pricing_percentage_rules":[],"tiered_pricing_maximum_quantity":null,"tiered_pricing_quantity_step":"10","_links":{"self":[{"href":"https:\/\/holavape.com\/es\/wp-json\/wp\/v2\/product\/154130","targetHints":{"allow":["GET"]}}],"collection":[{"href":"https:\/\/holavape.com\/es\/wp-json\/wp\/v2\/product"}],"about":[{"href":"https:\/\/holavape.com\/es\/wp-json\/wp\/v2\/types\/product"}],"replies":[{"embeddable":true,"href":"https:\/\/holavape.com\/es\/wp-json\/wp\/v2\/comments?post=154130"}],"wp:featuredmedia":[{"embeddable":true,"href":"https:\/\/holavape.com\/es\/wp-json\/wp\/v2\/media\/121575"}],"wp:attachment":[{"href":"https:\/\/holavape.com\/es\/wp-json\/wp\/v2\/media?parent=154130"}],"wp:term":[{"taxonomy":"product_brand","embeddable":true,"href":"https:\/\/holavape.com\/es\/wp-json\/wp\/v2\/product_brand?post=154130"},{"taxonomy":"product_cat","embeddable":true,"href":"https:\/\/holavape.com\/es\/wp-json\/wp\/v2\/product_cat?post=154130"},{"taxonomy":"product_tag","embeddable":true,"href":"https:\/\/holavape.com\/es\/wp-json\/wp\/v2\/product_tag?post=154130"}],"curies":[{"name":"wp","href":"https:\/\/api.w.org\/{rel}","templated":true}]}}