{"id":155124,"date":"2026-04-17T05:34:48","date_gmt":"2026-04-17T05:34:48","guid":{"rendered":"https:\/\/holavape.com\/product\/fihp-12k-disposable-vape\/"},"modified":"2026-04-19T15:29:50","modified_gmt":"2026-04-19T15:29:50","slug":"fihp-12k-disposable-vape","status":"publish","type":"product","link":"https:\/\/holavape.com\/es\/producto\/fihp-12k-disposable-vape\/","title":{"rendered":"FIHP 12K vape desechable"},"content":{"rendered":"<h2>FIHP 12K Disposable Vape Descripci\u00f3n general<\/h2>\n<p>FIHP 12K Disposable Vape es un vaporizador desechable equipado con una pantalla dise\u00f1ado para compradores mayoristas que necesitan una sensaci\u00f3n m\u00e1s premium con el estado visible del dispositivo. Combina 12.000 inhalaciones, 20 ml de e-l\u00edquido y una pantalla inteligente en un formato que es f\u00e1cil de colocar en los estantes de las tiendas minoristas y en los pedidos al por mayor.<\/p>\n<p>La l\u00ednea de sabores abarca 10 sabores, lo que ayuda a que este modelo encaje perfectamente en surtidos de frutas, hielo, dulces y desechables de perfil mixto.<\/p>\n<h2>Aspectos destacados clave<\/h2>\n<ul>\n<li><strong>12.000 bocanadas<\/strong> para un formato de dispositivo m\u00e1s duradero<\/li>\n<li><strong>e-l\u00edquido de 20 ml<\/strong> para respaldar un mayor n\u00famero de caladas y un uso diario m\u00e1s prolongado<\/li>\n<li><strong>pantalla inteligente<\/strong> para que los usuarios puedan verificar el estado clave del dispositivo m\u00e1s f\u00e1cilmente<\/li>\n<li><strong>Bater\u00eda de 650 mAh con Type-C recargable<\/strong> para una recarga c\u00f3moda<\/li>\n<li><strong>10 sabores<\/strong> para cubrir una gama de sabores m\u00e1s amplia<\/li>\n<li><strong>2% \/ 5%<\/strong> Opciones de nicotina para satisfacer las diferentes necesidades del mercado.<\/li>\n<\/ul>\n<h2>Presupuesto<\/h2>\n<table>\n<tbody>\n<tr>\n<td><strong>Nombre del producto<\/strong><\/td>\n<td>FIHP 12K Disposable Vape<\/td>\n<\/tr>\n<tr>\n<td><strong>Conteo de bocanadas<\/strong><\/td>\n<td>12.000 bocanadas<\/td>\n<\/tr>\n<tr>\n<td><strong>Capacidad de l\u00edquido electr\u00f3nico<\/strong><\/td>\n<td>e-l\u00edquido de 20 ml<\/td>\n<\/tr>\n<tr>\n<td><strong>Bater\u00eda<\/strong><\/td>\n<td>bater\u00eda de 650 mAh<\/td>\n<\/tr>\n<tr>\n<td><strong>Cargando<\/strong><\/td>\n<td>Type-C recargable<\/td>\n<\/tr>\n<tr>\n<td><strong>Mostrar<\/strong><\/td>\n<td>pantalla inteligente<\/td>\n<\/tr>\n<tr>\n<td><strong>Opciones de sabor<\/strong><\/td>\n<td>10 sabores<\/td>\n<\/tr>\n<tr>\n<td><strong>Fuerza de nicotina<\/strong><\/td>\n<td>2% \/ 5%<\/td>\n<\/tr>\n<\/tbody>\n<\/table>\n<h2>Opciones de sabor<\/h2>\n<p>Las opciones de sabores disponibles incluyen Lush Ice, Grape Ice, Cherry, Blueberry Raspberry, Strawberry Kiwi, Mixed Berries, Strawberry Watermelon, Watermelon Bubblegum y m\u00e1s. Esto ayuda al FIHP 12K a adaptarse a una mezcla m\u00e1s amplia de variedades de vaporizadores desechables de frutas, hielo, dulces y perfiles dulces.<\/p>\n","protected":false},"excerpt":{"rendered":"<p>FIHP 12000 puffs incluye 12 000 inhalaciones, 20 ml de e-l\u00edquido, pantalla LED y bater\u00eda recargable Type-C de 650 mAh. Una opci\u00f3n inteligente con pantalla para compradores que desean una sensaci\u00f3n m\u00e1s premium en el mostrador. \u26a1<\/p>\n","protected":false},"featured_media":119840,"comment_status":"open","ping_status":"closed","template":"","meta":[],"product_brand":[],"product_cat":[749,362,434,560,569,524,641,614,623,704,371,632,650,659,677,668,686,695,713,722,353,533],"product_tag":[],"class_list":{"0":"post-155124","1":"product","2":"type-product","3":"status-publish","4":"has-post-thumbnail","6":"product_cat-fihp-es","7":"product_cat-tipos-de-vapes-desechables-es","8":"product_cat-vape-desechable-12000-caladas-es","9":"product_cat-vapes-box-digitales-es","10":"product_cat-vapes-con-pantalla-inteligente-es","11":"product_cat-vapes-de-muchas-caladas-es","12":"product_cat-vapes-desechables-en-alemania-es","13":"product_cat-vapes-desechables-en-austria-es","14":"product_cat-vapes-desechables-en-belgica-es","15":"product_cat-vapes-desechables-en-espana-es","16":"product_cat-vapes-desechables-en-europa-es","17":"product_cat-vapes-desechables-en-francia-es","18":"product_cat-vapes-desechables-en-hungria-es","19":"product_cat-vapes-desechables-en-italia-es","20":"product_cat-vapes-desechables-en-noruega-es","21":"product_cat-vapes-desechables-en-paises-bajos-es","22":"product_cat-vapes-desechables-en-polonia-es","23":"product_cat-vapes-desechables-en-portugal-es","24":"product_cat-vapes-desechables-en-suecia-es","25":"product_cat-vapes-desechables-en-suiza-es","26":"product_cat-vapes-desechables-por-numero-de-caladas-es","27":"product_cat-vapes-recargables-es","29":"first","30":"instock","31":"shipping-taxable","32":"purchasable","33":"product-type-variable","34":"has-default-attributes"},"tiered_pricing_type":"fixed","tiered_pricing_fixed_rules":[],"tiered_pricing_product_settings":{"layout":"default","base_unit_name":{"singular":null,"plural":null},"default_variation":null},"tiered_pricing_minimum_quantity":1000,"tiered_pricing_roles_data":[],"tiered_pricing_percentage_rules":[],"tiered_pricing_maximum_quantity":null,"tiered_pricing_quantity_step":"10","_links":{"self":[{"href":"https:\/\/holavape.com\/es\/wp-json\/wp\/v2\/product\/155124","targetHints":{"allow":["GET"]}}],"collection":[{"href":"https:\/\/holavape.com\/es\/wp-json\/wp\/v2\/product"}],"about":[{"href":"https:\/\/holavape.com\/es\/wp-json\/wp\/v2\/types\/product"}],"replies":[{"embeddable":true,"href":"https:\/\/holavape.com\/es\/wp-json\/wp\/v2\/comments?post=155124"}],"wp:featuredmedia":[{"embeddable":true,"href":"https:\/\/holavape.com\/es\/wp-json\/wp\/v2\/media\/119840"}],"wp:attachment":[{"href":"https:\/\/holavape.com\/es\/wp-json\/wp\/v2\/media?parent=155124"}],"wp:term":[{"taxonomy":"product_brand","embeddable":true,"href":"https:\/\/holavape.com\/es\/wp-json\/wp\/v2\/product_brand?post=155124"},{"taxonomy":"product_cat","embeddable":true,"href":"https:\/\/holavape.com\/es\/wp-json\/wp\/v2\/product_cat?post=155124"},{"taxonomy":"product_tag","embeddable":true,"href":"https:\/\/holavape.com\/es\/wp-json\/wp\/v2\/product_tag?post=155124"}],"curies":[{"name":"wp","href":"https:\/\/api.w.org\/{rel}","templated":true}]}}