{"id":160665,"date":"2026-04-17T05:34:45","date_gmt":"2026-04-17T05:34:45","guid":{"rendered":"https:\/\/holavape.com\/product\/waspe-digital-box-15k-disposable-vape\/"},"modified":"2026-04-21T07:57:15","modified_gmt":"2026-04-21T07:57:15","slug":"waspe-digital-box-15k-disposable-vape","status":"publish","type":"product","link":"https:\/\/holavape.com\/es\/producto\/waspe-digital-box-15k-disposable-vape\/","title":{"rendered":"WASPE 15K Disposable Vape | 15000 inhalaciones, 22mL juice, bobina mesh, desechable al por mayor"},"content":{"rendered":"<h2>WASPE Digital Box 15K Disposable Vape Descripci\u00f3n general<\/h2>\n<p>WASPE Digital Box 15K Disposable Vape es un vaporizador desechable equipado con una pantalla dise\u00f1ado para compradores mayoristas que necesitan una sensaci\u00f3n m\u00e1s premium con el estado visible del dispositivo. Combina 15.000 inhalaciones, 22 ml de e-l\u00edquido y una pantalla inteligente en un formato que es f\u00e1cil de colocar en los estantes de las tiendas minoristas y en los pedidos al por mayor.<\/p>\n<p>La l\u00ednea de sabores abarca 10 sabores, lo que ayuda a que este modelo encaje perfectamente en surtidos de frutas, hielo, dulces y desechables de perfil mixto.<\/p>\n<h2>Aspectos destacados clave<\/h2>\n<ul>\n<li><strong>15.000 bocanadas<\/strong> para un formato de dispositivo m\u00e1s duradero<\/li>\n<li><strong>e-l\u00edquido de 22 ml<\/strong> para respaldar un mayor n\u00famero de caladas y un uso diario m\u00e1s prolongado<\/li>\n<li><strong>pantalla inteligente<\/strong> para que los usuarios puedan verificar el estado clave del dispositivo m\u00e1s f\u00e1cilmente<\/li>\n<li><strong>10 sabores<\/strong> para cubrir una gama de sabores m\u00e1s amplia<\/li>\n<li><strong>0% \/ 2% \/ 3% \/ 5%<\/strong> Opciones de nicotina para satisfacer las diferentes necesidades del mercado.<\/li>\n<\/ul>\n<h2>Presupuesto<\/h2>\n<table>\n<tbody>\n<tr>\n<td><strong>Nombre del producto<\/strong><\/td>\n<td>WASPE Digital Box 15K Disposable Vape<\/td>\n<\/tr>\n<tr>\n<td><strong>Conteo de bocanadas<\/strong><\/td>\n<td>15.000 bocanadas<\/td>\n<\/tr>\n<tr>\n<td><strong>Capacidad de l\u00edquido electr\u00f3nico<\/strong><\/td>\n<td>e-l\u00edquido de 22 ml<\/td>\n<\/tr>\n<tr>\n<td><strong>Mostrar<\/strong><\/td>\n<td>pantalla inteligente<\/td>\n<\/tr>\n<tr>\n<td><strong>Opciones de sabor<\/strong><\/td>\n<td>10 sabores<\/td>\n<\/tr>\n<tr>\n<td><strong>Fuerza de nicotina<\/strong><\/td>\n<td>0% \/ 2% \/ 3% \/ 5%<\/td>\n<\/tr>\n<\/tbody>\n<\/table>\n<h2>Opciones de sabor<\/h2>\n<p>Las opciones de sabores disponibles incluyen helado de sand\u00eda, helado de ar\u00e1ndano, malvavisco de uva, cereza, frambuesa y fresa, frutos rojos variados, sand\u00eda y fresa, kiwi y fresa, mango, melocot\u00f3n y pi\u00f1a, entre otros. Esto ayuda a WASPE Digital Box 15K a adaptarse a una mezcla m\u00e1s amplia de surtidos de vaporizadores desechables de frutas, hielo, dulces y perfiles dulces.<\/p>\n","protected":false},"excerpt":{"rendered":"<p>A\u00f1ade WASPE 15K Disposable Vape a tu cat\u00e1logo: 15000 inhalaciones, 22mL juice, bobina mesh. Pedidos al por mayor desde 10 unidades para retail y reventa.<\/p>\n","protected":false},"featured_media":120639,"comment_status":"open","ping_status":"closed","template":"","meta":[],"product_brand":[],"product_cat":[362,443,560,569,524,641,614,623,704,371,632,650,659,677,668,686,695,713,722,353,533,876],"product_tag":[],"class_list":{"0":"post-160665","1":"product","2":"type-product","3":"status-publish","4":"has-post-thumbnail","6":"product_cat-tipos-de-vapes-desechables-es","7":"product_cat-vape-desechable-15000-caladas-es","8":"product_cat-vapes-box-digitales-es","9":"product_cat-vapes-con-pantalla-inteligente-es","10":"product_cat-vapes-de-muchas-caladas-es","11":"product_cat-vapes-desechables-en-alemania-es","12":"product_cat-vapes-desechables-en-austria-es","13":"product_cat-vapes-desechables-en-belgica-es","14":"product_cat-vapes-desechables-en-espana-es","15":"product_cat-vapes-desechables-en-europa-es","16":"product_cat-vapes-desechables-en-francia-es","17":"product_cat-vapes-desechables-en-hungria-es","18":"product_cat-vapes-desechables-en-italia-es","19":"product_cat-vapes-desechables-en-noruega-es","20":"product_cat-vapes-desechables-en-paises-bajos-es","21":"product_cat-vapes-desechables-en-polonia-es","22":"product_cat-vapes-desechables-en-portugal-es","23":"product_cat-vapes-desechables-en-suecia-es","24":"product_cat-vapes-desechables-en-suiza-es","25":"product_cat-vapes-desechables-por-numero-de-caladas-es","26":"product_cat-vapes-recargables-es","27":"product_cat-waspe-es","29":"first","30":"instock","31":"shipping-taxable","32":"purchasable","33":"product-type-variable","34":"has-default-attributes"},"tiered_pricing_type":"fixed","tiered_pricing_fixed_rules":{"2000":5.5},"tiered_pricing_product_settings":{"layout":"default","base_unit_name":{"singular":null,"plural":null},"default_variation":null},"tiered_pricing_minimum_quantity":1000,"tiered_pricing_roles_data":[],"tiered_pricing_percentage_rules":[],"tiered_pricing_maximum_quantity":null,"tiered_pricing_quantity_step":"10","_links":{"self":[{"href":"https:\/\/holavape.com\/es\/wp-json\/wp\/v2\/product\/160665","targetHints":{"allow":["GET"]}}],"collection":[{"href":"https:\/\/holavape.com\/es\/wp-json\/wp\/v2\/product"}],"about":[{"href":"https:\/\/holavape.com\/es\/wp-json\/wp\/v2\/types\/product"}],"replies":[{"embeddable":true,"href":"https:\/\/holavape.com\/es\/wp-json\/wp\/v2\/comments?post=160665"}],"wp:featuredmedia":[{"embeddable":true,"href":"https:\/\/holavape.com\/es\/wp-json\/wp\/v2\/media\/120639"}],"wp:attachment":[{"href":"https:\/\/holavape.com\/es\/wp-json\/wp\/v2\/media?parent=160665"}],"wp:term":[{"taxonomy":"product_brand","embeddable":true,"href":"https:\/\/holavape.com\/es\/wp-json\/wp\/v2\/product_brand?post=160665"},{"taxonomy":"product_cat","embeddable":true,"href":"https:\/\/holavape.com\/es\/wp-json\/wp\/v2\/product_cat?post=160665"},{"taxonomy":"product_tag","embeddable":true,"href":"https:\/\/holavape.com\/es\/wp-json\/wp\/v2\/product_tag?post=160665"}],"curies":[{"name":"wp","href":"https:\/\/api.w.org\/{rel}","templated":true}]}}