{"id":161187,"date":"2026-04-17T05:36:27","date_gmt":"2026-04-17T05:36:27","guid":{"rendered":"https:\/\/holavape.com\/product\/bang-shisha-15k-xxl-2\/"},"modified":"2026-04-21T07:56:33","modified_gmt":"2026-04-21T07:56:33","slug":"bang-shisha-15k-xxl-2","status":"publish","type":"product","link":"https:\/\/holavape.com\/es\/producto\/bang-shisha-15k-xxl-2\/","title":{"rendered":"VOPK Tornado 15K | 15000 inhalaciones, 25ml e-l\u00edquido, bobina mesh, 850mAh Type-C, desechable al por mayor"},"content":{"rendered":"<h2>Bang Shisha 15K XXL Descripci\u00f3n general<\/h2>\n<p>Bang Shisha 15K XXL es un vaporizador desechable estilo shisha dise\u00f1ado para compradores mayoristas que necesitan una opci\u00f3n estilo narguile con un sabor m\u00e1s atractivo. Combina 15.000 inhalaciones, 25 ml de e-l\u00edquido y una bobina de malla de 0,6 ohmios en un formato que es f\u00e1cil de colocar en los estantes de las tiendas minoristas y en los pedidos al por mayor.<\/p>\n<p>La l\u00ednea de sabores abarca 12 sabores, lo que ayuda a que este modelo encaje perfectamente en surtidos de frutas, hielo, dulces y desechables de perfil mixto.<\/p>\n<h2>Aspectos destacados clave<\/h2>\n<ul>\n<li><strong>15.000 bocanadas<\/strong> para un formato de dispositivo m\u00e1s duradero<\/li>\n<li><strong>e-l\u00edquido de 25 ml<\/strong> para respaldar un mayor n\u00famero de caladas y un uso diario m\u00e1s prolongado<\/li>\n<li><strong>Bobina de malla de 0,6 ohmios.<\/strong> para una salida de sabor m\u00e1s estable y un vapor m\u00e1s suave<\/li>\n<li><strong>Bater\u00eda de 650 mAh con Type-C recargable<\/strong> para una recarga c\u00f3moda<\/li>\n<li><strong>12 sabores<\/strong> para cubrir una gama de sabores m\u00e1s amplia<\/li>\n<li><strong>0% \/ 2% \/ 5%<\/strong> Opciones de nicotina para satisfacer las diferentes necesidades del mercado.<\/li>\n<\/ul>\n<h2>Presupuesto<\/h2>\n<table>\n<tbody>\n<tr>\n<td><strong>Nombre del producto<\/strong><\/td>\n<td>Bang Shisha 15K XXL<\/td>\n<\/tr>\n<tr>\n<td><strong>Conteo de bocanadas<\/strong><\/td>\n<td>15.000 bocanadas<\/td>\n<\/tr>\n<tr>\n<td><strong>Capacidad de l\u00edquido electr\u00f3nico<\/strong><\/td>\n<td>e-l\u00edquido de 25 ml<\/td>\n<\/tr>\n<tr>\n<td><strong>Bater\u00eda<\/strong><\/td>\n<td>bater\u00eda de 650 mAh<\/td>\n<\/tr>\n<tr>\n<td><strong>Cargando<\/strong><\/td>\n<td>Type-C recargable<\/td>\n<\/tr>\n<tr>\n<td><strong>Bobina<\/strong><\/td>\n<td>Bobina de malla de 0,6 ohmios.<\/td>\n<\/tr>\n<tr>\n<td><strong>Opciones de sabor<\/strong><\/td>\n<td>12 sabores<\/td>\n<\/tr>\n<tr>\n<td><strong>Fuerza de nicotina<\/strong><\/td>\n<td>0% \/ 2% \/ 5%<\/td>\n<\/tr>\n<\/tbody>\n<\/table>\n<h2>Opciones de sabor<\/h2>\n<p>Las opciones de sabores disponibles incluyen fresa, sand\u00eda, frutos rojos, helado de frambuesa azul, mango de fresa, helado de melocot\u00f3n, helado de menta, sand\u00eda de frambuesa, kiwi de fresa y m\u00e1s. Esto ayuda a que Bang Shisha 15K XXL se adapte a una mezcla m\u00e1s amplia de variedades de vaporizadores desechables de frutas, hielo, dulces y perfiles dulces.<\/p>\n","protected":false},"excerpt":{"rendered":"<p>Pull limpio, construcci\u00f3n s\u00f3lida y 15000 inhalaciones \u2014 VOPK Tornado 15K rinde con 25ml e-l\u00edquido y bobina mesh. Stock desde 10 unidades.<\/p>\n","protected":false},"featured_media":120149,"comment_status":"open","ping_status":"closed","template":"","meta":[],"product_brand":[],"product_cat":[740,362,443,524,641,614,623,704,371,632,650,659,677,668,686,695,713,722,353,533,542],"product_tag":[],"class_list":{"0":"post-161187","1":"product","2":"type-product","3":"status-publish","4":"has-post-thumbnail","6":"product_cat-bang-es","7":"product_cat-tipos-de-vapes-desechables-es","8":"product_cat-vape-desechable-15000-caladas-es","9":"product_cat-vapes-de-muchas-caladas-es","10":"product_cat-vapes-desechables-en-alemania-es","11":"product_cat-vapes-desechables-en-austria-es","12":"product_cat-vapes-desechables-en-belgica-es","13":"product_cat-vapes-desechables-en-espana-es","14":"product_cat-vapes-desechables-en-europa-es","15":"product_cat-vapes-desechables-en-francia-es","16":"product_cat-vapes-desechables-en-hungria-es","17":"product_cat-vapes-desechables-en-italia-es","18":"product_cat-vapes-desechables-en-noruega-es","19":"product_cat-vapes-desechables-en-paises-bajos-es","20":"product_cat-vapes-desechables-en-polonia-es","21":"product_cat-vapes-desechables-en-portugal-es","22":"product_cat-vapes-desechables-en-suecia-es","23":"product_cat-vapes-desechables-en-suiza-es","24":"product_cat-vapes-desechables-por-numero-de-caladas-es","25":"product_cat-vapes-recargables-es","26":"product_cat-vapes-shisha-hookah-es","28":"first","29":"instock","30":"shipping-taxable","31":"purchasable","32":"product-type-variable","33":"has-default-attributes"},"tiered_pricing_type":"fixed","tiered_pricing_fixed_rules":{"2000":4.9900000000000002131628207280300557613372802734375},"tiered_pricing_product_settings":{"layout":"default","base_unit_name":{"singular":null,"plural":null},"default_variation":null},"tiered_pricing_minimum_quantity":1000,"tiered_pricing_roles_data":[],"tiered_pricing_percentage_rules":[],"tiered_pricing_maximum_quantity":null,"tiered_pricing_quantity_step":"10","_links":{"self":[{"href":"https:\/\/holavape.com\/es\/wp-json\/wp\/v2\/product\/161187","targetHints":{"allow":["GET"]}}],"collection":[{"href":"https:\/\/holavape.com\/es\/wp-json\/wp\/v2\/product"}],"about":[{"href":"https:\/\/holavape.com\/es\/wp-json\/wp\/v2\/types\/product"}],"replies":[{"embeddable":true,"href":"https:\/\/holavape.com\/es\/wp-json\/wp\/v2\/comments?post=161187"}],"wp:featuredmedia":[{"embeddable":true,"href":"https:\/\/holavape.com\/es\/wp-json\/wp\/v2\/media\/120149"}],"wp:attachment":[{"href":"https:\/\/holavape.com\/es\/wp-json\/wp\/v2\/media?parent=161187"}],"wp:term":[{"taxonomy":"product_brand","embeddable":true,"href":"https:\/\/holavape.com\/es\/wp-json\/wp\/v2\/product_brand?post=161187"},{"taxonomy":"product_cat","embeddable":true,"href":"https:\/\/holavape.com\/es\/wp-json\/wp\/v2\/product_cat?post=161187"},{"taxonomy":"product_tag","embeddable":true,"href":"https:\/\/holavape.com\/es\/wp-json\/wp\/v2\/product_tag?post=161187"}],"curies":[{"name":"wp","href":"https:\/\/api.w.org\/{rel}","templated":true}]}}