{"id":165397,"date":"2026-04-17T05:34:53","date_gmt":"2026-04-17T05:34:53","guid":{"rendered":"https:\/\/holavape.com\/product\/elf-box-rgb-14k-disposable-vape\/"},"modified":"2026-04-19T15:21:08","modified_gmt":"2026-04-19T15:21:08","slug":"elf-box-rgb-14k-disposable-vape","status":"publish","type":"product","link":"https:\/\/holavape.com\/es\/producto\/elf-box-rgb-14k-disposable-vape\/","title":{"rendered":"Elf Box RGB 14K vape desechable"},"content":{"rendered":"<h2>Elf Box RGB 14K Disposable Vape Descripci\u00f3n general<\/h2>\n<p>Elf Box RGB 14K Disposable Vape es un vaporizador desechable dise\u00f1ado para compradores mayoristas que necesitan un SKU sencillo con especificaciones pr\u00e1cticas. Combina 14.000 inhalaciones, 25 ml de e-l\u00edquido y una bater\u00eda de 600 mAh en un formato que es f\u00e1cil de colocar en los estantes de las tiendas minoristas y en los pedidos al por mayor.<\/p>\n<p>La l\u00ednea de sabores abarca 10 sabores, lo que ayuda a que este modelo encaje perfectamente en surtidos de frutas, hielo, dulces y desechables de perfil mixto.<\/p>\n<h2>Aspectos destacados clave<\/h2>\n<ul>\n<li><strong>14.000 bocanadas<\/strong> para un formato de dispositivo m\u00e1s duradero<\/li>\n<li><strong>e-l\u00edquido de 25 ml<\/strong> para respaldar un mayor n\u00famero de caladas y un uso diario m\u00e1s prolongado<\/li>\n<li><strong>bater\u00eda de 600 mAh<\/strong> para un uso diario m\u00e1s confiable<\/li>\n<li><strong>10 sabores<\/strong> para cubrir una gama de sabores m\u00e1s amplia<\/li>\n<li><strong>0% \/ 2% \/ 3% \/ 5%<\/strong> Opciones de nicotina para satisfacer las diferentes necesidades del mercado.<\/li>\n<\/ul>\n<h2>Presupuesto<\/h2>\n<table>\n<tbody>\n<tr>\n<td><strong>Nombre del producto<\/strong><\/td>\n<td>Elf Box RGB 14K Disposable Vape<\/td>\n<\/tr>\n<tr>\n<td><strong>Conteo de bocanadas<\/strong><\/td>\n<td>14.000 bocanadas<\/td>\n<\/tr>\n<tr>\n<td><strong>Capacidad de l\u00edquido electr\u00f3nico<\/strong><\/td>\n<td>e-l\u00edquido de 25 ml<\/td>\n<\/tr>\n<tr>\n<td><strong>Bater\u00eda<\/strong><\/td>\n<td>bater\u00eda de 600 mAh<\/td>\n<\/tr>\n<tr>\n<td><strong>Opciones de sabor<\/strong><\/td>\n<td>10 sabores<\/td>\n<\/tr>\n<tr>\n<td><strong>Fuerza de nicotina<\/strong><\/td>\n<td>0% \/ 2% \/ 3% \/ 5%<\/td>\n<\/tr>\n<\/tbody>\n<\/table>\n<h2>Opciones de sabor<\/h2>\n<p>Las opciones de sabores disponibles incluyen fresa, sand\u00eda, hielo de frambuesa azul, hielo de fresa, hielo de uva, hielo de menta, Red Bull, doble manzana, hielo exuberante y m\u00e1s. Esto ayuda a Elf Box RGB 14K a adaptarse a una mezcla m\u00e1s amplia de variedades de vaporizadores desechables de frutas, hielo, dulces y perfiles dulces.<\/p>\n","protected":false},"excerpt":{"rendered":"<p>ELF BOX RGB 14000 puffs incluye 14.000 inhalaciones, 25 ml de e-l\u00edquido y bater\u00eda de 600 mAh. Una opci\u00f3n confiable y lista para colocar en los estantes para surtidos de vaporizadores desechables de r\u00e1pido movimiento. \u26a1<\/p>\n","protected":false},"featured_media":119948,"comment_status":"open","ping_status":"closed","template":"","meta":[],"product_brand":[],"product_cat":[362,524,641,614,623,704,371,632,650,659,677,668,686,695,713,722,353,533],"product_tag":[],"class_list":{"0":"post-165397","1":"product","2":"type-product","3":"status-publish","4":"has-post-thumbnail","6":"product_cat-tipos-de-vapes-desechables-es","7":"product_cat-vapes-de-muchas-caladas-es","8":"product_cat-vapes-desechables-en-alemania-es","9":"product_cat-vapes-desechables-en-austria-es","10":"product_cat-vapes-desechables-en-belgica-es","11":"product_cat-vapes-desechables-en-espana-es","12":"product_cat-vapes-desechables-en-europa-es","13":"product_cat-vapes-desechables-en-francia-es","14":"product_cat-vapes-desechables-en-hungria-es","15":"product_cat-vapes-desechables-en-italia-es","16":"product_cat-vapes-desechables-en-noruega-es","17":"product_cat-vapes-desechables-en-paises-bajos-es","18":"product_cat-vapes-desechables-en-polonia-es","19":"product_cat-vapes-desechables-en-portugal-es","20":"product_cat-vapes-desechables-en-suecia-es","21":"product_cat-vapes-desechables-en-suiza-es","22":"product_cat-vapes-desechables-por-numero-de-caladas-es","23":"product_cat-vapes-recargables-es","25":"first","26":"instock","27":"shipping-taxable","28":"purchasable","29":"product-type-variable","30":"has-default-attributes"},"tiered_pricing_type":"fixed","tiered_pricing_fixed_rules":{"2000":5.38999999999999968025576890795491635799407958984375},"tiered_pricing_product_settings":{"layout":"default","base_unit_name":{"singular":null,"plural":null},"default_variation":null},"tiered_pricing_minimum_quantity":1000,"tiered_pricing_roles_data":[],"tiered_pricing_percentage_rules":[],"tiered_pricing_maximum_quantity":null,"tiered_pricing_quantity_step":"10","_links":{"self":[{"href":"https:\/\/holavape.com\/es\/wp-json\/wp\/v2\/product\/165397","targetHints":{"allow":["GET"]}}],"collection":[{"href":"https:\/\/holavape.com\/es\/wp-json\/wp\/v2\/product"}],"about":[{"href":"https:\/\/holavape.com\/es\/wp-json\/wp\/v2\/types\/product"}],"replies":[{"embeddable":true,"href":"https:\/\/holavape.com\/es\/wp-json\/wp\/v2\/comments?post=165397"}],"wp:featuredmedia":[{"embeddable":true,"href":"https:\/\/holavape.com\/es\/wp-json\/wp\/v2\/media\/119948"}],"wp:attachment":[{"href":"https:\/\/holavape.com\/es\/wp-json\/wp\/v2\/media?parent=165397"}],"wp:term":[{"taxonomy":"product_brand","embeddable":true,"href":"https:\/\/holavape.com\/es\/wp-json\/wp\/v2\/product_brand?post=165397"},{"taxonomy":"product_cat","embeddable":true,"href":"https:\/\/holavape.com\/es\/wp-json\/wp\/v2\/product_cat?post=165397"},{"taxonomy":"product_tag","embeddable":true,"href":"https:\/\/holavape.com\/es\/wp-json\/wp\/v2\/product_tag?post=165397"}],"curies":[{"name":"wp","href":"https:\/\/api.w.org\/{rel}","templated":true}]}}