{"id":166385,"date":"2026-04-17T06:29:18","date_gmt":"2026-04-17T06:29:18","guid":{"rendered":"https:\/\/holavape.com\/product\/vapsolo-super-15k-disposable-vape\/"},"modified":"2026-04-21T07:55:49","modified_gmt":"2026-04-21T07:55:49","slug":"vapsolo-super-15k-disposable-vape","status":"publish","type":"product","link":"https:\/\/holavape.com\/es\/producto\/vapsolo-super-15k-disposable-vape\/","title":{"rendered":"Vapsolo Super 15K | 15000 inhalaciones, 25ml e-l\u00edquido, bobina mesh, 16 sabores, desechable al por mayor"},"content":{"rendered":"<h2>Vapsolo Super 15K Disposable Vape Descripci\u00f3n general<\/h2>\n<p>Vapsolo Super 15K Disposable Vape es un vaporizador desechable dise\u00f1ado para compradores mayoristas que necesitan un SKU sencillo con especificaciones pr\u00e1cticas. Combina 15.000 inhalaciones, 25 ml de e-l\u00edquido y una bobina de malla en un formato que es f\u00e1cil de colocar en los estantes de las tiendas minoristas y en los pedidos al por mayor.<\/p>\n<p>La l\u00ednea de sabores abarca 15 sabores, lo que ayuda a que este modelo encaje perfectamente en surtidos de frutas, hielo, dulces y desechables de perfil mixto.<\/p>\n<h2>Aspectos destacados clave<\/h2>\n<ul>\n<li><strong>15.000 bocanadas<\/strong> para un formato de dispositivo m\u00e1s duradero<\/li>\n<li><strong>e-l\u00edquido de 25 ml<\/strong> para respaldar un mayor n\u00famero de caladas y un uso diario m\u00e1s prolongado<\/li>\n<li><strong>bobina de malla<\/strong> para una salida de sabor m\u00e1s estable y un vapor m\u00e1s suave<\/li>\n<li><strong>15 sabores<\/strong> para cubrir una gama de sabores m\u00e1s amplia<\/li>\n<li><strong>2% \/ 5%<\/strong> Opciones de nicotina para satisfacer las diferentes necesidades del mercado.<\/li>\n<\/ul>\n<h2>Presupuesto<\/h2>\n<table>\n<tbody>\n<tr>\n<td><strong>Nombre del producto<\/strong><\/td>\n<td>Vapsolo Super 15K Disposable Vape<\/td>\n<\/tr>\n<tr>\n<td><strong>Conteo de bocanadas<\/strong><\/td>\n<td>15.000 bocanadas<\/td>\n<\/tr>\n<tr>\n<td><strong>Capacidad de l\u00edquido electr\u00f3nico<\/strong><\/td>\n<td>e-l\u00edquido de 25 ml<\/td>\n<\/tr>\n<tr>\n<td><strong>Bobina<\/strong><\/td>\n<td>bobina de malla<\/td>\n<\/tr>\n<tr>\n<td><strong>Opciones de sabor<\/strong><\/td>\n<td>15 sabores<\/td>\n<\/tr>\n<tr>\n<td><strong>Fuerza de nicotina<\/strong><\/td>\n<td>2% \/ 5%<\/td>\n<\/tr>\n<\/tbody>\n<\/table>\n<h2>Opciones de sabor<\/h2>\n<p>Las opciones de sabores disponibles incluyen frambuesa azul, helado de ar\u00e1ndano, manzana doble, helado de sand\u00eda, kiwi de fresa, bayas mixtas, Red Bull, ar\u00e1ndano, cereza y ar\u00e1ndano y m\u00e1s. Esto ayuda al Vapsolo Super 15K a adaptarse a una mezcla m\u00e1s amplia de variedades de vapeadores desechables de frutas, hielo, dulces y perfiles dulces.<\/p>\n","protected":false},"excerpt":{"rendered":"<p>\u00bfBuscas 15000 inhalaciones? Vapsolo Super 15K entrega 25ml e-l\u00edquido y bobina mesh. Disponible al por mayor desde 10 unidades.<\/p>\n","protected":false},"featured_media":122097,"comment_status":"open","ping_status":"closed","template":"","meta":[],"product_brand":[],"product_cat":[362,443,524,641,614,623,704,371,632,650,659,677,668,686,695,713,722,353,533],"product_tag":[],"class_list":{"0":"post-166385","1":"product","2":"type-product","3":"status-publish","4":"has-post-thumbnail","6":"product_cat-tipos-de-vapes-desechables-es","7":"product_cat-vape-desechable-15000-caladas-es","8":"product_cat-vapes-de-muchas-caladas-es","9":"product_cat-vapes-desechables-en-alemania-es","10":"product_cat-vapes-desechables-en-austria-es","11":"product_cat-vapes-desechables-en-belgica-es","12":"product_cat-vapes-desechables-en-espana-es","13":"product_cat-vapes-desechables-en-europa-es","14":"product_cat-vapes-desechables-en-francia-es","15":"product_cat-vapes-desechables-en-hungria-es","16":"product_cat-vapes-desechables-en-italia-es","17":"product_cat-vapes-desechables-en-noruega-es","18":"product_cat-vapes-desechables-en-paises-bajos-es","19":"product_cat-vapes-desechables-en-polonia-es","20":"product_cat-vapes-desechables-en-portugal-es","21":"product_cat-vapes-desechables-en-suecia-es","22":"product_cat-vapes-desechables-en-suiza-es","23":"product_cat-vapes-desechables-por-numero-de-caladas-es","24":"product_cat-vapes-recargables-es","26":"first","27":"instock","28":"shipping-taxable","29":"purchasable","30":"product-type-variable","31":"has-default-attributes"},"tiered_pricing_type":"fixed","tiered_pricing_fixed_rules":{"2000":6.20000000000000017763568394002504646778106689453125},"tiered_pricing_product_settings":{"layout":"default","base_unit_name":{"singular":null,"plural":null},"default_variation":null},"tiered_pricing_minimum_quantity":1000,"tiered_pricing_roles_data":[],"tiered_pricing_percentage_rules":[],"tiered_pricing_maximum_quantity":null,"tiered_pricing_quantity_step":"10","_links":{"self":[{"href":"https:\/\/holavape.com\/es\/wp-json\/wp\/v2\/product\/166385","targetHints":{"allow":["GET"]}}],"collection":[{"href":"https:\/\/holavape.com\/es\/wp-json\/wp\/v2\/product"}],"about":[{"href":"https:\/\/holavape.com\/es\/wp-json\/wp\/v2\/types\/product"}],"replies":[{"embeddable":true,"href":"https:\/\/holavape.com\/es\/wp-json\/wp\/v2\/comments?post=166385"}],"wp:featuredmedia":[{"embeddable":true,"href":"https:\/\/holavape.com\/es\/wp-json\/wp\/v2\/media\/122097"}],"wp:attachment":[{"href":"https:\/\/holavape.com\/es\/wp-json\/wp\/v2\/media?parent=166385"}],"wp:term":[{"taxonomy":"product_brand","embeddable":true,"href":"https:\/\/holavape.com\/es\/wp-json\/wp\/v2\/product_brand?post=166385"},{"taxonomy":"product_cat","embeddable":true,"href":"https:\/\/holavape.com\/es\/wp-json\/wp\/v2\/product_cat?post=166385"},{"taxonomy":"product_tag","embeddable":true,"href":"https:\/\/holavape.com\/es\/wp-json\/wp\/v2\/product_tag?post=166385"}],"curies":[{"name":"wp","href":"https:\/\/api.w.org\/{rel}","templated":true}]}}