{"id":167397,"date":"2026-04-17T05:34:55","date_gmt":"2026-04-17T05:34:55","guid":{"rendered":"https:\/\/holavape.com\/product\/elf-box-rgb14k-pro-disposable-vape\/"},"modified":"2026-04-21T07:56:44","modified_gmt":"2026-04-21T07:56:44","slug":"elf-box-rgb14k-pro-disposable-vape","status":"publish","type":"product","link":"https:\/\/holavape.com\/es\/producto\/elf-box-rgb14k-pro-disposable-vape\/","title":{"rendered":"Elf Box RGB14K Pro Disposable Vape | 14000 inhalaciones, RGB lights, bobina mesh, desechable al por mayor"},"content":{"rendered":"<h2>Elf Box RGB14K Pro Disposable Vape Descripci\u00f3n general<\/h2>\n<p>Elf Box RGB14K Pro Disposable Vape es un vaporizador desechable equipado con una pantalla dise\u00f1ado para compradores mayoristas que necesitan una sensaci\u00f3n m\u00e1s premium con el estado visible del dispositivo. Combina 14.000 inhalaciones, 25 ml de e-l\u00edquido y una bobina de malla de 1,0 ohmios en un formato que es f\u00e1cil de colocar en los estantes de las tiendas minoristas y en los pedidos al por mayor.<\/p>\n<p>La l\u00ednea de sabores abarca 10 sabores, lo que ayuda a que este modelo encaje perfectamente en surtidos de frutas, hielo, dulces y desechables de perfil mixto.<\/p>\n<h2>Aspectos destacados clave<\/h2>\n<ul>\n<li><strong>14.000 bocanadas<\/strong> para un formato de dispositivo m\u00e1s duradero<\/li>\n<li><strong>e-l\u00edquido de 25 ml<\/strong> para respaldar un mayor n\u00famero de caladas y un uso diario m\u00e1s prolongado<\/li>\n<li><strong>Bobina de malla de 1.0ohm<\/strong> para una salida de sabor m\u00e1s estable y un vapor m\u00e1s suave<\/li>\n<li><strong>pantalla inteligente<\/strong> para que los usuarios puedan verificar el estado clave del dispositivo m\u00e1s f\u00e1cilmente<\/li>\n<li><strong>10 sabores<\/strong> para cubrir una gama de sabores m\u00e1s amplia<\/li>\n<li><strong>0% \/ 2% \/ 3% \/ 5%<\/strong> Opciones de nicotina para satisfacer las diferentes necesidades del mercado.<\/li>\n<\/ul>\n<h2>Presupuesto<\/h2>\n<table>\n<tbody>\n<tr>\n<td><strong>Nombre del producto<\/strong><\/td>\n<td>Elf Box RGB14K Pro Disposable Vape<\/td>\n<\/tr>\n<tr>\n<td><strong>Conteo de bocanadas<\/strong><\/td>\n<td>14.000 bocanadas<\/td>\n<\/tr>\n<tr>\n<td><strong>Capacidad de l\u00edquido electr\u00f3nico<\/strong><\/td>\n<td>e-l\u00edquido de 25 ml<\/td>\n<\/tr>\n<tr>\n<td><strong>Bobina<\/strong><\/td>\n<td>Bobina de malla de 1.0ohm<\/td>\n<\/tr>\n<tr>\n<td><strong>Mostrar<\/strong><\/td>\n<td>pantalla inteligente<\/td>\n<\/tr>\n<tr>\n<td><strong>Opciones de sabor<\/strong><\/td>\n<td>10 sabores<\/td>\n<\/tr>\n<tr>\n<td><strong>Fuerza de nicotina<\/strong><\/td>\n<td>0% \/ 2% \/ 3% \/ 5%<\/td>\n<\/tr>\n<\/tbody>\n<\/table>\n<h2>Opciones de sabor<\/h2>\n<p>Las opciones de sabores disponibles incluyen fresa, sand\u00eda, hielo de frambuesa azul, hielo de fresa, hielo de uva, hielo de menta, Red Bull, doble manzana, hielo exuberante y m\u00e1s. Esto ayuda a Elf Box RGB14K Pro a adaptarse a una mezcla m\u00e1s amplia de variedades de vaporizadores desechables de frutas, hielo, dulces y perfiles dulces.<\/p>\n","protected":false},"excerpt":{"rendered":"<p>Llena tus estanter\u00edas con Elf Box RGB14K Pro Disposable Vape \u2014 14000 inhalaciones, RGB lights, bobina mesh. Disponible al por mayor desde 10 unidades para tiendas peque\u00f1as en la UE.<\/p>\n","protected":false},"featured_media":120029,"comment_status":"open","ping_status":"closed","template":"","meta":[],"product_brand":[],"product_cat":[362,524,641,614,623,704,371,632,650,659,677,668,686,695,713,722,353,533],"product_tag":[],"class_list":{"0":"post-167397","1":"product","2":"type-product","3":"status-publish","4":"has-post-thumbnail","6":"product_cat-tipos-de-vapes-desechables-es","7":"product_cat-vapes-de-muchas-caladas-es","8":"product_cat-vapes-desechables-en-alemania-es","9":"product_cat-vapes-desechables-en-austria-es","10":"product_cat-vapes-desechables-en-belgica-es","11":"product_cat-vapes-desechables-en-espana-es","12":"product_cat-vapes-desechables-en-europa-es","13":"product_cat-vapes-desechables-en-francia-es","14":"product_cat-vapes-desechables-en-hungria-es","15":"product_cat-vapes-desechables-en-italia-es","16":"product_cat-vapes-desechables-en-noruega-es","17":"product_cat-vapes-desechables-en-paises-bajos-es","18":"product_cat-vapes-desechables-en-polonia-es","19":"product_cat-vapes-desechables-en-portugal-es","20":"product_cat-vapes-desechables-en-suecia-es","21":"product_cat-vapes-desechables-en-suiza-es","22":"product_cat-vapes-desechables-por-numero-de-caladas-es","23":"product_cat-vapes-recargables-es","25":"first","26":"instock","27":"shipping-taxable","28":"purchasable","29":"product-type-variable","30":"has-default-attributes"},"tiered_pricing_type":"fixed","tiered_pricing_fixed_rules":{"2000":5.79000000000000003552713678800500929355621337890625},"tiered_pricing_product_settings":{"layout":"default","base_unit_name":{"singular":null,"plural":null},"default_variation":null},"tiered_pricing_minimum_quantity":1000,"tiered_pricing_roles_data":[],"tiered_pricing_percentage_rules":[],"tiered_pricing_maximum_quantity":null,"tiered_pricing_quantity_step":"10","_links":{"self":[{"href":"https:\/\/holavape.com\/es\/wp-json\/wp\/v2\/product\/167397","targetHints":{"allow":["GET"]}}],"collection":[{"href":"https:\/\/holavape.com\/es\/wp-json\/wp\/v2\/product"}],"about":[{"href":"https:\/\/holavape.com\/es\/wp-json\/wp\/v2\/types\/product"}],"replies":[{"embeddable":true,"href":"https:\/\/holavape.com\/es\/wp-json\/wp\/v2\/comments?post=167397"}],"wp:featuredmedia":[{"embeddable":true,"href":"https:\/\/holavape.com\/es\/wp-json\/wp\/v2\/media\/120029"}],"wp:attachment":[{"href":"https:\/\/holavape.com\/es\/wp-json\/wp\/v2\/media?parent=167397"}],"wp:term":[{"taxonomy":"product_brand","embeddable":true,"href":"https:\/\/holavape.com\/es\/wp-json\/wp\/v2\/product_brand?post=167397"},{"taxonomy":"product_cat","embeddable":true,"href":"https:\/\/holavape.com\/es\/wp-json\/wp\/v2\/product_cat?post=167397"},{"taxonomy":"product_tag","embeddable":true,"href":"https:\/\/holavape.com\/es\/wp-json\/wp\/v2\/product_tag?post=167397"}],"curies":[{"name":"wp","href":"https:\/\/api.w.org\/{rel}","templated":true}]}}