{"id":167997,"date":"2026-04-17T06:20:19","date_gmt":"2026-04-17T06:20:19","guid":{"rendered":"https:\/\/holavape.com\/product\/aivono-fatman-shisha-15k-2\/"},"modified":"2026-04-19T15:41:08","modified_gmt":"2026-04-19T15:41:08","slug":"aivono-fatman-shisha-15k-2","status":"publish","type":"product","link":"https:\/\/holavape.com\/es\/producto\/aivono-fatman-shisha-15k-2\/","title":{"rendered":"AIVONO Fatman Shisha 15K"},"content":{"rendered":"<h2>AIVONO Fatman Shisha 15K Descripci\u00f3n general<\/h2>\n<p>AIVONO Fatman Shisha 15K es un vaporizador desechable estilo shisha dise\u00f1ado para compradores mayoristas que necesitan una opci\u00f3n estilo narguile con un atractivo de sabor m\u00e1s amplio. Combina 15.000 inhalaciones, 24 ml de e-l\u00edquido y una bobina de malla de 0,6 ohmios en un formato que es f\u00e1cil de colocar en los estantes de las tiendas minoristas y en los pedidos al por mayor.<\/p>\n<p>La l\u00ednea de sabores abarca 10 sabores, lo que ayuda a que este modelo encaje perfectamente en surtidos de frutas, hielo, dulces y desechables de perfil mixto.<\/p>\n<h2>Aspectos destacados clave<\/h2>\n<ul>\n<li><strong>15.000 bocanadas<\/strong> para un formato de dispositivo m\u00e1s duradero<\/li>\n<li><strong>e-l\u00edquido de 24 ml<\/strong> para respaldar un mayor n\u00famero de caladas y un uso diario m\u00e1s prolongado<\/li>\n<li><strong>Bobina de malla de 0,6 ohmios.<\/strong> para una salida de sabor m\u00e1s estable y un vapor m\u00e1s suave<\/li>\n<li><strong>Bater\u00eda de 600 mAh con Type-C recargable<\/strong> para una recarga c\u00f3moda<\/li>\n<li><strong>10 sabores<\/strong> para cubrir una gama de sabores m\u00e1s amplia<\/li>\n<li><strong>0% \/ 2% \/ 5%<\/strong> Opciones de nicotina para satisfacer las diferentes necesidades del mercado.<\/li>\n<\/ul>\n<h2>Presupuesto<\/h2>\n<table>\n<tbody>\n<tr>\n<td><strong>Nombre del producto<\/strong><\/td>\n<td>AIVONO Fatman Shisha 15K<\/td>\n<\/tr>\n<tr>\n<td><strong>Conteo de bocanadas<\/strong><\/td>\n<td>15.000 bocanadas<\/td>\n<\/tr>\n<tr>\n<td><strong>Capacidad de l\u00edquido electr\u00f3nico<\/strong><\/td>\n<td>e-l\u00edquido de 24 ml<\/td>\n<\/tr>\n<tr>\n<td><strong>Bater\u00eda<\/strong><\/td>\n<td>bater\u00eda de 600 mAh<\/td>\n<\/tr>\n<tr>\n<td><strong>Cargando<\/strong><\/td>\n<td>Type-C recargable<\/td>\n<\/tr>\n<tr>\n<td><strong>Bobina<\/strong><\/td>\n<td>Bobina de malla de 0,6 ohmios.<\/td>\n<\/tr>\n<tr>\n<td><strong>Opciones de sabor<\/strong><\/td>\n<td>10 sabores<\/td>\n<\/tr>\n<tr>\n<td><strong>Fuerza de nicotina<\/strong><\/td>\n<td>0% \/ 2% \/ 5%<\/td>\n<\/tr>\n<\/tbody>\n<\/table>\n<h2>Opciones de sabor<\/h2>\n<p>Las opciones de sabores disponibles incluyen helado de fresa, helado de sand\u00eda, Kite Liberator, Fast&amp;Furious, fresa y frambuesa, fruta grande Bang, melocot\u00f3n jugoso, helado de ar\u00e1ndano y m\u00e1s. Esto ayuda a que AIVONO Fatman Shisha 15K se adapte a una mezcla m\u00e1s amplia de variedades de vaporizadores desechables de frutas, hielo, dulces y perfiles dulces.<\/p>\n","protected":false},"excerpt":{"rendered":"<p>AIVONO Fatman Shisha 15000 caladas combina 15.000 caladas, 24 ml de e-l\u00edquido, bobina de malla de 0,6 ohmios y bater\u00eda recargable Type-C de 600 mAh. Una opci\u00f3n mayorista estilo narguile para compradores que desean una presencia de sabor m\u00e1s fuerte y un f\u00e1cil atractivo en los estantes. \ud83d\udd25<\/p>\n","protected":false},"featured_media":121529,"comment_status":"open","ping_status":"closed","template":"","meta":[],"product_brand":[],"product_cat":[731,362,443,524,641,614,623,704,371,632,650,659,677,668,686,695,713,722,353,533,542],"product_tag":[],"class_list":{"0":"post-167997","1":"product","2":"type-product","3":"status-publish","4":"has-post-thumbnail","6":"product_cat-aivono-es","7":"product_cat-tipos-de-vapes-desechables-es","8":"product_cat-vape-desechable-15000-caladas-es","9":"product_cat-vapes-de-muchas-caladas-es","10":"product_cat-vapes-desechables-en-alemania-es","11":"product_cat-vapes-desechables-en-austria-es","12":"product_cat-vapes-desechables-en-belgica-es","13":"product_cat-vapes-desechables-en-espana-es","14":"product_cat-vapes-desechables-en-europa-es","15":"product_cat-vapes-desechables-en-francia-es","16":"product_cat-vapes-desechables-en-hungria-es","17":"product_cat-vapes-desechables-en-italia-es","18":"product_cat-vapes-desechables-en-noruega-es","19":"product_cat-vapes-desechables-en-paises-bajos-es","20":"product_cat-vapes-desechables-en-polonia-es","21":"product_cat-vapes-desechables-en-portugal-es","22":"product_cat-vapes-desechables-en-suecia-es","23":"product_cat-vapes-desechables-en-suiza-es","24":"product_cat-vapes-desechables-por-numero-de-caladas-es","25":"product_cat-vapes-recargables-es","26":"product_cat-vapes-shisha-hookah-es","28":"first","29":"instock","30":"shipping-taxable","31":"purchasable","32":"product-type-variable","33":"has-default-attributes"},"tiered_pricing_type":"fixed","tiered_pricing_fixed_rules":{"2000":5.4900000000000002131628207280300557613372802734375},"tiered_pricing_product_settings":{"layout":"default","base_unit_name":{"singular":null,"plural":null},"default_variation":null},"tiered_pricing_minimum_quantity":1000,"tiered_pricing_roles_data":[],"tiered_pricing_percentage_rules":[],"tiered_pricing_maximum_quantity":null,"tiered_pricing_quantity_step":"10","_links":{"self":[{"href":"https:\/\/holavape.com\/es\/wp-json\/wp\/v2\/product\/167997","targetHints":{"allow":["GET"]}}],"collection":[{"href":"https:\/\/holavape.com\/es\/wp-json\/wp\/v2\/product"}],"about":[{"href":"https:\/\/holavape.com\/es\/wp-json\/wp\/v2\/types\/product"}],"replies":[{"embeddable":true,"href":"https:\/\/holavape.com\/es\/wp-json\/wp\/v2\/comments?post=167997"}],"wp:featuredmedia":[{"embeddable":true,"href":"https:\/\/holavape.com\/es\/wp-json\/wp\/v2\/media\/121529"}],"wp:attachment":[{"href":"https:\/\/holavape.com\/es\/wp-json\/wp\/v2\/media?parent=167997"}],"wp:term":[{"taxonomy":"product_brand","embeddable":true,"href":"https:\/\/holavape.com\/es\/wp-json\/wp\/v2\/product_brand?post=167997"},{"taxonomy":"product_cat","embeddable":true,"href":"https:\/\/holavape.com\/es\/wp-json\/wp\/v2\/product_cat?post=167997"},{"taxonomy":"product_tag","embeddable":true,"href":"https:\/\/holavape.com\/es\/wp-json\/wp\/v2\/product_tag?post=167997"}],"curies":[{"name":"wp","href":"https:\/\/api.w.org\/{rel}","templated":true}]}}