{"id":75362,"date":"2025-07-07T07:37:26","date_gmt":"2025-07-07T07:37:26","guid":{"rendered":"https:\/\/holavape.com\/product\/bang-king-30k-vape-desechable-doble-sabor-venta-al-por-mayor\/"},"modified":"2026-04-05T01:35:33","modified_gmt":"2026-04-05T01:35:33","slug":"bang-king-30k","status":"publish","type":"product","link":"https:\/\/holavape.com\/es\/producto\/bang-king-30k\/","title":{"rendered":"Bang King 30K Vape Desechable Doble Sabor \u2014 Venta al por Mayor"},"content":{"rendered":"<h2>Bang King 30K \u2014 Vape Desechable 30.000 Caladas Doble Sabor<\/h2>\n<p>El Bang King 30K toma el concepto de doble sabor que hizo popular al <a href=\"https:\/\/holavape.com\/es\/producto\/bang-king-50000-vape-desechable-doble-sabor-50k-caladas-mayorista\/\">Bang King 50000<\/a> y lo ofrece en un formato m\u00e1s accesible de 30.000 caladas. Cada dispositivo tiene dos tanques de sabor separados entre los que los usuarios pueden alternar, lo que significa que un solo dispositivo reemplaza a dos de sabor \u00fanico. Tiendas en Espa\u00f1a, Alemania y Francia lo han adoptado como opci\u00f3n de doble sabor de gama media \u2014 el precio se sit\u00faa por debajo del modelo 50K pero a\u00fan ofrece la novedad que atrae a los clientes.<\/p>\n<p>La pantalla LED muestra el nivel de bater\u00eda y el contador de caladas, algo que los compradores en el mostrador aprecian porque pueden ver exactamente d\u00f3nde est\u00e1n. Con 12 combinaciones de sabores y cuatro niveles de nicotina (0%, 2%, 3%, 5%), cubre un rango decente de preferencias. Si buscas un dispositivo de sabor \u00fanico en este rango de caladas, echa un vistazo al <a href=\"https:\/\/holavape.com\/es\/producto\/jnr-falcon-x-18k-vape-desechable-malla-dual-al-por-mayor\/\">JNR Falcon X 18K<\/a> o al <a href=\"https:\/\/holavape.com\/es\/producto\/randm-tornado-15k-vape-desechable-40-sabores-al-por-mayor\/\">RandM Tornado 15K<\/a>.<\/p>\n<table>\n<thead>\n<tr>\n<th>Especificaci\u00f3n<\/th>\n<th>Detalle<\/th>\n<\/tr>\n<\/thead>\n<tbody>\n<tr>\n<td>N\u00famero de caladas<\/td>\n<td>Hasta 30.000<\/td>\n<\/tr>\n<tr>\n<td>Sistema de sabor<\/td>\n<td>Doble sabor (2 tanques por dispositivo)<\/td>\n<\/tr>\n<tr>\n<td>Niveles de nicotina<\/td>\n<td>0%, 2%, 3%, 5%<\/td>\n<\/tr>\n<tr>\n<td>Pantalla<\/td>\n<td>LED (bater\u00eda + contador de caladas)<\/td>\n<\/tr>\n<tr>\n<td>Combinaciones de sabores<\/td>\n<td>12<\/td>\n<\/tr>\n<tr>\n<td>Embalaje<\/td>\n<td>Cont\u00e1ctanos para detalles de caja\/cart\u00f3n<\/td>\n<\/tr>\n<\/tbody>\n<\/table>\n<h3>Combinaciones de Sabores \u2014 12 Sets de Doble Sabor<\/h3>\n<p>Mejores combinaciones para tener en stock primero: Sand\u00eda Helada &#038; Ar\u00e1ndano Menta, Fresa Sand\u00eda &#038; Kiwi Maracuy\u00e1 Guayaba, y Ar\u00e1ndano Frambuesa &#038; Melocot\u00f3n Mango Sand\u00eda. Estas tres combinan un bestseller fiable con algo m\u00e1s interesante, que es exactamente lo que funciona en el formato doble sabor.<\/p>\n<p>Combinaciones de fruta y hielo (apuestas seguras): Sand\u00eda Helada &#038; Ar\u00e1ndano Menta, Sand\u00eda Helada &#038; Fresa y Mango, Fresa y Sand\u00eda &#038; Uva Helada, Fresa Sand\u00eda &#038; Kiwi Maracuy\u00e1 Guayaba. Todas se basan en sand\u00eda o fresa \u2014 las dos familias de sabores m\u00e1s fiables en los mercados europeos. Empieza tu primer pedido aqu\u00ed.<\/p>\n<p>Sets con predominio de bayas: Ar\u00e1ndano Helado &#038; Drag\u00f3n Negro Helado, Ar\u00e1ndano Helado &#038; Fresa y Pl\u00e1tano, Ar\u00e1ndano Frambuesa &#038; Melocot\u00f3n Mango Sand\u00eda, Ar\u00e1ndano Frambuesa &#038; Mezcla de Frutas Tropicales. El ar\u00e1ndano domina en los cuatro. El nombre \u00abMezcla de Frutas Tropicales\u00bb es inusual pero es una mezcla tropical \u2014 vale la pena explicarlo a los clientes que pregunten.<\/p>\n<p>Bebida energ\u00e9tica y atrevido: Red Bull &#038; Ar\u00e1ndano Sand\u00eda, Red Bull &#038; Sand\u00eda Chicle. Los sabores de bebida energ\u00e9tica atraen a un p\u00fablico m\u00e1s joven \u2014 pide poco al principio a menos que tu tienda ya venda bien desechables estilo bebida energ\u00e9tica.<\/p>\n<p>Fruta y tropical: Fresa Kiwi &#038; Melocot\u00f3n Helado, Fresa Kiwi &#038; Manzana \u00c1cida Frambuesa. Perfiles frutales limpios en ambos lados, sin sabores de dulces ni bebidas \u2014 estos funcionan bien en mercados que prefieren vapes frutales sencillos.<\/p>\n<h3>Pedidos y Env\u00edo<\/h3>\n<p>El Bang King 30K se env\u00eda desde China con un plazo de entrega est\u00e1ndar de 10 a 15 d\u00edas laborables a Europa. El pedido m\u00ednimo es de 10 unidades, y puedes mezclar combinaciones y niveles de nicotina dentro de un solo pedido. Los precios por volumen comienzan a partir de 30+ unidades. <a href=\"https:\/\/holavape.com\/es\/contactanos\/\">Cont\u00e1ctanos<\/a> para especificaciones de cart\u00f3n y presupuestos de transporte.<\/p>\n<p>Cuatro niveles de nicotina est\u00e1n disponibles: 0%, 2%, 3% y 5%. Para mercados de la UE, 0% y 2% cubren la mayor\u00eda de la demanda \u2014 verifica la normativa local antes de pedir niveles m\u00e1s altos. La opci\u00f3n del 0% es cada vez m\u00e1s popular entre clientes que disfrutan del sabor y el ritual sin nicotina.<\/p>\n","protected":false},"excerpt":{"rendered":"<p>Bang King 30K Dual-Flavor ofrece 30.000 caladas, cambio de sabor dual, una pantalla LED y 12 combinaciones de sabores con 0%\/2%\/3%\/5% de nicotina. Es una s\u00f3lida opci\u00f3n de doble sabor para las tiendas que desean m\u00e1s valor en cada dispositivo. \ud83d\udd00<\/p>\n","protected":false},"featured_media":22274,"comment_status":"open","ping_status":"closed","template":"","meta":[],"product_brand":[],"product_cat":[740,362,488,560,569,524,641,614,623,704,371,632,650,659,677,668,686,695,713,722,353,587,533],"product_tag":[],"class_list":{"0":"post-75362","1":"product","2":"type-product","3":"status-publish","4":"has-post-thumbnail","6":"product_cat-bang-es","7":"product_cat-tipos-de-vapes-desechables-es","8":"product_cat-vape-desechable-30000-caladas-es","9":"product_cat-vapes-box-digitales-es","10":"product_cat-vapes-con-pantalla-inteligente-es","11":"product_cat-vapes-de-muchas-caladas-es","12":"product_cat-vapes-desechables-en-alemania-es","13":"product_cat-vapes-desechables-en-austria-es","14":"product_cat-vapes-desechables-en-belgica-es","15":"product_cat-vapes-desechables-en-espana-es","16":"product_cat-vapes-desechables-en-europa-es","17":"product_cat-vapes-desechables-en-francia-es","18":"product_cat-vapes-desechables-en-hungria-es","19":"product_cat-vapes-desechables-en-italia-es","20":"product_cat-vapes-desechables-en-noruega-es","21":"product_cat-vapes-desechables-en-paises-bajos-es","22":"product_cat-vapes-desechables-en-polonia-es","23":"product_cat-vapes-desechables-en-portugal-es","24":"product_cat-vapes-desechables-en-suecia-es","25":"product_cat-vapes-desechables-en-suiza-es","26":"product_cat-vapes-desechables-por-numero-de-caladas-es","27":"product_cat-vapes-doble-sabor-es","28":"product_cat-vapes-recargables-es","30":"first","31":"instock","32":"shipping-taxable","33":"purchasable","34":"product-type-variable","35":"has-default-attributes"},"tiered_pricing_type":"fixed","tiered_pricing_fixed_rules":{"30":6.8499999999999996447286321199499070644378662109375,"50":5.7400000000000002131628207280300557613372802734375,"100":4.87000000000000010658141036401502788066864013671875,"200":4.5,"400":3.95000000000000017763568394002504646778106689453125},"tiered_pricing_product_settings":{"layout":"default","base_unit_name":{"singular":null,"plural":null},"default_variation":null},"tiered_pricing_minimum_quantity":10,"tiered_pricing_roles_data":[],"tiered_pricing_percentage_rules":[],"tiered_pricing_maximum_quantity":null,"tiered_pricing_quantity_step":"10","_links":{"self":[{"href":"https:\/\/holavape.com\/es\/wp-json\/wp\/v2\/product\/75362","targetHints":{"allow":["GET"]}}],"collection":[{"href":"https:\/\/holavape.com\/es\/wp-json\/wp\/v2\/product"}],"about":[{"href":"https:\/\/holavape.com\/es\/wp-json\/wp\/v2\/types\/product"}],"replies":[{"embeddable":true,"href":"https:\/\/holavape.com\/es\/wp-json\/wp\/v2\/comments?post=75362"}],"wp:featuredmedia":[{"embeddable":true,"href":"https:\/\/holavape.com\/es\/wp-json\/wp\/v2\/media\/22274"}],"wp:attachment":[{"href":"https:\/\/holavape.com\/es\/wp-json\/wp\/v2\/media?parent=75362"}],"wp:term":[{"taxonomy":"product_brand","embeddable":true,"href":"https:\/\/holavape.com\/es\/wp-json\/wp\/v2\/product_brand?post=75362"},{"taxonomy":"product_cat","embeddable":true,"href":"https:\/\/holavape.com\/es\/wp-json\/wp\/v2\/product_cat?post=75362"},{"taxonomy":"product_tag","embeddable":true,"href":"https:\/\/holavape.com\/es\/wp-json\/wp\/v2\/product_tag?post=75362"}],"curies":[{"name":"wp","href":"https:\/\/api.w.org\/{rel}","templated":true}]}}