{"id":98982,"date":"2025-07-07T07:38:46","date_gmt":"2025-07-07T07:38:46","guid":{"rendered":"https:\/\/holavape.com\/product\/bang-tornado-40k-vape-desechable-pantalla-led-mayorista\/"},"modified":"2026-04-05T01:33:59","modified_gmt":"2026-04-05T01:33:59","slug":"bang-tornado-40k","status":"publish","type":"product","link":"https:\/\/holavape.com\/es\/producto\/bang-tornado-40k\/","title":{"rendered":"Bang Tornado 40K Vape Desechable \u2014 Pantalla LED Mayorista"},"content":{"rendered":"<h2>Bang Tornado 40K \u2014 Desechable de 40.000 Caladas con Pantalla LED<\/h2>\n<p>Bang Tornado 40K es un vape desechable de sabor \u00fanico que ofrece hasta 40.000 caladas con un contador de caladas LED integrado. Llena el hueco entre los dispositivos b\u00e1sicos de 20K y los modelos de mayor capacidad como el <a href=\"https:\/\/holavape.com\/es\/producto\/waspe-bar-60k\/\">WASPE Bar 60K<\/a> \u2014 ofreciendo a las tiendas una opci\u00f3n de gama media que se vende bien en mercados sensibles al precio en Espa\u00f1a, Alemania y Pa\u00edses Bajos.<\/p>\n<p>Con 12 opciones de sabores y cuatro concentraciones de nicotina incluyendo la opci\u00f3n del 0%, cubre toda la gama de preferencias de los clientes. La pantalla LED es una funci\u00f3n \u00fatil en este rango de precios \u2014 rastrea el conteo de caladas para que los usuarios sepan exactamente d\u00f3nde est\u00e1n. Si tienes desechables en stock de varios niveles de caladas, el Bang Tornado 40K funciona bien como opci\u00f3n de estanter\u00eda intermedia junto a modelos compactos como el <a href=\"https:\/\/holavape.com\/es\/producto\/bang-box-50k-vape-desechable-de-doble-sabor-venta-al-por-mayor\/\">Bang Box 50K<\/a> o dispositivos multisabor de gama alta como el <a href=\"https:\/\/holavape.com\/es\/producto\/bang-box-160k-vape-desechable-4-en-1-de-cuatro-sabores-venta-al-por-mayor\/\">Bang Box 160K<\/a>.<\/p>\n<table>\n<thead>\n<tr>\n<th>Especificaci\u00f3n<\/th>\n<th>Detalle<\/th>\n<\/tr>\n<\/thead>\n<tbody>\n<tr>\n<td>N\u00famero de caladas<\/td>\n<td>Hasta 40.000<\/td>\n<\/tr>\n<tr>\n<td>Sabores<\/td>\n<td>12 opciones de sabor \u00fanico<\/td>\n<\/tr>\n<tr>\n<td>Concentraciones de nicotina<\/td>\n<td>0%, 2%, 3%, 5%<\/td>\n<\/tr>\n<tr>\n<td>Pantalla<\/td>\n<td>Contador de caladas LED<\/td>\n<\/tr>\n<tr>\n<td>Tipo<\/td>\n<td>Desechable, activado por aspiraci\u00f3n<\/td>\n<\/tr>\n<tr>\n<td>Capacidad de e-l\u00edquido<\/td>\n<td>No especificada por el fabricante \u2014 <a href=\"https:\/\/holavape.com\/es\/contactanos\/\">cont\u00e1ctanos<\/a> para m\u00e1s detalles<\/td>\n<\/tr>\n<tr>\n<td>Bater\u00eda<\/td>\n<td>No especificada por el fabricante \u2014 <a href=\"https:\/\/holavape.com\/es\/contactanos\/\">cont\u00e1ctanos<\/a> para m\u00e1s detalles<\/td>\n<\/tr>\n<\/tbody>\n<\/table>\n<h3>Sabores<\/h3>\n<p>Los m\u00e1s vendidos para tener en stock primero: Sand\u00eda, Melocot\u00f3n Helado, Fresa Sand\u00eda y Ar\u00e1ndano Frambuesa.<\/p>\n<p><strong>Frutas heladas:<\/strong> Melocot\u00f3n Helado (melocot\u00f3n dulce con toque de mentol \u2014 vendedor constante), Sand\u00eda (limpio y simple, siempre demandado en toda Europa), Fresa Sand\u00eda (combinaci\u00f3n popular de verano, se vende r\u00e1pido en Espa\u00f1a y Francia).<\/p>\n<p><strong>Mezclas de bayas:<\/strong> Triple Baya (mezcla de bayas con amplio atractivo), Ar\u00e1ndano Frambuesa (\u00e1cido y dulce \u2014 fuerte en los mercados del norte de Europa), Ar\u00e1ndano Lim\u00f3n (toque c\u00edtrico que destaca de la oferta habitual de bayas), Ar\u00e1ndano Uva (dulzura de baya m\u00e1s oscura, s\u00f3lido en Alemania y Pa\u00edses Bajos), Fresa Kiwi (combinaci\u00f3n cl\u00e1sica, ventas estables durante todo el a\u00f1o).<\/p>\n<p><strong>Frutas y otros:<\/strong> Doble Manzana (sabor tradicional estilo shisha \u2014 particularmente popular en los mercados del sur y este de Europa), Mango Melocot\u00f3n (tropical, atrae a un p\u00fablico m\u00e1s joven), Love 66 (mezcla tropical ex\u00f3tica con seguidores de nicho \u2014 prueba con un pedido peque\u00f1o primero), Bebida Energ\u00e9tica (sabor de bebida energ\u00e9tica dirigido a un p\u00fablico m\u00e1s joven \u2014 o se vende bien o se queda parado, depende del mercado).<\/p>\n<h3>Env\u00edo y Pedidos<\/h3>\n<p>El Bang Tornado 40K se env\u00eda desde China con plazos de entrega t\u00edpicos de 10 a 15 d\u00edas laborables a Europa. El MOQ comienza en 10 unidades con precios escalonados \u2014 descuentos por volumen disponibles a partir de 30+ unidades. Puedes mezclar sabores y concentraciones de nicotina en un solo pedido, lo que facilita probar la gama sin comprometerse excesivamente con un solo SKU.<\/p>\n<p>Para los mercados de la UE, el 0% y el 2% son las concentraciones de nicotina m\u00e1s pedidas. Las opciones de 3% y 5% se venden en mercados con regulaciones menos restrictivas, pero consulta las normas locales antes de almacenar concentraciones m\u00e1s altas. Si necesitas un producto de nivel similar con entrega europea m\u00e1s r\u00e1pida, el <a href=\"https:\/\/holavape.com\/es\/producto\/waspe-bar-60k\/\">WASPE Bar 60K<\/a> se env\u00eda desde nuestro almac\u00e9n en la UE con entrega de 5 a 7 d\u00edas en toda Europa.<\/p>\n","protected":false},"excerpt":{"rendered":"<p>Bang Tornado 40K mantiene sencillo con 40.000 caladas, 12 sabores, un contador de caladas LED y opciones de 0%\/2%\/3%\/5% de nicotina. Una elecci\u00f3n de gama media que se ubica perfectamente entre los dispositivos b\u00e1sicos y los modelos de mayor capacidad. \u26a1<\/p>\n","protected":false},"featured_media":18360,"comment_status":"open","ping_status":"closed","template":"","meta":[],"product_brand":[],"product_cat":[740,497],"product_tag":[],"class_list":{"0":"post-98982","1":"product","2":"type-product","3":"status-publish","4":"has-post-thumbnail","6":"product_cat-bang-es","7":"product_cat-vape-desechable-40000-caladas-es","9":"first","10":"instock","11":"shipping-taxable","12":"purchasable","13":"product-type-variable","14":"has-default-attributes"},"tiered_pricing_type":"fixed","tiered_pricing_fixed_rules":{"30":8.1500000000000003552713678800500929355621337890625,"50":7.28000000000000024868995751603506505489349365234375,"100":6.54000000000000003552713678800500929355621337890625,"200":6.1699999999999999289457264239899814128875732421875,"400":5.61000000000000031974423109204508364200592041015625},"tiered_pricing_product_settings":{"layout":"default","base_unit_name":{"singular":null,"plural":null},"default_variation":null},"tiered_pricing_minimum_quantity":10,"tiered_pricing_roles_data":[],"tiered_pricing_percentage_rules":[],"tiered_pricing_maximum_quantity":null,"tiered_pricing_quantity_step":"10","_links":{"self":[{"href":"https:\/\/holavape.com\/es\/wp-json\/wp\/v2\/product\/98982","targetHints":{"allow":["GET"]}}],"collection":[{"href":"https:\/\/holavape.com\/es\/wp-json\/wp\/v2\/product"}],"about":[{"href":"https:\/\/holavape.com\/es\/wp-json\/wp\/v2\/types\/product"}],"replies":[{"embeddable":true,"href":"https:\/\/holavape.com\/es\/wp-json\/wp\/v2\/comments?post=98982"}],"wp:featuredmedia":[{"embeddable":true,"href":"https:\/\/holavape.com\/es\/wp-json\/wp\/v2\/media\/18360"}],"wp:attachment":[{"href":"https:\/\/holavape.com\/es\/wp-json\/wp\/v2\/media?parent=98982"}],"wp:term":[{"taxonomy":"product_brand","embeddable":true,"href":"https:\/\/holavape.com\/es\/wp-json\/wp\/v2\/product_brand?post=98982"},{"taxonomy":"product_cat","embeddable":true,"href":"https:\/\/holavape.com\/es\/wp-json\/wp\/v2\/product_cat?post=98982"},{"taxonomy":"product_tag","embeddable":true,"href":"https:\/\/holavape.com\/es\/wp-json\/wp\/v2\/product_tag?post=98982"}],"curies":[{"name":"wp","href":"https:\/\/api.w.org\/{rel}","templated":true}]}}