{"id":116428,"date":"2025-07-07T07:37:27","date_gmt":"2025-07-07T07:37:27","guid":{"rendered":"https:\/\/holavape.com\/product\/jnr-falcon-x-18k-vape-jetable-vente-en-gros-a-double-maille\/"},"modified":"2026-04-05T01:43:33","modified_gmt":"2026-04-05T01:43:33","slug":"jnr-falcon-x-18k","status":"publish","type":"product","link":"https:\/\/holavape.com\/fr\/produit\/jnr-falcon-x-18k\/","title":{"rendered":"JNR Falcon X 18K Vape jetable \u2014 Vente en gros \u00e0 double maille"},"content":{"rendered":"<h2>JNR Falcon X 18K \u2014 Bobine \u00e0 double maille jetable de 18 000 bouff\u00e9es<\/h2>\n<p>JNR Falcon X 18K se situe dans une position id\u00e9ale pour les acheteurs en gros \u00e0 travers l&rsquo;Europe : un nombre de bouff\u00e9es suffisamment \u00e9lev\u00e9 pour donner l&rsquo;impression d&rsquo;\u00eatre une avanc\u00e9e par rapport aux appareils 10 000 \u00e0 12 000, mais \u00e0 un prix bien inf\u00e9rieur aux 30 000+ produits phares. Il se vend r\u00e9guli\u00e8rement en Espagne, en Allemagne et aux Pays-Bas, o\u00f9 les magasins le proposent comme une option de niveau interm\u00e9diaire fiable qui ne n\u00e9cessite pas beaucoup d&rsquo;explications au comptoir.<\/p>\n<p>Ce qui le distingue des autres produits jetables 15K-20K est le syst\u00e8me de bobine \u00e0 double maille, qui maintient la saveur constante de la premi\u00e8re bouff\u00e9e \u00e0 la derni\u00e8re \u2013 une plainte courante avec les appareils \u00e0 bobine unique dans cette gamme de bouff\u00e9es. Si vous poss\u00e9dez d\u00e9j\u00e0 des mod\u00e8les haut de gamme comme <a href=\"\/product\/bang-king-30000\/\">Bang King 30K<\/a> ou <a href=\"https:\/\/holavape.com\/fr\/produit\/bang-king-50000\/\">Bang King 50000<\/a>, le Falcon X 18K comble bien l&rsquo;\u00e9cart en dessous d&rsquo;eux en tant que pilote quotidien moins cher.<\/p>\n<table>\n<thead>\n<tr>\n<th>Sp\u00e9cification<\/th>\n<th>D\u00e9tail<\/th>\n<\/tr>\n<\/thead>\n<tbody>\n<tr>\n<td>Nombre de bouff\u00e9es<\/td>\n<td>Jusqu&rsquo;\u00e0 18 000<\/td>\n<\/tr>\n<tr>\n<td>Capacit\u00e9 e-liquide<\/td>\n<td>24 ml pr\u00e9rempli<\/td>\n<\/tr>\n<tr>\n<td>Batterie<\/td>\n<td>950 mAh rechargeable (Type-C)<\/td>\n<\/tr>\n<tr>\n<td>Bobine<\/td>\n<td>Bobine \u00e0 double maille<\/td>\n<\/tr>\n<tr>\n<td>Force nicotinique<\/td>\n<td>2%<\/td>\n<\/tr>\n<tr>\n<td>Saveurs<\/td>\n<td>29<\/td>\n<\/tr>\n<tr>\n<td>Afficher<\/td>\n<td>\u00c9cran num\u00e9rique (batterie + compteur de bouff\u00e9es)<\/td>\n<\/tr>\n<tr>\n<td>Flux d&rsquo;air<\/td>\n<td>R\u00e9glable<\/td>\n<\/tr>\n<tr>\n<td>Conditionnement<\/td>\n<td>Contactez-nous pour plus de d\u00e9tails sur la bo\u00eete\/carton<\/td>\n<\/tr>\n<\/tbody>\n<\/table>\n<h3>Saveurs \u2013 29 options, commencez par celles-ci<\/h3>\n<p>Meilleures ventes \u00e0 stocker en premier\u00a0: glace \u00e0 la past\u00e8que, glace Blue Razz, glace au raisin et glace \u00e0 la past\u00e8que et \u00e0 la fraise. Ces quatre soci\u00e9t\u00e9s couvrent le plus large \u00e9ventail de pr\u00e9f\u00e9rences des clients et s\u2019\u00e9tendent bien sur les march\u00e9s europ\u00e9ens.<\/p>\n<p>Fruits glac\u00e9s\u00a0: glace \u00e0 la past\u00e8que (meilleure vente sur presque tous les march\u00e9s), glace Blue Razz, glace au raisin (particuli\u00e8rement populaire dans le sud de l&rsquo;Europe), glace \u00e0 la past\u00e8que au kiwi, glace \u00e0 la fraise, glace \u00e0 la p\u00eache, glace \u00e0 la pomme aigre, glace \u00e0 la cerise, glace \u00e0 la banane. Il s\u2019agit du noyau s\u00fbr \u2013 la plupart des magasins en voudront au moins 5 \u00e0 6 en rotation.<\/p>\n<p>Baies et mixtes\u00a0: Baies m\u00e9lang\u00e9es, Berry Burst, Myrtille Framboise, Myrtille Framboise Cerise, Cherry Berry, Blue Razz Cherry, Blueberry Kiwi. Les saveurs de baies se vendent r\u00e9guli\u00e8rement, surtout pendant les mois les plus froids. Blueberry Raspberry se d\u00e9marque dans ce groupe.<\/p>\n<p>Tropical et sucr\u00e9 : Fraise Kiwi, Fraise Banane, Fruit de la Passion Kiwi, Past\u00e8que Bubblegum, White Peach Razz, Triple Melon, Past\u00e8que Litchi, Mr.Blue. Profils plus aventureux \u2013 Strawberry Kiwi et Triple Melon sont les choix les plus s\u00fbrs ici. Watermelon Lychee pla\u00eet aux clients qui connaissent d\u00e9j\u00e0 les saveurs de litchi.<\/p>\n<p>Choix plus audacieux\u00a0: Cherry Cola (niche mais fid\u00e8les), Cherry Watermelon Freeze (attaque menthol\u00e9e plus forte), Skittles (saveur de bonbon &#8211; groupe d\u00e9mographique plus jeune, testez d&rsquo;abord avec une petite commande), Cool Mint (menthol pur, a toujours un march\u00e9).<\/p>\n<h3>Commande et exp\u00e9dition<\/h3>\n<p>JNR Falcon X 18K est exp\u00e9di\u00e9 depuis la Chine avec des d\u00e9lais de livraison standard de 10 \u00e0 15 jours ouvrables vers l&rsquo;Europe, selon la destination. La commande minimum est de 10 unit\u00e9s et vous pouvez m\u00e9langer les saveurs en une seule commande. Les prix de volume d\u00e9marrent \u00e0 partir de 30\u00a0unit\u00e9s, avec des remises plus importantes \u00e0 partir de 100\u00a0unit\u00e9s. <a href=\"https:\/\/holavape.com\/fr\/contactez-nous\/\">Contactez-nous<\/a> pour conna\u00eetre le poids et les dimensions exacts du carton si vous avez besoin de devis de transport.<\/p>\n<p>Ce mod\u00e8le est disponible en 2% de nicotine uniquement. Si votre march\u00e9 a besoin d&rsquo;options \u00e0 0\u00a0% ou \u00e0 5\u00a0%, cochez <a href=\"\/product\/randm-tornado-15000\/\">RandM Tornado 15K<\/a> qui offre 0\u00a0%, 2\u00a0%, 3\u00a0% et 5\u00a0% dans une plage de bouff\u00e9es similaire. Pour les march\u00e9s de l&rsquo;UE, 2 % est la concentration la plus couramment command\u00e9e et r\u00e9pond \u00e0 la plupart des r\u00e9glementations locales, mais v\u00e9rifiez toujours les exigences de votre pays sp\u00e9cifique.<\/p>\n","protected":false},"excerpt":{"rendered":"<p>JNR Falcon X 18K propose 18 000 bouff\u00e9es, dual mesh coils, un r\u00e9servoir de 24 ml et 29 saveurs \u00e0 2 % de nicotine. L\u2019affichage num\u00e9rique et la gamme de saveurs prononc\u00e9es en font un vendeur facile au comptoir. \u26a1<\/p>\n","protected":false},"featured_media":1732,"comment_status":"open","ping_status":"closed","template":"","meta":[],"product_brand":[],"product_cat":[980,978,1019,979,984,985,983,986,987,988,989,990,991,992,993,994,995,996,1020,981,1021],"product_tag":[],"class_list":{"0":"post-116428","1":"product","2":"type-product","3":"status-publish","4":"has-post-thumbnail","6":"product_cat-big-puffs-vapes","7":"product_cat-different-puffs-of-disposable-vapes","8":"product_cat-digital-box-vapes","9":"product_cat-disposable-vape-types","10":"product_cat-disposable-vapes-in-austria","11":"product_cat-disposable-vapes-in-belgium","12":"product_cat-disposable-vapes-in-europe","13":"product_cat-disposable-vapes-in-france","14":"product_cat-disposable-vapes-in-germany","15":"product_cat-disposable-vapes-in-hungary","16":"product_cat-disposable-vapes-in-ltaly","17":"product_cat-disposable-vapes-in-netherlands","18":"product_cat-disposable-vapes-in-norway","19":"product_cat-disposable-vapes-in-poland","20":"product_cat-disposable-vapes-in-portugal","21":"product_cat-disposable-vapes-in-spain","22":"product_cat-disposable-vapes-in-sweden","23":"product_cat-disposable-vapes-in-switzerland","24":"product_cat-dual-mesh-vapes","25":"product_cat-rechargeable-vapes","26":"product_cat-smart-screen-vapes","28":"first","29":"instock","30":"shipping-taxable","31":"purchasable","32":"product-type-variable","33":"has-default-attributes"},"tiered_pricing_type":"fixed","tiered_pricing_fixed_rules":{"30":8.269999999999999573674358543939888477325439453125,"50":7.160000000000000142108547152020037174224853515625,"100":6.4199999999999999289457264239899814128875732421875,"200":6.04999999999999982236431605997495353221893310546875,"400":5.4900000000000002131628207280300557613372802734375},"tiered_pricing_product_settings":{"layout":"default","base_unit_name":{"singular":null,"plural":null},"default_variation":null},"tiered_pricing_minimum_quantity":10,"tiered_pricing_roles_data":[],"tiered_pricing_percentage_rules":[],"tiered_pricing_maximum_quantity":null,"tiered_pricing_quantity_step":"10","_links":{"self":[{"href":"https:\/\/holavape.com\/fr\/wp-json\/wp\/v2\/product\/116428","targetHints":{"allow":["GET"]}}],"collection":[{"href":"https:\/\/holavape.com\/fr\/wp-json\/wp\/v2\/product"}],"about":[{"href":"https:\/\/holavape.com\/fr\/wp-json\/wp\/v2\/types\/product"}],"replies":[{"embeddable":true,"href":"https:\/\/holavape.com\/fr\/wp-json\/wp\/v2\/comments?post=116428"}],"wp:featuredmedia":[{"embeddable":true,"href":"https:\/\/holavape.com\/fr\/wp-json\/wp\/v2\/media\/1732"}],"wp:attachment":[{"href":"https:\/\/holavape.com\/fr\/wp-json\/wp\/v2\/media?parent=116428"}],"wp:term":[{"taxonomy":"product_brand","embeddable":true,"href":"https:\/\/holavape.com\/fr\/wp-json\/wp\/v2\/product_brand?post=116428"},{"taxonomy":"product_cat","embeddable":true,"href":"https:\/\/holavape.com\/fr\/wp-json\/wp\/v2\/product_cat?post=116428"},{"taxonomy":"product_tag","embeddable":true,"href":"https:\/\/holavape.com\/fr\/wp-json\/wp\/v2\/product_tag?post=116428"}],"curies":[{"name":"wp","href":"https:\/\/api.w.org\/{rel}","templated":true}]}}