{"id":125594,"date":"2026-04-17T06:45:09","date_gmt":"2026-04-17T06:45:09","guid":{"rendered":"https:\/\/holavape.com\/product\/razz-bar-60k-disposable-vape\/"},"modified":"2026-04-21T08:05:26","modified_gmt":"2026-04-21T08:05:26","slug":"razz-bar-60k-disposable-vape","status":"publish","type":"product","link":"https:\/\/holavape.com\/fr\/produit\/razz-bar-60k-disposable-vape\/","title":{"rendered":"Razz Bar 60K | 60000 bouff\u00e9es, design cristal, 64ml e-liquide, 17 saveurs, vape jetable en gros"},"content":{"rendered":"<h2>Razz Bar 60K Disposable Vape Pr\u00e9sentation<\/h2>\n<p>Razz Bar 60K Disposable Vape est un vape jetable ax\u00e9 sur l&rsquo;affichage, con\u00e7u pour les acheteurs en gros qui ont besoin d&rsquo;un attrait plus fort en rayon sans trop compliquer la gamme. Il combine 60 000 bouff\u00e9es, 64 ml d&rsquo;e-liquide et une bobine en maille dans un format facile \u00e0 positionner pour les rayons des magasins de d\u00e9tail et les commandes group\u00e9es.<\/p>\n<p>La version par d\u00e9faut \u00e0 2\u00a0% est stock\u00e9e dans notre entrep\u00f4t de l&rsquo;UE pour une livraison plus rapide dans toute l&rsquo;Europe, ce qui facilite la prise en charge d&rsquo;un r\u00e9approvisionnement en gros plus rapide.<\/p>\n<h2>Points saillants<\/h2>\n<ul>\n<li><strong>60 000 bouff\u00e9es<\/strong> pour un format d&rsquo;appareil plus durable<\/li>\n<li><strong>64 ml d&rsquo;e-liquide<\/strong> pour prendre en charge un nombre de bouff\u00e9es plus \u00e9lev\u00e9 et une utilisation quotidienne plus longue<\/li>\n<li><strong>bobine de maille<\/strong> pour une saveur plus constante et une vapeur plus douce<\/li>\n<li><strong>Affichage LED<\/strong> afin que les utilisateurs puissent v\u00e9rifier plus facilement l&rsquo;\u00e9tat des p\u00e9riph\u00e9riques cl\u00e9s<\/li>\n<li><strong>16 saveurs<\/strong> pour couvrir une gamme de saveurs plus large<\/li>\n<\/ul>\n<h2>Caract\u00e9ristiques<\/h2>\n<table>\n<tbody>\n<tr>\n<td><strong>Nom du produit<\/strong><\/td>\n<td>Razz Bar 60K Disposable Vape<\/td>\n<\/tr>\n<tr>\n<td><strong>Nombre de bouff\u00e9es<\/strong><\/td>\n<td>60 000 bouff\u00e9es<\/td>\n<\/tr>\n<tr>\n<td><strong>Capacit\u00e9 e-liquide<\/strong><\/td>\n<td>64 ml d&rsquo;e-liquide<\/td>\n<\/tr>\n<tr>\n<td><strong>Bobine<\/strong><\/td>\n<td>bobine de maille<\/td>\n<\/tr>\n<tr>\n<td><strong>Afficher<\/strong><\/td>\n<td>Affichage LED<\/td>\n<\/tr>\n<tr>\n<td><strong>Options de saveur<\/strong><\/td>\n<td>16 saveurs<\/td>\n<\/tr>\n<\/tbody>\n<\/table>\n<h2>Options de saveur<\/h2>\n<p>Les options de saveurs disponibles incluent Fraise Banane, Juicy Peach Ice, Coco Loco, Blueberry Sour Raspberry, Cotton Candy, Gummy Bear, Blueberry Watermelon, Lemon Peach Passion Fruit, et plus encore. Cela permet au Razz Bar 60K de s&rsquo;adapter \u00e0 un plus large m\u00e9lange d&rsquo;assortiments de fruits, de glace, de bonbons et de vapes jetables \u00e0 profil sucr\u00e9.<\/p>\n","protected":false},"excerpt":{"rendered":"<p>60000 bouff\u00e9es, design cristal, 64ml e-liquide \u2014 Razz Bar 60K en gros d\u00e8s 10 unit\u00e9s, id\u00e9al pour boutiques et revendeurs europ\u00e9ens.<\/p>\n","protected":false},"featured_media":123209,"comment_status":"open","ping_status":"closed","template":"","meta":[],"product_brand":[],"product_cat":[893],"product_tag":[],"class_list":{"0":"post-125594","1":"product","2":"type-product","3":"status-publish","4":"has-post-thumbnail","6":"product_cat-bang","8":"first","9":"instock","10":"shipping-taxable","11":"purchasable","12":"product-type-variable","13":"has-default-attributes"},"tiered_pricing_type":"fixed","tiered_pricing_fixed_rules":{"100":7.9000000000000003552713678800500929355621337890625,"200":7.5999999999999996447286321199499070644378662109375,"400":7.20000000000000017763568394002504646778106689453125},"tiered_pricing_product_settings":{"layout":"default","base_unit_name":{"singular":null,"plural":null},"default_variation":null},"tiered_pricing_minimum_quantity":50,"tiered_pricing_roles_data":[],"tiered_pricing_percentage_rules":[],"tiered_pricing_maximum_quantity":null,"tiered_pricing_quantity_step":"50","_links":{"self":[{"href":"https:\/\/holavape.com\/fr\/wp-json\/wp\/v2\/product\/125594","targetHints":{"allow":["GET"]}}],"collection":[{"href":"https:\/\/holavape.com\/fr\/wp-json\/wp\/v2\/product"}],"about":[{"href":"https:\/\/holavape.com\/fr\/wp-json\/wp\/v2\/types\/product"}],"replies":[{"embeddable":true,"href":"https:\/\/holavape.com\/fr\/wp-json\/wp\/v2\/comments?post=125594"}],"wp:featuredmedia":[{"embeddable":true,"href":"https:\/\/holavape.com\/fr\/wp-json\/wp\/v2\/media\/123209"}],"wp:attachment":[{"href":"https:\/\/holavape.com\/fr\/wp-json\/wp\/v2\/media?parent=125594"}],"wp:term":[{"taxonomy":"product_brand","embeddable":true,"href":"https:\/\/holavape.com\/fr\/wp-json\/wp\/v2\/product_brand?post=125594"},{"taxonomy":"product_cat","embeddable":true,"href":"https:\/\/holavape.com\/fr\/wp-json\/wp\/v2\/product_cat?post=125594"},{"taxonomy":"product_tag","embeddable":true,"href":"https:\/\/holavape.com\/fr\/wp-json\/wp\/v2\/product_tag?post=125594"}],"curies":[{"name":"wp","href":"https:\/\/api.w.org\/{rel}","templated":true}]}}