{"id":125618,"date":"2026-04-17T06:39:45","date_gmt":"2026-04-17T06:39:45","guid":{"rendered":"https:\/\/holavape.com\/product\/mr-goodie-adjust-flavor-king-60k-disposable-vape\/"},"modified":"2026-04-21T08:05:26","modified_gmt":"2026-04-21T08:05:26","slug":"mr-goodie-adjust-flavor-king-60k-disposable-vape","status":"publish","type":"product","link":"https:\/\/holavape.com\/fr\/produit\/mr-goodie-adjust-flavor-king-60k-disposable-vape\/","title":{"rendered":"Mr.Goodie Adjust Flavor King 60K | 60000 bouff\u00e9es, triple-changement de saveur, vape jetable en gros"},"content":{"rendered":"<h2>Mr.Goodie Adjust Flavor King 60K Disposable Vape Pr\u00e9sentation<\/h2>\n<p>Mr.Goodie Adjust Flavor King 60K Disposable Vape est une vape jetable de grande capacit\u00e9 con\u00e7ue pour les acheteurs en gros qui ont besoin de performances plus durables dans un format simple. Il combine 60 000 bouff\u00e9es et 10 saveurs dans un format facile \u00e0 positionner pour les rayons des magasins et les commandes group\u00e9es.<\/p>\n<p>La gamme de saveurs comprend 10 saveurs, ce qui permet \u00e0 ce mod\u00e8le de s&rsquo;int\u00e9grer parfaitement aux assortiments jetables de fruits, de glace, de bonbons et de profils mixtes.<\/p>\n<h2>Points saillants<\/h2>\n<ul>\n<li><strong>60 000 bouff\u00e9es<\/strong> pour un format d&rsquo;appareil plus durable<\/li>\n<li><strong>10 saveurs<\/strong> pour couvrir une gamme de saveurs plus large<\/li>\n<li><strong>2% \/ 5%<\/strong> options de nicotine pour r\u00e9pondre aux diff\u00e9rents besoins du march\u00e9<\/li>\n<\/ul>\n<h2>Caract\u00e9ristiques<\/h2>\n<table>\n<tbody>\n<tr>\n<td><strong>Nom du produit<\/strong><\/td>\n<td>Mr.Goodie Adjust Flavor King 60K Disposable Vape<\/td>\n<\/tr>\n<tr>\n<td><strong>Nombre de bouff\u00e9es<\/strong><\/td>\n<td>60 000 bouff\u00e9es<\/td>\n<\/tr>\n<tr>\n<td><strong>Options de saveur<\/strong><\/td>\n<td>10 saveurs<\/td>\n<\/tr>\n<tr>\n<td><strong>Force de la nicotine<\/strong><\/td>\n<td>2% \/ 5%<\/td>\n<\/tr>\n<\/tbody>\n<\/table>\n<h2>Options de saveur<\/h2>\n<p>Les options de saveurs disponibles incluent Past\u00e8que Glace &amp; Bubble Gum &amp; Past\u00e8que Bubble Gum, Juicy Peach Ice &amp; Cola Ice &amp; Peach Cola Ice, Bleu Framboise &amp; Cerise Citron &amp; Bleu Framboise Cerise Citron, Fraise &amp; Past\u00e8que &amp; Fraise Past\u00e8que, Pomme Verte &amp; Raisin &amp; Pomme Verte Raisin, Bonbons Citron &amp; Arc-en-ciel &amp; Citron Rainbow Bonbons, Miami Menthe &amp; Citron &amp; Menthe Citron, Ananas Noix de Coco &amp; Glace \u00c9nerg\u00e9tique &amp; Boisson \u00c9nergisante \u00e0 la Noix de Coco, et plus encore. Cela permet \u00e0 Mr.Goodie Adjust Flavor King 60K de s&rsquo;adapter \u00e0 un m\u00e9lange plus large d&rsquo;assortiments de fruits, de glace, de bonbons et de vapes jetables \u00e0 profil sucr\u00e9.<\/p>\n","protected":false},"excerpt":{"rendered":"<p>60000 bouff\u00e9es, triple-changement de saveur \u2014 Mr.Goodie Adjust Flavor King 60K en gros d\u00e8s 10 unit\u00e9s, id\u00e9al pour boutiques et revendeurs europ\u00e9ens.<\/p>\n","protected":false},"featured_media":122837,"comment_status":"open","ping_status":"closed","template":"","meta":[],"product_brand":[],"product_cat":[987,994,988,989,992],"product_tag":[],"class_list":{"0":"post-125618","1":"product","2":"type-product","3":"status-publish","4":"has-post-thumbnail","6":"product_cat-vapes-jetables-en-allemagne","7":"product_cat-vapes-jetables-en-espagne","8":"product_cat-vapes-jetables-en-hongrie","9":"product_cat-vapes-jetables-en-italie","10":"product_cat-vapes-jetables-en-pologne","12":"first","13":"instock","14":"shipping-taxable","15":"purchasable","16":"product-type-variable","17":"has-default-attributes"},"tiered_pricing_type":"fixed","tiered_pricing_fixed_rules":[],"tiered_pricing_product_settings":{"layout":"default","base_unit_name":{"singular":null,"plural":null},"default_variation":null},"tiered_pricing_minimum_quantity":1000,"tiered_pricing_roles_data":[],"tiered_pricing_percentage_rules":[],"tiered_pricing_maximum_quantity":null,"tiered_pricing_quantity_step":"10","_links":{"self":[{"href":"https:\/\/holavape.com\/fr\/wp-json\/wp\/v2\/product\/125618","targetHints":{"allow":["GET"]}}],"collection":[{"href":"https:\/\/holavape.com\/fr\/wp-json\/wp\/v2\/product"}],"about":[{"href":"https:\/\/holavape.com\/fr\/wp-json\/wp\/v2\/types\/product"}],"replies":[{"embeddable":true,"href":"https:\/\/holavape.com\/fr\/wp-json\/wp\/v2\/comments?post=125618"}],"wp:featuredmedia":[{"embeddable":true,"href":"https:\/\/holavape.com\/fr\/wp-json\/wp\/v2\/media\/122837"}],"wp:attachment":[{"href":"https:\/\/holavape.com\/fr\/wp-json\/wp\/v2\/media?parent=125618"}],"wp:term":[{"taxonomy":"product_brand","embeddable":true,"href":"https:\/\/holavape.com\/fr\/wp-json\/wp\/v2\/product_brand?post=125618"},{"taxonomy":"product_cat","embeddable":true,"href":"https:\/\/holavape.com\/fr\/wp-json\/wp\/v2\/product_cat?post=125618"},{"taxonomy":"product_tag","embeddable":true,"href":"https:\/\/holavape.com\/fr\/wp-json\/wp\/v2\/product_tag?post=125618"}],"curies":[{"name":"wp","href":"https:\/\/api.w.org\/{rel}","templated":true}]}}